{"id":997,"date":"2016-12-01T12:59:08","date_gmt":"2016-12-01T11:59:08","guid":{"rendered":"http:\/\/lascriticas.com\/?page_id=997"},"modified":"2021-01-19T23:36:18","modified_gmt":"2021-01-19T22:36:18","slug":"patricia-de-souza","status":"publish","type":"page","link":"https:\/\/lascriticas.com\/index.php\/lascriticas\/patricia-de-souza\/","title":{"rendered":"Patricia de Souza"},"content":{"rendered":"<p style=\"text-align: justify;\"><span style=\"font-size: 16px;\"><strong>Patricia de Souza<\/strong> (Ayacucho, Per\u00fa, 1964 &#8211; Francia, 2019) fue escritora y ensayista. Realiz\u00f3 estudios de ciencias pol\u00edticas, periodismo, filosof\u00eda, y fue doctora en literatura francesa y comparada con una tesis sobre Flora Trist\u00e1n y Lautr\u00e9amont en la Sorbona Paris 3. Su trabajo tiene que ver con la resistencia al discurso que domina la identidad de las mujeres por su cr\u00edtica a los g\u00e9neros que la convirti\u00f3 en una autora que abre nuevas v\u00edas para la literatura.<\/span><\/p>\n<p style=\"text-align: justify;\"><span style=\"font-size: 16px;\">Ha publicado once\u00a0novelas y ensayos, entre ellos:\u00a0<a href=\"http:\/\/www.excodraeditorial.com\/web\/ElultimocuerpodeUrsula.html\"><em>El \u00faltimo cuerpo de \u00darsula <\/em><\/a>(2000),\u00a0<a href=\"http:\/\/www.librosperuanos.com\/libros\/detalle\/7216\/Electra-en-la-ciudad\"><em>Electra en la ciudad<\/em><\/a> (2006), Verg\u00fcenza (2014) y el fundamental\u00a0<a href=\"http:\/\/www.loslibrosdelamujerrota.com\/2015\/07\/18\/58\/\"><em>Descolonizar el lenguaje<\/em><\/a> (2016).\u00a0Ha traducido poes\u00eda de Michel Leiris y narrativa de Jean Echenoz. Ha colaborado en diversas obras\u00a0colectivas y sus textos han sido traducidos en varios idiomas. Escribi\u00f3 el blog <a href=\"http:\/\/www.palincestos.blogspot.com\"><em>Palincestos<\/em><\/a>. Despu\u00e9s de varios a\u00f1os viviendo en M\u00e9xico y Venezuela, vivi\u00f3 en el sur de Francia hasta el 2019, a\u00f1o de su fallecimiento.<\/span><\/p>\n<p style=\"text-align: justify;\"><span style=\"font-size: 16px;\"><a href=\"https:\/\/lascriticas.com\/index.php\/author\/patricia-de-souza\/\"><strong>Sus cr\u00edticas<\/strong><\/a><\/span><\/p>\n","protected":false},"excerpt":{"rendered":"<p>Patricia de Souza (Ayacucho, Per\u00fa, 1964 &#8211; Francia, 2019) fue escritora y ensayista. Realiz\u00f3 estudios de ciencias pol\u00edticas, periodismo, filosof\u00eda, y fue doctora en literatura francesa y comparada con una tesis sobre Flora Trist\u00e1n y Lautr\u00e9amont en la Sorbona Paris 3. Su trabajo tiene que ver con la resistencia al discurso que domina la identidad&#8230;<\/p>\n","protected":false},"author":1,"featured_media":1043,"parent":68,"menu_order":0,"comment_status":"closed","ping_status":"closed","template":"","meta":{"footnotes":""},"yoast_head":"<!-- This site is optimized with the Yoast SEO plugin v23.5 - https:\/\/yoast.com\/wordpress\/plugins\/seo\/ -->\n<title>Patricia de Souza - Las Cr\u00edticas<\/title>\n<meta name=\"description\" content=\"Patricia de Souza (Ayacucho, Per\u00fa, 1964) es escritora, traductora y ensayista, autora de once libros traducidos en varias lenguas.\" \/>\n<meta name=\"robots\" content=\"index, follow, max-snippet:-1, max-image-preview:large, max-video-preview:-1\" \/>\n<link rel=\"canonical\" href=\"https:\/\/lascriticas.com\/index.php\/lascriticas\/patricia-de-souza\/\" \/>\n<meta property=\"og:locale\" content=\"es_ES\" \/>\n<meta property=\"og:type\" content=\"article\" \/>\n<meta property=\"og:title\" content=\"Patricia de Souza - Las Cr\u00edticas\" \/>\n<meta property=\"og:description\" content=\"Patricia de Souza (Ayacucho, Per\u00fa, 1964) es escritora, traductora y ensayista, autora de once libros traducidos en varias lenguas.\" \/>\n<meta property=\"og:url\" content=\"https:\/\/lascriticas.com\/index.php\/lascriticas\/patricia-de-souza\/\" \/>\n<meta property=\"og:site_name\" content=\"Las Cr\u00edticas\" \/>\n<meta property=\"article:publisher\" content=\"https:\/\/www.facebook.com\/lascriticas\/\" \/>\n<meta property=\"article:modified_time\" content=\"2021-01-19T22:36:18+00:00\" \/>\n<meta property=\"og:image\" content=\"https:\/\/lascriticas.com\/wp-content\/uploads\/2016\/12\/Patricia-de-Souza-copie.jpg\" \/>\n\t<meta property=\"og:image:width\" content=\"1080\" \/>\n\t<meta property=\"og:image:height\" content=\"525\" \/>\n\t<meta property=\"og:image:type\" content=\"image\/jpeg\" \/>\n<meta name=\"twitter:card\" content=\"summary_large_image\" \/>\n<meta name=\"twitter:site\" content=\"@LasCriticas_com\" \/>\n<meta name=\"twitter:label1\" content=\"Tiempo de lectura\" \/>\n\t<meta name=\"twitter:data1\" content=\"1 minuto\" \/>\n<script type=\"application\/ld+json\" class=\"yoast-schema-graph\">{\"@context\":\"https:\/\/schema.org\",\"@graph\":[{\"@type\":\"WebPage\",\"@id\":\"https:\/\/lascriticas.com\/index.php\/lascriticas\/patricia-de-souza\/\",\"url\":\"https:\/\/lascriticas.com\/index.php\/lascriticas\/patricia-de-souza\/\",\"name\":\"Patricia de Souza - Las Cr\u00edticas\",\"isPartOf\":{\"@id\":\"https:\/\/lascriticas.com\/#website\"},\"primaryImageOfPage\":{\"@id\":\"https:\/\/lascriticas.com\/index.php\/lascriticas\/patricia-de-souza\/#primaryimage\"},\"image\":{\"@id\":\"https:\/\/lascriticas.com\/index.php\/lascriticas\/patricia-de-souza\/#primaryimage\"},\"thumbnailUrl\":\"https:\/\/lascriticas.com\/wp-content\/uploads\/2016\/12\/Patricia-de-Souza-copie.jpg\",\"datePublished\":\"2016-12-01T11:59:08+00:00\",\"dateModified\":\"2021-01-19T22:36:18+00:00\",\"description\":\"Patricia de Souza (Ayacucho, Per\u00fa, 1964) es escritora, traductora y ensayista, autora de once libros traducidos en varias lenguas.\",\"breadcrumb\":{\"@id\":\"https:\/\/lascriticas.com\/index.php\/lascriticas\/patricia-de-souza\/#breadcrumb\"},\"inLanguage\":\"es\",\"potentialAction\":[{\"@type\":\"ReadAction\",\"target\":[\"https:\/\/lascriticas.com\/index.php\/lascriticas\/patricia-de-souza\/\"]}]},{\"@type\":\"ImageObject\",\"inLanguage\":\"es\",\"@id\":\"https:\/\/lascriticas.com\/index.php\/lascriticas\/patricia-de-souza\/#primaryimage\",\"url\":\"https:\/\/lascriticas.com\/wp-content\/uploads\/2016\/12\/Patricia-de-Souza-copie.jpg\",\"contentUrl\":\"https:\/\/lascriticas.com\/wp-content\/uploads\/2016\/12\/Patricia-de-Souza-copie.jpg\",\"width\":1080,\"height\":525,\"caption\":\"Patricia de Souza\"},{\"@type\":\"BreadcrumbList\",\"@id\":\"https:\/\/lascriticas.com\/index.php\/lascriticas\/patricia-de-souza\/#breadcrumb\",\"itemListElement\":[{\"@type\":\"ListItem\",\"position\":1,\"name\":\"Inicio\",\"item\":\"https:\/\/lascriticas.com\/\"},{\"@type\":\"ListItem\",\"position\":2,\"name\":\"Las Cr\u00edticas\",\"item\":\"https:\/\/lascriticas.com\/index.php\/lascriticas\/\"},{\"@type\":\"ListItem\",\"position\":3,\"name\":\"Patricia de Souza\"}]},{\"@type\":\"WebSite\",\"@id\":\"https:\/\/lascriticas.com\/#website\",\"url\":\"https:\/\/lascriticas.com\/\",\"name\":\"Las Cr\u00edticas\",\"description\":\"Cr\u00edtica literaria hecha por mujeres\",\"publisher\":{\"@id\":\"https:\/\/lascriticas.com\/#organization\"},\"potentialAction\":[{\"@type\":\"SearchAction\",\"target\":{\"@type\":\"EntryPoint\",\"urlTemplate\":\"https:\/\/lascriticas.com\/?s={search_term_string}\"},\"query-input\":{\"@type\":\"PropertyValueSpecification\",\"valueRequired\":true,\"valueName\":\"search_term_string\"}}],\"inLanguage\":\"es\"},{\"@type\":\"Organization\",\"@id\":\"https:\/\/lascriticas.com\/#organization\",\"name\":\"Las Cr\u00edticas\",\"url\":\"https:\/\/lascriticas.com\/\",\"logo\":{\"@type\":\"ImageObject\",\"inLanguage\":\"es\",\"@id\":\"https:\/\/lascriticas.com\/#\/schema\/logo\/image\/\",\"url\":\"https:\/\/lascriticas.com\/wp-content\/uploads\/2016\/09\/Las-Cr\u00edticas.png\",\"contentUrl\":\"https:\/\/lascriticas.com\/wp-content\/uploads\/2016\/09\/Las-Cr\u00edticas.png\",\"width\":372,\"height\":201,\"caption\":\"Las Cr\u00edticas\"},\"image\":{\"@id\":\"https:\/\/lascriticas.com\/#\/schema\/logo\/image\/\"},\"sameAs\":[\"https:\/\/www.facebook.com\/lascriticas\/\",\"https:\/\/x.com\/LasCriticas_com\",\"https:\/\/www.instagram.com\/lascriticas_com\/\",\"https:\/\/www.youtube.com\/channel\/UCd7r-H6EJA4sSXGLX33_iHQ\"]}]}<\/script>\n<!-- \/ Yoast SEO plugin. -->","yoast_head_json":{"title":"Patricia de Souza - Las Cr\u00edticas","description":"Patricia de Souza (Ayacucho, Per\u00fa, 1964) es escritora, traductora y ensayista, autora de once libros traducidos en varias lenguas.","robots":{"index":"index","follow":"follow","max-snippet":"max-snippet:-1","max-image-preview":"max-image-preview:large","max-video-preview":"max-video-preview:-1"},"canonical":"https:\/\/lascriticas.com\/index.php\/lascriticas\/patricia-de-souza\/","og_locale":"es_ES","og_type":"article","og_title":"Patricia de Souza - Las Cr\u00edticas","og_description":"Patricia de Souza (Ayacucho, Per\u00fa, 1964) es escritora, traductora y ensayista, autora de once libros traducidos en varias lenguas.","og_url":"https:\/\/lascriticas.com\/index.php\/lascriticas\/patricia-de-souza\/","og_site_name":"Las Cr\u00edticas","article_publisher":"https:\/\/www.facebook.com\/lascriticas\/","article_modified_time":"2021-01-19T22:36:18+00:00","og_image":[{"width":1080,"height":525,"url":"https:\/\/lascriticas.com\/wp-content\/uploads\/2016\/12\/Patricia-de-Souza-copie.jpg","type":"image\/jpeg"}],"twitter_card":"summary_large_image","twitter_site":"@LasCriticas_com","twitter_misc":{"Tiempo de lectura":"1 minuto"},"schema":{"@context":"https:\/\/schema.org","@graph":[{"@type":"WebPage","@id":"https:\/\/lascriticas.com\/index.php\/lascriticas\/patricia-de-souza\/","url":"https:\/\/lascriticas.com\/index.php\/lascriticas\/patricia-de-souza\/","name":"Patricia de Souza - Las Cr\u00edticas","isPartOf":{"@id":"https:\/\/lascriticas.com\/#website"},"primaryImageOfPage":{"@id":"https:\/\/lascriticas.com\/index.php\/lascriticas\/patricia-de-souza\/#primaryimage"},"image":{"@id":"https:\/\/lascriticas.com\/index.php\/lascriticas\/patricia-de-souza\/#primaryimage"},"thumbnailUrl":"https:\/\/lascriticas.com\/wp-content\/uploads\/2016\/12\/Patricia-de-Souza-copie.jpg","datePublished":"2016-12-01T11:59:08+00:00","dateModified":"2021-01-19T22:36:18+00:00","description":"Patricia de Souza (Ayacucho, Per\u00fa, 1964) es escritora, traductora y ensayista, autora de once libros traducidos en varias lenguas.","breadcrumb":{"@id":"https:\/\/lascriticas.com\/index.php\/lascriticas\/patricia-de-souza\/#breadcrumb"},"inLanguage":"es","potentialAction":[{"@type":"ReadAction","target":["https:\/\/lascriticas.com\/index.php\/lascriticas\/patricia-de-souza\/"]}]},{"@type":"ImageObject","inLanguage":"es","@id":"https:\/\/lascriticas.com\/index.php\/lascriticas\/patricia-de-souza\/#primaryimage","url":"https:\/\/lascriticas.com\/wp-content\/uploads\/2016\/12\/Patricia-de-Souza-copie.jpg","contentUrl":"https:\/\/lascriticas.com\/wp-content\/uploads\/2016\/12\/Patricia-de-Souza-copie.jpg","width":1080,"height":525,"caption":"Patricia de Souza"},{"@type":"BreadcrumbList","@id":"https:\/\/lascriticas.com\/index.php\/lascriticas\/patricia-de-souza\/#breadcrumb","itemListElement":[{"@type":"ListItem","position":1,"name":"Inicio","item":"https:\/\/lascriticas.com\/"},{"@type":"ListItem","position":2,"name":"Las Cr\u00edticas","item":"https:\/\/lascriticas.com\/index.php\/lascriticas\/"},{"@type":"ListItem","position":3,"name":"Patricia de Souza"}]},{"@type":"WebSite","@id":"https:\/\/lascriticas.com\/#website","url":"https:\/\/lascriticas.com\/","name":"Las Cr\u00edticas","description":"Cr\u00edtica literaria hecha por mujeres","publisher":{"@id":"https:\/\/lascriticas.com\/#organization"},"potentialAction":[{"@type":"SearchAction","target":{"@type":"EntryPoint","urlTemplate":"https:\/\/lascriticas.com\/?s={search_term_string}"},"query-input":{"@type":"PropertyValueSpecification","valueRequired":true,"valueName":"search_term_string"}}],"inLanguage":"es"},{"@type":"Organization","@id":"https:\/\/lascriticas.com\/#organization","name":"Las Cr\u00edticas","url":"https:\/\/lascriticas.com\/","logo":{"@type":"ImageObject","inLanguage":"es","@id":"https:\/\/lascriticas.com\/#\/schema\/logo\/image\/","url":"https:\/\/lascriticas.com\/wp-content\/uploads\/2016\/09\/Las-Cr\u00edticas.png","contentUrl":"https:\/\/lascriticas.com\/wp-content\/uploads\/2016\/09\/Las-Cr\u00edticas.png","width":372,"height":201,"caption":"Las Cr\u00edticas"},"image":{"@id":"https:\/\/lascriticas.com\/#\/schema\/logo\/image\/"},"sameAs":["https:\/\/www.facebook.com\/lascriticas\/","https:\/\/x.com\/LasCriticas_com","https:\/\/www.instagram.com\/lascriticas_com\/","https:\/\/www.youtube.com\/channel\/UCd7r-H6EJA4sSXGLX33_iHQ"]}]}},"_links":{"self":[{"href":"https:\/\/lascriticas.com\/index.php\/wp-json\/wp\/v2\/pages\/997"}],"collection":[{"href":"https:\/\/lascriticas.com\/index.php\/wp-json\/wp\/v2\/pages"}],"about":[{"href":"https:\/\/lascriticas.com\/index.php\/wp-json\/wp\/v2\/types\/page"}],"author":[{"embeddable":true,"href":"https:\/\/lascriticas.com\/index.php\/wp-json\/wp\/v2\/users\/1"}],"replies":[{"embeddable":true,"href":"https:\/\/lascriticas.com\/index.php\/wp-json\/wp\/v2\/comments?post=997"}],"version-history":[{"count":6,"href":"https:\/\/lascriticas.com\/index.php\/wp-json\/wp\/v2\/pages\/997\/revisions"}],"predecessor-version":[{"id":3873,"href":"https:\/\/lascriticas.com\/index.php\/wp-json\/wp\/v2\/pages\/997\/revisions\/3873"}],"up":[{"embeddable":true,"href":"https:\/\/lascriticas.com\/index.php\/wp-json\/wp\/v2\/pages\/68"}],"wp:featuredmedia":[{"embeddable":true,"href":"https:\/\/lascriticas.com\/index.php\/wp-json\/wp\/v2\/media\/1043"}],"wp:attachment":[{"href":"https:\/\/lascriticas.com\/index.php\/wp-json\/wp\/v2\/media?parent=997"}],"curies":[{"name":"wp","href":"https:\/\/api.w.org\/{rel}","templated":true}]}}