{"id":991,"date":"2016-12-01T12:26:33","date_gmt":"2016-12-01T11:26:33","guid":{"rendered":"http:\/\/lascriticas.com\/?page_id=991"},"modified":"2021-01-19T23:25:55","modified_gmt":"2021-01-19T22:25:55","slug":"paola-senseve","status":"publish","type":"page","link":"https:\/\/lascriticas.com\/index.php\/lascriticas\/paola-senseve\/","title":{"rendered":"Paola Senseve"},"content":{"rendered":"<p style=\"text-align: justify;\"><span style=\"font-size: 16px;\"><strong>Paola Senseve<\/strong> naci\u00f3 en Cochabamba, Bolivia en 1987. Es escritora y psic\u00f3loga, ha conformado el equipo encargado de la <a href=\"http:\/\/www.bbb.gob.bo\">Biblioteca del Bicentenario de Bolivia<\/a>.<\/span><\/p>\n<p style=\"text-align: justify;\"><span style=\"font-size: 16px;\">Ha publicado<i>\u00a0<a href=\"http:\/\/lahoguera.com\/index.php?option=com_content&amp;view=article&amp;id=396&amp;catid=5&amp;Itemid=8\">Vaginario<\/a><\/i>\u00a0(2008, La Hoguera), ganador del II Premio Nacional de Escritores N\u00f3veles de la C\u00e1mara del Libro y Petrobr\u00e1s;\u00a0<i>Soy dios<\/i>\u00a0(2011, La Hoguera), ganador del Premio Nacional de Literatura Santa Cruz de la Sierra;\u00a0<i>Ego\u00a0<\/i>(2014, <a href=\"http:\/\/elblogliliputiense.blogspot.fr\">Ediciones Liliputienses<\/a>, Espa\u00f1a). Gan\u00f3 el Premio Nacional de Poes\u00eda Yolanda Bedregal con el poemario <em>Codex Corpus <\/em>en 2019.<\/span><\/p>\n<p style=\"text-align: justify;\"><span style=\"font-size: 16px;\"><a href=\"https:\/\/lascriticas.com\/index.php\/author\/paola-senseve\/\"><strong>Sus cr\u00edticas<\/strong><\/a><\/span><\/p>\n<p style=\"text-align: right;\"><span style=\"font-size: 12px;\">Foto: Francisco Salek<\/span><\/p>\n","protected":false},"excerpt":{"rendered":"<p>Paola Senseve naci\u00f3 en Cochabamba, Bolivia en 1987. Es escritora y psic\u00f3loga, ha conformado el equipo encargado de la Biblioteca del Bicentenario de Bolivia. Ha publicado\u00a0Vaginario\u00a0(2008, La Hoguera), ganador del II Premio Nacional de Escritores N\u00f3veles de la C\u00e1mara del Libro y Petrobr\u00e1s;\u00a0Soy dios\u00a0(2011, La Hoguera), ganador del Premio Nacional de Literatura Santa Cruz de&#8230;<\/p>\n","protected":false},"author":1,"featured_media":992,"parent":68,"menu_order":0,"comment_status":"closed","ping_status":"closed","template":"","meta":{"footnotes":""},"yoast_head":"<!-- This site is optimized with the Yoast SEO plugin v23.5 - https:\/\/yoast.com\/wordpress\/plugins\/seo\/ -->\n<title>Paola Senseve - Las Cr\u00edticas<\/title>\n<meta name=\"description\" content=\"Paola Senseve (Bolivia, 1987) es novelista y psic\u00f3loga, gestora cultural en el proyecto de la Biblioteca del Bicentenario de Bolivia. Ha publicado 4 libros.\" \/>\n<meta name=\"robots\" content=\"index, follow, max-snippet:-1, max-image-preview:large, max-video-preview:-1\" \/>\n<link rel=\"canonical\" href=\"https:\/\/lascriticas.com\/index.php\/lascriticas\/paola-senseve\/\" \/>\n<meta property=\"og:locale\" content=\"es_ES\" \/>\n<meta property=\"og:type\" content=\"article\" \/>\n<meta property=\"og:title\" content=\"Paola Senseve - Las Cr\u00edticas\" \/>\n<meta property=\"og:description\" content=\"Paola Senseve (Bolivia, 1987) es novelista y psic\u00f3loga, gestora cultural en el proyecto de la Biblioteca del Bicentenario de Bolivia. Ha publicado 4 libros.\" \/>\n<meta property=\"og:url\" content=\"https:\/\/lascriticas.com\/index.php\/lascriticas\/paola-senseve\/\" \/>\n<meta property=\"og:site_name\" content=\"Las Cr\u00edticas\" \/>\n<meta property=\"article:publisher\" content=\"https:\/\/www.facebook.com\/lascriticas\/\" \/>\n<meta property=\"article:modified_time\" content=\"2021-01-19T22:25:55+00:00\" \/>\n<meta property=\"og:image\" content=\"https:\/\/lascriticas.com\/wp-content\/uploads\/2016\/12\/Fotograf\u00eda-de-Francisco-Salek.jpg\" \/>\n\t<meta property=\"og:image:width\" content=\"960\" \/>\n\t<meta property=\"og:image:height\" content=\"640\" \/>\n\t<meta property=\"og:image:type\" content=\"image\/jpeg\" \/>\n<meta name=\"twitter:card\" content=\"summary_large_image\" \/>\n<meta name=\"twitter:site\" content=\"@LasCriticas_com\" \/>\n<meta name=\"twitter:label1\" content=\"Tiempo de lectura\" \/>\n\t<meta name=\"twitter:data1\" content=\"1 minuto\" \/>\n<script type=\"application\/ld+json\" class=\"yoast-schema-graph\">{\"@context\":\"https:\/\/schema.org\",\"@graph\":[{\"@type\":\"WebPage\",\"@id\":\"https:\/\/lascriticas.com\/index.php\/lascriticas\/paola-senseve\/\",\"url\":\"https:\/\/lascriticas.com\/index.php\/lascriticas\/paola-senseve\/\",\"name\":\"Paola Senseve - Las Cr\u00edticas\",\"isPartOf\":{\"@id\":\"https:\/\/lascriticas.com\/#website\"},\"primaryImageOfPage\":{\"@id\":\"https:\/\/lascriticas.com\/index.php\/lascriticas\/paola-senseve\/#primaryimage\"},\"image\":{\"@id\":\"https:\/\/lascriticas.com\/index.php\/lascriticas\/paola-senseve\/#primaryimage\"},\"thumbnailUrl\":\"https:\/\/lascriticas.com\/wp-content\/uploads\/2016\/12\/Fotograf\u00eda-de-Francisco-Salek.jpg\",\"datePublished\":\"2016-12-01T11:26:33+00:00\",\"dateModified\":\"2021-01-19T22:25:55+00:00\",\"description\":\"Paola Senseve (Bolivia, 1987) es novelista y psic\u00f3loga, gestora cultural en el proyecto de la Biblioteca del Bicentenario de Bolivia. Ha publicado 4 libros.\",\"breadcrumb\":{\"@id\":\"https:\/\/lascriticas.com\/index.php\/lascriticas\/paola-senseve\/#breadcrumb\"},\"inLanguage\":\"es\",\"potentialAction\":[{\"@type\":\"ReadAction\",\"target\":[\"https:\/\/lascriticas.com\/index.php\/lascriticas\/paola-senseve\/\"]}]},{\"@type\":\"ImageObject\",\"inLanguage\":\"es\",\"@id\":\"https:\/\/lascriticas.com\/index.php\/lascriticas\/paola-senseve\/#primaryimage\",\"url\":\"https:\/\/lascriticas.com\/wp-content\/uploads\/2016\/12\/Fotograf\u00eda-de-Francisco-Salek.jpg\",\"contentUrl\":\"https:\/\/lascriticas.com\/wp-content\/uploads\/2016\/12\/Fotograf\u00eda-de-Francisco-Salek.jpg\",\"width\":960,\"height\":640,\"caption\":\"Paola Senseve\"},{\"@type\":\"BreadcrumbList\",\"@id\":\"https:\/\/lascriticas.com\/index.php\/lascriticas\/paola-senseve\/#breadcrumb\",\"itemListElement\":[{\"@type\":\"ListItem\",\"position\":1,\"name\":\"Inicio\",\"item\":\"https:\/\/lascriticas.com\/\"},{\"@type\":\"ListItem\",\"position\":2,\"name\":\"Las Cr\u00edticas\",\"item\":\"https:\/\/lascriticas.com\/index.php\/lascriticas\/\"},{\"@type\":\"ListItem\",\"position\":3,\"name\":\"Paola Senseve\"}]},{\"@type\":\"WebSite\",\"@id\":\"https:\/\/lascriticas.com\/#website\",\"url\":\"https:\/\/lascriticas.com\/\",\"name\":\"Las Cr\u00edticas\",\"description\":\"Cr\u00edtica literaria hecha por mujeres\",\"publisher\":{\"@id\":\"https:\/\/lascriticas.com\/#organization\"},\"potentialAction\":[{\"@type\":\"SearchAction\",\"target\":{\"@type\":\"EntryPoint\",\"urlTemplate\":\"https:\/\/lascriticas.com\/?s={search_term_string}\"},\"query-input\":{\"@type\":\"PropertyValueSpecification\",\"valueRequired\":true,\"valueName\":\"search_term_string\"}}],\"inLanguage\":\"es\"},{\"@type\":\"Organization\",\"@id\":\"https:\/\/lascriticas.com\/#organization\",\"name\":\"Las Cr\u00edticas\",\"url\":\"https:\/\/lascriticas.com\/\",\"logo\":{\"@type\":\"ImageObject\",\"inLanguage\":\"es\",\"@id\":\"https:\/\/lascriticas.com\/#\/schema\/logo\/image\/\",\"url\":\"https:\/\/lascriticas.com\/wp-content\/uploads\/2016\/09\/Las-Cr\u00edticas.png\",\"contentUrl\":\"https:\/\/lascriticas.com\/wp-content\/uploads\/2016\/09\/Las-Cr\u00edticas.png\",\"width\":372,\"height\":201,\"caption\":\"Las Cr\u00edticas\"},\"image\":{\"@id\":\"https:\/\/lascriticas.com\/#\/schema\/logo\/image\/\"},\"sameAs\":[\"https:\/\/www.facebook.com\/lascriticas\/\",\"https:\/\/x.com\/LasCriticas_com\",\"https:\/\/www.instagram.com\/lascriticas_com\/\",\"https:\/\/www.youtube.com\/channel\/UCd7r-H6EJA4sSXGLX33_iHQ\"]}]}<\/script>\n<!-- \/ Yoast SEO plugin. -->","yoast_head_json":{"title":"Paola Senseve - Las Cr\u00edticas","description":"Paola Senseve (Bolivia, 1987) es novelista y psic\u00f3loga, gestora cultural en el proyecto de la Biblioteca del Bicentenario de Bolivia. Ha publicado 4 libros.","robots":{"index":"index","follow":"follow","max-snippet":"max-snippet:-1","max-image-preview":"max-image-preview:large","max-video-preview":"max-video-preview:-1"},"canonical":"https:\/\/lascriticas.com\/index.php\/lascriticas\/paola-senseve\/","og_locale":"es_ES","og_type":"article","og_title":"Paola Senseve - Las Cr\u00edticas","og_description":"Paola Senseve (Bolivia, 1987) es novelista y psic\u00f3loga, gestora cultural en el proyecto de la Biblioteca del Bicentenario de Bolivia. Ha publicado 4 libros.","og_url":"https:\/\/lascriticas.com\/index.php\/lascriticas\/paola-senseve\/","og_site_name":"Las Cr\u00edticas","article_publisher":"https:\/\/www.facebook.com\/lascriticas\/","article_modified_time":"2021-01-19T22:25:55+00:00","og_image":[{"width":960,"height":640,"url":"https:\/\/lascriticas.com\/wp-content\/uploads\/2016\/12\/Fotograf\u00eda-de-Francisco-Salek.jpg","type":"image\/jpeg"}],"twitter_card":"summary_large_image","twitter_site":"@LasCriticas_com","twitter_misc":{"Tiempo de lectura":"1 minuto"},"schema":{"@context":"https:\/\/schema.org","@graph":[{"@type":"WebPage","@id":"https:\/\/lascriticas.com\/index.php\/lascriticas\/paola-senseve\/","url":"https:\/\/lascriticas.com\/index.php\/lascriticas\/paola-senseve\/","name":"Paola Senseve - Las Cr\u00edticas","isPartOf":{"@id":"https:\/\/lascriticas.com\/#website"},"primaryImageOfPage":{"@id":"https:\/\/lascriticas.com\/index.php\/lascriticas\/paola-senseve\/#primaryimage"},"image":{"@id":"https:\/\/lascriticas.com\/index.php\/lascriticas\/paola-senseve\/#primaryimage"},"thumbnailUrl":"https:\/\/lascriticas.com\/wp-content\/uploads\/2016\/12\/Fotograf\u00eda-de-Francisco-Salek.jpg","datePublished":"2016-12-01T11:26:33+00:00","dateModified":"2021-01-19T22:25:55+00:00","description":"Paola Senseve (Bolivia, 1987) es novelista y psic\u00f3loga, gestora cultural en el proyecto de la Biblioteca del Bicentenario de Bolivia. Ha publicado 4 libros.","breadcrumb":{"@id":"https:\/\/lascriticas.com\/index.php\/lascriticas\/paola-senseve\/#breadcrumb"},"inLanguage":"es","potentialAction":[{"@type":"ReadAction","target":["https:\/\/lascriticas.com\/index.php\/lascriticas\/paola-senseve\/"]}]},{"@type":"ImageObject","inLanguage":"es","@id":"https:\/\/lascriticas.com\/index.php\/lascriticas\/paola-senseve\/#primaryimage","url":"https:\/\/lascriticas.com\/wp-content\/uploads\/2016\/12\/Fotograf\u00eda-de-Francisco-Salek.jpg","contentUrl":"https:\/\/lascriticas.com\/wp-content\/uploads\/2016\/12\/Fotograf\u00eda-de-Francisco-Salek.jpg","width":960,"height":640,"caption":"Paola Senseve"},{"@type":"BreadcrumbList","@id":"https:\/\/lascriticas.com\/index.php\/lascriticas\/paola-senseve\/#breadcrumb","itemListElement":[{"@type":"ListItem","position":1,"name":"Inicio","item":"https:\/\/lascriticas.com\/"},{"@type":"ListItem","position":2,"name":"Las Cr\u00edticas","item":"https:\/\/lascriticas.com\/index.php\/lascriticas\/"},{"@type":"ListItem","position":3,"name":"Paola Senseve"}]},{"@type":"WebSite","@id":"https:\/\/lascriticas.com\/#website","url":"https:\/\/lascriticas.com\/","name":"Las Cr\u00edticas","description":"Cr\u00edtica literaria hecha por mujeres","publisher":{"@id":"https:\/\/lascriticas.com\/#organization"},"potentialAction":[{"@type":"SearchAction","target":{"@type":"EntryPoint","urlTemplate":"https:\/\/lascriticas.com\/?s={search_term_string}"},"query-input":{"@type":"PropertyValueSpecification","valueRequired":true,"valueName":"search_term_string"}}],"inLanguage":"es"},{"@type":"Organization","@id":"https:\/\/lascriticas.com\/#organization","name":"Las Cr\u00edticas","url":"https:\/\/lascriticas.com\/","logo":{"@type":"ImageObject","inLanguage":"es","@id":"https:\/\/lascriticas.com\/#\/schema\/logo\/image\/","url":"https:\/\/lascriticas.com\/wp-content\/uploads\/2016\/09\/Las-Cr\u00edticas.png","contentUrl":"https:\/\/lascriticas.com\/wp-content\/uploads\/2016\/09\/Las-Cr\u00edticas.png","width":372,"height":201,"caption":"Las Cr\u00edticas"},"image":{"@id":"https:\/\/lascriticas.com\/#\/schema\/logo\/image\/"},"sameAs":["https:\/\/www.facebook.com\/lascriticas\/","https:\/\/x.com\/LasCriticas_com","https:\/\/www.instagram.com\/lascriticas_com\/","https:\/\/www.youtube.com\/channel\/UCd7r-H6EJA4sSXGLX33_iHQ"]}]}},"_links":{"self":[{"href":"https:\/\/lascriticas.com\/index.php\/wp-json\/wp\/v2\/pages\/991"}],"collection":[{"href":"https:\/\/lascriticas.com\/index.php\/wp-json\/wp\/v2\/pages"}],"about":[{"href":"https:\/\/lascriticas.com\/index.php\/wp-json\/wp\/v2\/types\/page"}],"author":[{"embeddable":true,"href":"https:\/\/lascriticas.com\/index.php\/wp-json\/wp\/v2\/users\/1"}],"replies":[{"embeddable":true,"href":"https:\/\/lascriticas.com\/index.php\/wp-json\/wp\/v2\/comments?post=991"}],"version-history":[{"count":9,"href":"https:\/\/lascriticas.com\/index.php\/wp-json\/wp\/v2\/pages\/991\/revisions"}],"predecessor-version":[{"id":3867,"href":"https:\/\/lascriticas.com\/index.php\/wp-json\/wp\/v2\/pages\/991\/revisions\/3867"}],"up":[{"embeddable":true,"href":"https:\/\/lascriticas.com\/index.php\/wp-json\/wp\/v2\/pages\/68"}],"wp:featuredmedia":[{"embeddable":true,"href":"https:\/\/lascriticas.com\/index.php\/wp-json\/wp\/v2\/media\/992"}],"wp:attachment":[{"href":"https:\/\/lascriticas.com\/index.php\/wp-json\/wp\/v2\/media?parent=991"}],"curies":[{"name":"wp","href":"https:\/\/api.w.org\/{rel}","templated":true}]}}