{"id":98,"date":"2016-09-19T10:05:31","date_gmt":"2016-09-19T08:05:31","guid":{"rendered":"http:\/\/lascriticas.com\/?page_id=98"},"modified":"2021-03-17T11:34:37","modified_gmt":"2021-03-17T10:34:37","slug":"contacto-escribenos-colaboraciones","status":"publish","type":"page","link":"https:\/\/lascriticas.com\/index.php\/contacto-escribenos-colaboraciones\/","title":{"rendered":"Escr\u00edbenos"},"content":{"rendered":"<p style=\"text-align: justify;\"><span style=\"font-size: 16px;\">El espacio de <strong><span style=\"color: #018e99;\">Las Cr\u00edticas<\/span><\/strong> est\u00e1 abierto a <strong>colaboradoras<\/strong> de horizontes diversos.<\/span><\/p>\n<p style=\"text-align: justify;\"><span style=\"font-size: 16px;\">Aceptamos textos cr\u00edticos acerca de libros, temas literarios y afines a la literatura publicados en espa\u00f1ol. Nos interesa la interpretaci\u00f3n del texto analizado m\u00e1s que el someterlo a un juicio y uno de nuestros objetivos es el ejercicio de este oficio\u00a0del modo m\u00e1s noble. El debate es deseable y totalmente bienvenido, la debida argumentaci\u00f3n es una exigencia.<\/span><\/p>\n<p style=\"text-align: justify;\"><span style=\"font-size: 16px;\">Privilegiamos las cr\u00edticas de libros escritos por mujeres, sin embargo, los textos de autores <span style=\"text-decoration: underline;\">no est\u00e1n excluidos<\/span>.<\/span><\/p>\n<p style=\"text-align: justify;\"><span style=\"font-size: 16px;\">Los textos que publicamos est\u00e1n dirigidos a todo tipo de lectorxs, por ello, rogamos evitar el hermetismo y el uso excesivo de tecnicismos y notas.<\/span><\/p>\n<p style=\"text-align: justify;\"><span style=\"font-size: 16px;\">Los an\u00e1lisis no deber\u00e1n exceder las 4000 palabras. Las rese\u00f1as pueden tener la extensi\u00f3n deseada.<\/span><\/p>\n<p style=\"text-align: justify;\"><span style=\"font-size: 16px;\">Los textos son le\u00eddos con la mayor atenci\u00f3n por nuestro comit\u00e9 de lectura e intentamos dar una respuesta pronta a todas las solicitudes y preguntas.<\/span><\/p>\n<p style=\"text-align: justify;\"><span style=\"font-size: 16px;\">Las colaboraciones no son remuneradas. Este espacio no tiene fines de lucro.<\/span><\/p>\n<p><span style=\"font-size: 16px;\">Este es nuestro correo electr\u00f3nico: <strong><a href=\"mailto:contacto@lascriticas.com\">contacto@lascriticas.com<\/a><\/strong><\/span><\/p>\n","protected":false},"excerpt":{"rendered":"<p>El espacio de Las Cr\u00edticas est\u00e1 abierto a colaboradoras de horizontes diversos. Aceptamos textos cr\u00edticos acerca de libros, temas literarios y afines a la literatura publicados en espa\u00f1ol. Nos interesa la interpretaci\u00f3n del texto analizado m\u00e1s que el someterlo a un juicio y uno de nuestros objetivos es el ejercicio de este oficio\u00a0del modo m\u00e1s&#8230;<\/p>\n","protected":false},"author":1,"featured_media":0,"parent":0,"menu_order":0,"comment_status":"closed","ping_status":"closed","template":"","meta":{"footnotes":""},"yoast_head":"<!-- This site is optimized with the Yoast SEO plugin v23.5 - https:\/\/yoast.com\/wordpress\/plugins\/seo\/ -->\n<title>Escr\u00edbenos - Las Cr\u00edticas<\/title>\n<meta name=\"description\" content=\"Escr\u00edbenos. Aceptamos colaboraciones de mujeres que hacen cr\u00edtica. Si deseas enviarnos un texto, alguna sugerencia o pregunta, es aqu\u00ed.\" \/>\n<meta name=\"robots\" content=\"index, follow, max-snippet:-1, max-image-preview:large, max-video-preview:-1\" \/>\n<link rel=\"canonical\" href=\"https:\/\/lascriticas.com\/index.php\/contacto-escribenos-colaboraciones\/\" \/>\n<meta property=\"og:locale\" content=\"es_ES\" \/>\n<meta property=\"og:type\" content=\"article\" \/>\n<meta property=\"og:title\" content=\"Escr\u00edbenos - Las Cr\u00edticas\" \/>\n<meta property=\"og:description\" content=\"Escr\u00edbenos. Aceptamos colaboraciones de mujeres que hacen cr\u00edtica. Si deseas enviarnos un texto, alguna sugerencia o pregunta, es aqu\u00ed.\" \/>\n<meta property=\"og:url\" content=\"https:\/\/lascriticas.com\/index.php\/contacto-escribenos-colaboraciones\/\" \/>\n<meta property=\"og:site_name\" content=\"Las Cr\u00edticas\" \/>\n<meta property=\"article:publisher\" content=\"https:\/\/www.facebook.com\/lascriticas\/\" \/>\n<meta property=\"article:modified_time\" content=\"2021-03-17T10:34:37+00:00\" \/>\n<meta name=\"twitter:card\" content=\"summary_large_image\" \/>\n<meta name=\"twitter:site\" content=\"@LasCriticas_com\" \/>\n<meta name=\"twitter:label1\" content=\"Tiempo de lectura\" \/>\n\t<meta name=\"twitter:data1\" content=\"1 minuto\" \/>\n<script type=\"application\/ld+json\" class=\"yoast-schema-graph\">{\"@context\":\"https:\/\/schema.org\",\"@graph\":[{\"@type\":\"WebPage\",\"@id\":\"https:\/\/lascriticas.com\/index.php\/contacto-escribenos-colaboraciones\/\",\"url\":\"https:\/\/lascriticas.com\/index.php\/contacto-escribenos-colaboraciones\/\",\"name\":\"Escr\u00edbenos - Las Cr\u00edticas\",\"isPartOf\":{\"@id\":\"https:\/\/lascriticas.com\/#website\"},\"datePublished\":\"2016-09-19T08:05:31+00:00\",\"dateModified\":\"2021-03-17T10:34:37+00:00\",\"description\":\"Escr\u00edbenos. Aceptamos colaboraciones de mujeres que hacen cr\u00edtica. Si deseas enviarnos un texto, alguna sugerencia o pregunta, es aqu\u00ed.\",\"breadcrumb\":{\"@id\":\"https:\/\/lascriticas.com\/index.php\/contacto-escribenos-colaboraciones\/#breadcrumb\"},\"inLanguage\":\"es\",\"potentialAction\":[{\"@type\":\"ReadAction\",\"target\":[\"https:\/\/lascriticas.com\/index.php\/contacto-escribenos-colaboraciones\/\"]}]},{\"@type\":\"BreadcrumbList\",\"@id\":\"https:\/\/lascriticas.com\/index.php\/contacto-escribenos-colaboraciones\/#breadcrumb\",\"itemListElement\":[{\"@type\":\"ListItem\",\"position\":1,\"name\":\"Inicio\",\"item\":\"https:\/\/lascriticas.com\/\"},{\"@type\":\"ListItem\",\"position\":2,\"name\":\"Escr\u00edbenos\"}]},{\"@type\":\"WebSite\",\"@id\":\"https:\/\/lascriticas.com\/#website\",\"url\":\"https:\/\/lascriticas.com\/\",\"name\":\"Las Cr\u00edticas\",\"description\":\"Cr\u00edtica literaria hecha por mujeres\",\"publisher\":{\"@id\":\"https:\/\/lascriticas.com\/#organization\"},\"potentialAction\":[{\"@type\":\"SearchAction\",\"target\":{\"@type\":\"EntryPoint\",\"urlTemplate\":\"https:\/\/lascriticas.com\/?s={search_term_string}\"},\"query-input\":{\"@type\":\"PropertyValueSpecification\",\"valueRequired\":true,\"valueName\":\"search_term_string\"}}],\"inLanguage\":\"es\"},{\"@type\":\"Organization\",\"@id\":\"https:\/\/lascriticas.com\/#organization\",\"name\":\"Las Cr\u00edticas\",\"url\":\"https:\/\/lascriticas.com\/\",\"logo\":{\"@type\":\"ImageObject\",\"inLanguage\":\"es\",\"@id\":\"https:\/\/lascriticas.com\/#\/schema\/logo\/image\/\",\"url\":\"https:\/\/lascriticas.com\/wp-content\/uploads\/2016\/09\/Las-Cr\u00edticas.png\",\"contentUrl\":\"https:\/\/lascriticas.com\/wp-content\/uploads\/2016\/09\/Las-Cr\u00edticas.png\",\"width\":372,\"height\":201,\"caption\":\"Las Cr\u00edticas\"},\"image\":{\"@id\":\"https:\/\/lascriticas.com\/#\/schema\/logo\/image\/\"},\"sameAs\":[\"https:\/\/www.facebook.com\/lascriticas\/\",\"https:\/\/x.com\/LasCriticas_com\",\"https:\/\/www.instagram.com\/lascriticas_com\/\",\"https:\/\/www.youtube.com\/channel\/UCd7r-H6EJA4sSXGLX33_iHQ\"]}]}<\/script>\n<!-- \/ Yoast SEO plugin. -->","yoast_head_json":{"title":"Escr\u00edbenos - Las Cr\u00edticas","description":"Escr\u00edbenos. Aceptamos colaboraciones de mujeres que hacen cr\u00edtica. Si deseas enviarnos un texto, alguna sugerencia o pregunta, es aqu\u00ed.","robots":{"index":"index","follow":"follow","max-snippet":"max-snippet:-1","max-image-preview":"max-image-preview:large","max-video-preview":"max-video-preview:-1"},"canonical":"https:\/\/lascriticas.com\/index.php\/contacto-escribenos-colaboraciones\/","og_locale":"es_ES","og_type":"article","og_title":"Escr\u00edbenos - Las Cr\u00edticas","og_description":"Escr\u00edbenos. Aceptamos colaboraciones de mujeres que hacen cr\u00edtica. Si deseas enviarnos un texto, alguna sugerencia o pregunta, es aqu\u00ed.","og_url":"https:\/\/lascriticas.com\/index.php\/contacto-escribenos-colaboraciones\/","og_site_name":"Las Cr\u00edticas","article_publisher":"https:\/\/www.facebook.com\/lascriticas\/","article_modified_time":"2021-03-17T10:34:37+00:00","twitter_card":"summary_large_image","twitter_site":"@LasCriticas_com","twitter_misc":{"Tiempo de lectura":"1 minuto"},"schema":{"@context":"https:\/\/schema.org","@graph":[{"@type":"WebPage","@id":"https:\/\/lascriticas.com\/index.php\/contacto-escribenos-colaboraciones\/","url":"https:\/\/lascriticas.com\/index.php\/contacto-escribenos-colaboraciones\/","name":"Escr\u00edbenos - Las Cr\u00edticas","isPartOf":{"@id":"https:\/\/lascriticas.com\/#website"},"datePublished":"2016-09-19T08:05:31+00:00","dateModified":"2021-03-17T10:34:37+00:00","description":"Escr\u00edbenos. Aceptamos colaboraciones de mujeres que hacen cr\u00edtica. Si deseas enviarnos un texto, alguna sugerencia o pregunta, es aqu\u00ed.","breadcrumb":{"@id":"https:\/\/lascriticas.com\/index.php\/contacto-escribenos-colaboraciones\/#breadcrumb"},"inLanguage":"es","potentialAction":[{"@type":"ReadAction","target":["https:\/\/lascriticas.com\/index.php\/contacto-escribenos-colaboraciones\/"]}]},{"@type":"BreadcrumbList","@id":"https:\/\/lascriticas.com\/index.php\/contacto-escribenos-colaboraciones\/#breadcrumb","itemListElement":[{"@type":"ListItem","position":1,"name":"Inicio","item":"https:\/\/lascriticas.com\/"},{"@type":"ListItem","position":2,"name":"Escr\u00edbenos"}]},{"@type":"WebSite","@id":"https:\/\/lascriticas.com\/#website","url":"https:\/\/lascriticas.com\/","name":"Las Cr\u00edticas","description":"Cr\u00edtica literaria hecha por mujeres","publisher":{"@id":"https:\/\/lascriticas.com\/#organization"},"potentialAction":[{"@type":"SearchAction","target":{"@type":"EntryPoint","urlTemplate":"https:\/\/lascriticas.com\/?s={search_term_string}"},"query-input":{"@type":"PropertyValueSpecification","valueRequired":true,"valueName":"search_term_string"}}],"inLanguage":"es"},{"@type":"Organization","@id":"https:\/\/lascriticas.com\/#organization","name":"Las Cr\u00edticas","url":"https:\/\/lascriticas.com\/","logo":{"@type":"ImageObject","inLanguage":"es","@id":"https:\/\/lascriticas.com\/#\/schema\/logo\/image\/","url":"https:\/\/lascriticas.com\/wp-content\/uploads\/2016\/09\/Las-Cr\u00edticas.png","contentUrl":"https:\/\/lascriticas.com\/wp-content\/uploads\/2016\/09\/Las-Cr\u00edticas.png","width":372,"height":201,"caption":"Las Cr\u00edticas"},"image":{"@id":"https:\/\/lascriticas.com\/#\/schema\/logo\/image\/"},"sameAs":["https:\/\/www.facebook.com\/lascriticas\/","https:\/\/x.com\/LasCriticas_com","https:\/\/www.instagram.com\/lascriticas_com\/","https:\/\/www.youtube.com\/channel\/UCd7r-H6EJA4sSXGLX33_iHQ"]}]}},"_links":{"self":[{"href":"https:\/\/lascriticas.com\/index.php\/wp-json\/wp\/v2\/pages\/98"}],"collection":[{"href":"https:\/\/lascriticas.com\/index.php\/wp-json\/wp\/v2\/pages"}],"about":[{"href":"https:\/\/lascriticas.com\/index.php\/wp-json\/wp\/v2\/types\/page"}],"author":[{"embeddable":true,"href":"https:\/\/lascriticas.com\/index.php\/wp-json\/wp\/v2\/users\/1"}],"replies":[{"embeddable":true,"href":"https:\/\/lascriticas.com\/index.php\/wp-json\/wp\/v2\/comments?post=98"}],"version-history":[{"count":25,"href":"https:\/\/lascriticas.com\/index.php\/wp-json\/wp\/v2\/pages\/98\/revisions"}],"predecessor-version":[{"id":4170,"href":"https:\/\/lascriticas.com\/index.php\/wp-json\/wp\/v2\/pages\/98\/revisions\/4170"}],"wp:attachment":[{"href":"https:\/\/lascriticas.com\/index.php\/wp-json\/wp\/v2\/media?parent=98"}],"curies":[{"name":"wp","href":"https:\/\/api.w.org\/{rel}","templated":true}]}}