{"id":5660,"date":"2024-01-07T14:27:58","date_gmt":"2024-01-07T13:27:58","guid":{"rendered":"https:\/\/lascriticas.com\/?page_id=5660"},"modified":"2024-01-07T16:33:38","modified_gmt":"2024-01-07T15:33:38","slug":"valeria-pariso","status":"publish","type":"page","link":"https:\/\/lascriticas.com\/index.php\/lascriticas\/valeria-pariso\/","title":{"rendered":"Valeria Pariso"},"content":{"rendered":"<p style=\"text-align: justify;\"><span style=\"font-size: 16px;\"><strong>Valeria Pariso<\/strong> (Buenos Aires, 1970). Es poeta, autora de los libros de poes\u00eda, entre otros: <em>Cero sobre el nivel del mar<\/em> (Ediciones AqL, 2012), <em>Paula levanta la persiana<\/em> (Ediciones AqL, 2013); <em>Donde termina esta casa<\/em> (Ediciones de la Eterna, 2015) y <em>Del otro lado de la noche<\/em>\u00a0(Editorial El Mono Armado, 2015),\u00a0<em>Zarmina<\/em> (Mascar\u00f3n de proa, 2020), <em>Flores para no regar<\/em> (Ediciones AqL, 2021). Ha merecido el Primer Premio del Concurso de Letras, categor\u00eda poes\u00eda, del Fondo Nacional de las Artes en el 2019. Varios de sus poemas fueron traducidos al franc\u00e9s, al portugu\u00e9s y al italiano.<\/span><\/p>\n<p style=\"text-align: justify;\"><a href=\"https:\/\/lascriticas.com\/index.php\/author\/valeria-pariso\/\"><strong><span style=\"font-size: 16px;\">Sus cr\u00edticas<\/span><\/strong><\/a><\/p>\n","protected":false},"excerpt":{"rendered":"<p>Valeria Pariso (Buenos Aires, 1970). Es poeta, autora de los libros de poes\u00eda, entre otros: Cero sobre el nivel del mar (Ediciones AqL, 2012), Paula levanta la persiana (Ediciones AqL, 2013); Donde termina esta casa (Ediciones de la Eterna, 2015) y Del otro lado de la noche\u00a0(Editorial El Mono Armado, 2015),\u00a0Zarmina (Mascar\u00f3n de proa, 2020),&#8230;<\/p>\n","protected":false},"author":1,"featured_media":5690,"parent":68,"menu_order":0,"comment_status":"closed","ping_status":"closed","template":"","meta":{"footnotes":""},"yoast_head":"<!-- This site is optimized with the Yoast SEO plugin v23.5 - https:\/\/yoast.com\/wordpress\/plugins\/seo\/ -->\n<title>Valeria Pariso - Las Cr\u00edticas<\/title>\n<meta name=\"description\" content=\"Valeria Pariso (Buenos Aires, 1970). Es poeta, autora de los libros de poes\u00eda, entre otros: Cero sobre el nivel del mar (Ediciones AqL, 2012), Paula\" \/>\n<meta name=\"robots\" content=\"index, follow, max-snippet:-1, max-image-preview:large, max-video-preview:-1\" \/>\n<link rel=\"canonical\" href=\"https:\/\/lascriticas.com\/index.php\/lascriticas\/valeria-pariso\/\" \/>\n<meta property=\"og:locale\" content=\"es_ES\" \/>\n<meta property=\"og:type\" content=\"article\" \/>\n<meta property=\"og:title\" content=\"Valeria Pariso - Las Cr\u00edticas\" \/>\n<meta property=\"og:description\" content=\"Valeria Pariso (Buenos Aires, 1970). Es poeta, autora de los libros de poes\u00eda, entre otros: Cero sobre el nivel del mar (Ediciones AqL, 2012), Paula\" \/>\n<meta property=\"og:url\" content=\"https:\/\/lascriticas.com\/index.php\/lascriticas\/valeria-pariso\/\" \/>\n<meta property=\"og:site_name\" content=\"Las Cr\u00edticas\" \/>\n<meta property=\"article:publisher\" content=\"https:\/\/www.facebook.com\/lascriticas\/\" \/>\n<meta property=\"article:modified_time\" content=\"2024-01-07T15:33:38+00:00\" \/>\n<meta property=\"og:image\" content=\"https:\/\/lascriticas.com\/wp-content\/uploads\/2021\/01\/Valeria-Pariso.jpeg\" \/>\n\t<meta property=\"og:image:width\" content=\"540\" \/>\n\t<meta property=\"og:image:height\" content=\"539\" \/>\n\t<meta property=\"og:image:type\" content=\"image\/jpeg\" \/>\n<meta name=\"twitter:card\" content=\"summary_large_image\" \/>\n<meta name=\"twitter:site\" content=\"@LasCriticas_com\" \/>\n<script type=\"application\/ld+json\" class=\"yoast-schema-graph\">{\"@context\":\"https:\/\/schema.org\",\"@graph\":[{\"@type\":\"WebPage\",\"@id\":\"https:\/\/lascriticas.com\/index.php\/lascriticas\/valeria-pariso\/\",\"url\":\"https:\/\/lascriticas.com\/index.php\/lascriticas\/valeria-pariso\/\",\"name\":\"Valeria Pariso - Las Cr\u00edticas\",\"isPartOf\":{\"@id\":\"https:\/\/lascriticas.com\/#website\"},\"primaryImageOfPage\":{\"@id\":\"https:\/\/lascriticas.com\/index.php\/lascriticas\/valeria-pariso\/#primaryimage\"},\"image\":{\"@id\":\"https:\/\/lascriticas.com\/index.php\/lascriticas\/valeria-pariso\/#primaryimage\"},\"thumbnailUrl\":\"https:\/\/lascriticas.com\/wp-content\/uploads\/2021\/01\/Valeria-Pariso.jpeg\",\"datePublished\":\"2024-01-07T13:27:58+00:00\",\"dateModified\":\"2024-01-07T15:33:38+00:00\",\"description\":\"Valeria Pariso (Buenos Aires, 1970). Es poeta, autora de los libros de poes\u00eda, entre otros: Cero sobre el nivel del mar (Ediciones AqL, 2012), Paula\",\"breadcrumb\":{\"@id\":\"https:\/\/lascriticas.com\/index.php\/lascriticas\/valeria-pariso\/#breadcrumb\"},\"inLanguage\":\"es\",\"potentialAction\":[{\"@type\":\"ReadAction\",\"target\":[\"https:\/\/lascriticas.com\/index.php\/lascriticas\/valeria-pariso\/\"]}]},{\"@type\":\"ImageObject\",\"inLanguage\":\"es\",\"@id\":\"https:\/\/lascriticas.com\/index.php\/lascriticas\/valeria-pariso\/#primaryimage\",\"url\":\"https:\/\/lascriticas.com\/wp-content\/uploads\/2021\/01\/Valeria-Pariso.jpeg\",\"contentUrl\":\"https:\/\/lascriticas.com\/wp-content\/uploads\/2021\/01\/Valeria-Pariso.jpeg\",\"width\":540,\"height\":539},{\"@type\":\"BreadcrumbList\",\"@id\":\"https:\/\/lascriticas.com\/index.php\/lascriticas\/valeria-pariso\/#breadcrumb\",\"itemListElement\":[{\"@type\":\"ListItem\",\"position\":1,\"name\":\"Inicio\",\"item\":\"https:\/\/lascriticas.com\/\"},{\"@type\":\"ListItem\",\"position\":2,\"name\":\"Las Cr\u00edticas\",\"item\":\"https:\/\/lascriticas.com\/index.php\/lascriticas\/\"},{\"@type\":\"ListItem\",\"position\":3,\"name\":\"Valeria Pariso\"}]},{\"@type\":\"WebSite\",\"@id\":\"https:\/\/lascriticas.com\/#website\",\"url\":\"https:\/\/lascriticas.com\/\",\"name\":\"Las Cr\u00edticas\",\"description\":\"Cr\u00edtica literaria hecha por mujeres\",\"publisher\":{\"@id\":\"https:\/\/lascriticas.com\/#organization\"},\"potentialAction\":[{\"@type\":\"SearchAction\",\"target\":{\"@type\":\"EntryPoint\",\"urlTemplate\":\"https:\/\/lascriticas.com\/?s={search_term_string}\"},\"query-input\":{\"@type\":\"PropertyValueSpecification\",\"valueRequired\":true,\"valueName\":\"search_term_string\"}}],\"inLanguage\":\"es\"},{\"@type\":\"Organization\",\"@id\":\"https:\/\/lascriticas.com\/#organization\",\"name\":\"Las Cr\u00edticas\",\"url\":\"https:\/\/lascriticas.com\/\",\"logo\":{\"@type\":\"ImageObject\",\"inLanguage\":\"es\",\"@id\":\"https:\/\/lascriticas.com\/#\/schema\/logo\/image\/\",\"url\":\"https:\/\/lascriticas.com\/wp-content\/uploads\/2016\/09\/Las-Cr\u00edticas.png\",\"contentUrl\":\"https:\/\/lascriticas.com\/wp-content\/uploads\/2016\/09\/Las-Cr\u00edticas.png\",\"width\":372,\"height\":201,\"caption\":\"Las Cr\u00edticas\"},\"image\":{\"@id\":\"https:\/\/lascriticas.com\/#\/schema\/logo\/image\/\"},\"sameAs\":[\"https:\/\/www.facebook.com\/lascriticas\/\",\"https:\/\/x.com\/LasCriticas_com\",\"https:\/\/www.instagram.com\/lascriticas_com\/\",\"https:\/\/www.youtube.com\/channel\/UCd7r-H6EJA4sSXGLX33_iHQ\"]}]}<\/script>\n<!-- \/ Yoast SEO plugin. -->","yoast_head_json":{"title":"Valeria Pariso - Las Cr\u00edticas","description":"Valeria Pariso (Buenos Aires, 1970). Es poeta, autora de los libros de poes\u00eda, entre otros: Cero sobre el nivel del mar (Ediciones AqL, 2012), Paula","robots":{"index":"index","follow":"follow","max-snippet":"max-snippet:-1","max-image-preview":"max-image-preview:large","max-video-preview":"max-video-preview:-1"},"canonical":"https:\/\/lascriticas.com\/index.php\/lascriticas\/valeria-pariso\/","og_locale":"es_ES","og_type":"article","og_title":"Valeria Pariso - Las Cr\u00edticas","og_description":"Valeria Pariso (Buenos Aires, 1970). Es poeta, autora de los libros de poes\u00eda, entre otros: Cero sobre el nivel del mar (Ediciones AqL, 2012), Paula","og_url":"https:\/\/lascriticas.com\/index.php\/lascriticas\/valeria-pariso\/","og_site_name":"Las Cr\u00edticas","article_publisher":"https:\/\/www.facebook.com\/lascriticas\/","article_modified_time":"2024-01-07T15:33:38+00:00","og_image":[{"width":540,"height":539,"url":"https:\/\/lascriticas.com\/wp-content\/uploads\/2021\/01\/Valeria-Pariso.jpeg","type":"image\/jpeg"}],"twitter_card":"summary_large_image","twitter_site":"@LasCriticas_com","schema":{"@context":"https:\/\/schema.org","@graph":[{"@type":"WebPage","@id":"https:\/\/lascriticas.com\/index.php\/lascriticas\/valeria-pariso\/","url":"https:\/\/lascriticas.com\/index.php\/lascriticas\/valeria-pariso\/","name":"Valeria Pariso - Las Cr\u00edticas","isPartOf":{"@id":"https:\/\/lascriticas.com\/#website"},"primaryImageOfPage":{"@id":"https:\/\/lascriticas.com\/index.php\/lascriticas\/valeria-pariso\/#primaryimage"},"image":{"@id":"https:\/\/lascriticas.com\/index.php\/lascriticas\/valeria-pariso\/#primaryimage"},"thumbnailUrl":"https:\/\/lascriticas.com\/wp-content\/uploads\/2021\/01\/Valeria-Pariso.jpeg","datePublished":"2024-01-07T13:27:58+00:00","dateModified":"2024-01-07T15:33:38+00:00","description":"Valeria Pariso (Buenos Aires, 1970). Es poeta, autora de los libros de poes\u00eda, entre otros: Cero sobre el nivel del mar (Ediciones AqL, 2012), Paula","breadcrumb":{"@id":"https:\/\/lascriticas.com\/index.php\/lascriticas\/valeria-pariso\/#breadcrumb"},"inLanguage":"es","potentialAction":[{"@type":"ReadAction","target":["https:\/\/lascriticas.com\/index.php\/lascriticas\/valeria-pariso\/"]}]},{"@type":"ImageObject","inLanguage":"es","@id":"https:\/\/lascriticas.com\/index.php\/lascriticas\/valeria-pariso\/#primaryimage","url":"https:\/\/lascriticas.com\/wp-content\/uploads\/2021\/01\/Valeria-Pariso.jpeg","contentUrl":"https:\/\/lascriticas.com\/wp-content\/uploads\/2021\/01\/Valeria-Pariso.jpeg","width":540,"height":539},{"@type":"BreadcrumbList","@id":"https:\/\/lascriticas.com\/index.php\/lascriticas\/valeria-pariso\/#breadcrumb","itemListElement":[{"@type":"ListItem","position":1,"name":"Inicio","item":"https:\/\/lascriticas.com\/"},{"@type":"ListItem","position":2,"name":"Las Cr\u00edticas","item":"https:\/\/lascriticas.com\/index.php\/lascriticas\/"},{"@type":"ListItem","position":3,"name":"Valeria Pariso"}]},{"@type":"WebSite","@id":"https:\/\/lascriticas.com\/#website","url":"https:\/\/lascriticas.com\/","name":"Las Cr\u00edticas","description":"Cr\u00edtica literaria hecha por mujeres","publisher":{"@id":"https:\/\/lascriticas.com\/#organization"},"potentialAction":[{"@type":"SearchAction","target":{"@type":"EntryPoint","urlTemplate":"https:\/\/lascriticas.com\/?s={search_term_string}"},"query-input":{"@type":"PropertyValueSpecification","valueRequired":true,"valueName":"search_term_string"}}],"inLanguage":"es"},{"@type":"Organization","@id":"https:\/\/lascriticas.com\/#organization","name":"Las Cr\u00edticas","url":"https:\/\/lascriticas.com\/","logo":{"@type":"ImageObject","inLanguage":"es","@id":"https:\/\/lascriticas.com\/#\/schema\/logo\/image\/","url":"https:\/\/lascriticas.com\/wp-content\/uploads\/2016\/09\/Las-Cr\u00edticas.png","contentUrl":"https:\/\/lascriticas.com\/wp-content\/uploads\/2016\/09\/Las-Cr\u00edticas.png","width":372,"height":201,"caption":"Las Cr\u00edticas"},"image":{"@id":"https:\/\/lascriticas.com\/#\/schema\/logo\/image\/"},"sameAs":["https:\/\/www.facebook.com\/lascriticas\/","https:\/\/x.com\/LasCriticas_com","https:\/\/www.instagram.com\/lascriticas_com\/","https:\/\/www.youtube.com\/channel\/UCd7r-H6EJA4sSXGLX33_iHQ"]}]}},"_links":{"self":[{"href":"https:\/\/lascriticas.com\/index.php\/wp-json\/wp\/v2\/pages\/5660"}],"collection":[{"href":"https:\/\/lascriticas.com\/index.php\/wp-json\/wp\/v2\/pages"}],"about":[{"href":"https:\/\/lascriticas.com\/index.php\/wp-json\/wp\/v2\/types\/page"}],"author":[{"embeddable":true,"href":"https:\/\/lascriticas.com\/index.php\/wp-json\/wp\/v2\/users\/1"}],"replies":[{"embeddable":true,"href":"https:\/\/lascriticas.com\/index.php\/wp-json\/wp\/v2\/comments?post=5660"}],"version-history":[{"count":5,"href":"https:\/\/lascriticas.com\/index.php\/wp-json\/wp\/v2\/pages\/5660\/revisions"}],"predecessor-version":[{"id":5697,"href":"https:\/\/lascriticas.com\/index.php\/wp-json\/wp\/v2\/pages\/5660\/revisions\/5697"}],"up":[{"embeddable":true,"href":"https:\/\/lascriticas.com\/index.php\/wp-json\/wp\/v2\/pages\/68"}],"wp:featuredmedia":[{"embeddable":true,"href":"https:\/\/lascriticas.com\/index.php\/wp-json\/wp\/v2\/media\/5690"}],"wp:attachment":[{"href":"https:\/\/lascriticas.com\/index.php\/wp-json\/wp\/v2\/media?parent=5660"}],"curies":[{"name":"wp","href":"https:\/\/api.w.org\/{rel}","templated":true}]}}