{"id":564,"date":"2016-10-23T16:21:24","date_gmt":"2016-10-23T14:21:24","guid":{"rendered":"http:\/\/lascriticas.com\/?page_id=564"},"modified":"2021-01-19T20:17:42","modified_gmt":"2021-01-19T19:17:42","slug":"leonor-ruiz","status":"publish","type":"page","link":"https:\/\/lascriticas.com\/index.php\/lascriticas\/leonor-ruiz\/","title":{"rendered":"Leonor Ruiz"},"content":{"rendered":"<p style=\"text-align: justify;\"><span style=\"font-size: 16px;\"><span id=\"yui_3_16_0_ym19_1_1477084789412_20228\"><span id=\"yui_3_16_0_ym19_1_1477084789412_20229\"><strong>Leonor Ruiz<\/strong>. Nacida en Espa\u00f1a, graduada\u00a0en sociolog\u00eda y especializada en demograf\u00eda.\u00a0<\/span><\/span><span id=\"yui_3_16_0_ym19_1_1477084789412_20241\">Durante cuatro a\u00f1os\u00a0dedic\u00f3 su labor\u00a0<\/span>investigadora\u00a0<span id=\"yui_3_16_0_ym19_1_1477084789412_5512\"><span id=\"yui_3_16_0_ym19_1_1477084789412_8422\"><span id=\"yui_3_16_0_ym19_1_1477084789412_17127\"><span id=\"yui_3_16_0_ym19_1_1477084789412_17128\">a los estudios de g\u00e9nero<\/span><\/span>. Desde el a\u00f1o 2000 reside e<\/span>n los Pa\u00edses Bajos, donde trabaja como profesora<\/span><span id=\"yui_3_16_0_ym19_1_1477084789412_5656\"><span id=\"yui_3_16_0_ym19_1_1477084789412_5513\">\u00a0de espa\u00f1ol y literatura desde hace m\u00e1s de una d\u00e9cada.<\/span>\u00a0Como cr\u00edtica literaria, publica<\/span><span id=\"yui_3_16_0_ym19_1_1477084789412_3082\">\u00a0sus textos en el blog\u00a0<strong><a id=\"yui_3_16_0_ym19_1_1477084789412_7775\" class=\"edited-link-editor\" href=\"http:\/\/microcriticasliterarias.blogspot.com\/\">MCL (Microcr\u00edticas Literarias)<\/a><\/strong>, en\u00a0<strong><a id=\"yui_3_16_0_ym19_1_1477084789412_7567\" class=\"edited-link-editor\" href=\"http:\/\/blogs.culturamas.es\/blog\/category\/mcl-microcriticas-literarias\/\">Culturamas<\/a><\/strong> y <strong><a href=\"http:\/\/www.criticoestado.es\">Estado Cr\u00edtico<\/a><\/strong>. Es\u00a0tambi\u00e9n correctora profesional (ortotipogr\u00e1fica, de estilo, lectura cr\u00edtica).<br \/>\n<\/span><\/span><\/p>\n<p><span style=\"font-size: 16px;\"><a href=\"https:\/\/lascriticas.com\/index.php\/author\/leonor-ruiz\/\"><strong>Sus cr\u00edticas<\/strong><\/a><\/span><\/p>\n","protected":false},"excerpt":{"rendered":"<p>Leonor Ruiz. Nacida en Espa\u00f1a, graduada\u00a0en sociolog\u00eda y especializada en demograf\u00eda.\u00a0Durante cuatro a\u00f1os\u00a0dedic\u00f3 su labor\u00a0investigadora\u00a0a los estudios de g\u00e9nero. Desde el a\u00f1o 2000 reside en los Pa\u00edses Bajos, donde trabaja como profesora\u00a0de espa\u00f1ol y literatura desde hace m\u00e1s de una d\u00e9cada.\u00a0Como cr\u00edtica literaria, publica\u00a0sus textos en el blog\u00a0MCL (Microcr\u00edticas Literarias), en\u00a0Culturamas y Estado Cr\u00edtico. Es\u00a0tambi\u00e9n&#8230;<\/p>\n","protected":false},"author":1,"featured_media":3793,"parent":68,"menu_order":0,"comment_status":"closed","ping_status":"closed","template":"","meta":{"footnotes":""},"yoast_head":"<!-- This site is optimized with the Yoast SEO plugin v23.5 - https:\/\/yoast.com\/wordpress\/plugins\/seo\/ -->\n<title>Leonor Ruiz - Las Cr\u00edticas<\/title>\n<meta name=\"description\" content=\"Nacida en Espa\u00f1a, graduada en sociolog\u00eda y especializada en demograf\u00eda y estudios de g\u00e9nero. Cr\u00edtica literaria para diversos medios.\" \/>\n<meta name=\"robots\" content=\"index, follow, max-snippet:-1, max-image-preview:large, max-video-preview:-1\" \/>\n<link rel=\"canonical\" href=\"https:\/\/lascriticas.com\/index.php\/lascriticas\/leonor-ruiz\/\" \/>\n<meta property=\"og:locale\" content=\"es_ES\" \/>\n<meta property=\"og:type\" content=\"article\" \/>\n<meta property=\"og:title\" content=\"Leonor Ruiz - Las Cr\u00edticas\" \/>\n<meta property=\"og:description\" content=\"Nacida en Espa\u00f1a, graduada en sociolog\u00eda y especializada en demograf\u00eda y estudios de g\u00e9nero. Cr\u00edtica literaria para diversos medios.\" \/>\n<meta property=\"og:url\" content=\"https:\/\/lascriticas.com\/index.php\/lascriticas\/leonor-ruiz\/\" \/>\n<meta property=\"og:site_name\" content=\"Las Cr\u00edticas\" \/>\n<meta property=\"article:publisher\" content=\"https:\/\/www.facebook.com\/lascriticas\/\" \/>\n<meta property=\"article:modified_time\" content=\"2021-01-19T19:17:42+00:00\" \/>\n<meta property=\"og:image\" content=\"https:\/\/lascriticas.com\/wp-content\/uploads\/2021\/01\/Leonor-Ruiz.jpeg\" \/>\n\t<meta property=\"og:image:width\" content=\"1080\" \/>\n\t<meta property=\"og:image:height\" content=\"530\" \/>\n\t<meta property=\"og:image:type\" content=\"image\/jpeg\" \/>\n<meta name=\"twitter:card\" content=\"summary_large_image\" \/>\n<meta name=\"twitter:site\" content=\"@LasCriticas_com\" \/>\n<meta name=\"twitter:label1\" content=\"Tiempo de lectura\" \/>\n\t<meta name=\"twitter:data1\" content=\"1 minuto\" \/>\n<script type=\"application\/ld+json\" class=\"yoast-schema-graph\">{\"@context\":\"https:\/\/schema.org\",\"@graph\":[{\"@type\":\"WebPage\",\"@id\":\"https:\/\/lascriticas.com\/index.php\/lascriticas\/leonor-ruiz\/\",\"url\":\"https:\/\/lascriticas.com\/index.php\/lascriticas\/leonor-ruiz\/\",\"name\":\"Leonor Ruiz - Las Cr\u00edticas\",\"isPartOf\":{\"@id\":\"https:\/\/lascriticas.com\/#website\"},\"primaryImageOfPage\":{\"@id\":\"https:\/\/lascriticas.com\/index.php\/lascriticas\/leonor-ruiz\/#primaryimage\"},\"image\":{\"@id\":\"https:\/\/lascriticas.com\/index.php\/lascriticas\/leonor-ruiz\/#primaryimage\"},\"thumbnailUrl\":\"https:\/\/lascriticas.com\/wp-content\/uploads\/2021\/01\/Leonor-Ruiz.jpeg\",\"datePublished\":\"2016-10-23T14:21:24+00:00\",\"dateModified\":\"2021-01-19T19:17:42+00:00\",\"description\":\"Nacida en Espa\u00f1a, graduada en sociolog\u00eda y especializada en demograf\u00eda y estudios de g\u00e9nero. Cr\u00edtica literaria para diversos medios.\",\"breadcrumb\":{\"@id\":\"https:\/\/lascriticas.com\/index.php\/lascriticas\/leonor-ruiz\/#breadcrumb\"},\"inLanguage\":\"es\",\"potentialAction\":[{\"@type\":\"ReadAction\",\"target\":[\"https:\/\/lascriticas.com\/index.php\/lascriticas\/leonor-ruiz\/\"]}]},{\"@type\":\"ImageObject\",\"inLanguage\":\"es\",\"@id\":\"https:\/\/lascriticas.com\/index.php\/lascriticas\/leonor-ruiz\/#primaryimage\",\"url\":\"https:\/\/lascriticas.com\/wp-content\/uploads\/2021\/01\/Leonor-Ruiz.jpeg\",\"contentUrl\":\"https:\/\/lascriticas.com\/wp-content\/uploads\/2021\/01\/Leonor-Ruiz.jpeg\",\"width\":1080,\"height\":530,\"caption\":\"Leonor Ruiz\"},{\"@type\":\"BreadcrumbList\",\"@id\":\"https:\/\/lascriticas.com\/index.php\/lascriticas\/leonor-ruiz\/#breadcrumb\",\"itemListElement\":[{\"@type\":\"ListItem\",\"position\":1,\"name\":\"Inicio\",\"item\":\"https:\/\/lascriticas.com\/\"},{\"@type\":\"ListItem\",\"position\":2,\"name\":\"Las Cr\u00edticas\",\"item\":\"https:\/\/lascriticas.com\/index.php\/lascriticas\/\"},{\"@type\":\"ListItem\",\"position\":3,\"name\":\"Leonor Ruiz\"}]},{\"@type\":\"WebSite\",\"@id\":\"https:\/\/lascriticas.com\/#website\",\"url\":\"https:\/\/lascriticas.com\/\",\"name\":\"Las Cr\u00edticas\",\"description\":\"Cr\u00edtica literaria hecha por mujeres\",\"publisher\":{\"@id\":\"https:\/\/lascriticas.com\/#organization\"},\"potentialAction\":[{\"@type\":\"SearchAction\",\"target\":{\"@type\":\"EntryPoint\",\"urlTemplate\":\"https:\/\/lascriticas.com\/?s={search_term_string}\"},\"query-input\":{\"@type\":\"PropertyValueSpecification\",\"valueRequired\":true,\"valueName\":\"search_term_string\"}}],\"inLanguage\":\"es\"},{\"@type\":\"Organization\",\"@id\":\"https:\/\/lascriticas.com\/#organization\",\"name\":\"Las Cr\u00edticas\",\"url\":\"https:\/\/lascriticas.com\/\",\"logo\":{\"@type\":\"ImageObject\",\"inLanguage\":\"es\",\"@id\":\"https:\/\/lascriticas.com\/#\/schema\/logo\/image\/\",\"url\":\"https:\/\/lascriticas.com\/wp-content\/uploads\/2016\/09\/Las-Cr\u00edticas.png\",\"contentUrl\":\"https:\/\/lascriticas.com\/wp-content\/uploads\/2016\/09\/Las-Cr\u00edticas.png\",\"width\":372,\"height\":201,\"caption\":\"Las Cr\u00edticas\"},\"image\":{\"@id\":\"https:\/\/lascriticas.com\/#\/schema\/logo\/image\/\"},\"sameAs\":[\"https:\/\/www.facebook.com\/lascriticas\/\",\"https:\/\/x.com\/LasCriticas_com\",\"https:\/\/www.instagram.com\/lascriticas_com\/\",\"https:\/\/www.youtube.com\/channel\/UCd7r-H6EJA4sSXGLX33_iHQ\"]}]}<\/script>\n<!-- \/ Yoast SEO plugin. -->","yoast_head_json":{"title":"Leonor Ruiz - Las Cr\u00edticas","description":"Nacida en Espa\u00f1a, graduada en sociolog\u00eda y especializada en demograf\u00eda y estudios de g\u00e9nero. Cr\u00edtica literaria para diversos medios.","robots":{"index":"index","follow":"follow","max-snippet":"max-snippet:-1","max-image-preview":"max-image-preview:large","max-video-preview":"max-video-preview:-1"},"canonical":"https:\/\/lascriticas.com\/index.php\/lascriticas\/leonor-ruiz\/","og_locale":"es_ES","og_type":"article","og_title":"Leonor Ruiz - Las Cr\u00edticas","og_description":"Nacida en Espa\u00f1a, graduada en sociolog\u00eda y especializada en demograf\u00eda y estudios de g\u00e9nero. Cr\u00edtica literaria para diversos medios.","og_url":"https:\/\/lascriticas.com\/index.php\/lascriticas\/leonor-ruiz\/","og_site_name":"Las Cr\u00edticas","article_publisher":"https:\/\/www.facebook.com\/lascriticas\/","article_modified_time":"2021-01-19T19:17:42+00:00","og_image":[{"width":1080,"height":530,"url":"https:\/\/lascriticas.com\/wp-content\/uploads\/2021\/01\/Leonor-Ruiz.jpeg","type":"image\/jpeg"}],"twitter_card":"summary_large_image","twitter_site":"@LasCriticas_com","twitter_misc":{"Tiempo de lectura":"1 minuto"},"schema":{"@context":"https:\/\/schema.org","@graph":[{"@type":"WebPage","@id":"https:\/\/lascriticas.com\/index.php\/lascriticas\/leonor-ruiz\/","url":"https:\/\/lascriticas.com\/index.php\/lascriticas\/leonor-ruiz\/","name":"Leonor Ruiz - Las Cr\u00edticas","isPartOf":{"@id":"https:\/\/lascriticas.com\/#website"},"primaryImageOfPage":{"@id":"https:\/\/lascriticas.com\/index.php\/lascriticas\/leonor-ruiz\/#primaryimage"},"image":{"@id":"https:\/\/lascriticas.com\/index.php\/lascriticas\/leonor-ruiz\/#primaryimage"},"thumbnailUrl":"https:\/\/lascriticas.com\/wp-content\/uploads\/2021\/01\/Leonor-Ruiz.jpeg","datePublished":"2016-10-23T14:21:24+00:00","dateModified":"2021-01-19T19:17:42+00:00","description":"Nacida en Espa\u00f1a, graduada en sociolog\u00eda y especializada en demograf\u00eda y estudios de g\u00e9nero. Cr\u00edtica literaria para diversos medios.","breadcrumb":{"@id":"https:\/\/lascriticas.com\/index.php\/lascriticas\/leonor-ruiz\/#breadcrumb"},"inLanguage":"es","potentialAction":[{"@type":"ReadAction","target":["https:\/\/lascriticas.com\/index.php\/lascriticas\/leonor-ruiz\/"]}]},{"@type":"ImageObject","inLanguage":"es","@id":"https:\/\/lascriticas.com\/index.php\/lascriticas\/leonor-ruiz\/#primaryimage","url":"https:\/\/lascriticas.com\/wp-content\/uploads\/2021\/01\/Leonor-Ruiz.jpeg","contentUrl":"https:\/\/lascriticas.com\/wp-content\/uploads\/2021\/01\/Leonor-Ruiz.jpeg","width":1080,"height":530,"caption":"Leonor Ruiz"},{"@type":"BreadcrumbList","@id":"https:\/\/lascriticas.com\/index.php\/lascriticas\/leonor-ruiz\/#breadcrumb","itemListElement":[{"@type":"ListItem","position":1,"name":"Inicio","item":"https:\/\/lascriticas.com\/"},{"@type":"ListItem","position":2,"name":"Las Cr\u00edticas","item":"https:\/\/lascriticas.com\/index.php\/lascriticas\/"},{"@type":"ListItem","position":3,"name":"Leonor Ruiz"}]},{"@type":"WebSite","@id":"https:\/\/lascriticas.com\/#website","url":"https:\/\/lascriticas.com\/","name":"Las Cr\u00edticas","description":"Cr\u00edtica literaria hecha por mujeres","publisher":{"@id":"https:\/\/lascriticas.com\/#organization"},"potentialAction":[{"@type":"SearchAction","target":{"@type":"EntryPoint","urlTemplate":"https:\/\/lascriticas.com\/?s={search_term_string}"},"query-input":{"@type":"PropertyValueSpecification","valueRequired":true,"valueName":"search_term_string"}}],"inLanguage":"es"},{"@type":"Organization","@id":"https:\/\/lascriticas.com\/#organization","name":"Las Cr\u00edticas","url":"https:\/\/lascriticas.com\/","logo":{"@type":"ImageObject","inLanguage":"es","@id":"https:\/\/lascriticas.com\/#\/schema\/logo\/image\/","url":"https:\/\/lascriticas.com\/wp-content\/uploads\/2016\/09\/Las-Cr\u00edticas.png","contentUrl":"https:\/\/lascriticas.com\/wp-content\/uploads\/2016\/09\/Las-Cr\u00edticas.png","width":372,"height":201,"caption":"Las Cr\u00edticas"},"image":{"@id":"https:\/\/lascriticas.com\/#\/schema\/logo\/image\/"},"sameAs":["https:\/\/www.facebook.com\/lascriticas\/","https:\/\/x.com\/LasCriticas_com","https:\/\/www.instagram.com\/lascriticas_com\/","https:\/\/www.youtube.com\/channel\/UCd7r-H6EJA4sSXGLX33_iHQ"]}]}},"_links":{"self":[{"href":"https:\/\/lascriticas.com\/index.php\/wp-json\/wp\/v2\/pages\/564"}],"collection":[{"href":"https:\/\/lascriticas.com\/index.php\/wp-json\/wp\/v2\/pages"}],"about":[{"href":"https:\/\/lascriticas.com\/index.php\/wp-json\/wp\/v2\/types\/page"}],"author":[{"embeddable":true,"href":"https:\/\/lascriticas.com\/index.php\/wp-json\/wp\/v2\/users\/1"}],"replies":[{"embeddable":true,"href":"https:\/\/lascriticas.com\/index.php\/wp-json\/wp\/v2\/comments?post=564"}],"version-history":[{"count":14,"href":"https:\/\/lascriticas.com\/index.php\/wp-json\/wp\/v2\/pages\/564\/revisions"}],"predecessor-version":[{"id":3796,"href":"https:\/\/lascriticas.com\/index.php\/wp-json\/wp\/v2\/pages\/564\/revisions\/3796"}],"up":[{"embeddable":true,"href":"https:\/\/lascriticas.com\/index.php\/wp-json\/wp\/v2\/pages\/68"}],"wp:featuredmedia":[{"embeddable":true,"href":"https:\/\/lascriticas.com\/index.php\/wp-json\/wp\/v2\/media\/3793"}],"wp:attachment":[{"href":"https:\/\/lascriticas.com\/index.php\/wp-json\/wp\/v2\/media?parent=564"}],"curies":[{"name":"wp","href":"https:\/\/api.w.org\/{rel}","templated":true}]}}