{"id":5503,"date":"2023-08-02T06:37:44","date_gmt":"2023-08-02T04:37:44","guid":{"rendered":"https:\/\/lascriticas.com\/?page_id=5503"},"modified":"2023-08-02T06:55:45","modified_gmt":"2023-08-02T04:55:45","slug":"rosa-berbel","status":"publish","type":"page","link":"https:\/\/lascriticas.com\/index.php\/lascriticas\/rosa-berbel\/","title":{"rendered":"Rosa Berbel"},"content":{"rendered":"<p style=\"text-align: justify;\"><span style=\"font-size: 16px;\"><b>Rosa Berbel<\/b> (Sevilla,<span class=\"Apple-converted-space\">\u00a0 <\/span>Espa\u00f1a, 1997) es graduada en Literaturas Comparadas por la Universidad de Granada, instituci\u00f3n en la que actualmente trabaja en una tesis sobre ecopoes\u00eda. Ha publicado <i>Los planetas fantasma <\/i>(2022) en la editorial Tusquets. Su primer libro,\u00a0<i>Las ni\u00f1as siempre dicen la verdad<\/i>\u00a0(Hiperi\u00f3n, 2018), fue galardonado con el XXI Premio de Poes\u00eda Joven Antonio Carvajal y fue posteriormente merecedor del Premio Andaluc\u00eda de la Cr\u00edtica a la mejor \u00d3pera Prima y del premio Ojo Cr\u00edtico de Poes\u00eda 2019 de RNE.<\/span><\/p>\n<p><a href=\"https:\/\/lascriticas.com\/index.php\/author\/rosa-berbel\/\"><span style=\"font-size: 16px;\"><strong>Sus cr\u00edticas<\/strong><\/span><\/a><\/p>\n","protected":false},"excerpt":{"rendered":"<p>Rosa Berbel (Sevilla,\u00a0 Espa\u00f1a, 1997) es graduada en Literaturas Comparadas por la Universidad de Granada, instituci\u00f3n en la que actualmente trabaja en una tesis sobre ecopoes\u00eda. Ha publicado Los planetas fantasma (2022) en la editorial Tusquets. Su primer libro,\u00a0Las ni\u00f1as siempre dicen la verdad\u00a0(Hiperi\u00f3n, 2018), fue galardonado con el XXI Premio de Poes\u00eda Joven Antonio&#8230;<\/p>\n","protected":false},"author":1,"featured_media":5505,"parent":68,"menu_order":0,"comment_status":"closed","ping_status":"closed","template":"","meta":{"footnotes":""},"yoast_head":"<!-- This site is optimized with the Yoast SEO plugin v23.5 - https:\/\/yoast.com\/wordpress\/plugins\/seo\/ -->\n<title>Rosa Berbel - Las Cr\u00edticas<\/title>\n<meta name=\"description\" content=\"Rosa Berbel (Sevilla,\u00a0 Espa\u00f1a, 1997) es graduada en Literaturas Comparadas por la Universidad de Granada, instituci\u00f3n en la que actualmente trabaja en una\" \/>\n<meta name=\"robots\" content=\"index, follow, max-snippet:-1, max-image-preview:large, max-video-preview:-1\" \/>\n<link rel=\"canonical\" href=\"https:\/\/lascriticas.com\/index.php\/lascriticas\/rosa-berbel\/\" \/>\n<meta property=\"og:locale\" content=\"es_ES\" \/>\n<meta property=\"og:type\" content=\"article\" \/>\n<meta property=\"og:title\" content=\"Rosa Berbel - Las Cr\u00edticas\" \/>\n<meta property=\"og:description\" content=\"Rosa Berbel (Sevilla,\u00a0 Espa\u00f1a, 1997) es graduada en Literaturas Comparadas por la Universidad de Granada, instituci\u00f3n en la que actualmente trabaja en una\" \/>\n<meta property=\"og:url\" content=\"https:\/\/lascriticas.com\/index.php\/lascriticas\/rosa-berbel\/\" \/>\n<meta property=\"og:site_name\" content=\"Las Cr\u00edticas\" \/>\n<meta property=\"article:publisher\" content=\"https:\/\/www.facebook.com\/lascriticas\/\" \/>\n<meta property=\"article:modified_time\" content=\"2023-08-02T04:55:45+00:00\" \/>\n<meta property=\"og:image\" content=\"https:\/\/lascriticas.com\/wp-content\/uploads\/2023\/08\/Rosa-Berbel.jpg\" \/>\n\t<meta property=\"og:image:width\" content=\"1440\" \/>\n\t<meta property=\"og:image:height\" content=\"707\" \/>\n\t<meta property=\"og:image:type\" content=\"image\/jpeg\" \/>\n<meta name=\"twitter:card\" content=\"summary_large_image\" \/>\n<meta name=\"twitter:site\" content=\"@LasCriticas_com\" \/>\n<meta name=\"twitter:label1\" content=\"Tiempo de lectura\" \/>\n\t<meta name=\"twitter:data1\" content=\"1 minuto\" \/>\n<script type=\"application\/ld+json\" class=\"yoast-schema-graph\">{\"@context\":\"https:\/\/schema.org\",\"@graph\":[{\"@type\":\"WebPage\",\"@id\":\"https:\/\/lascriticas.com\/index.php\/lascriticas\/rosa-berbel\/\",\"url\":\"https:\/\/lascriticas.com\/index.php\/lascriticas\/rosa-berbel\/\",\"name\":\"Rosa Berbel - Las Cr\u00edticas\",\"isPartOf\":{\"@id\":\"https:\/\/lascriticas.com\/#website\"},\"primaryImageOfPage\":{\"@id\":\"https:\/\/lascriticas.com\/index.php\/lascriticas\/rosa-berbel\/#primaryimage\"},\"image\":{\"@id\":\"https:\/\/lascriticas.com\/index.php\/lascriticas\/rosa-berbel\/#primaryimage\"},\"thumbnailUrl\":\"https:\/\/lascriticas.com\/wp-content\/uploads\/2023\/08\/Rosa-Berbel.jpg\",\"datePublished\":\"2023-08-02T04:37:44+00:00\",\"dateModified\":\"2023-08-02T04:55:45+00:00\",\"description\":\"Rosa Berbel (Sevilla,\u00a0 Espa\u00f1a, 1997) es graduada en Literaturas Comparadas por la Universidad de Granada, instituci\u00f3n en la que actualmente trabaja en una\",\"breadcrumb\":{\"@id\":\"https:\/\/lascriticas.com\/index.php\/lascriticas\/rosa-berbel\/#breadcrumb\"},\"inLanguage\":\"es\",\"potentialAction\":[{\"@type\":\"ReadAction\",\"target\":[\"https:\/\/lascriticas.com\/index.php\/lascriticas\/rosa-berbel\/\"]}]},{\"@type\":\"ImageObject\",\"inLanguage\":\"es\",\"@id\":\"https:\/\/lascriticas.com\/index.php\/lascriticas\/rosa-berbel\/#primaryimage\",\"url\":\"https:\/\/lascriticas.com\/wp-content\/uploads\/2023\/08\/Rosa-Berbel.jpg\",\"contentUrl\":\"https:\/\/lascriticas.com\/wp-content\/uploads\/2023\/08\/Rosa-Berbel.jpg\",\"width\":1440,\"height\":707},{\"@type\":\"BreadcrumbList\",\"@id\":\"https:\/\/lascriticas.com\/index.php\/lascriticas\/rosa-berbel\/#breadcrumb\",\"itemListElement\":[{\"@type\":\"ListItem\",\"position\":1,\"name\":\"Inicio\",\"item\":\"https:\/\/lascriticas.com\/\"},{\"@type\":\"ListItem\",\"position\":2,\"name\":\"Las Cr\u00edticas\",\"item\":\"https:\/\/lascriticas.com\/index.php\/lascriticas\/\"},{\"@type\":\"ListItem\",\"position\":3,\"name\":\"Rosa Berbel\"}]},{\"@type\":\"WebSite\",\"@id\":\"https:\/\/lascriticas.com\/#website\",\"url\":\"https:\/\/lascriticas.com\/\",\"name\":\"Las Cr\u00edticas\",\"description\":\"Cr\u00edtica literaria hecha por mujeres\",\"publisher\":{\"@id\":\"https:\/\/lascriticas.com\/#organization\"},\"potentialAction\":[{\"@type\":\"SearchAction\",\"target\":{\"@type\":\"EntryPoint\",\"urlTemplate\":\"https:\/\/lascriticas.com\/?s={search_term_string}\"},\"query-input\":{\"@type\":\"PropertyValueSpecification\",\"valueRequired\":true,\"valueName\":\"search_term_string\"}}],\"inLanguage\":\"es\"},{\"@type\":\"Organization\",\"@id\":\"https:\/\/lascriticas.com\/#organization\",\"name\":\"Las Cr\u00edticas\",\"url\":\"https:\/\/lascriticas.com\/\",\"logo\":{\"@type\":\"ImageObject\",\"inLanguage\":\"es\",\"@id\":\"https:\/\/lascriticas.com\/#\/schema\/logo\/image\/\",\"url\":\"https:\/\/lascriticas.com\/wp-content\/uploads\/2016\/09\/Las-Cr\u00edticas.png\",\"contentUrl\":\"https:\/\/lascriticas.com\/wp-content\/uploads\/2016\/09\/Las-Cr\u00edticas.png\",\"width\":372,\"height\":201,\"caption\":\"Las Cr\u00edticas\"},\"image\":{\"@id\":\"https:\/\/lascriticas.com\/#\/schema\/logo\/image\/\"},\"sameAs\":[\"https:\/\/www.facebook.com\/lascriticas\/\",\"https:\/\/x.com\/LasCriticas_com\",\"https:\/\/www.instagram.com\/lascriticas_com\/\",\"https:\/\/www.youtube.com\/channel\/UCd7r-H6EJA4sSXGLX33_iHQ\"]}]}<\/script>\n<!-- \/ Yoast SEO plugin. -->","yoast_head_json":{"title":"Rosa Berbel - Las Cr\u00edticas","description":"Rosa Berbel (Sevilla,\u00a0 Espa\u00f1a, 1997) es graduada en Literaturas Comparadas por la Universidad de Granada, instituci\u00f3n en la que actualmente trabaja en una","robots":{"index":"index","follow":"follow","max-snippet":"max-snippet:-1","max-image-preview":"max-image-preview:large","max-video-preview":"max-video-preview:-1"},"canonical":"https:\/\/lascriticas.com\/index.php\/lascriticas\/rosa-berbel\/","og_locale":"es_ES","og_type":"article","og_title":"Rosa Berbel - Las Cr\u00edticas","og_description":"Rosa Berbel (Sevilla,\u00a0 Espa\u00f1a, 1997) es graduada en Literaturas Comparadas por la Universidad de Granada, instituci\u00f3n en la que actualmente trabaja en una","og_url":"https:\/\/lascriticas.com\/index.php\/lascriticas\/rosa-berbel\/","og_site_name":"Las Cr\u00edticas","article_publisher":"https:\/\/www.facebook.com\/lascriticas\/","article_modified_time":"2023-08-02T04:55:45+00:00","og_image":[{"width":1440,"height":707,"url":"https:\/\/lascriticas.com\/wp-content\/uploads\/2023\/08\/Rosa-Berbel.jpg","type":"image\/jpeg"}],"twitter_card":"summary_large_image","twitter_site":"@LasCriticas_com","twitter_misc":{"Tiempo de lectura":"1 minuto"},"schema":{"@context":"https:\/\/schema.org","@graph":[{"@type":"WebPage","@id":"https:\/\/lascriticas.com\/index.php\/lascriticas\/rosa-berbel\/","url":"https:\/\/lascriticas.com\/index.php\/lascriticas\/rosa-berbel\/","name":"Rosa Berbel - Las Cr\u00edticas","isPartOf":{"@id":"https:\/\/lascriticas.com\/#website"},"primaryImageOfPage":{"@id":"https:\/\/lascriticas.com\/index.php\/lascriticas\/rosa-berbel\/#primaryimage"},"image":{"@id":"https:\/\/lascriticas.com\/index.php\/lascriticas\/rosa-berbel\/#primaryimage"},"thumbnailUrl":"https:\/\/lascriticas.com\/wp-content\/uploads\/2023\/08\/Rosa-Berbel.jpg","datePublished":"2023-08-02T04:37:44+00:00","dateModified":"2023-08-02T04:55:45+00:00","description":"Rosa Berbel (Sevilla,\u00a0 Espa\u00f1a, 1997) es graduada en Literaturas Comparadas por la Universidad de Granada, instituci\u00f3n en la que actualmente trabaja en una","breadcrumb":{"@id":"https:\/\/lascriticas.com\/index.php\/lascriticas\/rosa-berbel\/#breadcrumb"},"inLanguage":"es","potentialAction":[{"@type":"ReadAction","target":["https:\/\/lascriticas.com\/index.php\/lascriticas\/rosa-berbel\/"]}]},{"@type":"ImageObject","inLanguage":"es","@id":"https:\/\/lascriticas.com\/index.php\/lascriticas\/rosa-berbel\/#primaryimage","url":"https:\/\/lascriticas.com\/wp-content\/uploads\/2023\/08\/Rosa-Berbel.jpg","contentUrl":"https:\/\/lascriticas.com\/wp-content\/uploads\/2023\/08\/Rosa-Berbel.jpg","width":1440,"height":707},{"@type":"BreadcrumbList","@id":"https:\/\/lascriticas.com\/index.php\/lascriticas\/rosa-berbel\/#breadcrumb","itemListElement":[{"@type":"ListItem","position":1,"name":"Inicio","item":"https:\/\/lascriticas.com\/"},{"@type":"ListItem","position":2,"name":"Las Cr\u00edticas","item":"https:\/\/lascriticas.com\/index.php\/lascriticas\/"},{"@type":"ListItem","position":3,"name":"Rosa Berbel"}]},{"@type":"WebSite","@id":"https:\/\/lascriticas.com\/#website","url":"https:\/\/lascriticas.com\/","name":"Las Cr\u00edticas","description":"Cr\u00edtica literaria hecha por mujeres","publisher":{"@id":"https:\/\/lascriticas.com\/#organization"},"potentialAction":[{"@type":"SearchAction","target":{"@type":"EntryPoint","urlTemplate":"https:\/\/lascriticas.com\/?s={search_term_string}"},"query-input":{"@type":"PropertyValueSpecification","valueRequired":true,"valueName":"search_term_string"}}],"inLanguage":"es"},{"@type":"Organization","@id":"https:\/\/lascriticas.com\/#organization","name":"Las Cr\u00edticas","url":"https:\/\/lascriticas.com\/","logo":{"@type":"ImageObject","inLanguage":"es","@id":"https:\/\/lascriticas.com\/#\/schema\/logo\/image\/","url":"https:\/\/lascriticas.com\/wp-content\/uploads\/2016\/09\/Las-Cr\u00edticas.png","contentUrl":"https:\/\/lascriticas.com\/wp-content\/uploads\/2016\/09\/Las-Cr\u00edticas.png","width":372,"height":201,"caption":"Las Cr\u00edticas"},"image":{"@id":"https:\/\/lascriticas.com\/#\/schema\/logo\/image\/"},"sameAs":["https:\/\/www.facebook.com\/lascriticas\/","https:\/\/x.com\/LasCriticas_com","https:\/\/www.instagram.com\/lascriticas_com\/","https:\/\/www.youtube.com\/channel\/UCd7r-H6EJA4sSXGLX33_iHQ"]}]}},"_links":{"self":[{"href":"https:\/\/lascriticas.com\/index.php\/wp-json\/wp\/v2\/pages\/5503"}],"collection":[{"href":"https:\/\/lascriticas.com\/index.php\/wp-json\/wp\/v2\/pages"}],"about":[{"href":"https:\/\/lascriticas.com\/index.php\/wp-json\/wp\/v2\/types\/page"}],"author":[{"embeddable":true,"href":"https:\/\/lascriticas.com\/index.php\/wp-json\/wp\/v2\/users\/1"}],"replies":[{"embeddable":true,"href":"https:\/\/lascriticas.com\/index.php\/wp-json\/wp\/v2\/comments?post=5503"}],"version-history":[{"count":2,"href":"https:\/\/lascriticas.com\/index.php\/wp-json\/wp\/v2\/pages\/5503\/revisions"}],"predecessor-version":[{"id":5514,"href":"https:\/\/lascriticas.com\/index.php\/wp-json\/wp\/v2\/pages\/5503\/revisions\/5514"}],"up":[{"embeddable":true,"href":"https:\/\/lascriticas.com\/index.php\/wp-json\/wp\/v2\/pages\/68"}],"wp:featuredmedia":[{"embeddable":true,"href":"https:\/\/lascriticas.com\/index.php\/wp-json\/wp\/v2\/media\/5505"}],"wp:attachment":[{"href":"https:\/\/lascriticas.com\/index.php\/wp-json\/wp\/v2\/media?parent=5503"}],"curies":[{"name":"wp","href":"https:\/\/api.w.org\/{rel}","templated":true}]}}