{"id":5218,"date":"2022-10-29T16:46:30","date_gmt":"2022-10-29T14:46:30","guid":{"rendered":"https:\/\/lascriticas.com\/?page_id=5218"},"modified":"2022-10-30T00:51:00","modified_gmt":"2022-10-29T22:51:00","slug":"yolanda-westphalen","status":"publish","type":"page","link":"https:\/\/lascriticas.com\/index.php\/lascriticas\/yolanda-westphalen\/","title":{"rendered":"Yolanda Westphalen"},"content":{"rendered":"<p style=\"text-align: justify;\"><span style=\"font-size: 16px;\"><strong>Yolanda Westphalen<\/strong> es una reconocida cr\u00edtica literaria y acad\u00e9mica de la UNMSM. Es doctora en Estudios Iberoamericanos en la Universidad de Toulouse II \u2013 Jean Jaur\u00e9s, en Francia. Ha publicaciones entre otros\u00a0<em>C\u00e9sar Moro, la po\u00e9tica del ritual y la escritura m\u00edtica de la modernidad<\/em> (2001), <em>C\u00e9sar Moro y el surrealismo latinoamericano<\/em> (2005),<em>Apuntes en voz alta<\/em> (2014), y <em>El fetiche de la carta y los pol\u00e9micos tiempos modernos<\/em>(2021). Es colaboradora de numerosas revistas especializadas y ha merecido la distinci\u00f3n de \u201cPersonalidad Meritoria de la Cultura\u201d otorgada por el Ministerio de Cultura del Per\u00fa por su trayectoria intelectual y su aporte creativo a la naci\u00f3n.<\/span><\/p>\n<p><a href=\"https:\/\/lascriticas.com\/index.php\/author\/yolanda-westphalen\/\"><strong><span style=\"font-size: 16px;\">Sus cr\u00edticas<\/span><\/strong><\/a><\/p>\n","protected":false},"excerpt":{"rendered":"<p>Yolanda Westphalen es una reconocida cr\u00edtica literaria y acad\u00e9mica de la UNMSM. Es doctora en Estudios Iberoamericanos en la Universidad de Toulouse II \u2013 Jean Jaur\u00e9s, en Francia. Ha publicaciones entre otros\u00a0C\u00e9sar Moro, la po\u00e9tica del ritual y la escritura m\u00edtica de la modernidad (2001), C\u00e9sar Moro y el surrealismo latinoamericano (2005),Apuntes en voz alta&#8230;<\/p>\n","protected":false},"author":1,"featured_media":5246,"parent":68,"menu_order":0,"comment_status":"closed","ping_status":"closed","template":"","meta":{"footnotes":""},"yoast_head":"<!-- This site is optimized with the Yoast SEO plugin v23.5 - https:\/\/yoast.com\/wordpress\/plugins\/seo\/ -->\n<title>Yolanda Westphalen - Las Cr\u00edticas<\/title>\n<meta name=\"description\" content=\"Reconocida cr\u00edtica literaria y acad\u00e9mica peruana, doctora en literatura, es colaboradora de numerosas revistas especializadas.\" \/>\n<meta name=\"robots\" content=\"index, follow, max-snippet:-1, max-image-preview:large, max-video-preview:-1\" \/>\n<link rel=\"canonical\" href=\"https:\/\/lascriticas.com\/index.php\/lascriticas\/yolanda-westphalen\/\" \/>\n<meta property=\"og:locale\" content=\"es_ES\" \/>\n<meta property=\"og:type\" content=\"article\" \/>\n<meta property=\"og:title\" content=\"Yolanda Westphalen - Las Cr\u00edticas\" \/>\n<meta property=\"og:description\" content=\"Reconocida cr\u00edtica literaria y acad\u00e9mica peruana, doctora en literatura, es colaboradora de numerosas revistas especializadas.\" \/>\n<meta property=\"og:url\" content=\"https:\/\/lascriticas.com\/index.php\/lascriticas\/yolanda-westphalen\/\" \/>\n<meta property=\"og:site_name\" content=\"Las Cr\u00edticas\" \/>\n<meta property=\"article:publisher\" content=\"https:\/\/www.facebook.com\/lascriticas\/\" \/>\n<meta property=\"article:modified_time\" content=\"2022-10-29T22:51:00+00:00\" \/>\n<meta property=\"og:image\" content=\"https:\/\/lascriticas.com\/wp-content\/uploads\/2021\/01\/Yolanda-Westphalen.jpeg\" \/>\n\t<meta property=\"og:image:width\" content=\"692\" \/>\n\t<meta property=\"og:image:height\" content=\"768\" \/>\n\t<meta property=\"og:image:type\" content=\"image\/jpeg\" \/>\n<meta name=\"twitter:card\" content=\"summary_large_image\" \/>\n<meta name=\"twitter:site\" content=\"@LasCriticas_com\" \/>\n<meta name=\"twitter:label1\" content=\"Tiempo de lectura\" \/>\n\t<meta name=\"twitter:data1\" content=\"1 minuto\" \/>\n<script type=\"application\/ld+json\" class=\"yoast-schema-graph\">{\"@context\":\"https:\/\/schema.org\",\"@graph\":[{\"@type\":\"WebPage\",\"@id\":\"https:\/\/lascriticas.com\/index.php\/lascriticas\/yolanda-westphalen\/\",\"url\":\"https:\/\/lascriticas.com\/index.php\/lascriticas\/yolanda-westphalen\/\",\"name\":\"Yolanda Westphalen - Las Cr\u00edticas\",\"isPartOf\":{\"@id\":\"https:\/\/lascriticas.com\/#website\"},\"primaryImageOfPage\":{\"@id\":\"https:\/\/lascriticas.com\/index.php\/lascriticas\/yolanda-westphalen\/#primaryimage\"},\"image\":{\"@id\":\"https:\/\/lascriticas.com\/index.php\/lascriticas\/yolanda-westphalen\/#primaryimage\"},\"thumbnailUrl\":\"https:\/\/lascriticas.com\/wp-content\/uploads\/2021\/01\/Yolanda-Westphalen.jpeg\",\"datePublished\":\"2022-10-29T14:46:30+00:00\",\"dateModified\":\"2022-10-29T22:51:00+00:00\",\"description\":\"Reconocida cr\u00edtica literaria y acad\u00e9mica peruana, doctora en literatura, es colaboradora de numerosas revistas especializadas.\",\"breadcrumb\":{\"@id\":\"https:\/\/lascriticas.com\/index.php\/lascriticas\/yolanda-westphalen\/#breadcrumb\"},\"inLanguage\":\"es\",\"potentialAction\":[{\"@type\":\"ReadAction\",\"target\":[\"https:\/\/lascriticas.com\/index.php\/lascriticas\/yolanda-westphalen\/\"]}]},{\"@type\":\"ImageObject\",\"inLanguage\":\"es\",\"@id\":\"https:\/\/lascriticas.com\/index.php\/lascriticas\/yolanda-westphalen\/#primaryimage\",\"url\":\"https:\/\/lascriticas.com\/wp-content\/uploads\/2021\/01\/Yolanda-Westphalen.jpeg\",\"contentUrl\":\"https:\/\/lascriticas.com\/wp-content\/uploads\/2021\/01\/Yolanda-Westphalen.jpeg\",\"width\":692,\"height\":768},{\"@type\":\"BreadcrumbList\",\"@id\":\"https:\/\/lascriticas.com\/index.php\/lascriticas\/yolanda-westphalen\/#breadcrumb\",\"itemListElement\":[{\"@type\":\"ListItem\",\"position\":1,\"name\":\"Inicio\",\"item\":\"https:\/\/lascriticas.com\/\"},{\"@type\":\"ListItem\",\"position\":2,\"name\":\"Las Cr\u00edticas\",\"item\":\"https:\/\/lascriticas.com\/index.php\/lascriticas\/\"},{\"@type\":\"ListItem\",\"position\":3,\"name\":\"Yolanda Westphalen\"}]},{\"@type\":\"WebSite\",\"@id\":\"https:\/\/lascriticas.com\/#website\",\"url\":\"https:\/\/lascriticas.com\/\",\"name\":\"Las Cr\u00edticas\",\"description\":\"Cr\u00edtica literaria hecha por mujeres\",\"publisher\":{\"@id\":\"https:\/\/lascriticas.com\/#organization\"},\"potentialAction\":[{\"@type\":\"SearchAction\",\"target\":{\"@type\":\"EntryPoint\",\"urlTemplate\":\"https:\/\/lascriticas.com\/?s={search_term_string}\"},\"query-input\":{\"@type\":\"PropertyValueSpecification\",\"valueRequired\":true,\"valueName\":\"search_term_string\"}}],\"inLanguage\":\"es\"},{\"@type\":\"Organization\",\"@id\":\"https:\/\/lascriticas.com\/#organization\",\"name\":\"Las Cr\u00edticas\",\"url\":\"https:\/\/lascriticas.com\/\",\"logo\":{\"@type\":\"ImageObject\",\"inLanguage\":\"es\",\"@id\":\"https:\/\/lascriticas.com\/#\/schema\/logo\/image\/\",\"url\":\"https:\/\/lascriticas.com\/wp-content\/uploads\/2016\/09\/Las-Cr\u00edticas.png\",\"contentUrl\":\"https:\/\/lascriticas.com\/wp-content\/uploads\/2016\/09\/Las-Cr\u00edticas.png\",\"width\":372,\"height\":201,\"caption\":\"Las Cr\u00edticas\"},\"image\":{\"@id\":\"https:\/\/lascriticas.com\/#\/schema\/logo\/image\/\"},\"sameAs\":[\"https:\/\/www.facebook.com\/lascriticas\/\",\"https:\/\/x.com\/LasCriticas_com\",\"https:\/\/www.instagram.com\/lascriticas_com\/\",\"https:\/\/www.youtube.com\/channel\/UCd7r-H6EJA4sSXGLX33_iHQ\"]}]}<\/script>\n<!-- \/ Yoast SEO plugin. -->","yoast_head_json":{"title":"Yolanda Westphalen - Las Cr\u00edticas","description":"Reconocida cr\u00edtica literaria y acad\u00e9mica peruana, doctora en literatura, es colaboradora de numerosas revistas especializadas.","robots":{"index":"index","follow":"follow","max-snippet":"max-snippet:-1","max-image-preview":"max-image-preview:large","max-video-preview":"max-video-preview:-1"},"canonical":"https:\/\/lascriticas.com\/index.php\/lascriticas\/yolanda-westphalen\/","og_locale":"es_ES","og_type":"article","og_title":"Yolanda Westphalen - Las Cr\u00edticas","og_description":"Reconocida cr\u00edtica literaria y acad\u00e9mica peruana, doctora en literatura, es colaboradora de numerosas revistas especializadas.","og_url":"https:\/\/lascriticas.com\/index.php\/lascriticas\/yolanda-westphalen\/","og_site_name":"Las Cr\u00edticas","article_publisher":"https:\/\/www.facebook.com\/lascriticas\/","article_modified_time":"2022-10-29T22:51:00+00:00","og_image":[{"width":692,"height":768,"url":"https:\/\/lascriticas.com\/wp-content\/uploads\/2021\/01\/Yolanda-Westphalen.jpeg","type":"image\/jpeg"}],"twitter_card":"summary_large_image","twitter_site":"@LasCriticas_com","twitter_misc":{"Tiempo de lectura":"1 minuto"},"schema":{"@context":"https:\/\/schema.org","@graph":[{"@type":"WebPage","@id":"https:\/\/lascriticas.com\/index.php\/lascriticas\/yolanda-westphalen\/","url":"https:\/\/lascriticas.com\/index.php\/lascriticas\/yolanda-westphalen\/","name":"Yolanda Westphalen - Las Cr\u00edticas","isPartOf":{"@id":"https:\/\/lascriticas.com\/#website"},"primaryImageOfPage":{"@id":"https:\/\/lascriticas.com\/index.php\/lascriticas\/yolanda-westphalen\/#primaryimage"},"image":{"@id":"https:\/\/lascriticas.com\/index.php\/lascriticas\/yolanda-westphalen\/#primaryimage"},"thumbnailUrl":"https:\/\/lascriticas.com\/wp-content\/uploads\/2021\/01\/Yolanda-Westphalen.jpeg","datePublished":"2022-10-29T14:46:30+00:00","dateModified":"2022-10-29T22:51:00+00:00","description":"Reconocida cr\u00edtica literaria y acad\u00e9mica peruana, doctora en literatura, es colaboradora de numerosas revistas especializadas.","breadcrumb":{"@id":"https:\/\/lascriticas.com\/index.php\/lascriticas\/yolanda-westphalen\/#breadcrumb"},"inLanguage":"es","potentialAction":[{"@type":"ReadAction","target":["https:\/\/lascriticas.com\/index.php\/lascriticas\/yolanda-westphalen\/"]}]},{"@type":"ImageObject","inLanguage":"es","@id":"https:\/\/lascriticas.com\/index.php\/lascriticas\/yolanda-westphalen\/#primaryimage","url":"https:\/\/lascriticas.com\/wp-content\/uploads\/2021\/01\/Yolanda-Westphalen.jpeg","contentUrl":"https:\/\/lascriticas.com\/wp-content\/uploads\/2021\/01\/Yolanda-Westphalen.jpeg","width":692,"height":768},{"@type":"BreadcrumbList","@id":"https:\/\/lascriticas.com\/index.php\/lascriticas\/yolanda-westphalen\/#breadcrumb","itemListElement":[{"@type":"ListItem","position":1,"name":"Inicio","item":"https:\/\/lascriticas.com\/"},{"@type":"ListItem","position":2,"name":"Las Cr\u00edticas","item":"https:\/\/lascriticas.com\/index.php\/lascriticas\/"},{"@type":"ListItem","position":3,"name":"Yolanda Westphalen"}]},{"@type":"WebSite","@id":"https:\/\/lascriticas.com\/#website","url":"https:\/\/lascriticas.com\/","name":"Las Cr\u00edticas","description":"Cr\u00edtica literaria hecha por mujeres","publisher":{"@id":"https:\/\/lascriticas.com\/#organization"},"potentialAction":[{"@type":"SearchAction","target":{"@type":"EntryPoint","urlTemplate":"https:\/\/lascriticas.com\/?s={search_term_string}"},"query-input":{"@type":"PropertyValueSpecification","valueRequired":true,"valueName":"search_term_string"}}],"inLanguage":"es"},{"@type":"Organization","@id":"https:\/\/lascriticas.com\/#organization","name":"Las Cr\u00edticas","url":"https:\/\/lascriticas.com\/","logo":{"@type":"ImageObject","inLanguage":"es","@id":"https:\/\/lascriticas.com\/#\/schema\/logo\/image\/","url":"https:\/\/lascriticas.com\/wp-content\/uploads\/2016\/09\/Las-Cr\u00edticas.png","contentUrl":"https:\/\/lascriticas.com\/wp-content\/uploads\/2016\/09\/Las-Cr\u00edticas.png","width":372,"height":201,"caption":"Las Cr\u00edticas"},"image":{"@id":"https:\/\/lascriticas.com\/#\/schema\/logo\/image\/"},"sameAs":["https:\/\/www.facebook.com\/lascriticas\/","https:\/\/x.com\/LasCriticas_com","https:\/\/www.instagram.com\/lascriticas_com\/","https:\/\/www.youtube.com\/channel\/UCd7r-H6EJA4sSXGLX33_iHQ"]}]}},"_links":{"self":[{"href":"https:\/\/lascriticas.com\/index.php\/wp-json\/wp\/v2\/pages\/5218"}],"collection":[{"href":"https:\/\/lascriticas.com\/index.php\/wp-json\/wp\/v2\/pages"}],"about":[{"href":"https:\/\/lascriticas.com\/index.php\/wp-json\/wp\/v2\/types\/page"}],"author":[{"embeddable":true,"href":"https:\/\/lascriticas.com\/index.php\/wp-json\/wp\/v2\/users\/1"}],"replies":[{"embeddable":true,"href":"https:\/\/lascriticas.com\/index.php\/wp-json\/wp\/v2\/comments?post=5218"}],"version-history":[{"count":3,"href":"https:\/\/lascriticas.com\/index.php\/wp-json\/wp\/v2\/pages\/5218\/revisions"}],"predecessor-version":[{"id":5248,"href":"https:\/\/lascriticas.com\/index.php\/wp-json\/wp\/v2\/pages\/5218\/revisions\/5248"}],"up":[{"embeddable":true,"href":"https:\/\/lascriticas.com\/index.php\/wp-json\/wp\/v2\/pages\/68"}],"wp:featuredmedia":[{"embeddable":true,"href":"https:\/\/lascriticas.com\/index.php\/wp-json\/wp\/v2\/media\/5246"}],"wp:attachment":[{"href":"https:\/\/lascriticas.com\/index.php\/wp-json\/wp\/v2\/media?parent=5218"}],"curies":[{"name":"wp","href":"https:\/\/api.w.org\/{rel}","templated":true}]}}