{"id":4962,"date":"2022-06-16T09:07:41","date_gmt":"2022-06-16T07:07:41","guid":{"rendered":"https:\/\/lascriticas.com\/?page_id=4962"},"modified":"2022-06-25T15:57:01","modified_gmt":"2022-06-25T13:57:01","slug":"carmen-concha-nolte","status":"publish","type":"page","link":"https:\/\/lascriticas.com\/index.php\/lascriticas\/carmen-concha-nolte\/","title":{"rendered":"Carmen Concha-Nolte"},"content":{"rendered":"<p style=\"text-align: justify;\"><span style=\"font-size: 16px;\"><strong>Carmen Concha-Nolte<\/strong> (Piura, Per\u00fa) es escritora, ling\u00fcista y especialista en Literatura Peruana y Latinoamericana por la Universidad Nacional Mayor de San Marcos. Ha trabajado como correctora en el Congreso del Per\u00fa y otras instituciones. Restaura textos digl\u00f3sicos y ense\u00f1a espa\u00f1ol. Colabora en revistas con art\u00edculos de opini\u00f3n. Ha publicado relatos en\u00a0<b><i>Antolog\u00eda 2021<\/i><\/b><i> (<\/i>concurso Mujer T. Texas, 2021); <b><i>El verdadero nombre de las cosas<\/i><\/b> (alumnos E. de Escritores 2021-22. Madrid, 2022);\u00a0<b><i>Tigres para Juan<\/i><\/b> (homenaje a J. Epple. Brevilla. Chile, 2022). \u00a0Su producci\u00f3n comprende: microrrelato, poes\u00eda, an\u00e1lisis literarios, rese\u00f1as, art\u00edculos, perfiles. Vive en el estado de Washington hace 21 a\u00f1os.<\/span><\/p>\n<p><strong><a href=\"https:\/\/lascriticas.com\/index.php\/author\/carmen-concha-nolte\/\">Sus cr<span style=\"font-size: 16px;\">\u00ed<\/span>ticas<\/a><\/strong><\/p>\n","protected":false},"excerpt":{"rendered":"<p>Carmen Concha-Nolte (Piura, Per\u00fa) es escritora, ling\u00fcista y especialista en Literatura Peruana y Latinoamericana por la Universidad Nacional Mayor de San Marcos. Ha trabajado como correctora en el Congreso del Per\u00fa y otras instituciones. Restaura textos digl\u00f3sicos y ense\u00f1a espa\u00f1ol. Colabora en revistas con art\u00edculos de opini\u00f3n. Ha publicado relatos en\u00a0Antolog\u00eda 2021 (concurso Mujer T&#8230;.<\/p>\n","protected":false},"author":1,"featured_media":5035,"parent":68,"menu_order":0,"comment_status":"closed","ping_status":"closed","template":"","meta":{"footnotes":""},"yoast_head":"<!-- This site is optimized with the Yoast SEO plugin v23.5 - https:\/\/yoast.com\/wordpress\/plugins\/seo\/ -->\n<title>Carmen Concha-Nolte - Las Cr\u00edticas<\/title>\n<meta name=\"description\" content=\"Carmen Concha-Nolte (Piura, Per\u00fa) es escritora, ling\u00fcista y especialista en Literatura Peruana y Latinoamericana por la Universidad Nacional Mayor de San\" \/>\n<meta name=\"robots\" content=\"index, follow, max-snippet:-1, max-image-preview:large, max-video-preview:-1\" \/>\n<link rel=\"canonical\" href=\"https:\/\/lascriticas.com\/index.php\/lascriticas\/carmen-concha-nolte\/\" \/>\n<meta property=\"og:locale\" content=\"es_ES\" \/>\n<meta property=\"og:type\" content=\"article\" \/>\n<meta property=\"og:title\" content=\"Carmen Concha-Nolte - Las Cr\u00edticas\" \/>\n<meta property=\"og:description\" content=\"Carmen Concha-Nolte (Piura, Per\u00fa) es escritora, ling\u00fcista y especialista en Literatura Peruana y Latinoamericana por la Universidad Nacional Mayor de San\" \/>\n<meta property=\"og:url\" content=\"https:\/\/lascriticas.com\/index.php\/lascriticas\/carmen-concha-nolte\/\" \/>\n<meta property=\"og:site_name\" content=\"Las Cr\u00edticas\" \/>\n<meta property=\"article:publisher\" content=\"https:\/\/www.facebook.com\/lascriticas\/\" \/>\n<meta property=\"article:modified_time\" content=\"2022-06-25T13:57:01+00:00\" \/>\n<meta property=\"og:image\" content=\"https:\/\/lascriticas.com\/wp-content\/uploads\/2022\/06\/Carmen-Concha.jpg\" \/>\n\t<meta property=\"og:image:width\" content=\"1080\" \/>\n\t<meta property=\"og:image:height\" content=\"530\" \/>\n\t<meta property=\"og:image:type\" content=\"image\/jpeg\" \/>\n<meta name=\"twitter:card\" content=\"summary_large_image\" \/>\n<meta name=\"twitter:site\" content=\"@LasCriticas_com\" \/>\n<meta name=\"twitter:label1\" content=\"Tiempo de lectura\" \/>\n\t<meta name=\"twitter:data1\" content=\"1 minuto\" \/>\n<script type=\"application\/ld+json\" class=\"yoast-schema-graph\">{\"@context\":\"https:\/\/schema.org\",\"@graph\":[{\"@type\":\"WebPage\",\"@id\":\"https:\/\/lascriticas.com\/index.php\/lascriticas\/carmen-concha-nolte\/\",\"url\":\"https:\/\/lascriticas.com\/index.php\/lascriticas\/carmen-concha-nolte\/\",\"name\":\"Carmen Concha-Nolte - Las Cr\u00edticas\",\"isPartOf\":{\"@id\":\"https:\/\/lascriticas.com\/#website\"},\"primaryImageOfPage\":{\"@id\":\"https:\/\/lascriticas.com\/index.php\/lascriticas\/carmen-concha-nolte\/#primaryimage\"},\"image\":{\"@id\":\"https:\/\/lascriticas.com\/index.php\/lascriticas\/carmen-concha-nolte\/#primaryimage\"},\"thumbnailUrl\":\"https:\/\/lascriticas.com\/wp-content\/uploads\/2022\/06\/Carmen-Concha.jpg\",\"datePublished\":\"2022-06-16T07:07:41+00:00\",\"dateModified\":\"2022-06-25T13:57:01+00:00\",\"description\":\"Carmen Concha-Nolte (Piura, Per\u00fa) es escritora, ling\u00fcista y especialista en Literatura Peruana y Latinoamericana por la Universidad Nacional Mayor de San\",\"breadcrumb\":{\"@id\":\"https:\/\/lascriticas.com\/index.php\/lascriticas\/carmen-concha-nolte\/#breadcrumb\"},\"inLanguage\":\"es\",\"potentialAction\":[{\"@type\":\"ReadAction\",\"target\":[\"https:\/\/lascriticas.com\/index.php\/lascriticas\/carmen-concha-nolte\/\"]}]},{\"@type\":\"ImageObject\",\"inLanguage\":\"es\",\"@id\":\"https:\/\/lascriticas.com\/index.php\/lascriticas\/carmen-concha-nolte\/#primaryimage\",\"url\":\"https:\/\/lascriticas.com\/wp-content\/uploads\/2022\/06\/Carmen-Concha.jpg\",\"contentUrl\":\"https:\/\/lascriticas.com\/wp-content\/uploads\/2022\/06\/Carmen-Concha.jpg\",\"width\":1080,\"height\":530},{\"@type\":\"BreadcrumbList\",\"@id\":\"https:\/\/lascriticas.com\/index.php\/lascriticas\/carmen-concha-nolte\/#breadcrumb\",\"itemListElement\":[{\"@type\":\"ListItem\",\"position\":1,\"name\":\"Inicio\",\"item\":\"https:\/\/lascriticas.com\/\"},{\"@type\":\"ListItem\",\"position\":2,\"name\":\"Las Cr\u00edticas\",\"item\":\"https:\/\/lascriticas.com\/index.php\/lascriticas\/\"},{\"@type\":\"ListItem\",\"position\":3,\"name\":\"Carmen Concha-Nolte\"}]},{\"@type\":\"WebSite\",\"@id\":\"https:\/\/lascriticas.com\/#website\",\"url\":\"https:\/\/lascriticas.com\/\",\"name\":\"Las Cr\u00edticas\",\"description\":\"Cr\u00edtica literaria hecha por mujeres\",\"publisher\":{\"@id\":\"https:\/\/lascriticas.com\/#organization\"},\"potentialAction\":[{\"@type\":\"SearchAction\",\"target\":{\"@type\":\"EntryPoint\",\"urlTemplate\":\"https:\/\/lascriticas.com\/?s={search_term_string}\"},\"query-input\":{\"@type\":\"PropertyValueSpecification\",\"valueRequired\":true,\"valueName\":\"search_term_string\"}}],\"inLanguage\":\"es\"},{\"@type\":\"Organization\",\"@id\":\"https:\/\/lascriticas.com\/#organization\",\"name\":\"Las Cr\u00edticas\",\"url\":\"https:\/\/lascriticas.com\/\",\"logo\":{\"@type\":\"ImageObject\",\"inLanguage\":\"es\",\"@id\":\"https:\/\/lascriticas.com\/#\/schema\/logo\/image\/\",\"url\":\"https:\/\/lascriticas.com\/wp-content\/uploads\/2016\/09\/Las-Cr\u00edticas.png\",\"contentUrl\":\"https:\/\/lascriticas.com\/wp-content\/uploads\/2016\/09\/Las-Cr\u00edticas.png\",\"width\":372,\"height\":201,\"caption\":\"Las Cr\u00edticas\"},\"image\":{\"@id\":\"https:\/\/lascriticas.com\/#\/schema\/logo\/image\/\"},\"sameAs\":[\"https:\/\/www.facebook.com\/lascriticas\/\",\"https:\/\/x.com\/LasCriticas_com\",\"https:\/\/www.instagram.com\/lascriticas_com\/\",\"https:\/\/www.youtube.com\/channel\/UCd7r-H6EJA4sSXGLX33_iHQ\"]}]}<\/script>\n<!-- \/ Yoast SEO plugin. -->","yoast_head_json":{"title":"Carmen Concha-Nolte - Las Cr\u00edticas","description":"Carmen Concha-Nolte (Piura, Per\u00fa) es escritora, ling\u00fcista y especialista en Literatura Peruana y Latinoamericana por la Universidad Nacional Mayor de San","robots":{"index":"index","follow":"follow","max-snippet":"max-snippet:-1","max-image-preview":"max-image-preview:large","max-video-preview":"max-video-preview:-1"},"canonical":"https:\/\/lascriticas.com\/index.php\/lascriticas\/carmen-concha-nolte\/","og_locale":"es_ES","og_type":"article","og_title":"Carmen Concha-Nolte - Las Cr\u00edticas","og_description":"Carmen Concha-Nolte (Piura, Per\u00fa) es escritora, ling\u00fcista y especialista en Literatura Peruana y Latinoamericana por la Universidad Nacional Mayor de San","og_url":"https:\/\/lascriticas.com\/index.php\/lascriticas\/carmen-concha-nolte\/","og_site_name":"Las Cr\u00edticas","article_publisher":"https:\/\/www.facebook.com\/lascriticas\/","article_modified_time":"2022-06-25T13:57:01+00:00","og_image":[{"width":1080,"height":530,"url":"https:\/\/lascriticas.com\/wp-content\/uploads\/2022\/06\/Carmen-Concha.jpg","type":"image\/jpeg"}],"twitter_card":"summary_large_image","twitter_site":"@LasCriticas_com","twitter_misc":{"Tiempo de lectura":"1 minuto"},"schema":{"@context":"https:\/\/schema.org","@graph":[{"@type":"WebPage","@id":"https:\/\/lascriticas.com\/index.php\/lascriticas\/carmen-concha-nolte\/","url":"https:\/\/lascriticas.com\/index.php\/lascriticas\/carmen-concha-nolte\/","name":"Carmen Concha-Nolte - Las Cr\u00edticas","isPartOf":{"@id":"https:\/\/lascriticas.com\/#website"},"primaryImageOfPage":{"@id":"https:\/\/lascriticas.com\/index.php\/lascriticas\/carmen-concha-nolte\/#primaryimage"},"image":{"@id":"https:\/\/lascriticas.com\/index.php\/lascriticas\/carmen-concha-nolte\/#primaryimage"},"thumbnailUrl":"https:\/\/lascriticas.com\/wp-content\/uploads\/2022\/06\/Carmen-Concha.jpg","datePublished":"2022-06-16T07:07:41+00:00","dateModified":"2022-06-25T13:57:01+00:00","description":"Carmen Concha-Nolte (Piura, Per\u00fa) es escritora, ling\u00fcista y especialista en Literatura Peruana y Latinoamericana por la Universidad Nacional Mayor de San","breadcrumb":{"@id":"https:\/\/lascriticas.com\/index.php\/lascriticas\/carmen-concha-nolte\/#breadcrumb"},"inLanguage":"es","potentialAction":[{"@type":"ReadAction","target":["https:\/\/lascriticas.com\/index.php\/lascriticas\/carmen-concha-nolte\/"]}]},{"@type":"ImageObject","inLanguage":"es","@id":"https:\/\/lascriticas.com\/index.php\/lascriticas\/carmen-concha-nolte\/#primaryimage","url":"https:\/\/lascriticas.com\/wp-content\/uploads\/2022\/06\/Carmen-Concha.jpg","contentUrl":"https:\/\/lascriticas.com\/wp-content\/uploads\/2022\/06\/Carmen-Concha.jpg","width":1080,"height":530},{"@type":"BreadcrumbList","@id":"https:\/\/lascriticas.com\/index.php\/lascriticas\/carmen-concha-nolte\/#breadcrumb","itemListElement":[{"@type":"ListItem","position":1,"name":"Inicio","item":"https:\/\/lascriticas.com\/"},{"@type":"ListItem","position":2,"name":"Las Cr\u00edticas","item":"https:\/\/lascriticas.com\/index.php\/lascriticas\/"},{"@type":"ListItem","position":3,"name":"Carmen Concha-Nolte"}]},{"@type":"WebSite","@id":"https:\/\/lascriticas.com\/#website","url":"https:\/\/lascriticas.com\/","name":"Las Cr\u00edticas","description":"Cr\u00edtica literaria hecha por mujeres","publisher":{"@id":"https:\/\/lascriticas.com\/#organization"},"potentialAction":[{"@type":"SearchAction","target":{"@type":"EntryPoint","urlTemplate":"https:\/\/lascriticas.com\/?s={search_term_string}"},"query-input":{"@type":"PropertyValueSpecification","valueRequired":true,"valueName":"search_term_string"}}],"inLanguage":"es"},{"@type":"Organization","@id":"https:\/\/lascriticas.com\/#organization","name":"Las Cr\u00edticas","url":"https:\/\/lascriticas.com\/","logo":{"@type":"ImageObject","inLanguage":"es","@id":"https:\/\/lascriticas.com\/#\/schema\/logo\/image\/","url":"https:\/\/lascriticas.com\/wp-content\/uploads\/2016\/09\/Las-Cr\u00edticas.png","contentUrl":"https:\/\/lascriticas.com\/wp-content\/uploads\/2016\/09\/Las-Cr\u00edticas.png","width":372,"height":201,"caption":"Las Cr\u00edticas"},"image":{"@id":"https:\/\/lascriticas.com\/#\/schema\/logo\/image\/"},"sameAs":["https:\/\/www.facebook.com\/lascriticas\/","https:\/\/x.com\/LasCriticas_com","https:\/\/www.instagram.com\/lascriticas_com\/","https:\/\/www.youtube.com\/channel\/UCd7r-H6EJA4sSXGLX33_iHQ"]}]}},"_links":{"self":[{"href":"https:\/\/lascriticas.com\/index.php\/wp-json\/wp\/v2\/pages\/4962"}],"collection":[{"href":"https:\/\/lascriticas.com\/index.php\/wp-json\/wp\/v2\/pages"}],"about":[{"href":"https:\/\/lascriticas.com\/index.php\/wp-json\/wp\/v2\/types\/page"}],"author":[{"embeddable":true,"href":"https:\/\/lascriticas.com\/index.php\/wp-json\/wp\/v2\/users\/1"}],"replies":[{"embeddable":true,"href":"https:\/\/lascriticas.com\/index.php\/wp-json\/wp\/v2\/comments?post=4962"}],"version-history":[{"count":2,"href":"https:\/\/lascriticas.com\/index.php\/wp-json\/wp\/v2\/pages\/4962\/revisions"}],"predecessor-version":[{"id":5026,"href":"https:\/\/lascriticas.com\/index.php\/wp-json\/wp\/v2\/pages\/4962\/revisions\/5026"}],"up":[{"embeddable":true,"href":"https:\/\/lascriticas.com\/index.php\/wp-json\/wp\/v2\/pages\/68"}],"wp:featuredmedia":[{"embeddable":true,"href":"https:\/\/lascriticas.com\/index.php\/wp-json\/wp\/v2\/media\/5035"}],"wp:attachment":[{"href":"https:\/\/lascriticas.com\/index.php\/wp-json\/wp\/v2\/media?parent=4962"}],"curies":[{"name":"wp","href":"https:\/\/api.w.org\/{rel}","templated":true}]}}