{"id":4819,"date":"2021-10-27T00:06:58","date_gmt":"2021-10-26T22:06:58","guid":{"rendered":"https:\/\/lascriticas.com\/?page_id=4819"},"modified":"2021-10-27T00:06:58","modified_gmt":"2021-10-26T22:06:58","slug":"rocio-uchofen","status":"publish","type":"page","link":"https:\/\/lascriticas.com\/index.php\/lascriticas\/rocio-uchofen\/","title":{"rendered":"Roc\u00edo Uchofen"},"content":{"rendered":"<p style=\"text-align: justify;\"><span style=\"font-size: 16px;\"><strong>Roc\u00edo Uchofen<\/strong> (Lima, 1972) Estudi\u00f3 Ling\u00fc\u00edstica y Literatura en la Universidad Cat\u00f3lica del Per\u00fa. Perteneci\u00f3 al grupo literario Libro Abierto, donde dict\u00f3 talleres de t\u00e9cnicas para escribir un cuento y narrativa breve.<\/span><br \/>\n<span style=\"font-size: 16px;\">Ha publicado el libro de cuentos Odalia y otros sin esquina (Latino Press, 2004) Liturgias Clandestinas (Taller del Poeta, 2004) y El Oscuro Laberinto de los Sue\u00f1os (Tranv\u00eda Editores, 2011)<\/span><br \/>\n<span style=\"font-size: 16px;\">En 2013 fue finalista del concurso de poes\u00eda Cop\u00e9 con el poemario Geometr\u00eda de la Urbe, que actualmente est\u00e1 en prensa.<\/span><br \/>\n<span style=\"font-size: 16px;\">Sus cuentos y poemas han aparecido en diversas publicaciones y antolog\u00edas en Am\u00e9rica y Europa.<\/span><br \/>\n<span style=\"font-size: 16px;\">Actualmente reside en Nueva York, desde donde dirige el webzine <a href=\"https:\/\/www.hibridoliterario.com\">H\u00edbrido Literario<\/a> y un programa de radio del mismo nombre.<\/span><\/p>\n<p><strong>Sus cr\u00edticas<\/strong><\/p>\n","protected":false},"excerpt":{"rendered":"<p>Roc\u00edo Uchofen (Lima, 1972) Estudi\u00f3 Ling\u00fc\u00edstica y Literatura en la Universidad Cat\u00f3lica del Per\u00fa. Perteneci\u00f3 al grupo literario Libro Abierto, donde dict\u00f3 talleres de t\u00e9cnicas para escribir un cuento y narrativa breve. Ha publicado el libro de cuentos Odalia y otros sin esquina (Latino Press, 2004) Liturgias Clandestinas (Taller del Poeta, 2004) y El Oscuro&#8230;<\/p>\n","protected":false},"author":1,"featured_media":4821,"parent":68,"menu_order":0,"comment_status":"closed","ping_status":"closed","template":"","meta":{"footnotes":""},"yoast_head":"<!-- This site is optimized with the Yoast SEO plugin v23.5 - https:\/\/yoast.com\/wordpress\/plugins\/seo\/ -->\n<title>Roc\u00edo Uchofen - Las Cr\u00edticas<\/title>\n<meta name=\"description\" content=\"Roc\u00edo Uchofen (Lima, 1972) Estudi\u00f3 Ling\u00fc\u00edstica y Literatura en la Universidad Cat\u00f3lica del Per\u00fa. Perteneci\u00f3 al grupo literario Libro Abierto, donde dict\u00f3\" \/>\n<meta name=\"robots\" content=\"index, follow, max-snippet:-1, max-image-preview:large, max-video-preview:-1\" \/>\n<link rel=\"canonical\" href=\"https:\/\/lascriticas.com\/index.php\/lascriticas\/rocio-uchofen\/\" \/>\n<meta property=\"og:locale\" content=\"es_ES\" \/>\n<meta property=\"og:type\" content=\"article\" \/>\n<meta property=\"og:title\" content=\"Roc\u00edo Uchofen - Las Cr\u00edticas\" \/>\n<meta property=\"og:description\" content=\"Roc\u00edo Uchofen (Lima, 1972) Estudi\u00f3 Ling\u00fc\u00edstica y Literatura en la Universidad Cat\u00f3lica del Per\u00fa. Perteneci\u00f3 al grupo literario Libro Abierto, donde dict\u00f3\" \/>\n<meta property=\"og:url\" content=\"https:\/\/lascriticas.com\/index.php\/lascriticas\/rocio-uchofen\/\" \/>\n<meta property=\"og:site_name\" content=\"Las Cr\u00edticas\" \/>\n<meta property=\"article:publisher\" content=\"https:\/\/www.facebook.com\/lascriticas\/\" \/>\n<meta property=\"og:image\" content=\"https:\/\/lascriticas.com\/wp-content\/uploads\/2021\/10\/Rocio-Uchofem.jpg\" \/>\n\t<meta property=\"og:image:width\" content=\"331\" \/>\n\t<meta property=\"og:image:height\" content=\"360\" \/>\n\t<meta property=\"og:image:type\" content=\"image\/jpeg\" \/>\n<meta name=\"twitter:card\" content=\"summary_large_image\" \/>\n<meta name=\"twitter:site\" content=\"@LasCriticas_com\" \/>\n<meta name=\"twitter:label1\" content=\"Tiempo de lectura\" \/>\n\t<meta name=\"twitter:data1\" content=\"1 minuto\" \/>\n<script type=\"application\/ld+json\" class=\"yoast-schema-graph\">{\"@context\":\"https:\/\/schema.org\",\"@graph\":[{\"@type\":\"WebPage\",\"@id\":\"https:\/\/lascriticas.com\/index.php\/lascriticas\/rocio-uchofen\/\",\"url\":\"https:\/\/lascriticas.com\/index.php\/lascriticas\/rocio-uchofen\/\",\"name\":\"Roc\u00edo Uchofen - Las Cr\u00edticas\",\"isPartOf\":{\"@id\":\"https:\/\/lascriticas.com\/#website\"},\"primaryImageOfPage\":{\"@id\":\"https:\/\/lascriticas.com\/index.php\/lascriticas\/rocio-uchofen\/#primaryimage\"},\"image\":{\"@id\":\"https:\/\/lascriticas.com\/index.php\/lascriticas\/rocio-uchofen\/#primaryimage\"},\"thumbnailUrl\":\"https:\/\/lascriticas.com\/wp-content\/uploads\/2021\/10\/Rocio-Uchofem.jpg\",\"datePublished\":\"2021-10-26T22:06:58+00:00\",\"dateModified\":\"2021-10-26T22:06:58+00:00\",\"description\":\"Roc\u00edo Uchofen (Lima, 1972) Estudi\u00f3 Ling\u00fc\u00edstica y Literatura en la Universidad Cat\u00f3lica del Per\u00fa. Perteneci\u00f3 al grupo literario Libro Abierto, donde dict\u00f3\",\"breadcrumb\":{\"@id\":\"https:\/\/lascriticas.com\/index.php\/lascriticas\/rocio-uchofen\/#breadcrumb\"},\"inLanguage\":\"es\",\"potentialAction\":[{\"@type\":\"ReadAction\",\"target\":[\"https:\/\/lascriticas.com\/index.php\/lascriticas\/rocio-uchofen\/\"]}]},{\"@type\":\"ImageObject\",\"inLanguage\":\"es\",\"@id\":\"https:\/\/lascriticas.com\/index.php\/lascriticas\/rocio-uchofen\/#primaryimage\",\"url\":\"https:\/\/lascriticas.com\/wp-content\/uploads\/2021\/10\/Rocio-Uchofem.jpg\",\"contentUrl\":\"https:\/\/lascriticas.com\/wp-content\/uploads\/2021\/10\/Rocio-Uchofem.jpg\",\"width\":331,\"height\":360},{\"@type\":\"BreadcrumbList\",\"@id\":\"https:\/\/lascriticas.com\/index.php\/lascriticas\/rocio-uchofen\/#breadcrumb\",\"itemListElement\":[{\"@type\":\"ListItem\",\"position\":1,\"name\":\"Inicio\",\"item\":\"https:\/\/lascriticas.com\/\"},{\"@type\":\"ListItem\",\"position\":2,\"name\":\"Las Cr\u00edticas\",\"item\":\"https:\/\/lascriticas.com\/index.php\/lascriticas\/\"},{\"@type\":\"ListItem\",\"position\":3,\"name\":\"Roc\u00edo Uchofen\"}]},{\"@type\":\"WebSite\",\"@id\":\"https:\/\/lascriticas.com\/#website\",\"url\":\"https:\/\/lascriticas.com\/\",\"name\":\"Las Cr\u00edticas\",\"description\":\"Cr\u00edtica literaria hecha por mujeres\",\"publisher\":{\"@id\":\"https:\/\/lascriticas.com\/#organization\"},\"potentialAction\":[{\"@type\":\"SearchAction\",\"target\":{\"@type\":\"EntryPoint\",\"urlTemplate\":\"https:\/\/lascriticas.com\/?s={search_term_string}\"},\"query-input\":{\"@type\":\"PropertyValueSpecification\",\"valueRequired\":true,\"valueName\":\"search_term_string\"}}],\"inLanguage\":\"es\"},{\"@type\":\"Organization\",\"@id\":\"https:\/\/lascriticas.com\/#organization\",\"name\":\"Las Cr\u00edticas\",\"url\":\"https:\/\/lascriticas.com\/\",\"logo\":{\"@type\":\"ImageObject\",\"inLanguage\":\"es\",\"@id\":\"https:\/\/lascriticas.com\/#\/schema\/logo\/image\/\",\"url\":\"https:\/\/lascriticas.com\/wp-content\/uploads\/2016\/09\/Las-Cr\u00edticas.png\",\"contentUrl\":\"https:\/\/lascriticas.com\/wp-content\/uploads\/2016\/09\/Las-Cr\u00edticas.png\",\"width\":372,\"height\":201,\"caption\":\"Las Cr\u00edticas\"},\"image\":{\"@id\":\"https:\/\/lascriticas.com\/#\/schema\/logo\/image\/\"},\"sameAs\":[\"https:\/\/www.facebook.com\/lascriticas\/\",\"https:\/\/x.com\/LasCriticas_com\",\"https:\/\/www.instagram.com\/lascriticas_com\/\",\"https:\/\/www.youtube.com\/channel\/UCd7r-H6EJA4sSXGLX33_iHQ\"]}]}<\/script>\n<!-- \/ Yoast SEO plugin. -->","yoast_head_json":{"title":"Roc\u00edo Uchofen - Las Cr\u00edticas","description":"Roc\u00edo Uchofen (Lima, 1972) Estudi\u00f3 Ling\u00fc\u00edstica y Literatura en la Universidad Cat\u00f3lica del Per\u00fa. Perteneci\u00f3 al grupo literario Libro Abierto, donde dict\u00f3","robots":{"index":"index","follow":"follow","max-snippet":"max-snippet:-1","max-image-preview":"max-image-preview:large","max-video-preview":"max-video-preview:-1"},"canonical":"https:\/\/lascriticas.com\/index.php\/lascriticas\/rocio-uchofen\/","og_locale":"es_ES","og_type":"article","og_title":"Roc\u00edo Uchofen - Las Cr\u00edticas","og_description":"Roc\u00edo Uchofen (Lima, 1972) Estudi\u00f3 Ling\u00fc\u00edstica y Literatura en la Universidad Cat\u00f3lica del Per\u00fa. Perteneci\u00f3 al grupo literario Libro Abierto, donde dict\u00f3","og_url":"https:\/\/lascriticas.com\/index.php\/lascriticas\/rocio-uchofen\/","og_site_name":"Las Cr\u00edticas","article_publisher":"https:\/\/www.facebook.com\/lascriticas\/","og_image":[{"width":331,"height":360,"url":"https:\/\/lascriticas.com\/wp-content\/uploads\/2021\/10\/Rocio-Uchofem.jpg","type":"image\/jpeg"}],"twitter_card":"summary_large_image","twitter_site":"@LasCriticas_com","twitter_misc":{"Tiempo de lectura":"1 minuto"},"schema":{"@context":"https:\/\/schema.org","@graph":[{"@type":"WebPage","@id":"https:\/\/lascriticas.com\/index.php\/lascriticas\/rocio-uchofen\/","url":"https:\/\/lascriticas.com\/index.php\/lascriticas\/rocio-uchofen\/","name":"Roc\u00edo Uchofen - Las Cr\u00edticas","isPartOf":{"@id":"https:\/\/lascriticas.com\/#website"},"primaryImageOfPage":{"@id":"https:\/\/lascriticas.com\/index.php\/lascriticas\/rocio-uchofen\/#primaryimage"},"image":{"@id":"https:\/\/lascriticas.com\/index.php\/lascriticas\/rocio-uchofen\/#primaryimage"},"thumbnailUrl":"https:\/\/lascriticas.com\/wp-content\/uploads\/2021\/10\/Rocio-Uchofem.jpg","datePublished":"2021-10-26T22:06:58+00:00","dateModified":"2021-10-26T22:06:58+00:00","description":"Roc\u00edo Uchofen (Lima, 1972) Estudi\u00f3 Ling\u00fc\u00edstica y Literatura en la Universidad Cat\u00f3lica del Per\u00fa. Perteneci\u00f3 al grupo literario Libro Abierto, donde dict\u00f3","breadcrumb":{"@id":"https:\/\/lascriticas.com\/index.php\/lascriticas\/rocio-uchofen\/#breadcrumb"},"inLanguage":"es","potentialAction":[{"@type":"ReadAction","target":["https:\/\/lascriticas.com\/index.php\/lascriticas\/rocio-uchofen\/"]}]},{"@type":"ImageObject","inLanguage":"es","@id":"https:\/\/lascriticas.com\/index.php\/lascriticas\/rocio-uchofen\/#primaryimage","url":"https:\/\/lascriticas.com\/wp-content\/uploads\/2021\/10\/Rocio-Uchofem.jpg","contentUrl":"https:\/\/lascriticas.com\/wp-content\/uploads\/2021\/10\/Rocio-Uchofem.jpg","width":331,"height":360},{"@type":"BreadcrumbList","@id":"https:\/\/lascriticas.com\/index.php\/lascriticas\/rocio-uchofen\/#breadcrumb","itemListElement":[{"@type":"ListItem","position":1,"name":"Inicio","item":"https:\/\/lascriticas.com\/"},{"@type":"ListItem","position":2,"name":"Las Cr\u00edticas","item":"https:\/\/lascriticas.com\/index.php\/lascriticas\/"},{"@type":"ListItem","position":3,"name":"Roc\u00edo Uchofen"}]},{"@type":"WebSite","@id":"https:\/\/lascriticas.com\/#website","url":"https:\/\/lascriticas.com\/","name":"Las Cr\u00edticas","description":"Cr\u00edtica literaria hecha por mujeres","publisher":{"@id":"https:\/\/lascriticas.com\/#organization"},"potentialAction":[{"@type":"SearchAction","target":{"@type":"EntryPoint","urlTemplate":"https:\/\/lascriticas.com\/?s={search_term_string}"},"query-input":{"@type":"PropertyValueSpecification","valueRequired":true,"valueName":"search_term_string"}}],"inLanguage":"es"},{"@type":"Organization","@id":"https:\/\/lascriticas.com\/#organization","name":"Las Cr\u00edticas","url":"https:\/\/lascriticas.com\/","logo":{"@type":"ImageObject","inLanguage":"es","@id":"https:\/\/lascriticas.com\/#\/schema\/logo\/image\/","url":"https:\/\/lascriticas.com\/wp-content\/uploads\/2016\/09\/Las-Cr\u00edticas.png","contentUrl":"https:\/\/lascriticas.com\/wp-content\/uploads\/2016\/09\/Las-Cr\u00edticas.png","width":372,"height":201,"caption":"Las Cr\u00edticas"},"image":{"@id":"https:\/\/lascriticas.com\/#\/schema\/logo\/image\/"},"sameAs":["https:\/\/www.facebook.com\/lascriticas\/","https:\/\/x.com\/LasCriticas_com","https:\/\/www.instagram.com\/lascriticas_com\/","https:\/\/www.youtube.com\/channel\/UCd7r-H6EJA4sSXGLX33_iHQ"]}]}},"_links":{"self":[{"href":"https:\/\/lascriticas.com\/index.php\/wp-json\/wp\/v2\/pages\/4819"}],"collection":[{"href":"https:\/\/lascriticas.com\/index.php\/wp-json\/wp\/v2\/pages"}],"about":[{"href":"https:\/\/lascriticas.com\/index.php\/wp-json\/wp\/v2\/types\/page"}],"author":[{"embeddable":true,"href":"https:\/\/lascriticas.com\/index.php\/wp-json\/wp\/v2\/users\/1"}],"replies":[{"embeddable":true,"href":"https:\/\/lascriticas.com\/index.php\/wp-json\/wp\/v2\/comments?post=4819"}],"version-history":[{"count":1,"href":"https:\/\/lascriticas.com\/index.php\/wp-json\/wp\/v2\/pages\/4819\/revisions"}],"predecessor-version":[{"id":4822,"href":"https:\/\/lascriticas.com\/index.php\/wp-json\/wp\/v2\/pages\/4819\/revisions\/4822"}],"up":[{"embeddable":true,"href":"https:\/\/lascriticas.com\/index.php\/wp-json\/wp\/v2\/pages\/68"}],"wp:featuredmedia":[{"embeddable":true,"href":"https:\/\/lascriticas.com\/index.php\/wp-json\/wp\/v2\/media\/4821"}],"wp:attachment":[{"href":"https:\/\/lascriticas.com\/index.php\/wp-json\/wp\/v2\/media?parent=4819"}],"curies":[{"name":"wp","href":"https:\/\/api.w.org\/{rel}","templated":true}]}}