{"id":4727,"date":"2021-10-24T22:43:50","date_gmt":"2021-10-24T20:43:50","guid":{"rendered":"https:\/\/lascriticas.com\/?page_id=4727"},"modified":"2021-10-24T22:49:09","modified_gmt":"2021-10-24T20:49:09","slug":"pilar-quintana","status":"publish","type":"page","link":"https:\/\/lascriticas.com\/index.php\/lascriticas\/pilar-quintana\/","title":{"rendered":"Pilar Quintana"},"content":{"rendered":"<p style=\"text-align: justify;\"><span style=\"font-size: 16px;\"><strong>Pilar Quintana<\/strong> es escritora colombiana.\u00a0Es autora de cinco novelas y un libro de cuentos, <i>Caperucita se come al lobo<\/i>. Recibi\u00f3 en Espa\u00f1a el Premio de Novela La Mar de Letras por <i>Coleccionistas de polvos raros<\/i>. Particip\u00f3 en el International Writing Program de la Universidad de Iowa como escritora residente y en el Internacional Writers Workshop de la Universidad Bautista de Hong Kong como escritora visitante. Con su novela <i>La perra<\/i>, traducida a quince lenguas, fue finalista del Premio Nacional de Novela y del National Book Award y gan\u00f3 el Premio Biblioteca de Narrativa Colombiana y un PEN Translate Award. Con su m\u00e1s reciente trabajo, <i>Los abismos<\/i>, gan\u00f3 el Premio Alfaguara de Novela.<\/span><\/p>\n<p><strong><span style=\"font-size: 16px;\">Sus cr\u00edticas<\/span><\/strong><\/p>\n","protected":false},"excerpt":{"rendered":"<p>Pilar Quintana es escritora colombiana.\u00a0Es autora de cinco novelas y un libro de cuentos, Caperucita se come al lobo. Recibi\u00f3 en Espa\u00f1a el Premio de Novela La Mar de Letras por Coleccionistas de polvos raros. Particip\u00f3 en el International Writing Program de la Universidad de Iowa como escritora residente y en el Internacional Writers Workshop&#8230;<\/p>\n","protected":false},"author":1,"featured_media":4729,"parent":68,"menu_order":0,"comment_status":"closed","ping_status":"closed","template":"","meta":{"footnotes":""},"yoast_head":"<!-- This site is optimized with the Yoast SEO plugin v23.5 - https:\/\/yoast.com\/wordpress\/plugins\/seo\/ -->\n<title>Pilar Quintana - Las Cr\u00edticas<\/title>\n<meta name=\"description\" content=\"Pilar Quintana es escritora colombiana.\u00a0Es autora de cinco novelas y un libro de cuentos, Caperucita se come al lobo. Recibi\u00f3 en Espa\u00f1a el Premio de\" \/>\n<meta name=\"robots\" content=\"index, follow, max-snippet:-1, max-image-preview:large, max-video-preview:-1\" \/>\n<link rel=\"canonical\" href=\"https:\/\/lascriticas.com\/index.php\/lascriticas\/pilar-quintana\/\" \/>\n<meta property=\"og:locale\" content=\"es_ES\" \/>\n<meta property=\"og:type\" content=\"article\" \/>\n<meta property=\"og:title\" content=\"Pilar Quintana - Las Cr\u00edticas\" \/>\n<meta property=\"og:description\" content=\"Pilar Quintana es escritora colombiana.\u00a0Es autora de cinco novelas y un libro de cuentos, Caperucita se come al lobo. Recibi\u00f3 en Espa\u00f1a el Premio de\" \/>\n<meta property=\"og:url\" content=\"https:\/\/lascriticas.com\/index.php\/lascriticas\/pilar-quintana\/\" \/>\n<meta property=\"og:site_name\" content=\"Las Cr\u00edticas\" \/>\n<meta property=\"article:publisher\" content=\"https:\/\/www.facebook.com\/lascriticas\/\" \/>\n<meta property=\"article:modified_time\" content=\"2021-10-24T20:49:09+00:00\" \/>\n<meta property=\"og:image\" content=\"https:\/\/lascriticas.com\/wp-content\/uploads\/2021\/10\/AVT_Pilar-Quintana_5554.jpg\" \/>\n\t<meta property=\"og:image:width\" content=\"520\" \/>\n\t<meta property=\"og:image:height\" content=\"273\" \/>\n\t<meta property=\"og:image:type\" content=\"image\/jpeg\" \/>\n<meta name=\"twitter:card\" content=\"summary_large_image\" \/>\n<meta name=\"twitter:site\" content=\"@LasCriticas_com\" \/>\n<meta name=\"twitter:label1\" content=\"Tiempo de lectura\" \/>\n\t<meta name=\"twitter:data1\" content=\"1 minuto\" \/>\n<script type=\"application\/ld+json\" class=\"yoast-schema-graph\">{\"@context\":\"https:\/\/schema.org\",\"@graph\":[{\"@type\":\"WebPage\",\"@id\":\"https:\/\/lascriticas.com\/index.php\/lascriticas\/pilar-quintana\/\",\"url\":\"https:\/\/lascriticas.com\/index.php\/lascriticas\/pilar-quintana\/\",\"name\":\"Pilar Quintana - Las Cr\u00edticas\",\"isPartOf\":{\"@id\":\"https:\/\/lascriticas.com\/#website\"},\"primaryImageOfPage\":{\"@id\":\"https:\/\/lascriticas.com\/index.php\/lascriticas\/pilar-quintana\/#primaryimage\"},\"image\":{\"@id\":\"https:\/\/lascriticas.com\/index.php\/lascriticas\/pilar-quintana\/#primaryimage\"},\"thumbnailUrl\":\"https:\/\/lascriticas.com\/wp-content\/uploads\/2021\/10\/AVT_Pilar-Quintana_5554.jpg\",\"datePublished\":\"2021-10-24T20:43:50+00:00\",\"dateModified\":\"2021-10-24T20:49:09+00:00\",\"description\":\"Pilar Quintana es escritora colombiana.\u00a0Es autora de cinco novelas y un libro de cuentos, Caperucita se come al lobo. Recibi\u00f3 en Espa\u00f1a el Premio de\",\"breadcrumb\":{\"@id\":\"https:\/\/lascriticas.com\/index.php\/lascriticas\/pilar-quintana\/#breadcrumb\"},\"inLanguage\":\"es\",\"potentialAction\":[{\"@type\":\"ReadAction\",\"target\":[\"https:\/\/lascriticas.com\/index.php\/lascriticas\/pilar-quintana\/\"]}]},{\"@type\":\"ImageObject\",\"inLanguage\":\"es\",\"@id\":\"https:\/\/lascriticas.com\/index.php\/lascriticas\/pilar-quintana\/#primaryimage\",\"url\":\"https:\/\/lascriticas.com\/wp-content\/uploads\/2021\/10\/AVT_Pilar-Quintana_5554.jpg\",\"contentUrl\":\"https:\/\/lascriticas.com\/wp-content\/uploads\/2021\/10\/AVT_Pilar-Quintana_5554.jpg\",\"width\":520,\"height\":273},{\"@type\":\"BreadcrumbList\",\"@id\":\"https:\/\/lascriticas.com\/index.php\/lascriticas\/pilar-quintana\/#breadcrumb\",\"itemListElement\":[{\"@type\":\"ListItem\",\"position\":1,\"name\":\"Inicio\",\"item\":\"https:\/\/lascriticas.com\/\"},{\"@type\":\"ListItem\",\"position\":2,\"name\":\"Las Cr\u00edticas\",\"item\":\"https:\/\/lascriticas.com\/index.php\/lascriticas\/\"},{\"@type\":\"ListItem\",\"position\":3,\"name\":\"Pilar Quintana\"}]},{\"@type\":\"WebSite\",\"@id\":\"https:\/\/lascriticas.com\/#website\",\"url\":\"https:\/\/lascriticas.com\/\",\"name\":\"Las Cr\u00edticas\",\"description\":\"Cr\u00edtica literaria hecha por mujeres\",\"publisher\":{\"@id\":\"https:\/\/lascriticas.com\/#organization\"},\"potentialAction\":[{\"@type\":\"SearchAction\",\"target\":{\"@type\":\"EntryPoint\",\"urlTemplate\":\"https:\/\/lascriticas.com\/?s={search_term_string}\"},\"query-input\":{\"@type\":\"PropertyValueSpecification\",\"valueRequired\":true,\"valueName\":\"search_term_string\"}}],\"inLanguage\":\"es\"},{\"@type\":\"Organization\",\"@id\":\"https:\/\/lascriticas.com\/#organization\",\"name\":\"Las Cr\u00edticas\",\"url\":\"https:\/\/lascriticas.com\/\",\"logo\":{\"@type\":\"ImageObject\",\"inLanguage\":\"es\",\"@id\":\"https:\/\/lascriticas.com\/#\/schema\/logo\/image\/\",\"url\":\"https:\/\/lascriticas.com\/wp-content\/uploads\/2016\/09\/Las-Cr\u00edticas.png\",\"contentUrl\":\"https:\/\/lascriticas.com\/wp-content\/uploads\/2016\/09\/Las-Cr\u00edticas.png\",\"width\":372,\"height\":201,\"caption\":\"Las Cr\u00edticas\"},\"image\":{\"@id\":\"https:\/\/lascriticas.com\/#\/schema\/logo\/image\/\"},\"sameAs\":[\"https:\/\/www.facebook.com\/lascriticas\/\",\"https:\/\/x.com\/LasCriticas_com\",\"https:\/\/www.instagram.com\/lascriticas_com\/\",\"https:\/\/www.youtube.com\/channel\/UCd7r-H6EJA4sSXGLX33_iHQ\"]}]}<\/script>\n<!-- \/ Yoast SEO plugin. -->","yoast_head_json":{"title":"Pilar Quintana - Las Cr\u00edticas","description":"Pilar Quintana es escritora colombiana.\u00a0Es autora de cinco novelas y un libro de cuentos, Caperucita se come al lobo. Recibi\u00f3 en Espa\u00f1a el Premio de","robots":{"index":"index","follow":"follow","max-snippet":"max-snippet:-1","max-image-preview":"max-image-preview:large","max-video-preview":"max-video-preview:-1"},"canonical":"https:\/\/lascriticas.com\/index.php\/lascriticas\/pilar-quintana\/","og_locale":"es_ES","og_type":"article","og_title":"Pilar Quintana - Las Cr\u00edticas","og_description":"Pilar Quintana es escritora colombiana.\u00a0Es autora de cinco novelas y un libro de cuentos, Caperucita se come al lobo. Recibi\u00f3 en Espa\u00f1a el Premio de","og_url":"https:\/\/lascriticas.com\/index.php\/lascriticas\/pilar-quintana\/","og_site_name":"Las Cr\u00edticas","article_publisher":"https:\/\/www.facebook.com\/lascriticas\/","article_modified_time":"2021-10-24T20:49:09+00:00","og_image":[{"width":520,"height":273,"url":"https:\/\/lascriticas.com\/wp-content\/uploads\/2021\/10\/AVT_Pilar-Quintana_5554.jpg","type":"image\/jpeg"}],"twitter_card":"summary_large_image","twitter_site":"@LasCriticas_com","twitter_misc":{"Tiempo de lectura":"1 minuto"},"schema":{"@context":"https:\/\/schema.org","@graph":[{"@type":"WebPage","@id":"https:\/\/lascriticas.com\/index.php\/lascriticas\/pilar-quintana\/","url":"https:\/\/lascriticas.com\/index.php\/lascriticas\/pilar-quintana\/","name":"Pilar Quintana - Las Cr\u00edticas","isPartOf":{"@id":"https:\/\/lascriticas.com\/#website"},"primaryImageOfPage":{"@id":"https:\/\/lascriticas.com\/index.php\/lascriticas\/pilar-quintana\/#primaryimage"},"image":{"@id":"https:\/\/lascriticas.com\/index.php\/lascriticas\/pilar-quintana\/#primaryimage"},"thumbnailUrl":"https:\/\/lascriticas.com\/wp-content\/uploads\/2021\/10\/AVT_Pilar-Quintana_5554.jpg","datePublished":"2021-10-24T20:43:50+00:00","dateModified":"2021-10-24T20:49:09+00:00","description":"Pilar Quintana es escritora colombiana.\u00a0Es autora de cinco novelas y un libro de cuentos, Caperucita se come al lobo. Recibi\u00f3 en Espa\u00f1a el Premio de","breadcrumb":{"@id":"https:\/\/lascriticas.com\/index.php\/lascriticas\/pilar-quintana\/#breadcrumb"},"inLanguage":"es","potentialAction":[{"@type":"ReadAction","target":["https:\/\/lascriticas.com\/index.php\/lascriticas\/pilar-quintana\/"]}]},{"@type":"ImageObject","inLanguage":"es","@id":"https:\/\/lascriticas.com\/index.php\/lascriticas\/pilar-quintana\/#primaryimage","url":"https:\/\/lascriticas.com\/wp-content\/uploads\/2021\/10\/AVT_Pilar-Quintana_5554.jpg","contentUrl":"https:\/\/lascriticas.com\/wp-content\/uploads\/2021\/10\/AVT_Pilar-Quintana_5554.jpg","width":520,"height":273},{"@type":"BreadcrumbList","@id":"https:\/\/lascriticas.com\/index.php\/lascriticas\/pilar-quintana\/#breadcrumb","itemListElement":[{"@type":"ListItem","position":1,"name":"Inicio","item":"https:\/\/lascriticas.com\/"},{"@type":"ListItem","position":2,"name":"Las Cr\u00edticas","item":"https:\/\/lascriticas.com\/index.php\/lascriticas\/"},{"@type":"ListItem","position":3,"name":"Pilar Quintana"}]},{"@type":"WebSite","@id":"https:\/\/lascriticas.com\/#website","url":"https:\/\/lascriticas.com\/","name":"Las Cr\u00edticas","description":"Cr\u00edtica literaria hecha por mujeres","publisher":{"@id":"https:\/\/lascriticas.com\/#organization"},"potentialAction":[{"@type":"SearchAction","target":{"@type":"EntryPoint","urlTemplate":"https:\/\/lascriticas.com\/?s={search_term_string}"},"query-input":{"@type":"PropertyValueSpecification","valueRequired":true,"valueName":"search_term_string"}}],"inLanguage":"es"},{"@type":"Organization","@id":"https:\/\/lascriticas.com\/#organization","name":"Las Cr\u00edticas","url":"https:\/\/lascriticas.com\/","logo":{"@type":"ImageObject","inLanguage":"es","@id":"https:\/\/lascriticas.com\/#\/schema\/logo\/image\/","url":"https:\/\/lascriticas.com\/wp-content\/uploads\/2016\/09\/Las-Cr\u00edticas.png","contentUrl":"https:\/\/lascriticas.com\/wp-content\/uploads\/2016\/09\/Las-Cr\u00edticas.png","width":372,"height":201,"caption":"Las Cr\u00edticas"},"image":{"@id":"https:\/\/lascriticas.com\/#\/schema\/logo\/image\/"},"sameAs":["https:\/\/www.facebook.com\/lascriticas\/","https:\/\/x.com\/LasCriticas_com","https:\/\/www.instagram.com\/lascriticas_com\/","https:\/\/www.youtube.com\/channel\/UCd7r-H6EJA4sSXGLX33_iHQ"]}]}},"_links":{"self":[{"href":"https:\/\/lascriticas.com\/index.php\/wp-json\/wp\/v2\/pages\/4727"}],"collection":[{"href":"https:\/\/lascriticas.com\/index.php\/wp-json\/wp\/v2\/pages"}],"about":[{"href":"https:\/\/lascriticas.com\/index.php\/wp-json\/wp\/v2\/types\/page"}],"author":[{"embeddable":true,"href":"https:\/\/lascriticas.com\/index.php\/wp-json\/wp\/v2\/users\/1"}],"replies":[{"embeddable":true,"href":"https:\/\/lascriticas.com\/index.php\/wp-json\/wp\/v2\/comments?post=4727"}],"version-history":[{"count":5,"href":"https:\/\/lascriticas.com\/index.php\/wp-json\/wp\/v2\/pages\/4727\/revisions"}],"predecessor-version":[{"id":4733,"href":"https:\/\/lascriticas.com\/index.php\/wp-json\/wp\/v2\/pages\/4727\/revisions\/4733"}],"up":[{"embeddable":true,"href":"https:\/\/lascriticas.com\/index.php\/wp-json\/wp\/v2\/pages\/68"}],"wp:featuredmedia":[{"embeddable":true,"href":"https:\/\/lascriticas.com\/index.php\/wp-json\/wp\/v2\/media\/4729"}],"wp:attachment":[{"href":"https:\/\/lascriticas.com\/index.php\/wp-json\/wp\/v2\/media?parent=4727"}],"curies":[{"name":"wp","href":"https:\/\/api.w.org\/{rel}","templated":true}]}}