{"id":4722,"date":"2021-10-24T22:29:52","date_gmt":"2021-10-24T20:29:52","guid":{"rendered":"https:\/\/lascriticas.com\/?page_id=4722"},"modified":"2022-06-25T16:09:47","modified_gmt":"2022-06-25T14:09:47","slug":"maria-eugenia-ulfe","status":"publish","type":"page","link":"https:\/\/lascriticas.com\/index.php\/lascriticas\/maria-eugenia-ulfe\/","title":{"rendered":"Mar\u00eda Eugenia Ulfe"},"content":{"rendered":"<p style=\"text-align: justify;\"><span style=\"font-size: 16px;\"><strong>Mar\u00eda Eugenia Ulfe<\/strong> es antrop\u00f3loga e investigadora.\u00a0Profesora principal en el departamento de Ciencias Sociales de la Pontificia Universidad Cat\u00f3lica del Per\u00fa. Es doctora en Ciencias Humanas por la Universidad George Washington. Dirige el Grupo de Investigaci\u00f3n Interdisciplinario en Memoria y Democracia. Es profesora honoraria de la Universidad Nacional de San Crist\u00f3bal de Huamanga. Trabaja sobre temas de memoria, Estado, metodolog\u00edas digitales y experimentales y Antropolog\u00eda Visual. Recientemente ha publicado con Ximena M\u00e1laga Sabogal, <em>Reparando Mundos: V\u00edctimas y Estado en los Andes peruanos<\/em> (Lima, Fondo Editorial PUCP, 2021).<\/span><\/p>\n<p><a href=\"https:\/\/lascriticas.com\/index.php\/author\/maria-eugenia-ulfe\/\"><span style=\"font-size: 16px;\"><strong>Sus cr\u00edticas<\/strong><\/span><\/a><\/p>\n","protected":false},"excerpt":{"rendered":"<p>Mar\u00eda Eugenia Ulfe es antrop\u00f3loga e investigadora.\u00a0Profesora principal en el departamento de Ciencias Sociales de la Pontificia Universidad Cat\u00f3lica del Per\u00fa. Es doctora en Ciencias Humanas por la Universidad George Washington. Dirige el Grupo de Investigaci\u00f3n Interdisciplinario en Memoria y Democracia. Es profesora honoraria de la Universidad Nacional de San Crist\u00f3bal de Huamanga. Trabaja sobre&#8230;<\/p>\n","protected":false},"author":1,"featured_media":4742,"parent":68,"menu_order":0,"comment_status":"closed","ping_status":"closed","template":"","meta":{"footnotes":""},"yoast_head":"<!-- This site is optimized with the Yoast SEO plugin v23.5 - https:\/\/yoast.com\/wordpress\/plugins\/seo\/ -->\n<title>Mar\u00eda Eugenia Ulfe - Las Cr\u00edticas<\/title>\n<meta name=\"description\" content=\"Mar\u00eda Eugenia Ulfe es antrop\u00f3loga e investigadora. Es doctora en Ciencias Humanas por la Universidad George Washington. Dirige la Maestr\u00eda en Antropolog\u00eda Visual de la Pontificia Universidad Cat\u00f3lica del Per\u00fa.\" \/>\n<meta name=\"robots\" content=\"index, follow, max-snippet:-1, max-image-preview:large, max-video-preview:-1\" \/>\n<link rel=\"canonical\" href=\"https:\/\/lascriticas.com\/index.php\/lascriticas\/maria-eugenia-ulfe\/\" \/>\n<meta property=\"og:locale\" content=\"es_ES\" \/>\n<meta property=\"og:type\" content=\"article\" \/>\n<meta property=\"og:title\" content=\"Mar\u00eda Eugenia Ulfe - Las Cr\u00edticas\" \/>\n<meta property=\"og:description\" content=\"Mar\u00eda Eugenia Ulfe es antrop\u00f3loga e investigadora. Es doctora en Ciencias Humanas por la Universidad George Washington. Dirige la Maestr\u00eda en Antropolog\u00eda Visual de la Pontificia Universidad Cat\u00f3lica del Per\u00fa.\" \/>\n<meta property=\"og:url\" content=\"https:\/\/lascriticas.com\/index.php\/lascriticas\/maria-eugenia-ulfe\/\" \/>\n<meta property=\"og:site_name\" content=\"Las Cr\u00edticas\" \/>\n<meta property=\"article:publisher\" content=\"https:\/\/www.facebook.com\/lascriticas\/\" \/>\n<meta property=\"article:modified_time\" content=\"2022-06-25T14:09:47+00:00\" \/>\n<meta property=\"og:image\" content=\"https:\/\/lascriticas.com\/wp-content\/uploads\/2021\/10\/Maria-Eugenia-Ulfe.jpg\" \/>\n\t<meta property=\"og:image:width\" content=\"1080\" \/>\n\t<meta property=\"og:image:height\" content=\"530\" \/>\n\t<meta property=\"og:image:type\" content=\"image\/jpeg\" \/>\n<meta name=\"twitter:card\" content=\"summary_large_image\" \/>\n<meta name=\"twitter:site\" content=\"@LasCriticas_com\" \/>\n<meta name=\"twitter:label1\" content=\"Tiempo de lectura\" \/>\n\t<meta name=\"twitter:data1\" content=\"1 minuto\" \/>\n<script type=\"application\/ld+json\" class=\"yoast-schema-graph\">{\"@context\":\"https:\/\/schema.org\",\"@graph\":[{\"@type\":\"WebPage\",\"@id\":\"https:\/\/lascriticas.com\/index.php\/lascriticas\/maria-eugenia-ulfe\/\",\"url\":\"https:\/\/lascriticas.com\/index.php\/lascriticas\/maria-eugenia-ulfe\/\",\"name\":\"Mar\u00eda Eugenia Ulfe - Las Cr\u00edticas\",\"isPartOf\":{\"@id\":\"https:\/\/lascriticas.com\/#website\"},\"primaryImageOfPage\":{\"@id\":\"https:\/\/lascriticas.com\/index.php\/lascriticas\/maria-eugenia-ulfe\/#primaryimage\"},\"image\":{\"@id\":\"https:\/\/lascriticas.com\/index.php\/lascriticas\/maria-eugenia-ulfe\/#primaryimage\"},\"thumbnailUrl\":\"https:\/\/lascriticas.com\/wp-content\/uploads\/2021\/10\/Maria-Eugenia-Ulfe.jpg\",\"datePublished\":\"2021-10-24T20:29:52+00:00\",\"dateModified\":\"2022-06-25T14:09:47+00:00\",\"description\":\"Mar\u00eda Eugenia Ulfe es antrop\u00f3loga e investigadora. Es doctora en Ciencias Humanas por la Universidad George Washington. Dirige la Maestr\u00eda en Antropolog\u00eda Visual de la Pontificia Universidad Cat\u00f3lica del Per\u00fa.\",\"breadcrumb\":{\"@id\":\"https:\/\/lascriticas.com\/index.php\/lascriticas\/maria-eugenia-ulfe\/#breadcrumb\"},\"inLanguage\":\"es\",\"potentialAction\":[{\"@type\":\"ReadAction\",\"target\":[\"https:\/\/lascriticas.com\/index.php\/lascriticas\/maria-eugenia-ulfe\/\"]}]},{\"@type\":\"ImageObject\",\"inLanguage\":\"es\",\"@id\":\"https:\/\/lascriticas.com\/index.php\/lascriticas\/maria-eugenia-ulfe\/#primaryimage\",\"url\":\"https:\/\/lascriticas.com\/wp-content\/uploads\/2021\/10\/Maria-Eugenia-Ulfe.jpg\",\"contentUrl\":\"https:\/\/lascriticas.com\/wp-content\/uploads\/2021\/10\/Maria-Eugenia-Ulfe.jpg\",\"width\":1080,\"height\":530},{\"@type\":\"BreadcrumbList\",\"@id\":\"https:\/\/lascriticas.com\/index.php\/lascriticas\/maria-eugenia-ulfe\/#breadcrumb\",\"itemListElement\":[{\"@type\":\"ListItem\",\"position\":1,\"name\":\"Inicio\",\"item\":\"https:\/\/lascriticas.com\/\"},{\"@type\":\"ListItem\",\"position\":2,\"name\":\"Las Cr\u00edticas\",\"item\":\"https:\/\/lascriticas.com\/index.php\/lascriticas\/\"},{\"@type\":\"ListItem\",\"position\":3,\"name\":\"Mar\u00eda Eugenia Ulfe\"}]},{\"@type\":\"WebSite\",\"@id\":\"https:\/\/lascriticas.com\/#website\",\"url\":\"https:\/\/lascriticas.com\/\",\"name\":\"Las Cr\u00edticas\",\"description\":\"Cr\u00edtica literaria hecha por mujeres\",\"publisher\":{\"@id\":\"https:\/\/lascriticas.com\/#organization\"},\"potentialAction\":[{\"@type\":\"SearchAction\",\"target\":{\"@type\":\"EntryPoint\",\"urlTemplate\":\"https:\/\/lascriticas.com\/?s={search_term_string}\"},\"query-input\":{\"@type\":\"PropertyValueSpecification\",\"valueRequired\":true,\"valueName\":\"search_term_string\"}}],\"inLanguage\":\"es\"},{\"@type\":\"Organization\",\"@id\":\"https:\/\/lascriticas.com\/#organization\",\"name\":\"Las Cr\u00edticas\",\"url\":\"https:\/\/lascriticas.com\/\",\"logo\":{\"@type\":\"ImageObject\",\"inLanguage\":\"es\",\"@id\":\"https:\/\/lascriticas.com\/#\/schema\/logo\/image\/\",\"url\":\"https:\/\/lascriticas.com\/wp-content\/uploads\/2016\/09\/Las-Cr\u00edticas.png\",\"contentUrl\":\"https:\/\/lascriticas.com\/wp-content\/uploads\/2016\/09\/Las-Cr\u00edticas.png\",\"width\":372,\"height\":201,\"caption\":\"Las Cr\u00edticas\"},\"image\":{\"@id\":\"https:\/\/lascriticas.com\/#\/schema\/logo\/image\/\"},\"sameAs\":[\"https:\/\/www.facebook.com\/lascriticas\/\",\"https:\/\/x.com\/LasCriticas_com\",\"https:\/\/www.instagram.com\/lascriticas_com\/\",\"https:\/\/www.youtube.com\/channel\/UCd7r-H6EJA4sSXGLX33_iHQ\"]}]}<\/script>\n<!-- \/ Yoast SEO plugin. -->","yoast_head_json":{"title":"Mar\u00eda Eugenia Ulfe - Las Cr\u00edticas","description":"Mar\u00eda Eugenia Ulfe es antrop\u00f3loga e investigadora. Es doctora en Ciencias Humanas por la Universidad George Washington. Dirige la Maestr\u00eda en Antropolog\u00eda Visual de la Pontificia Universidad Cat\u00f3lica del Per\u00fa.","robots":{"index":"index","follow":"follow","max-snippet":"max-snippet:-1","max-image-preview":"max-image-preview:large","max-video-preview":"max-video-preview:-1"},"canonical":"https:\/\/lascriticas.com\/index.php\/lascriticas\/maria-eugenia-ulfe\/","og_locale":"es_ES","og_type":"article","og_title":"Mar\u00eda Eugenia Ulfe - Las Cr\u00edticas","og_description":"Mar\u00eda Eugenia Ulfe es antrop\u00f3loga e investigadora. Es doctora en Ciencias Humanas por la Universidad George Washington. Dirige la Maestr\u00eda en Antropolog\u00eda Visual de la Pontificia Universidad Cat\u00f3lica del Per\u00fa.","og_url":"https:\/\/lascriticas.com\/index.php\/lascriticas\/maria-eugenia-ulfe\/","og_site_name":"Las Cr\u00edticas","article_publisher":"https:\/\/www.facebook.com\/lascriticas\/","article_modified_time":"2022-06-25T14:09:47+00:00","og_image":[{"width":1080,"height":530,"url":"https:\/\/lascriticas.com\/wp-content\/uploads\/2021\/10\/Maria-Eugenia-Ulfe.jpg","type":"image\/jpeg"}],"twitter_card":"summary_large_image","twitter_site":"@LasCriticas_com","twitter_misc":{"Tiempo de lectura":"1 minuto"},"schema":{"@context":"https:\/\/schema.org","@graph":[{"@type":"WebPage","@id":"https:\/\/lascriticas.com\/index.php\/lascriticas\/maria-eugenia-ulfe\/","url":"https:\/\/lascriticas.com\/index.php\/lascriticas\/maria-eugenia-ulfe\/","name":"Mar\u00eda Eugenia Ulfe - Las Cr\u00edticas","isPartOf":{"@id":"https:\/\/lascriticas.com\/#website"},"primaryImageOfPage":{"@id":"https:\/\/lascriticas.com\/index.php\/lascriticas\/maria-eugenia-ulfe\/#primaryimage"},"image":{"@id":"https:\/\/lascriticas.com\/index.php\/lascriticas\/maria-eugenia-ulfe\/#primaryimage"},"thumbnailUrl":"https:\/\/lascriticas.com\/wp-content\/uploads\/2021\/10\/Maria-Eugenia-Ulfe.jpg","datePublished":"2021-10-24T20:29:52+00:00","dateModified":"2022-06-25T14:09:47+00:00","description":"Mar\u00eda Eugenia Ulfe es antrop\u00f3loga e investigadora. Es doctora en Ciencias Humanas por la Universidad George Washington. Dirige la Maestr\u00eda en Antropolog\u00eda Visual de la Pontificia Universidad Cat\u00f3lica del Per\u00fa.","breadcrumb":{"@id":"https:\/\/lascriticas.com\/index.php\/lascriticas\/maria-eugenia-ulfe\/#breadcrumb"},"inLanguage":"es","potentialAction":[{"@type":"ReadAction","target":["https:\/\/lascriticas.com\/index.php\/lascriticas\/maria-eugenia-ulfe\/"]}]},{"@type":"ImageObject","inLanguage":"es","@id":"https:\/\/lascriticas.com\/index.php\/lascriticas\/maria-eugenia-ulfe\/#primaryimage","url":"https:\/\/lascriticas.com\/wp-content\/uploads\/2021\/10\/Maria-Eugenia-Ulfe.jpg","contentUrl":"https:\/\/lascriticas.com\/wp-content\/uploads\/2021\/10\/Maria-Eugenia-Ulfe.jpg","width":1080,"height":530},{"@type":"BreadcrumbList","@id":"https:\/\/lascriticas.com\/index.php\/lascriticas\/maria-eugenia-ulfe\/#breadcrumb","itemListElement":[{"@type":"ListItem","position":1,"name":"Inicio","item":"https:\/\/lascriticas.com\/"},{"@type":"ListItem","position":2,"name":"Las Cr\u00edticas","item":"https:\/\/lascriticas.com\/index.php\/lascriticas\/"},{"@type":"ListItem","position":3,"name":"Mar\u00eda Eugenia Ulfe"}]},{"@type":"WebSite","@id":"https:\/\/lascriticas.com\/#website","url":"https:\/\/lascriticas.com\/","name":"Las Cr\u00edticas","description":"Cr\u00edtica literaria hecha por mujeres","publisher":{"@id":"https:\/\/lascriticas.com\/#organization"},"potentialAction":[{"@type":"SearchAction","target":{"@type":"EntryPoint","urlTemplate":"https:\/\/lascriticas.com\/?s={search_term_string}"},"query-input":{"@type":"PropertyValueSpecification","valueRequired":true,"valueName":"search_term_string"}}],"inLanguage":"es"},{"@type":"Organization","@id":"https:\/\/lascriticas.com\/#organization","name":"Las Cr\u00edticas","url":"https:\/\/lascriticas.com\/","logo":{"@type":"ImageObject","inLanguage":"es","@id":"https:\/\/lascriticas.com\/#\/schema\/logo\/image\/","url":"https:\/\/lascriticas.com\/wp-content\/uploads\/2016\/09\/Las-Cr\u00edticas.png","contentUrl":"https:\/\/lascriticas.com\/wp-content\/uploads\/2016\/09\/Las-Cr\u00edticas.png","width":372,"height":201,"caption":"Las Cr\u00edticas"},"image":{"@id":"https:\/\/lascriticas.com\/#\/schema\/logo\/image\/"},"sameAs":["https:\/\/www.facebook.com\/lascriticas\/","https:\/\/x.com\/LasCriticas_com","https:\/\/www.instagram.com\/lascriticas_com\/","https:\/\/www.youtube.com\/channel\/UCd7r-H6EJA4sSXGLX33_iHQ"]}]}},"_links":{"self":[{"href":"https:\/\/lascriticas.com\/index.php\/wp-json\/wp\/v2\/pages\/4722"}],"collection":[{"href":"https:\/\/lascriticas.com\/index.php\/wp-json\/wp\/v2\/pages"}],"about":[{"href":"https:\/\/lascriticas.com\/index.php\/wp-json\/wp\/v2\/types\/page"}],"author":[{"embeddable":true,"href":"https:\/\/lascriticas.com\/index.php\/wp-json\/wp\/v2\/users\/1"}],"replies":[{"embeddable":true,"href":"https:\/\/lascriticas.com\/index.php\/wp-json\/wp\/v2\/comments?post=4722"}],"version-history":[{"count":7,"href":"https:\/\/lascriticas.com\/index.php\/wp-json\/wp\/v2\/pages\/4722\/revisions"}],"predecessor-version":[{"id":5037,"href":"https:\/\/lascriticas.com\/index.php\/wp-json\/wp\/v2\/pages\/4722\/revisions\/5037"}],"up":[{"embeddable":true,"href":"https:\/\/lascriticas.com\/index.php\/wp-json\/wp\/v2\/pages\/68"}],"wp:featuredmedia":[{"embeddable":true,"href":"https:\/\/lascriticas.com\/index.php\/wp-json\/wp\/v2\/media\/4742"}],"wp:attachment":[{"href":"https:\/\/lascriticas.com\/index.php\/wp-json\/wp\/v2\/media?parent=4722"}],"curies":[{"name":"wp","href":"https:\/\/api.w.org\/{rel}","templated":true}]}}