{"id":461,"date":"2016-10-17T00:07:15","date_gmt":"2016-10-16T22:07:15","guid":{"rendered":"http:\/\/lascriticas.com\/?page_id=461"},"modified":"2021-01-19T20:29:38","modified_gmt":"2021-01-19T19:29:38","slug":"anouk-guine","status":"publish","type":"page","link":"https:\/\/lascriticas.com\/index.php\/lascriticas\/anouk-guine\/","title":{"rendered":"Anouk Guin\u00e9"},"content":{"rendered":"<p style=\"text-align: justify;\"><span style=\"font-size: 16px;\"><strong>Anouk Guin\u00e9<\/strong> es soci\u00f3loga y poeta francesa. Ha sido Investigadora asociada del <a href=\"http:\/\/www.ifea.org.pe\">Instituto Franc\u00e9s de Estudios Andinos<\/a> (IFEA) en Lima, Profesora invitada del departamento de Historia de la Universidad Nacional de San Marcos, en Ciencias Pol\u00edticas de la New School (USA), y en Estudios de G\u00e9nero en la Universidad para la Paz, Costa Rica. Fue tambi\u00e9n consultora para agencias de Naciones Unidas en Costa de Marfil y Costa Rica. Es especialista en estudios de g\u00e9nero, multiculturalismo, ciudadan\u00eda, movimientos sociales y conflictos armados.<\/span><br \/>\n<span style=\"font-size: 16px;\">Pertenece al Gremio de Escritores del Per\u00fa. Es redactora en la revista francesa <a href=\"https:\/\/blogs.mediapart.fr\/anouk-guine\/blog\">Mediapart<\/a>, ha publicado cr\u00edticas, notas de lectura, narrativa (cuentos) y poes\u00eda en Vericuetos, La Otra Ribera, Po\u00e9sie 1 y Universo Latino (Par\u00eds), Sieteculebras (Cusco), El Peruano, Limagris y Maestra Vida (Lima), La Otra y Archipi\u00e9lago (M\u00e9xico), \u00d3mnibus (Madrid) e INTI, Revista de Literatura Hisp\u00e1nica (USA), Le Monde diplomatique y L&#8217;Humanit\u00e9. Particip\u00f3 en el proyecto y museo <a href=\"http:\/\/www.shoesornoshoes.com\">Shoes Or No Shoes<\/a> (SONS) en B\u00e9lgica. Integr\u00f3 el colectivo franc\u00e9s de poes\u00eda <a href=\"http:\/\/www.art-chignaned.com\/spip\/\">@rt-chignaned<\/a>, creado por Serge Mathurin Th\u00e9bault.<\/span><br \/>\n<span style=\"font-size: 16px;\">Desde 2009, es profesora titular en la Facultad de Relaciones Internacionales de la Universidad de Le Havre (Francia), miembro permanente del <a href=\"https:\/\/gric.univ-lehavre.fr\">Groupe de Recherche Identit\u00e9s et Cultures<\/a> (GRIC) de la misma universidad, y Jefa de Redacci\u00f3n de <a href=\"https:\/\/gric.univ-lehavre.fr\/spip.php?rubrique66\">EOLLE, Est Ouest Langues Litt\u00e9rature \u00c9changes<\/a>, revista internacional en letras y ciencias sociales.<\/span><br \/>\n<span style=\"font-size: 16px;\">En poes\u00eda, public\u00f3 <em>Voz Nuda\/Voix Nue<\/em> (El Propio Bolsillo (ed.), Medell\u00edn, 2004) y pr\u00f3ximamente <em>Extrema unci\u00f3n \/ Onction extr\u00eame<\/em> en Francia.<\/span><\/p>\n<p style=\"text-align: justify;\"><span style=\"font-size: 16px;\">Vive entre el Per\u00fa y Francia.<\/span><\/p>\n<p style=\"text-align: justify;\"><span style=\"font-size: 16px;\"><strong><a href=\"https:\/\/lascriticas.com\/index.php\/author\/anouk-guine\/\">Sus cr\u00edticas<\/a><\/strong><\/span><\/p>\n","protected":false},"excerpt":{"rendered":"<p>Anouk Guin\u00e9 es soci\u00f3loga y poeta francesa. Ha sido Investigadora asociada del Instituto Franc\u00e9s de Estudios Andinos (IFEA) en Lima, Profesora invitada del departamento de Historia de la Universidad Nacional de San Marcos, en Ciencias Pol\u00edticas de la New School (USA), y en Estudios de G\u00e9nero en la Universidad para la Paz, Costa Rica. Fue&#8230;<\/p>\n","protected":false},"author":1,"featured_media":3803,"parent":68,"menu_order":0,"comment_status":"closed","ping_status":"closed","template":"","meta":{"footnotes":""},"yoast_head":"<!-- This site is optimized with the Yoast SEO plugin v23.5 - https:\/\/yoast.com\/wordpress\/plugins\/seo\/ -->\n<title>Anouk Guin\u00e9 - Las Cr\u00edticas<\/title>\n<meta name=\"description\" content=\"Soci\u00f3loga, escritora y poeta francesa, profesora universitaria, consultora para las Naciones Unidas y especialista en g\u00e9nero y ciudadan\u00eda.\" \/>\n<meta name=\"robots\" content=\"index, follow, max-snippet:-1, max-image-preview:large, max-video-preview:-1\" \/>\n<link rel=\"canonical\" href=\"https:\/\/lascriticas.com\/index.php\/lascriticas\/anouk-guine\/\" \/>\n<meta property=\"og:locale\" content=\"es_ES\" \/>\n<meta property=\"og:type\" content=\"article\" \/>\n<meta property=\"og:title\" content=\"Anouk Guin\u00e9 - Las Cr\u00edticas\" \/>\n<meta property=\"og:description\" content=\"Soci\u00f3loga, escritora y poeta francesa, profesora universitaria, consultora para las Naciones Unidas y especialista en g\u00e9nero y ciudadan\u00eda.\" \/>\n<meta property=\"og:url\" content=\"https:\/\/lascriticas.com\/index.php\/lascriticas\/anouk-guine\/\" \/>\n<meta property=\"og:site_name\" content=\"Las Cr\u00edticas\" \/>\n<meta property=\"article:publisher\" content=\"https:\/\/www.facebook.com\/lascriticas\/\" \/>\n<meta property=\"article:modified_time\" content=\"2021-01-19T19:29:38+00:00\" \/>\n<meta property=\"og:image\" content=\"https:\/\/lascriticas.com\/wp-content\/uploads\/2021\/01\/Anouk-Guine.jpeg\" \/>\n\t<meta property=\"og:image:width\" content=\"1080\" \/>\n\t<meta property=\"og:image:height\" content=\"530\" \/>\n\t<meta property=\"og:image:type\" content=\"image\/jpeg\" \/>\n<meta name=\"twitter:card\" content=\"summary_large_image\" \/>\n<meta name=\"twitter:site\" content=\"@LasCriticas_com\" \/>\n<meta name=\"twitter:label1\" content=\"Tiempo de lectura\" \/>\n\t<meta name=\"twitter:data1\" content=\"2 minutos\" \/>\n<script type=\"application\/ld+json\" class=\"yoast-schema-graph\">{\"@context\":\"https:\/\/schema.org\",\"@graph\":[{\"@type\":\"WebPage\",\"@id\":\"https:\/\/lascriticas.com\/index.php\/lascriticas\/anouk-guine\/\",\"url\":\"https:\/\/lascriticas.com\/index.php\/lascriticas\/anouk-guine\/\",\"name\":\"Anouk Guin\u00e9 - Las Cr\u00edticas\",\"isPartOf\":{\"@id\":\"https:\/\/lascriticas.com\/#website\"},\"primaryImageOfPage\":{\"@id\":\"https:\/\/lascriticas.com\/index.php\/lascriticas\/anouk-guine\/#primaryimage\"},\"image\":{\"@id\":\"https:\/\/lascriticas.com\/index.php\/lascriticas\/anouk-guine\/#primaryimage\"},\"thumbnailUrl\":\"https:\/\/lascriticas.com\/wp-content\/uploads\/2021\/01\/Anouk-Guine.jpeg\",\"datePublished\":\"2016-10-16T22:07:15+00:00\",\"dateModified\":\"2021-01-19T19:29:38+00:00\",\"description\":\"Soci\u00f3loga, escritora y poeta francesa, profesora universitaria, consultora para las Naciones Unidas y especialista en g\u00e9nero y ciudadan\u00eda.\",\"breadcrumb\":{\"@id\":\"https:\/\/lascriticas.com\/index.php\/lascriticas\/anouk-guine\/#breadcrumb\"},\"inLanguage\":\"es\",\"potentialAction\":[{\"@type\":\"ReadAction\",\"target\":[\"https:\/\/lascriticas.com\/index.php\/lascriticas\/anouk-guine\/\"]}]},{\"@type\":\"ImageObject\",\"inLanguage\":\"es\",\"@id\":\"https:\/\/lascriticas.com\/index.php\/lascriticas\/anouk-guine\/#primaryimage\",\"url\":\"https:\/\/lascriticas.com\/wp-content\/uploads\/2021\/01\/Anouk-Guine.jpeg\",\"contentUrl\":\"https:\/\/lascriticas.com\/wp-content\/uploads\/2021\/01\/Anouk-Guine.jpeg\",\"width\":1080,\"height\":530},{\"@type\":\"BreadcrumbList\",\"@id\":\"https:\/\/lascriticas.com\/index.php\/lascriticas\/anouk-guine\/#breadcrumb\",\"itemListElement\":[{\"@type\":\"ListItem\",\"position\":1,\"name\":\"Inicio\",\"item\":\"https:\/\/lascriticas.com\/\"},{\"@type\":\"ListItem\",\"position\":2,\"name\":\"Las Cr\u00edticas\",\"item\":\"https:\/\/lascriticas.com\/index.php\/lascriticas\/\"},{\"@type\":\"ListItem\",\"position\":3,\"name\":\"Anouk Guin\u00e9\"}]},{\"@type\":\"WebSite\",\"@id\":\"https:\/\/lascriticas.com\/#website\",\"url\":\"https:\/\/lascriticas.com\/\",\"name\":\"Las Cr\u00edticas\",\"description\":\"Cr\u00edtica literaria hecha por mujeres\",\"publisher\":{\"@id\":\"https:\/\/lascriticas.com\/#organization\"},\"potentialAction\":[{\"@type\":\"SearchAction\",\"target\":{\"@type\":\"EntryPoint\",\"urlTemplate\":\"https:\/\/lascriticas.com\/?s={search_term_string}\"},\"query-input\":{\"@type\":\"PropertyValueSpecification\",\"valueRequired\":true,\"valueName\":\"search_term_string\"}}],\"inLanguage\":\"es\"},{\"@type\":\"Organization\",\"@id\":\"https:\/\/lascriticas.com\/#organization\",\"name\":\"Las Cr\u00edticas\",\"url\":\"https:\/\/lascriticas.com\/\",\"logo\":{\"@type\":\"ImageObject\",\"inLanguage\":\"es\",\"@id\":\"https:\/\/lascriticas.com\/#\/schema\/logo\/image\/\",\"url\":\"https:\/\/lascriticas.com\/wp-content\/uploads\/2016\/09\/Las-Cr\u00edticas.png\",\"contentUrl\":\"https:\/\/lascriticas.com\/wp-content\/uploads\/2016\/09\/Las-Cr\u00edticas.png\",\"width\":372,\"height\":201,\"caption\":\"Las Cr\u00edticas\"},\"image\":{\"@id\":\"https:\/\/lascriticas.com\/#\/schema\/logo\/image\/\"},\"sameAs\":[\"https:\/\/www.facebook.com\/lascriticas\/\",\"https:\/\/x.com\/LasCriticas_com\",\"https:\/\/www.instagram.com\/lascriticas_com\/\",\"https:\/\/www.youtube.com\/channel\/UCd7r-H6EJA4sSXGLX33_iHQ\"]}]}<\/script>\n<!-- \/ Yoast SEO plugin. -->","yoast_head_json":{"title":"Anouk Guin\u00e9 - Las Cr\u00edticas","description":"Soci\u00f3loga, escritora y poeta francesa, profesora universitaria, consultora para las Naciones Unidas y especialista en g\u00e9nero y ciudadan\u00eda.","robots":{"index":"index","follow":"follow","max-snippet":"max-snippet:-1","max-image-preview":"max-image-preview:large","max-video-preview":"max-video-preview:-1"},"canonical":"https:\/\/lascriticas.com\/index.php\/lascriticas\/anouk-guine\/","og_locale":"es_ES","og_type":"article","og_title":"Anouk Guin\u00e9 - Las Cr\u00edticas","og_description":"Soci\u00f3loga, escritora y poeta francesa, profesora universitaria, consultora para las Naciones Unidas y especialista en g\u00e9nero y ciudadan\u00eda.","og_url":"https:\/\/lascriticas.com\/index.php\/lascriticas\/anouk-guine\/","og_site_name":"Las Cr\u00edticas","article_publisher":"https:\/\/www.facebook.com\/lascriticas\/","article_modified_time":"2021-01-19T19:29:38+00:00","og_image":[{"width":1080,"height":530,"url":"https:\/\/lascriticas.com\/wp-content\/uploads\/2021\/01\/Anouk-Guine.jpeg","type":"image\/jpeg"}],"twitter_card":"summary_large_image","twitter_site":"@LasCriticas_com","twitter_misc":{"Tiempo de lectura":"2 minutos"},"schema":{"@context":"https:\/\/schema.org","@graph":[{"@type":"WebPage","@id":"https:\/\/lascriticas.com\/index.php\/lascriticas\/anouk-guine\/","url":"https:\/\/lascriticas.com\/index.php\/lascriticas\/anouk-guine\/","name":"Anouk Guin\u00e9 - Las Cr\u00edticas","isPartOf":{"@id":"https:\/\/lascriticas.com\/#website"},"primaryImageOfPage":{"@id":"https:\/\/lascriticas.com\/index.php\/lascriticas\/anouk-guine\/#primaryimage"},"image":{"@id":"https:\/\/lascriticas.com\/index.php\/lascriticas\/anouk-guine\/#primaryimage"},"thumbnailUrl":"https:\/\/lascriticas.com\/wp-content\/uploads\/2021\/01\/Anouk-Guine.jpeg","datePublished":"2016-10-16T22:07:15+00:00","dateModified":"2021-01-19T19:29:38+00:00","description":"Soci\u00f3loga, escritora y poeta francesa, profesora universitaria, consultora para las Naciones Unidas y especialista en g\u00e9nero y ciudadan\u00eda.","breadcrumb":{"@id":"https:\/\/lascriticas.com\/index.php\/lascriticas\/anouk-guine\/#breadcrumb"},"inLanguage":"es","potentialAction":[{"@type":"ReadAction","target":["https:\/\/lascriticas.com\/index.php\/lascriticas\/anouk-guine\/"]}]},{"@type":"ImageObject","inLanguage":"es","@id":"https:\/\/lascriticas.com\/index.php\/lascriticas\/anouk-guine\/#primaryimage","url":"https:\/\/lascriticas.com\/wp-content\/uploads\/2021\/01\/Anouk-Guine.jpeg","contentUrl":"https:\/\/lascriticas.com\/wp-content\/uploads\/2021\/01\/Anouk-Guine.jpeg","width":1080,"height":530},{"@type":"BreadcrumbList","@id":"https:\/\/lascriticas.com\/index.php\/lascriticas\/anouk-guine\/#breadcrumb","itemListElement":[{"@type":"ListItem","position":1,"name":"Inicio","item":"https:\/\/lascriticas.com\/"},{"@type":"ListItem","position":2,"name":"Las Cr\u00edticas","item":"https:\/\/lascriticas.com\/index.php\/lascriticas\/"},{"@type":"ListItem","position":3,"name":"Anouk Guin\u00e9"}]},{"@type":"WebSite","@id":"https:\/\/lascriticas.com\/#website","url":"https:\/\/lascriticas.com\/","name":"Las Cr\u00edticas","description":"Cr\u00edtica literaria hecha por mujeres","publisher":{"@id":"https:\/\/lascriticas.com\/#organization"},"potentialAction":[{"@type":"SearchAction","target":{"@type":"EntryPoint","urlTemplate":"https:\/\/lascriticas.com\/?s={search_term_string}"},"query-input":{"@type":"PropertyValueSpecification","valueRequired":true,"valueName":"search_term_string"}}],"inLanguage":"es"},{"@type":"Organization","@id":"https:\/\/lascriticas.com\/#organization","name":"Las Cr\u00edticas","url":"https:\/\/lascriticas.com\/","logo":{"@type":"ImageObject","inLanguage":"es","@id":"https:\/\/lascriticas.com\/#\/schema\/logo\/image\/","url":"https:\/\/lascriticas.com\/wp-content\/uploads\/2016\/09\/Las-Cr\u00edticas.png","contentUrl":"https:\/\/lascriticas.com\/wp-content\/uploads\/2016\/09\/Las-Cr\u00edticas.png","width":372,"height":201,"caption":"Las Cr\u00edticas"},"image":{"@id":"https:\/\/lascriticas.com\/#\/schema\/logo\/image\/"},"sameAs":["https:\/\/www.facebook.com\/lascriticas\/","https:\/\/x.com\/LasCriticas_com","https:\/\/www.instagram.com\/lascriticas_com\/","https:\/\/www.youtube.com\/channel\/UCd7r-H6EJA4sSXGLX33_iHQ"]}]}},"_links":{"self":[{"href":"https:\/\/lascriticas.com\/index.php\/wp-json\/wp\/v2\/pages\/461"}],"collection":[{"href":"https:\/\/lascriticas.com\/index.php\/wp-json\/wp\/v2\/pages"}],"about":[{"href":"https:\/\/lascriticas.com\/index.php\/wp-json\/wp\/v2\/types\/page"}],"author":[{"embeddable":true,"href":"https:\/\/lascriticas.com\/index.php\/wp-json\/wp\/v2\/users\/1"}],"replies":[{"embeddable":true,"href":"https:\/\/lascriticas.com\/index.php\/wp-json\/wp\/v2\/comments?post=461"}],"version-history":[{"count":14,"href":"https:\/\/lascriticas.com\/index.php\/wp-json\/wp\/v2\/pages\/461\/revisions"}],"predecessor-version":[{"id":3804,"href":"https:\/\/lascriticas.com\/index.php\/wp-json\/wp\/v2\/pages\/461\/revisions\/3804"}],"up":[{"embeddable":true,"href":"https:\/\/lascriticas.com\/index.php\/wp-json\/wp\/v2\/pages\/68"}],"wp:featuredmedia":[{"embeddable":true,"href":"https:\/\/lascriticas.com\/index.php\/wp-json\/wp\/v2\/media\/3803"}],"wp:attachment":[{"href":"https:\/\/lascriticas.com\/index.php\/wp-json\/wp\/v2\/media?parent=461"}],"curies":[{"name":"wp","href":"https:\/\/api.w.org\/{rel}","templated":true}]}}