{"id":4428,"date":"2021-06-14T23:25:06","date_gmt":"2021-06-14T21:25:06","guid":{"rendered":"https:\/\/lascriticas.com\/?page_id=4428"},"modified":"2021-06-14T23:29:16","modified_gmt":"2021-06-14T21:29:16","slug":"johana-elizabeth-abarca-baca","status":"publish","type":"page","link":"https:\/\/lascriticas.com\/index.php\/lascriticas\/johana-elizabeth-abarca-baca\/","title":{"rendered":"Johana Elizabeth Abarca Baca"},"content":{"rendered":"<div style=\"text-align: justify;\"><span style=\"font-size: 16px;\"><span lang=\"ES\"><strong>Johana Elizabeth Abarca Baca<\/strong> es m<\/span><span lang=\"ES\">ediadora de lectura, fundadora y participante de diferentes Clubes de Lectura en la ciudad de Cusco (2014 -2021). Es tallerista en \u201cCreaci\u00f3n y Gesti\u00f3n de C\u00edrculos de Lectura\u201d con la Direcci\u00f3n Desconcentrada de Cultura de Cusco (2017), tambi\u00e9n es voluntaria de la Biblioteca Municipal Gustavo P\u00e9rez Ocampo (2018), conduce el programa \u201cBiblioteca al Aire\u201d (2018) y participa del Equipo de Bibliotecolog\u00eda de Proyecto de Mejoramiento de Servicios de la Biblioteca Municipal del Cusco \u201cGustavo P\u00e9rez Ocampo\u201d(2018). Administra La Dragona Librer\u00eda &amp; Club Cultural (2019).<\/span><\/span><\/div>\n<div><\/div>\n<div><a href=\"https:\/\/lascriticas.com\/index.php\/author\/johana-abarca\/\"><strong>Sus cr\u00edticas<\/strong><\/a><\/div>\n","protected":false},"excerpt":{"rendered":"<p>Johana Elizabeth Abarca Baca es mediadora de lectura, fundadora y participante de diferentes Clubes de Lectura en la ciudad de Cusco (2014 -2021). Es tallerista en \u201cCreaci\u00f3n y Gesti\u00f3n de C\u00edrculos de Lectura\u201d con la Direcci\u00f3n Desconcentrada de Cultura de Cusco (2017), tambi\u00e9n es voluntaria de la Biblioteca Municipal Gustavo P\u00e9rez Ocampo (2018), conduce el&#8230;<\/p>\n","protected":false},"author":1,"featured_media":4491,"parent":68,"menu_order":0,"comment_status":"closed","ping_status":"closed","template":"","meta":{"footnotes":""},"yoast_head":"<!-- This site is optimized with the Yoast SEO plugin v23.5 - https:\/\/yoast.com\/wordpress\/plugins\/seo\/ -->\n<title>Johana Elizabeth Abarca Baca - Las Cr\u00edticas<\/title>\n<meta name=\"description\" content=\"Johana Abarca Baca es mediadora de lectura, fundadora de clubes y talleres y participa en pol\u00edticas p\u00fablicas para la lectura en el Cusco.\" \/>\n<meta name=\"robots\" content=\"index, follow, max-snippet:-1, max-image-preview:large, max-video-preview:-1\" \/>\n<link rel=\"canonical\" href=\"https:\/\/lascriticas.com\/index.php\/lascriticas\/johana-elizabeth-abarca-baca\/\" \/>\n<meta property=\"og:locale\" content=\"es_ES\" \/>\n<meta property=\"og:type\" content=\"article\" \/>\n<meta property=\"og:title\" content=\"Johana Elizabeth Abarca Baca - Las Cr\u00edticas\" \/>\n<meta property=\"og:description\" content=\"Johana Abarca Baca es mediadora de lectura, fundadora de clubes y talleres y participa en pol\u00edticas p\u00fablicas para la lectura en el Cusco.\" \/>\n<meta property=\"og:url\" content=\"https:\/\/lascriticas.com\/index.php\/lascriticas\/johana-elizabeth-abarca-baca\/\" \/>\n<meta property=\"og:site_name\" content=\"Las Cr\u00edticas\" \/>\n<meta property=\"article:publisher\" content=\"https:\/\/www.facebook.com\/lascriticas\/\" \/>\n<meta property=\"article:modified_time\" content=\"2021-06-14T21:29:16+00:00\" \/>\n<meta property=\"og:image\" content=\"https:\/\/lascriticas.com\/wp-content\/uploads\/2021\/06\/Johana-Abarca.jpg\" \/>\n\t<meta property=\"og:image:width\" content=\"1080\" \/>\n\t<meta property=\"og:image:height\" content=\"530\" \/>\n\t<meta property=\"og:image:type\" content=\"image\/jpeg\" \/>\n<meta name=\"twitter:card\" content=\"summary_large_image\" \/>\n<meta name=\"twitter:site\" content=\"@LasCriticas_com\" \/>\n<meta name=\"twitter:label1\" content=\"Tiempo de lectura\" \/>\n\t<meta name=\"twitter:data1\" content=\"1 minuto\" \/>\n<script type=\"application\/ld+json\" class=\"yoast-schema-graph\">{\"@context\":\"https:\/\/schema.org\",\"@graph\":[{\"@type\":\"WebPage\",\"@id\":\"https:\/\/lascriticas.com\/index.php\/lascriticas\/johana-elizabeth-abarca-baca\/\",\"url\":\"https:\/\/lascriticas.com\/index.php\/lascriticas\/johana-elizabeth-abarca-baca\/\",\"name\":\"Johana Elizabeth Abarca Baca - Las Cr\u00edticas\",\"isPartOf\":{\"@id\":\"https:\/\/lascriticas.com\/#website\"},\"primaryImageOfPage\":{\"@id\":\"https:\/\/lascriticas.com\/index.php\/lascriticas\/johana-elizabeth-abarca-baca\/#primaryimage\"},\"image\":{\"@id\":\"https:\/\/lascriticas.com\/index.php\/lascriticas\/johana-elizabeth-abarca-baca\/#primaryimage\"},\"thumbnailUrl\":\"https:\/\/lascriticas.com\/wp-content\/uploads\/2021\/06\/Johana-Abarca.jpg\",\"datePublished\":\"2021-06-14T21:25:06+00:00\",\"dateModified\":\"2021-06-14T21:29:16+00:00\",\"description\":\"Johana Abarca Baca es mediadora de lectura, fundadora de clubes y talleres y participa en pol\u00edticas p\u00fablicas para la lectura en el Cusco.\",\"breadcrumb\":{\"@id\":\"https:\/\/lascriticas.com\/index.php\/lascriticas\/johana-elizabeth-abarca-baca\/#breadcrumb\"},\"inLanguage\":\"es\",\"potentialAction\":[{\"@type\":\"ReadAction\",\"target\":[\"https:\/\/lascriticas.com\/index.php\/lascriticas\/johana-elizabeth-abarca-baca\/\"]}]},{\"@type\":\"ImageObject\",\"inLanguage\":\"es\",\"@id\":\"https:\/\/lascriticas.com\/index.php\/lascriticas\/johana-elizabeth-abarca-baca\/#primaryimage\",\"url\":\"https:\/\/lascriticas.com\/wp-content\/uploads\/2021\/06\/Johana-Abarca.jpg\",\"contentUrl\":\"https:\/\/lascriticas.com\/wp-content\/uploads\/2021\/06\/Johana-Abarca.jpg\",\"width\":1080,\"height\":530},{\"@type\":\"BreadcrumbList\",\"@id\":\"https:\/\/lascriticas.com\/index.php\/lascriticas\/johana-elizabeth-abarca-baca\/#breadcrumb\",\"itemListElement\":[{\"@type\":\"ListItem\",\"position\":1,\"name\":\"Inicio\",\"item\":\"https:\/\/lascriticas.com\/\"},{\"@type\":\"ListItem\",\"position\":2,\"name\":\"Las Cr\u00edticas\",\"item\":\"https:\/\/lascriticas.com\/index.php\/lascriticas\/\"},{\"@type\":\"ListItem\",\"position\":3,\"name\":\"Johana Elizabeth Abarca Baca\"}]},{\"@type\":\"WebSite\",\"@id\":\"https:\/\/lascriticas.com\/#website\",\"url\":\"https:\/\/lascriticas.com\/\",\"name\":\"Las Cr\u00edticas\",\"description\":\"Cr\u00edtica literaria hecha por mujeres\",\"publisher\":{\"@id\":\"https:\/\/lascriticas.com\/#organization\"},\"potentialAction\":[{\"@type\":\"SearchAction\",\"target\":{\"@type\":\"EntryPoint\",\"urlTemplate\":\"https:\/\/lascriticas.com\/?s={search_term_string}\"},\"query-input\":{\"@type\":\"PropertyValueSpecification\",\"valueRequired\":true,\"valueName\":\"search_term_string\"}}],\"inLanguage\":\"es\"},{\"@type\":\"Organization\",\"@id\":\"https:\/\/lascriticas.com\/#organization\",\"name\":\"Las Cr\u00edticas\",\"url\":\"https:\/\/lascriticas.com\/\",\"logo\":{\"@type\":\"ImageObject\",\"inLanguage\":\"es\",\"@id\":\"https:\/\/lascriticas.com\/#\/schema\/logo\/image\/\",\"url\":\"https:\/\/lascriticas.com\/wp-content\/uploads\/2016\/09\/Las-Cr\u00edticas.png\",\"contentUrl\":\"https:\/\/lascriticas.com\/wp-content\/uploads\/2016\/09\/Las-Cr\u00edticas.png\",\"width\":372,\"height\":201,\"caption\":\"Las Cr\u00edticas\"},\"image\":{\"@id\":\"https:\/\/lascriticas.com\/#\/schema\/logo\/image\/\"},\"sameAs\":[\"https:\/\/www.facebook.com\/lascriticas\/\",\"https:\/\/x.com\/LasCriticas_com\",\"https:\/\/www.instagram.com\/lascriticas_com\/\",\"https:\/\/www.youtube.com\/channel\/UCd7r-H6EJA4sSXGLX33_iHQ\"]}]}<\/script>\n<!-- \/ Yoast SEO plugin. -->","yoast_head_json":{"title":"Johana Elizabeth Abarca Baca - Las Cr\u00edticas","description":"Johana Abarca Baca es mediadora de lectura, fundadora de clubes y talleres y participa en pol\u00edticas p\u00fablicas para la lectura en el Cusco.","robots":{"index":"index","follow":"follow","max-snippet":"max-snippet:-1","max-image-preview":"max-image-preview:large","max-video-preview":"max-video-preview:-1"},"canonical":"https:\/\/lascriticas.com\/index.php\/lascriticas\/johana-elizabeth-abarca-baca\/","og_locale":"es_ES","og_type":"article","og_title":"Johana Elizabeth Abarca Baca - Las Cr\u00edticas","og_description":"Johana Abarca Baca es mediadora de lectura, fundadora de clubes y talleres y participa en pol\u00edticas p\u00fablicas para la lectura en el Cusco.","og_url":"https:\/\/lascriticas.com\/index.php\/lascriticas\/johana-elizabeth-abarca-baca\/","og_site_name":"Las Cr\u00edticas","article_publisher":"https:\/\/www.facebook.com\/lascriticas\/","article_modified_time":"2021-06-14T21:29:16+00:00","og_image":[{"width":1080,"height":530,"url":"https:\/\/lascriticas.com\/wp-content\/uploads\/2021\/06\/Johana-Abarca.jpg","type":"image\/jpeg"}],"twitter_card":"summary_large_image","twitter_site":"@LasCriticas_com","twitter_misc":{"Tiempo de lectura":"1 minuto"},"schema":{"@context":"https:\/\/schema.org","@graph":[{"@type":"WebPage","@id":"https:\/\/lascriticas.com\/index.php\/lascriticas\/johana-elizabeth-abarca-baca\/","url":"https:\/\/lascriticas.com\/index.php\/lascriticas\/johana-elizabeth-abarca-baca\/","name":"Johana Elizabeth Abarca Baca - Las Cr\u00edticas","isPartOf":{"@id":"https:\/\/lascriticas.com\/#website"},"primaryImageOfPage":{"@id":"https:\/\/lascriticas.com\/index.php\/lascriticas\/johana-elizabeth-abarca-baca\/#primaryimage"},"image":{"@id":"https:\/\/lascriticas.com\/index.php\/lascriticas\/johana-elizabeth-abarca-baca\/#primaryimage"},"thumbnailUrl":"https:\/\/lascriticas.com\/wp-content\/uploads\/2021\/06\/Johana-Abarca.jpg","datePublished":"2021-06-14T21:25:06+00:00","dateModified":"2021-06-14T21:29:16+00:00","description":"Johana Abarca Baca es mediadora de lectura, fundadora de clubes y talleres y participa en pol\u00edticas p\u00fablicas para la lectura en el Cusco.","breadcrumb":{"@id":"https:\/\/lascriticas.com\/index.php\/lascriticas\/johana-elizabeth-abarca-baca\/#breadcrumb"},"inLanguage":"es","potentialAction":[{"@type":"ReadAction","target":["https:\/\/lascriticas.com\/index.php\/lascriticas\/johana-elizabeth-abarca-baca\/"]}]},{"@type":"ImageObject","inLanguage":"es","@id":"https:\/\/lascriticas.com\/index.php\/lascriticas\/johana-elizabeth-abarca-baca\/#primaryimage","url":"https:\/\/lascriticas.com\/wp-content\/uploads\/2021\/06\/Johana-Abarca.jpg","contentUrl":"https:\/\/lascriticas.com\/wp-content\/uploads\/2021\/06\/Johana-Abarca.jpg","width":1080,"height":530},{"@type":"BreadcrumbList","@id":"https:\/\/lascriticas.com\/index.php\/lascriticas\/johana-elizabeth-abarca-baca\/#breadcrumb","itemListElement":[{"@type":"ListItem","position":1,"name":"Inicio","item":"https:\/\/lascriticas.com\/"},{"@type":"ListItem","position":2,"name":"Las Cr\u00edticas","item":"https:\/\/lascriticas.com\/index.php\/lascriticas\/"},{"@type":"ListItem","position":3,"name":"Johana Elizabeth Abarca Baca"}]},{"@type":"WebSite","@id":"https:\/\/lascriticas.com\/#website","url":"https:\/\/lascriticas.com\/","name":"Las Cr\u00edticas","description":"Cr\u00edtica literaria hecha por mujeres","publisher":{"@id":"https:\/\/lascriticas.com\/#organization"},"potentialAction":[{"@type":"SearchAction","target":{"@type":"EntryPoint","urlTemplate":"https:\/\/lascriticas.com\/?s={search_term_string}"},"query-input":{"@type":"PropertyValueSpecification","valueRequired":true,"valueName":"search_term_string"}}],"inLanguage":"es"},{"@type":"Organization","@id":"https:\/\/lascriticas.com\/#organization","name":"Las Cr\u00edticas","url":"https:\/\/lascriticas.com\/","logo":{"@type":"ImageObject","inLanguage":"es","@id":"https:\/\/lascriticas.com\/#\/schema\/logo\/image\/","url":"https:\/\/lascriticas.com\/wp-content\/uploads\/2016\/09\/Las-Cr\u00edticas.png","contentUrl":"https:\/\/lascriticas.com\/wp-content\/uploads\/2016\/09\/Las-Cr\u00edticas.png","width":372,"height":201,"caption":"Las Cr\u00edticas"},"image":{"@id":"https:\/\/lascriticas.com\/#\/schema\/logo\/image\/"},"sameAs":["https:\/\/www.facebook.com\/lascriticas\/","https:\/\/x.com\/LasCriticas_com","https:\/\/www.instagram.com\/lascriticas_com\/","https:\/\/www.youtube.com\/channel\/UCd7r-H6EJA4sSXGLX33_iHQ"]}]}},"_links":{"self":[{"href":"https:\/\/lascriticas.com\/index.php\/wp-json\/wp\/v2\/pages\/4428"}],"collection":[{"href":"https:\/\/lascriticas.com\/index.php\/wp-json\/wp\/v2\/pages"}],"about":[{"href":"https:\/\/lascriticas.com\/index.php\/wp-json\/wp\/v2\/types\/page"}],"author":[{"embeddable":true,"href":"https:\/\/lascriticas.com\/index.php\/wp-json\/wp\/v2\/users\/1"}],"replies":[{"embeddable":true,"href":"https:\/\/lascriticas.com\/index.php\/wp-json\/wp\/v2\/comments?post=4428"}],"version-history":[{"count":2,"href":"https:\/\/lascriticas.com\/index.php\/wp-json\/wp\/v2\/pages\/4428\/revisions"}],"predecessor-version":[{"id":4490,"href":"https:\/\/lascriticas.com\/index.php\/wp-json\/wp\/v2\/pages\/4428\/revisions\/4490"}],"up":[{"embeddable":true,"href":"https:\/\/lascriticas.com\/index.php\/wp-json\/wp\/v2\/pages\/68"}],"wp:featuredmedia":[{"embeddable":true,"href":"https:\/\/lascriticas.com\/index.php\/wp-json\/wp\/v2\/media\/4491"}],"wp:attachment":[{"href":"https:\/\/lascriticas.com\/index.php\/wp-json\/wp\/v2\/media?parent=4428"}],"curies":[{"name":"wp","href":"https:\/\/api.w.org\/{rel}","templated":true}]}}