{"id":4279,"date":"2021-03-31T16:14:14","date_gmt":"2021-03-31T14:14:14","guid":{"rendered":"https:\/\/lascriticas.com\/?page_id=4279"},"modified":"2021-03-31T17:02:22","modified_gmt":"2021-03-31T15:02:22","slug":"esther-andradi","status":"publish","type":"page","link":"https:\/\/lascriticas.com\/index.php\/lascriticas\/esther-andradi\/","title":{"rendered":"Esther Andradi"},"content":{"rendered":"<p style=\"text-align: justify;\"><b>Esther Andradi\u00a0<\/b>es feminista y escritora, ha vivido y trabajado en diferentes pa\u00edses.<span class=\"Apple-converted-space\">\u00a0<\/span><\/p>\n<p style=\"text-align: justify;\">Naci\u00f3 en Ataliva, un peque\u00f1o pueblo de la provincia de Santa Fe, Argentina, y en 1975 emigr\u00f3 al Per\u00fa, donde fue reportera, columnista, y jefa de redacci\u00f3n. En 1980 viaj\u00f3 a Europa y se radic\u00f3 en Berl\u00edn (Occidental). En 1995 regres\u00f3 a Argentina y vivi\u00f3 ocho a\u00f1os en Buenos Aires. Desde 2003 vive y escribe en Berl\u00edn.<span class=\"Apple-converted-space\">\u00a0<\/span><\/p>\n<p style=\"text-align: justify;\">Public\u00f3 cr\u00f3nica, ensayo, poes\u00eda, microficci\u00f3n, cuento y novela. Sus relatos fueron incluidos en numerosas antolog\u00edas y traducidos a diferentes idiomas, \u00faltimamente al island\u00e9s. Sus cr\u00f3nicas sobre cultura, memoria y migraci\u00f3n se publican en diversos medios de Am\u00e9rica, Espa\u00f1a y Alemania.<span class=\"Apple-converted-space\">\u00a0<\/span><\/p>\n<p style=\"text-align: justify;\">Tradujo la poes\u00eda de la poeta alemana negra May Ayim al espa\u00f1ol.<span class=\"Apple-converted-space\">\u00a0<\/span><\/p>\n<p style=\"text-align: justify;\">Edit\u00f3 la antolog\u00eda <i>Vivir en otra lengua<\/i>, pionera en la construcci\u00f3n de un espacio para la literatura latinoamericana que se escribe fuera de las fronteras de los pa\u00edses de origen.<span class=\"Apple-converted-space\">\u00a0<\/span><\/p>\n<p style=\"text-align: justify;\">Coautora de<span class=\"Apple-converted-space\">\u00a0 <\/span><i>Ser mujer en el Per\u00fa<\/i>, con Ana Mar\u00eda Portugal, autora de las novelas <i>Tanta Vida<\/i>, <i>Sobre Vivientes,<\/i> y <i>Berl\u00edn es un cuento, <\/i>de los libros de relatos <i>Come, este es mi cuerpo,<\/i> y <i>Chau pinela, <\/i>entre otros t\u00edtulos. <i>Mi Berl\u00edn. Cr\u00f3nicas de una ciudad mutante<\/i> y <i>Microc\u00f3smicas<\/i> son sus libros m\u00e1s recientes.<\/p>\n<p><strong><a href=\"https:\/\/lascriticas.com\/index.php\/author\/ana-maria-portugal-y-esther-andradi\/\"><span style=\"font-size: 16px;\">Sus cr\u00edticas<\/span><\/a><\/strong><\/p>\n","protected":false},"excerpt":{"rendered":"<p>Esther Andradi\u00a0es feminista y escritora, ha vivido y trabajado en diferentes pa\u00edses.\u00a0 Naci\u00f3 en Ataliva, un peque\u00f1o pueblo de la provincia de Santa Fe, Argentina, y en 1975 emigr\u00f3 al Per\u00fa, donde fue reportera, columnista, y jefa de redacci\u00f3n. En 1980 viaj\u00f3 a Europa y se radic\u00f3 en Berl\u00edn (Occidental). En 1995 regres\u00f3 a Argentina&#8230;<\/p>\n","protected":false},"author":1,"featured_media":4281,"parent":68,"menu_order":0,"comment_status":"closed","ping_status":"closed","template":"","meta":{"footnotes":""},"yoast_head":"<!-- This site is optimized with the Yoast SEO plugin v23.5 - https:\/\/yoast.com\/wordpress\/plugins\/seo\/ -->\n<title>Esther Andradi - Las Cr\u00edticas<\/title>\n<meta name=\"description\" content=\"Esther Andradi\u00a0es feminista y escritora, ha vivido y trabajado en diferentes pa\u00edses.\u00a0 Naci\u00f3 en Ataliva, un peque\u00f1o pueblo de la provincia de Santa Fe,\" \/>\n<meta name=\"robots\" content=\"index, follow, max-snippet:-1, max-image-preview:large, max-video-preview:-1\" \/>\n<link rel=\"canonical\" href=\"https:\/\/lascriticas.com\/index.php\/lascriticas\/esther-andradi\/\" \/>\n<meta property=\"og:locale\" content=\"es_ES\" \/>\n<meta property=\"og:type\" content=\"article\" \/>\n<meta property=\"og:title\" content=\"Esther Andradi - Las Cr\u00edticas\" \/>\n<meta property=\"og:description\" content=\"Esther Andradi\u00a0es feminista y escritora, ha vivido y trabajado en diferentes pa\u00edses.\u00a0 Naci\u00f3 en Ataliva, un peque\u00f1o pueblo de la provincia de Santa Fe,\" \/>\n<meta property=\"og:url\" content=\"https:\/\/lascriticas.com\/index.php\/lascriticas\/esther-andradi\/\" \/>\n<meta property=\"og:site_name\" content=\"Las Cr\u00edticas\" \/>\n<meta property=\"article:publisher\" content=\"https:\/\/www.facebook.com\/lascriticas\/\" \/>\n<meta property=\"article:modified_time\" content=\"2021-03-31T15:02:22+00:00\" \/>\n<meta property=\"og:image\" content=\"https:\/\/lascriticas.com\/wp-content\/uploads\/2021\/03\/Esther-Andradi.jpeg\" \/>\n\t<meta property=\"og:image:width\" content=\"1120\" \/>\n\t<meta property=\"og:image:height\" content=\"1295\" \/>\n\t<meta property=\"og:image:type\" content=\"image\/jpeg\" \/>\n<meta name=\"twitter:card\" content=\"summary_large_image\" \/>\n<meta name=\"twitter:site\" content=\"@LasCriticas_com\" \/>\n<meta name=\"twitter:label1\" content=\"Tiempo de lectura\" \/>\n\t<meta name=\"twitter:data1\" content=\"1 minuto\" \/>\n<script type=\"application\/ld+json\" class=\"yoast-schema-graph\">{\"@context\":\"https:\/\/schema.org\",\"@graph\":[{\"@type\":\"WebPage\",\"@id\":\"https:\/\/lascriticas.com\/index.php\/lascriticas\/esther-andradi\/\",\"url\":\"https:\/\/lascriticas.com\/index.php\/lascriticas\/esther-andradi\/\",\"name\":\"Esther Andradi - Las Cr\u00edticas\",\"isPartOf\":{\"@id\":\"https:\/\/lascriticas.com\/#website\"},\"primaryImageOfPage\":{\"@id\":\"https:\/\/lascriticas.com\/index.php\/lascriticas\/esther-andradi\/#primaryimage\"},\"image\":{\"@id\":\"https:\/\/lascriticas.com\/index.php\/lascriticas\/esther-andradi\/#primaryimage\"},\"thumbnailUrl\":\"https:\/\/lascriticas.com\/wp-content\/uploads\/2021\/03\/Esther-Andradi.jpeg\",\"datePublished\":\"2021-03-31T14:14:14+00:00\",\"dateModified\":\"2021-03-31T15:02:22+00:00\",\"description\":\"Esther Andradi\u00a0es feminista y escritora, ha vivido y trabajado en diferentes pa\u00edses.\u00a0 Naci\u00f3 en Ataliva, un peque\u00f1o pueblo de la provincia de Santa Fe,\",\"breadcrumb\":{\"@id\":\"https:\/\/lascriticas.com\/index.php\/lascriticas\/esther-andradi\/#breadcrumb\"},\"inLanguage\":\"es\",\"potentialAction\":[{\"@type\":\"ReadAction\",\"target\":[\"https:\/\/lascriticas.com\/index.php\/lascriticas\/esther-andradi\/\"]}]},{\"@type\":\"ImageObject\",\"inLanguage\":\"es\",\"@id\":\"https:\/\/lascriticas.com\/index.php\/lascriticas\/esther-andradi\/#primaryimage\",\"url\":\"https:\/\/lascriticas.com\/wp-content\/uploads\/2021\/03\/Esther-Andradi.jpeg\",\"contentUrl\":\"https:\/\/lascriticas.com\/wp-content\/uploads\/2021\/03\/Esther-Andradi.jpeg\",\"width\":1120,\"height\":1295},{\"@type\":\"BreadcrumbList\",\"@id\":\"https:\/\/lascriticas.com\/index.php\/lascriticas\/esther-andradi\/#breadcrumb\",\"itemListElement\":[{\"@type\":\"ListItem\",\"position\":1,\"name\":\"Inicio\",\"item\":\"https:\/\/lascriticas.com\/\"},{\"@type\":\"ListItem\",\"position\":2,\"name\":\"Las Cr\u00edticas\",\"item\":\"https:\/\/lascriticas.com\/index.php\/lascriticas\/\"},{\"@type\":\"ListItem\",\"position\":3,\"name\":\"Esther Andradi\"}]},{\"@type\":\"WebSite\",\"@id\":\"https:\/\/lascriticas.com\/#website\",\"url\":\"https:\/\/lascriticas.com\/\",\"name\":\"Las Cr\u00edticas\",\"description\":\"Cr\u00edtica literaria hecha por mujeres\",\"publisher\":{\"@id\":\"https:\/\/lascriticas.com\/#organization\"},\"potentialAction\":[{\"@type\":\"SearchAction\",\"target\":{\"@type\":\"EntryPoint\",\"urlTemplate\":\"https:\/\/lascriticas.com\/?s={search_term_string}\"},\"query-input\":{\"@type\":\"PropertyValueSpecification\",\"valueRequired\":true,\"valueName\":\"search_term_string\"}}],\"inLanguage\":\"es\"},{\"@type\":\"Organization\",\"@id\":\"https:\/\/lascriticas.com\/#organization\",\"name\":\"Las Cr\u00edticas\",\"url\":\"https:\/\/lascriticas.com\/\",\"logo\":{\"@type\":\"ImageObject\",\"inLanguage\":\"es\",\"@id\":\"https:\/\/lascriticas.com\/#\/schema\/logo\/image\/\",\"url\":\"https:\/\/lascriticas.com\/wp-content\/uploads\/2016\/09\/Las-Cr\u00edticas.png\",\"contentUrl\":\"https:\/\/lascriticas.com\/wp-content\/uploads\/2016\/09\/Las-Cr\u00edticas.png\",\"width\":372,\"height\":201,\"caption\":\"Las Cr\u00edticas\"},\"image\":{\"@id\":\"https:\/\/lascriticas.com\/#\/schema\/logo\/image\/\"},\"sameAs\":[\"https:\/\/www.facebook.com\/lascriticas\/\",\"https:\/\/x.com\/LasCriticas_com\",\"https:\/\/www.instagram.com\/lascriticas_com\/\",\"https:\/\/www.youtube.com\/channel\/UCd7r-H6EJA4sSXGLX33_iHQ\"]}]}<\/script>\n<!-- \/ Yoast SEO plugin. -->","yoast_head_json":{"title":"Esther Andradi - Las Cr\u00edticas","description":"Esther Andradi\u00a0es feminista y escritora, ha vivido y trabajado en diferentes pa\u00edses.\u00a0 Naci\u00f3 en Ataliva, un peque\u00f1o pueblo de la provincia de Santa Fe,","robots":{"index":"index","follow":"follow","max-snippet":"max-snippet:-1","max-image-preview":"max-image-preview:large","max-video-preview":"max-video-preview:-1"},"canonical":"https:\/\/lascriticas.com\/index.php\/lascriticas\/esther-andradi\/","og_locale":"es_ES","og_type":"article","og_title":"Esther Andradi - Las Cr\u00edticas","og_description":"Esther Andradi\u00a0es feminista y escritora, ha vivido y trabajado en diferentes pa\u00edses.\u00a0 Naci\u00f3 en Ataliva, un peque\u00f1o pueblo de la provincia de Santa Fe,","og_url":"https:\/\/lascriticas.com\/index.php\/lascriticas\/esther-andradi\/","og_site_name":"Las Cr\u00edticas","article_publisher":"https:\/\/www.facebook.com\/lascriticas\/","article_modified_time":"2021-03-31T15:02:22+00:00","og_image":[{"width":1120,"height":1295,"url":"https:\/\/lascriticas.com\/wp-content\/uploads\/2021\/03\/Esther-Andradi.jpeg","type":"image\/jpeg"}],"twitter_card":"summary_large_image","twitter_site":"@LasCriticas_com","twitter_misc":{"Tiempo de lectura":"1 minuto"},"schema":{"@context":"https:\/\/schema.org","@graph":[{"@type":"WebPage","@id":"https:\/\/lascriticas.com\/index.php\/lascriticas\/esther-andradi\/","url":"https:\/\/lascriticas.com\/index.php\/lascriticas\/esther-andradi\/","name":"Esther Andradi - Las Cr\u00edticas","isPartOf":{"@id":"https:\/\/lascriticas.com\/#website"},"primaryImageOfPage":{"@id":"https:\/\/lascriticas.com\/index.php\/lascriticas\/esther-andradi\/#primaryimage"},"image":{"@id":"https:\/\/lascriticas.com\/index.php\/lascriticas\/esther-andradi\/#primaryimage"},"thumbnailUrl":"https:\/\/lascriticas.com\/wp-content\/uploads\/2021\/03\/Esther-Andradi.jpeg","datePublished":"2021-03-31T14:14:14+00:00","dateModified":"2021-03-31T15:02:22+00:00","description":"Esther Andradi\u00a0es feminista y escritora, ha vivido y trabajado en diferentes pa\u00edses.\u00a0 Naci\u00f3 en Ataliva, un peque\u00f1o pueblo de la provincia de Santa Fe,","breadcrumb":{"@id":"https:\/\/lascriticas.com\/index.php\/lascriticas\/esther-andradi\/#breadcrumb"},"inLanguage":"es","potentialAction":[{"@type":"ReadAction","target":["https:\/\/lascriticas.com\/index.php\/lascriticas\/esther-andradi\/"]}]},{"@type":"ImageObject","inLanguage":"es","@id":"https:\/\/lascriticas.com\/index.php\/lascriticas\/esther-andradi\/#primaryimage","url":"https:\/\/lascriticas.com\/wp-content\/uploads\/2021\/03\/Esther-Andradi.jpeg","contentUrl":"https:\/\/lascriticas.com\/wp-content\/uploads\/2021\/03\/Esther-Andradi.jpeg","width":1120,"height":1295},{"@type":"BreadcrumbList","@id":"https:\/\/lascriticas.com\/index.php\/lascriticas\/esther-andradi\/#breadcrumb","itemListElement":[{"@type":"ListItem","position":1,"name":"Inicio","item":"https:\/\/lascriticas.com\/"},{"@type":"ListItem","position":2,"name":"Las Cr\u00edticas","item":"https:\/\/lascriticas.com\/index.php\/lascriticas\/"},{"@type":"ListItem","position":3,"name":"Esther Andradi"}]},{"@type":"WebSite","@id":"https:\/\/lascriticas.com\/#website","url":"https:\/\/lascriticas.com\/","name":"Las Cr\u00edticas","description":"Cr\u00edtica literaria hecha por mujeres","publisher":{"@id":"https:\/\/lascriticas.com\/#organization"},"potentialAction":[{"@type":"SearchAction","target":{"@type":"EntryPoint","urlTemplate":"https:\/\/lascriticas.com\/?s={search_term_string}"},"query-input":{"@type":"PropertyValueSpecification","valueRequired":true,"valueName":"search_term_string"}}],"inLanguage":"es"},{"@type":"Organization","@id":"https:\/\/lascriticas.com\/#organization","name":"Las Cr\u00edticas","url":"https:\/\/lascriticas.com\/","logo":{"@type":"ImageObject","inLanguage":"es","@id":"https:\/\/lascriticas.com\/#\/schema\/logo\/image\/","url":"https:\/\/lascriticas.com\/wp-content\/uploads\/2016\/09\/Las-Cr\u00edticas.png","contentUrl":"https:\/\/lascriticas.com\/wp-content\/uploads\/2016\/09\/Las-Cr\u00edticas.png","width":372,"height":201,"caption":"Las Cr\u00edticas"},"image":{"@id":"https:\/\/lascriticas.com\/#\/schema\/logo\/image\/"},"sameAs":["https:\/\/www.facebook.com\/lascriticas\/","https:\/\/x.com\/LasCriticas_com","https:\/\/www.instagram.com\/lascriticas_com\/","https:\/\/www.youtube.com\/channel\/UCd7r-H6EJA4sSXGLX33_iHQ"]}]}},"_links":{"self":[{"href":"https:\/\/lascriticas.com\/index.php\/wp-json\/wp\/v2\/pages\/4279"}],"collection":[{"href":"https:\/\/lascriticas.com\/index.php\/wp-json\/wp\/v2\/pages"}],"about":[{"href":"https:\/\/lascriticas.com\/index.php\/wp-json\/wp\/v2\/types\/page"}],"author":[{"embeddable":true,"href":"https:\/\/lascriticas.com\/index.php\/wp-json\/wp\/v2\/users\/1"}],"replies":[{"embeddable":true,"href":"https:\/\/lascriticas.com\/index.php\/wp-json\/wp\/v2\/comments?post=4279"}],"version-history":[{"count":2,"href":"https:\/\/lascriticas.com\/index.php\/wp-json\/wp\/v2\/pages\/4279\/revisions"}],"predecessor-version":[{"id":4298,"href":"https:\/\/lascriticas.com\/index.php\/wp-json\/wp\/v2\/pages\/4279\/revisions\/4298"}],"up":[{"embeddable":true,"href":"https:\/\/lascriticas.com\/index.php\/wp-json\/wp\/v2\/pages\/68"}],"wp:featuredmedia":[{"embeddable":true,"href":"https:\/\/lascriticas.com\/index.php\/wp-json\/wp\/v2\/media\/4281"}],"wp:attachment":[{"href":"https:\/\/lascriticas.com\/index.php\/wp-json\/wp\/v2\/media?parent=4279"}],"curies":[{"name":"wp","href":"https:\/\/api.w.org\/{rel}","templated":true}]}}