{"id":350,"date":"2016-10-11T10:49:04","date_gmt":"2016-10-11T08:49:04","guid":{"rendered":"http:\/\/lascriticas.com\/?page_id=350"},"modified":"2021-01-19T21:17:53","modified_gmt":"2021-01-19T20:17:53","slug":"francoise-aubes","status":"publish","type":"page","link":"https:\/\/lascriticas.com\/index.php\/lascriticas\/francoise-aubes\/","title":{"rendered":"Fran\u00e7oise Aub\u00e8s"},"content":{"rendered":"<p style=\"text-align: justify;\"><span style=\"font-size: 16px;\"><strong>Fran\u00e7oise Aub\u00e8s<\/strong> es doctora en literatura, peruanista, profesora\u00a0em\u00e9rita de Literatura latinoamericana de la\u00a0Universidad de Paris Ouest Nanterre. Es investigadora en el GRELPP, centro especializado en literatura filosof\u00eda y\u00a0psicoan\u00e1lisis, Codirectora de la revista\u00a0<a href=\"https:\/\/america.revues.org\"><i>Am\u00e9rica. Les cahiers du CRICCAL<\/i><\/a> ( Paris III) y \u00a0miembro del Comit\u00e9 de Sabios de la <a href=\"http:\/\/www.hispanistes.org\">Sociedad de Hispanistas Franceses<\/a>.<\/span><\/p>\n<p style=\"text-align: justify;\"><span style=\"font-size: 16px;\">Autora de numerosos art\u00edculos sobre la literatura peruana, ella ha coordinado diversos estudios relacionados a la Agregaci\u00f3n en espa\u00f1ol:\u00a0<i>Cien A\u00f1os de soledad,\u00a0 Le mal et les mots, La violence<\/i>. Es coautora, con Marie-Madeleine\u00a0 Gladieu, de <em>Lectures d\u2019une \u0153uvre. Los r\u00edos profundos de J.M. Arguedas<\/em>. Tambi\u00e9n ha coordinado cuatro n\u00fameros de la revista <a href=\"http:\/\/www.red-redial.net\/fr\/revue-crisol-171.html\">Crisol <\/a>(Universidad de Paris Ouest Nanterre ). Vive en Par\u00eds.<br \/>\n<\/span><\/p>\n<p><span style=\"font-size: 16px;\"><strong><a href=\"https:\/\/lascriticas.com\/index.php\/author\/francoise-aubes\/\">Sus cr\u00edticas<\/a><\/strong><\/span><\/p>\n","protected":false},"excerpt":{"rendered":"<p>Fran\u00e7oise Aub\u00e8s es doctora en literatura, peruanista, profesora\u00a0em\u00e9rita de Literatura latinoamericana de la\u00a0Universidad de Paris Ouest Nanterre. Es investigadora en el GRELPP, centro especializado en literatura filosof\u00eda y\u00a0psicoan\u00e1lisis, Codirectora de la revista\u00a0Am\u00e9rica. Les cahiers du CRICCAL ( Paris III) y \u00a0miembro del Comit\u00e9 de Sabios de la Sociedad de Hispanistas Franceses. Autora de numerosos art\u00edculos&#8230;<\/p>\n","protected":false},"author":1,"featured_media":3831,"parent":68,"menu_order":0,"comment_status":"closed","ping_status":"closed","template":"","meta":{"footnotes":""},"yoast_head":"<!-- This site is optimized with the Yoast SEO plugin v23.5 - https:\/\/yoast.com\/wordpress\/plugins\/seo\/ -->\n<title>Fran\u00e7oise Aub\u00e8s - Las Cr\u00edticas<\/title>\n<meta name=\"description\" content=\"Doctora en literatura, peruanista, profesora em\u00e9rita de Literatura latinoamericana de la Universidad de Paris Ouest Nanterre. Con numerosas publicaciones.\" \/>\n<meta name=\"robots\" content=\"index, follow, max-snippet:-1, max-image-preview:large, max-video-preview:-1\" \/>\n<link rel=\"canonical\" href=\"https:\/\/lascriticas.com\/index.php\/lascriticas\/francoise-aubes\/\" \/>\n<meta property=\"og:locale\" content=\"es_ES\" \/>\n<meta property=\"og:type\" content=\"article\" \/>\n<meta property=\"og:title\" content=\"Fran\u00e7oise Aub\u00e8s - Las Cr\u00edticas\" \/>\n<meta property=\"og:description\" content=\"Doctora en literatura, peruanista, profesora em\u00e9rita de Literatura latinoamericana de la Universidad de Paris Ouest Nanterre. Con numerosas publicaciones.\" \/>\n<meta property=\"og:url\" content=\"https:\/\/lascriticas.com\/index.php\/lascriticas\/francoise-aubes\/\" \/>\n<meta property=\"og:site_name\" content=\"Las Cr\u00edticas\" \/>\n<meta property=\"article:publisher\" content=\"https:\/\/www.facebook.com\/lascriticas\/\" \/>\n<meta property=\"article:modified_time\" content=\"2021-01-19T20:17:53+00:00\" \/>\n<meta property=\"og:image\" content=\"https:\/\/lascriticas.com\/wp-content\/uploads\/2021\/01\/Francoise-Aubes.jpeg\" \/>\n\t<meta property=\"og:image:width\" content=\"1080\" \/>\n\t<meta property=\"og:image:height\" content=\"530\" \/>\n\t<meta property=\"og:image:type\" content=\"image\/jpeg\" \/>\n<meta name=\"twitter:card\" content=\"summary_large_image\" \/>\n<meta name=\"twitter:site\" content=\"@LasCriticas_com\" \/>\n<meta name=\"twitter:label1\" content=\"Tiempo de lectura\" \/>\n\t<meta name=\"twitter:data1\" content=\"1 minuto\" \/>\n<script type=\"application\/ld+json\" class=\"yoast-schema-graph\">{\"@context\":\"https:\/\/schema.org\",\"@graph\":[{\"@type\":\"WebPage\",\"@id\":\"https:\/\/lascriticas.com\/index.php\/lascriticas\/francoise-aubes\/\",\"url\":\"https:\/\/lascriticas.com\/index.php\/lascriticas\/francoise-aubes\/\",\"name\":\"Fran\u00e7oise Aub\u00e8s - Las Cr\u00edticas\",\"isPartOf\":{\"@id\":\"https:\/\/lascriticas.com\/#website\"},\"primaryImageOfPage\":{\"@id\":\"https:\/\/lascriticas.com\/index.php\/lascriticas\/francoise-aubes\/#primaryimage\"},\"image\":{\"@id\":\"https:\/\/lascriticas.com\/index.php\/lascriticas\/francoise-aubes\/#primaryimage\"},\"thumbnailUrl\":\"https:\/\/lascriticas.com\/wp-content\/uploads\/2021\/01\/Francoise-Aubes.jpeg\",\"datePublished\":\"2016-10-11T08:49:04+00:00\",\"dateModified\":\"2021-01-19T20:17:53+00:00\",\"description\":\"Doctora en literatura, peruanista, profesora em\u00e9rita de Literatura latinoamericana de la Universidad de Paris Ouest Nanterre. Con numerosas publicaciones.\",\"breadcrumb\":{\"@id\":\"https:\/\/lascriticas.com\/index.php\/lascriticas\/francoise-aubes\/#breadcrumb\"},\"inLanguage\":\"es\",\"potentialAction\":[{\"@type\":\"ReadAction\",\"target\":[\"https:\/\/lascriticas.com\/index.php\/lascriticas\/francoise-aubes\/\"]}]},{\"@type\":\"ImageObject\",\"inLanguage\":\"es\",\"@id\":\"https:\/\/lascriticas.com\/index.php\/lascriticas\/francoise-aubes\/#primaryimage\",\"url\":\"https:\/\/lascriticas.com\/wp-content\/uploads\/2021\/01\/Francoise-Aubes.jpeg\",\"contentUrl\":\"https:\/\/lascriticas.com\/wp-content\/uploads\/2021\/01\/Francoise-Aubes.jpeg\",\"width\":1080,\"height\":530,\"caption\":\"Fran\u00e7oise Aub\u00e8s\"},{\"@type\":\"BreadcrumbList\",\"@id\":\"https:\/\/lascriticas.com\/index.php\/lascriticas\/francoise-aubes\/#breadcrumb\",\"itemListElement\":[{\"@type\":\"ListItem\",\"position\":1,\"name\":\"Inicio\",\"item\":\"https:\/\/lascriticas.com\/\"},{\"@type\":\"ListItem\",\"position\":2,\"name\":\"Las Cr\u00edticas\",\"item\":\"https:\/\/lascriticas.com\/index.php\/lascriticas\/\"},{\"@type\":\"ListItem\",\"position\":3,\"name\":\"Fran\u00e7oise Aub\u00e8s\"}]},{\"@type\":\"WebSite\",\"@id\":\"https:\/\/lascriticas.com\/#website\",\"url\":\"https:\/\/lascriticas.com\/\",\"name\":\"Las Cr\u00edticas\",\"description\":\"Cr\u00edtica literaria hecha por mujeres\",\"publisher\":{\"@id\":\"https:\/\/lascriticas.com\/#organization\"},\"potentialAction\":[{\"@type\":\"SearchAction\",\"target\":{\"@type\":\"EntryPoint\",\"urlTemplate\":\"https:\/\/lascriticas.com\/?s={search_term_string}\"},\"query-input\":{\"@type\":\"PropertyValueSpecification\",\"valueRequired\":true,\"valueName\":\"search_term_string\"}}],\"inLanguage\":\"es\"},{\"@type\":\"Organization\",\"@id\":\"https:\/\/lascriticas.com\/#organization\",\"name\":\"Las Cr\u00edticas\",\"url\":\"https:\/\/lascriticas.com\/\",\"logo\":{\"@type\":\"ImageObject\",\"inLanguage\":\"es\",\"@id\":\"https:\/\/lascriticas.com\/#\/schema\/logo\/image\/\",\"url\":\"https:\/\/lascriticas.com\/wp-content\/uploads\/2016\/09\/Las-Cr\u00edticas.png\",\"contentUrl\":\"https:\/\/lascriticas.com\/wp-content\/uploads\/2016\/09\/Las-Cr\u00edticas.png\",\"width\":372,\"height\":201,\"caption\":\"Las Cr\u00edticas\"},\"image\":{\"@id\":\"https:\/\/lascriticas.com\/#\/schema\/logo\/image\/\"},\"sameAs\":[\"https:\/\/www.facebook.com\/lascriticas\/\",\"https:\/\/x.com\/LasCriticas_com\",\"https:\/\/www.instagram.com\/lascriticas_com\/\",\"https:\/\/www.youtube.com\/channel\/UCd7r-H6EJA4sSXGLX33_iHQ\"]}]}<\/script>\n<!-- \/ Yoast SEO plugin. -->","yoast_head_json":{"title":"Fran\u00e7oise Aub\u00e8s - Las Cr\u00edticas","description":"Doctora en literatura, peruanista, profesora em\u00e9rita de Literatura latinoamericana de la Universidad de Paris Ouest Nanterre. Con numerosas publicaciones.","robots":{"index":"index","follow":"follow","max-snippet":"max-snippet:-1","max-image-preview":"max-image-preview:large","max-video-preview":"max-video-preview:-1"},"canonical":"https:\/\/lascriticas.com\/index.php\/lascriticas\/francoise-aubes\/","og_locale":"es_ES","og_type":"article","og_title":"Fran\u00e7oise Aub\u00e8s - Las Cr\u00edticas","og_description":"Doctora en literatura, peruanista, profesora em\u00e9rita de Literatura latinoamericana de la Universidad de Paris Ouest Nanterre. Con numerosas publicaciones.","og_url":"https:\/\/lascriticas.com\/index.php\/lascriticas\/francoise-aubes\/","og_site_name":"Las Cr\u00edticas","article_publisher":"https:\/\/www.facebook.com\/lascriticas\/","article_modified_time":"2021-01-19T20:17:53+00:00","og_image":[{"width":1080,"height":530,"url":"https:\/\/lascriticas.com\/wp-content\/uploads\/2021\/01\/Francoise-Aubes.jpeg","type":"image\/jpeg"}],"twitter_card":"summary_large_image","twitter_site":"@LasCriticas_com","twitter_misc":{"Tiempo de lectura":"1 minuto"},"schema":{"@context":"https:\/\/schema.org","@graph":[{"@type":"WebPage","@id":"https:\/\/lascriticas.com\/index.php\/lascriticas\/francoise-aubes\/","url":"https:\/\/lascriticas.com\/index.php\/lascriticas\/francoise-aubes\/","name":"Fran\u00e7oise Aub\u00e8s - Las Cr\u00edticas","isPartOf":{"@id":"https:\/\/lascriticas.com\/#website"},"primaryImageOfPage":{"@id":"https:\/\/lascriticas.com\/index.php\/lascriticas\/francoise-aubes\/#primaryimage"},"image":{"@id":"https:\/\/lascriticas.com\/index.php\/lascriticas\/francoise-aubes\/#primaryimage"},"thumbnailUrl":"https:\/\/lascriticas.com\/wp-content\/uploads\/2021\/01\/Francoise-Aubes.jpeg","datePublished":"2016-10-11T08:49:04+00:00","dateModified":"2021-01-19T20:17:53+00:00","description":"Doctora en literatura, peruanista, profesora em\u00e9rita de Literatura latinoamericana de la Universidad de Paris Ouest Nanterre. Con numerosas publicaciones.","breadcrumb":{"@id":"https:\/\/lascriticas.com\/index.php\/lascriticas\/francoise-aubes\/#breadcrumb"},"inLanguage":"es","potentialAction":[{"@type":"ReadAction","target":["https:\/\/lascriticas.com\/index.php\/lascriticas\/francoise-aubes\/"]}]},{"@type":"ImageObject","inLanguage":"es","@id":"https:\/\/lascriticas.com\/index.php\/lascriticas\/francoise-aubes\/#primaryimage","url":"https:\/\/lascriticas.com\/wp-content\/uploads\/2021\/01\/Francoise-Aubes.jpeg","contentUrl":"https:\/\/lascriticas.com\/wp-content\/uploads\/2021\/01\/Francoise-Aubes.jpeg","width":1080,"height":530,"caption":"Fran\u00e7oise Aub\u00e8s"},{"@type":"BreadcrumbList","@id":"https:\/\/lascriticas.com\/index.php\/lascriticas\/francoise-aubes\/#breadcrumb","itemListElement":[{"@type":"ListItem","position":1,"name":"Inicio","item":"https:\/\/lascriticas.com\/"},{"@type":"ListItem","position":2,"name":"Las Cr\u00edticas","item":"https:\/\/lascriticas.com\/index.php\/lascriticas\/"},{"@type":"ListItem","position":3,"name":"Fran\u00e7oise Aub\u00e8s"}]},{"@type":"WebSite","@id":"https:\/\/lascriticas.com\/#website","url":"https:\/\/lascriticas.com\/","name":"Las Cr\u00edticas","description":"Cr\u00edtica literaria hecha por mujeres","publisher":{"@id":"https:\/\/lascriticas.com\/#organization"},"potentialAction":[{"@type":"SearchAction","target":{"@type":"EntryPoint","urlTemplate":"https:\/\/lascriticas.com\/?s={search_term_string}"},"query-input":{"@type":"PropertyValueSpecification","valueRequired":true,"valueName":"search_term_string"}}],"inLanguage":"es"},{"@type":"Organization","@id":"https:\/\/lascriticas.com\/#organization","name":"Las Cr\u00edticas","url":"https:\/\/lascriticas.com\/","logo":{"@type":"ImageObject","inLanguage":"es","@id":"https:\/\/lascriticas.com\/#\/schema\/logo\/image\/","url":"https:\/\/lascriticas.com\/wp-content\/uploads\/2016\/09\/Las-Cr\u00edticas.png","contentUrl":"https:\/\/lascriticas.com\/wp-content\/uploads\/2016\/09\/Las-Cr\u00edticas.png","width":372,"height":201,"caption":"Las Cr\u00edticas"},"image":{"@id":"https:\/\/lascriticas.com\/#\/schema\/logo\/image\/"},"sameAs":["https:\/\/www.facebook.com\/lascriticas\/","https:\/\/x.com\/LasCriticas_com","https:\/\/www.instagram.com\/lascriticas_com\/","https:\/\/www.youtube.com\/channel\/UCd7r-H6EJA4sSXGLX33_iHQ"]}]}},"_links":{"self":[{"href":"https:\/\/lascriticas.com\/index.php\/wp-json\/wp\/v2\/pages\/350"}],"collection":[{"href":"https:\/\/lascriticas.com\/index.php\/wp-json\/wp\/v2\/pages"}],"about":[{"href":"https:\/\/lascriticas.com\/index.php\/wp-json\/wp\/v2\/types\/page"}],"author":[{"embeddable":true,"href":"https:\/\/lascriticas.com\/index.php\/wp-json\/wp\/v2\/users\/1"}],"replies":[{"embeddable":true,"href":"https:\/\/lascriticas.com\/index.php\/wp-json\/wp\/v2\/comments?post=350"}],"version-history":[{"count":9,"href":"https:\/\/lascriticas.com\/index.php\/wp-json\/wp\/v2\/pages\/350\/revisions"}],"predecessor-version":[{"id":3832,"href":"https:\/\/lascriticas.com\/index.php\/wp-json\/wp\/v2\/pages\/350\/revisions\/3832"}],"up":[{"embeddable":true,"href":"https:\/\/lascriticas.com\/index.php\/wp-json\/wp\/v2\/pages\/68"}],"wp:featuredmedia":[{"embeddable":true,"href":"https:\/\/lascriticas.com\/index.php\/wp-json\/wp\/v2\/media\/3831"}],"wp:attachment":[{"href":"https:\/\/lascriticas.com\/index.php\/wp-json\/wp\/v2\/media?parent=350"}],"curies":[{"name":"wp","href":"https:\/\/api.w.org\/{rel}","templated":true}]}}