{"id":337,"date":"2016-10-11T10:21:00","date_gmt":"2016-10-11T08:21:00","guid":{"rendered":"http:\/\/lascriticas.com\/?page_id=337"},"modified":"2021-01-19T20:25:24","modified_gmt":"2021-01-19T19:25:24","slug":"andrea-cabel","status":"publish","type":"page","link":"https:\/\/lascriticas.com\/index.php\/lascriticas\/andrea-cabel\/","title":{"rendered":"Andrea Cabel Garc\u00eda"},"content":{"rendered":"<p style=\"text-align: justify;\"><span style=\"font-size: 16px;\"><strong>Andrea Cabel Garc\u00eda<\/strong> obtuvo la Maestr\u00eda en Literatura Latinoamericana en la Universidad de Pittsburgh, universidad en la que actualmente es candidata al PhD. Licenciada en Literatura hispanoamericana en la Pontificia Universidad Cat\u00f3lica del Per\u00fa y Diplomada en Periodismo pol\u00edtico y An\u00e1lisis cultural en la Universidad Ruiz de Montoya.<\/span><\/p>\n<p style=\"text-align: justify;\"><span style=\"font-size: 16px;\">Ha obtenido las prestigiosas becas a la investigaci\u00f3n: <em>Provost Humanities Fellowship<\/em> (2011- 2012), <em>Andrew Mellon Fellowship<\/em> (2015-2016), y dos becas de trabajo de campo (2012 y 2015) para desarrollar sus proyectos en la Amazon\u00eda peruana otorgadas por el <em>Center of Latin American Studies<\/em> de la Universidad de Pittsburgh. Dict\u00f3 diversas conferencias en la Universidad de Hofstra, en la Universidad de Stony Brook ambas en Nueva York, y particip\u00f3 en coloquios de literatura en la PUCP. Asimismo, dict\u00f3 conferencias en Caracas, Venezuela, donde adem\u00e1s fue jurado del Concurso Nacional de Poes\u00eda celebrado en julio del 2015 y en Santo Domingo, 2016. Particip\u00f3 en el JALLA de Bolivia y su trabajo fue seleccionado en el II Encuentro de Investigadores J\u00f3venes en Estudios Amaz\u00f3nicos en la Universidad de la Amazon\u00eda en Florencia- Caquet\u00e1, Colombia.<\/span><\/p>\n<p style=\"text-align: justify;\"><span style=\"font-size: 16px;\">Ha escrito cuatro libros de poes\u00eda: <em>Las falsas actitudes del agua<\/em> (Lima, 2006, 2007, M\u00e9xico DF 2014), <em>Uno rojo<\/em> (PUCP, 2011, 2012), <em>Latitud de Fuego<\/em> (Lima 2011) y <em>A d\u00f3nde volver. Poemas \u201creunidos\u201d<\/em> (Pittsburgh, 2016).<br \/>\n<\/span><\/p>\n<p style=\"text-align: justify;\"><span style=\"font-size: 16px;\">Actualmente vive entre el Per\u00fa y los Estados Unidos.<\/span><\/p>\n<p style=\"text-align: justify;\"><span style=\"font-size: 16px;\">Tiene el blog:\u00a0<a href=\"http:\/\/www.deunsilencioajeno.lamula.pe\/\" target=\"_blank\" rel=\"noopener\">www.deunsilencioajeno.lamula.<wbr \/>pe<\/a><\/span><\/p>\n<p style=\"text-align: justify;\"><strong><a href=\"https:\/\/lascriticas.com\/index.php\/author\/andrea-cabel\/\">Sus cr\u00edticas<\/a><\/strong><\/p>\n","protected":false},"excerpt":{"rendered":"<p>Andrea Cabel Garc\u00eda obtuvo la Maestr\u00eda en Literatura Latinoamericana en la Universidad de Pittsburgh, universidad en la que actualmente es candidata al PhD. Licenciada en Literatura hispanoamericana en la Pontificia Universidad Cat\u00f3lica del Per\u00fa y Diplomada en Periodismo pol\u00edtico y An\u00e1lisis cultural en la Universidad Ruiz de Montoya. Ha obtenido las prestigiosas becas a la&#8230;<\/p>\n","protected":false},"author":1,"featured_media":3801,"parent":68,"menu_order":0,"comment_status":"closed","ping_status":"closed","template":"","meta":{"footnotes":""},"yoast_head":"<!-- This site is optimized with the Yoast SEO plugin v23.5 - https:\/\/yoast.com\/wordpress\/plugins\/seo\/ -->\n<title>Andrea Cabel Garc\u00eda - Las Cr\u00edticas<\/title>\n<meta name=\"description\" content=\"Escritora, poeta y acad\u00e9mica. Master en Literatura Latinoamericana en la U de Pittsburgh. Ha ganado becas y premios diversos.\" \/>\n<meta name=\"robots\" content=\"index, follow, max-snippet:-1, max-image-preview:large, max-video-preview:-1\" \/>\n<link rel=\"canonical\" href=\"https:\/\/lascriticas.com\/index.php\/lascriticas\/andrea-cabel\/\" \/>\n<meta property=\"og:locale\" content=\"es_ES\" \/>\n<meta property=\"og:type\" content=\"article\" \/>\n<meta property=\"og:title\" content=\"Andrea Cabel Garc\u00eda - Las Cr\u00edticas\" \/>\n<meta property=\"og:description\" content=\"Escritora, poeta y acad\u00e9mica. Master en Literatura Latinoamericana en la U de Pittsburgh. Ha ganado becas y premios diversos.\" \/>\n<meta property=\"og:url\" content=\"https:\/\/lascriticas.com\/index.php\/lascriticas\/andrea-cabel\/\" \/>\n<meta property=\"og:site_name\" content=\"Las Cr\u00edticas\" \/>\n<meta property=\"article:publisher\" content=\"https:\/\/www.facebook.com\/lascriticas\/\" \/>\n<meta property=\"article:modified_time\" content=\"2021-01-19T19:25:24+00:00\" \/>\n<meta property=\"og:image\" content=\"https:\/\/lascriticas.com\/wp-content\/uploads\/2021\/01\/Andrea-Cabel.jpeg\" \/>\n\t<meta property=\"og:image:width\" content=\"1080\" \/>\n\t<meta property=\"og:image:height\" content=\"530\" \/>\n\t<meta property=\"og:image:type\" content=\"image\/jpeg\" \/>\n<meta name=\"twitter:card\" content=\"summary_large_image\" \/>\n<meta name=\"twitter:site\" content=\"@LasCriticas_com\" \/>\n<meta name=\"twitter:label1\" content=\"Tiempo de lectura\" \/>\n\t<meta name=\"twitter:data1\" content=\"2 minutos\" \/>\n<script type=\"application\/ld+json\" class=\"yoast-schema-graph\">{\"@context\":\"https:\/\/schema.org\",\"@graph\":[{\"@type\":\"WebPage\",\"@id\":\"https:\/\/lascriticas.com\/index.php\/lascriticas\/andrea-cabel\/\",\"url\":\"https:\/\/lascriticas.com\/index.php\/lascriticas\/andrea-cabel\/\",\"name\":\"Andrea Cabel Garc\u00eda - Las Cr\u00edticas\",\"isPartOf\":{\"@id\":\"https:\/\/lascriticas.com\/#website\"},\"primaryImageOfPage\":{\"@id\":\"https:\/\/lascriticas.com\/index.php\/lascriticas\/andrea-cabel\/#primaryimage\"},\"image\":{\"@id\":\"https:\/\/lascriticas.com\/index.php\/lascriticas\/andrea-cabel\/#primaryimage\"},\"thumbnailUrl\":\"https:\/\/lascriticas.com\/wp-content\/uploads\/2021\/01\/Andrea-Cabel.jpeg\",\"datePublished\":\"2016-10-11T08:21:00+00:00\",\"dateModified\":\"2021-01-19T19:25:24+00:00\",\"description\":\"Escritora, poeta y acad\u00e9mica. Master en Literatura Latinoamericana en la U de Pittsburgh. Ha ganado becas y premios diversos.\",\"breadcrumb\":{\"@id\":\"https:\/\/lascriticas.com\/index.php\/lascriticas\/andrea-cabel\/#breadcrumb\"},\"inLanguage\":\"es\",\"potentialAction\":[{\"@type\":\"ReadAction\",\"target\":[\"https:\/\/lascriticas.com\/index.php\/lascriticas\/andrea-cabel\/\"]}]},{\"@type\":\"ImageObject\",\"inLanguage\":\"es\",\"@id\":\"https:\/\/lascriticas.com\/index.php\/lascriticas\/andrea-cabel\/#primaryimage\",\"url\":\"https:\/\/lascriticas.com\/wp-content\/uploads\/2021\/01\/Andrea-Cabel.jpeg\",\"contentUrl\":\"https:\/\/lascriticas.com\/wp-content\/uploads\/2021\/01\/Andrea-Cabel.jpeg\",\"width\":1080,\"height\":530,\"caption\":\"Andrea Cabel\"},{\"@type\":\"BreadcrumbList\",\"@id\":\"https:\/\/lascriticas.com\/index.php\/lascriticas\/andrea-cabel\/#breadcrumb\",\"itemListElement\":[{\"@type\":\"ListItem\",\"position\":1,\"name\":\"Inicio\",\"item\":\"https:\/\/lascriticas.com\/\"},{\"@type\":\"ListItem\",\"position\":2,\"name\":\"Las Cr\u00edticas\",\"item\":\"https:\/\/lascriticas.com\/index.php\/lascriticas\/\"},{\"@type\":\"ListItem\",\"position\":3,\"name\":\"Andrea Cabel Garc\u00eda\"}]},{\"@type\":\"WebSite\",\"@id\":\"https:\/\/lascriticas.com\/#website\",\"url\":\"https:\/\/lascriticas.com\/\",\"name\":\"Las Cr\u00edticas\",\"description\":\"Cr\u00edtica literaria hecha por mujeres\",\"publisher\":{\"@id\":\"https:\/\/lascriticas.com\/#organization\"},\"potentialAction\":[{\"@type\":\"SearchAction\",\"target\":{\"@type\":\"EntryPoint\",\"urlTemplate\":\"https:\/\/lascriticas.com\/?s={search_term_string}\"},\"query-input\":{\"@type\":\"PropertyValueSpecification\",\"valueRequired\":true,\"valueName\":\"search_term_string\"}}],\"inLanguage\":\"es\"},{\"@type\":\"Organization\",\"@id\":\"https:\/\/lascriticas.com\/#organization\",\"name\":\"Las Cr\u00edticas\",\"url\":\"https:\/\/lascriticas.com\/\",\"logo\":{\"@type\":\"ImageObject\",\"inLanguage\":\"es\",\"@id\":\"https:\/\/lascriticas.com\/#\/schema\/logo\/image\/\",\"url\":\"https:\/\/lascriticas.com\/wp-content\/uploads\/2016\/09\/Las-Cr\u00edticas.png\",\"contentUrl\":\"https:\/\/lascriticas.com\/wp-content\/uploads\/2016\/09\/Las-Cr\u00edticas.png\",\"width\":372,\"height\":201,\"caption\":\"Las Cr\u00edticas\"},\"image\":{\"@id\":\"https:\/\/lascriticas.com\/#\/schema\/logo\/image\/\"},\"sameAs\":[\"https:\/\/www.facebook.com\/lascriticas\/\",\"https:\/\/x.com\/LasCriticas_com\",\"https:\/\/www.instagram.com\/lascriticas_com\/\",\"https:\/\/www.youtube.com\/channel\/UCd7r-H6EJA4sSXGLX33_iHQ\"]}]}<\/script>\n<!-- \/ Yoast SEO plugin. -->","yoast_head_json":{"title":"Andrea Cabel Garc\u00eda - Las Cr\u00edticas","description":"Escritora, poeta y acad\u00e9mica. Master en Literatura Latinoamericana en la U de Pittsburgh. Ha ganado becas y premios diversos.","robots":{"index":"index","follow":"follow","max-snippet":"max-snippet:-1","max-image-preview":"max-image-preview:large","max-video-preview":"max-video-preview:-1"},"canonical":"https:\/\/lascriticas.com\/index.php\/lascriticas\/andrea-cabel\/","og_locale":"es_ES","og_type":"article","og_title":"Andrea Cabel Garc\u00eda - Las Cr\u00edticas","og_description":"Escritora, poeta y acad\u00e9mica. Master en Literatura Latinoamericana en la U de Pittsburgh. Ha ganado becas y premios diversos.","og_url":"https:\/\/lascriticas.com\/index.php\/lascriticas\/andrea-cabel\/","og_site_name":"Las Cr\u00edticas","article_publisher":"https:\/\/www.facebook.com\/lascriticas\/","article_modified_time":"2021-01-19T19:25:24+00:00","og_image":[{"width":1080,"height":530,"url":"https:\/\/lascriticas.com\/wp-content\/uploads\/2021\/01\/Andrea-Cabel.jpeg","type":"image\/jpeg"}],"twitter_card":"summary_large_image","twitter_site":"@LasCriticas_com","twitter_misc":{"Tiempo de lectura":"2 minutos"},"schema":{"@context":"https:\/\/schema.org","@graph":[{"@type":"WebPage","@id":"https:\/\/lascriticas.com\/index.php\/lascriticas\/andrea-cabel\/","url":"https:\/\/lascriticas.com\/index.php\/lascriticas\/andrea-cabel\/","name":"Andrea Cabel Garc\u00eda - Las Cr\u00edticas","isPartOf":{"@id":"https:\/\/lascriticas.com\/#website"},"primaryImageOfPage":{"@id":"https:\/\/lascriticas.com\/index.php\/lascriticas\/andrea-cabel\/#primaryimage"},"image":{"@id":"https:\/\/lascriticas.com\/index.php\/lascriticas\/andrea-cabel\/#primaryimage"},"thumbnailUrl":"https:\/\/lascriticas.com\/wp-content\/uploads\/2021\/01\/Andrea-Cabel.jpeg","datePublished":"2016-10-11T08:21:00+00:00","dateModified":"2021-01-19T19:25:24+00:00","description":"Escritora, poeta y acad\u00e9mica. Master en Literatura Latinoamericana en la U de Pittsburgh. Ha ganado becas y premios diversos.","breadcrumb":{"@id":"https:\/\/lascriticas.com\/index.php\/lascriticas\/andrea-cabel\/#breadcrumb"},"inLanguage":"es","potentialAction":[{"@type":"ReadAction","target":["https:\/\/lascriticas.com\/index.php\/lascriticas\/andrea-cabel\/"]}]},{"@type":"ImageObject","inLanguage":"es","@id":"https:\/\/lascriticas.com\/index.php\/lascriticas\/andrea-cabel\/#primaryimage","url":"https:\/\/lascriticas.com\/wp-content\/uploads\/2021\/01\/Andrea-Cabel.jpeg","contentUrl":"https:\/\/lascriticas.com\/wp-content\/uploads\/2021\/01\/Andrea-Cabel.jpeg","width":1080,"height":530,"caption":"Andrea Cabel"},{"@type":"BreadcrumbList","@id":"https:\/\/lascriticas.com\/index.php\/lascriticas\/andrea-cabel\/#breadcrumb","itemListElement":[{"@type":"ListItem","position":1,"name":"Inicio","item":"https:\/\/lascriticas.com\/"},{"@type":"ListItem","position":2,"name":"Las Cr\u00edticas","item":"https:\/\/lascriticas.com\/index.php\/lascriticas\/"},{"@type":"ListItem","position":3,"name":"Andrea Cabel Garc\u00eda"}]},{"@type":"WebSite","@id":"https:\/\/lascriticas.com\/#website","url":"https:\/\/lascriticas.com\/","name":"Las Cr\u00edticas","description":"Cr\u00edtica literaria hecha por mujeres","publisher":{"@id":"https:\/\/lascriticas.com\/#organization"},"potentialAction":[{"@type":"SearchAction","target":{"@type":"EntryPoint","urlTemplate":"https:\/\/lascriticas.com\/?s={search_term_string}"},"query-input":{"@type":"PropertyValueSpecification","valueRequired":true,"valueName":"search_term_string"}}],"inLanguage":"es"},{"@type":"Organization","@id":"https:\/\/lascriticas.com\/#organization","name":"Las Cr\u00edticas","url":"https:\/\/lascriticas.com\/","logo":{"@type":"ImageObject","inLanguage":"es","@id":"https:\/\/lascriticas.com\/#\/schema\/logo\/image\/","url":"https:\/\/lascriticas.com\/wp-content\/uploads\/2016\/09\/Las-Cr\u00edticas.png","contentUrl":"https:\/\/lascriticas.com\/wp-content\/uploads\/2016\/09\/Las-Cr\u00edticas.png","width":372,"height":201,"caption":"Las Cr\u00edticas"},"image":{"@id":"https:\/\/lascriticas.com\/#\/schema\/logo\/image\/"},"sameAs":["https:\/\/www.facebook.com\/lascriticas\/","https:\/\/x.com\/LasCriticas_com","https:\/\/www.instagram.com\/lascriticas_com\/","https:\/\/www.youtube.com\/channel\/UCd7r-H6EJA4sSXGLX33_iHQ"]}]}},"_links":{"self":[{"href":"https:\/\/lascriticas.com\/index.php\/wp-json\/wp\/v2\/pages\/337"}],"collection":[{"href":"https:\/\/lascriticas.com\/index.php\/wp-json\/wp\/v2\/pages"}],"about":[{"href":"https:\/\/lascriticas.com\/index.php\/wp-json\/wp\/v2\/types\/page"}],"author":[{"embeddable":true,"href":"https:\/\/lascriticas.com\/index.php\/wp-json\/wp\/v2\/users\/1"}],"replies":[{"embeddable":true,"href":"https:\/\/lascriticas.com\/index.php\/wp-json\/wp\/v2\/comments?post=337"}],"version-history":[{"count":17,"href":"https:\/\/lascriticas.com\/index.php\/wp-json\/wp\/v2\/pages\/337\/revisions"}],"predecessor-version":[{"id":3802,"href":"https:\/\/lascriticas.com\/index.php\/wp-json\/wp\/v2\/pages\/337\/revisions\/3802"}],"up":[{"embeddable":true,"href":"https:\/\/lascriticas.com\/index.php\/wp-json\/wp\/v2\/pages\/68"}],"wp:featuredmedia":[{"embeddable":true,"href":"https:\/\/lascriticas.com\/index.php\/wp-json\/wp\/v2\/media\/3801"}],"wp:attachment":[{"href":"https:\/\/lascriticas.com\/index.php\/wp-json\/wp\/v2\/media?parent=337"}],"curies":[{"name":"wp","href":"https:\/\/api.w.org\/{rel}","templated":true}]}}