{"id":3079,"date":"2019-12-27T08:38:33","date_gmt":"2019-12-27T07:38:33","guid":{"rendered":"http:\/\/lascriticas.com\/?page_id=3079"},"modified":"2021-01-19T20:36:30","modified_gmt":"2021-01-19T19:36:30","slug":"carolina-ortiz-fernandez","status":"publish","type":"page","link":"https:\/\/lascriticas.com\/index.php\/lascriticas\/carolina-ortiz-fernandez\/","title":{"rendered":"Carolina Ortiz Fern\u00e1ndez"},"content":{"rendered":"<p style=\"text-align: justify;\"><span style=\"font-size: 16px;\"><strong>Carolina Ortiz Fern\u00e1ndez<\/strong> es ama\/trabajadora de casa, escritora indisciplinaria y profesora sanmarquina. Su obra po\u00e9tica y ensayos han sido publicados en varias revistas y antolog\u00edas. Entre sus publicaciones destacan <em>A tientas<\/em> (2016), finalista en el premio Cop\u00e9 de poes\u00eda 2015, primer premio de los Viernes Literarios; <em>Un gato negro me hace un gui\u00f1o<\/em> (2005), <em>Una vela encendida en el desierto<\/em> (2000) obtuvo uno de los premios de Educaci\u00f3n Horacio 2000 organizado por la Derrama Magisterial.<\/span><br \/>\n<span style=\"font-size: 16px;\">Sobre poder, imaginarios sociales, discurso, cultura y g\u00e9nero ha publicado: <em>Procesos de descolonizaci\u00f3n del imaginario y del conocimiento en Am\u00e9rica Latina. Po\u00e9ticas de la violencia y de la crisis<\/em> (Fondo Editorial Facultad de Ciencias Sociales de la UNMSM, 2004), <em>Po\u00e9ticas afroindoamericanas. Episteme, cuerpo y territorio<\/em> (Pakarina\/UNMSM, 2014); <em>La letra y los cuerpos subyugados. Heterogeneidad colonialidad y subalternidad<\/em> (UASB, Quito, 1999).<\/span><br \/>\n<span style=\"font-size: 16px;\">Estudi\u00f3 sociolog\u00eda y doctorado en Ciencias Sociales en la UNMSM, maestr\u00eda en Letras en la Universidad Andina Sim\u00f3n Bol\u00edvar de Quito, Ecuador y G\u00e9nero y ciudadan\u00eda en la Universidad de Huelva, Espa\u00f1a. Es profesora e investigadora de la Universidad Nacional Mayor de San Marcos.<\/span><\/p>\n<p><span style=\"font-size: 16px;\"><strong><a href=\"https:\/\/lascriticas.com\/index.php\/author\/carolina-fernandez\/\">Sus cr\u00edticas<\/a><\/strong><\/span><\/p>\n","protected":false},"excerpt":{"rendered":"<p>Carolina Ortiz Fern\u00e1ndez es ama\/trabajadora de casa, escritora indisciplinaria y profesora sanmarquina. Su obra po\u00e9tica y ensayos han sido publicados en varias revistas y antolog\u00edas. Entre sus publicaciones destacan A tientas (2016), finalista en el premio Cop\u00e9 de poes\u00eda 2015, primer premio de los Viernes Literarios; Un gato negro me hace un gui\u00f1o (2005), Una&#8230;<\/p>\n","protected":false},"author":1,"featured_media":3808,"parent":68,"menu_order":0,"comment_status":"closed","ping_status":"closed","template":"","meta":{"footnotes":""},"yoast_head":"<!-- This site is optimized with the Yoast SEO plugin v23.5 - https:\/\/yoast.com\/wordpress\/plugins\/seo\/ -->\n<title>Carolina Ortiz Fern\u00e1ndez - Las Cr\u00edticas<\/title>\n<meta name=\"description\" content=\"Poeta y ensayista peruana, Carolina Ortiz ha publicado varios libros de poes\u00eda y ensayos sobre colonialidad. Es soci\u00f3loga y ense\u00f1a en la universidad San Marcos.\" \/>\n<meta name=\"robots\" content=\"index, follow, max-snippet:-1, max-image-preview:large, max-video-preview:-1\" \/>\n<link rel=\"canonical\" href=\"https:\/\/lascriticas.com\/index.php\/lascriticas\/carolina-ortiz-fernandez\/\" \/>\n<meta property=\"og:locale\" content=\"es_ES\" \/>\n<meta property=\"og:type\" content=\"article\" \/>\n<meta property=\"og:title\" content=\"Carolina Ortiz Fern\u00e1ndez - Las Cr\u00edticas\" \/>\n<meta property=\"og:description\" content=\"Poeta y ensayista peruana, Carolina Ortiz ha publicado varios libros de poes\u00eda y ensayos sobre colonialidad. Es soci\u00f3loga y ense\u00f1a en la universidad San Marcos.\" \/>\n<meta property=\"og:url\" content=\"https:\/\/lascriticas.com\/index.php\/lascriticas\/carolina-ortiz-fernandez\/\" \/>\n<meta property=\"og:site_name\" content=\"Las Cr\u00edticas\" \/>\n<meta property=\"article:publisher\" content=\"https:\/\/www.facebook.com\/lascriticas\/\" \/>\n<meta property=\"article:modified_time\" content=\"2021-01-19T19:36:30+00:00\" \/>\n<meta property=\"og:image\" content=\"https:\/\/lascriticas.com\/wp-content\/uploads\/2021\/01\/Carolina-Ortiz.jpeg\" \/>\n\t<meta property=\"og:image:width\" content=\"1080\" \/>\n\t<meta property=\"og:image:height\" content=\"530\" \/>\n\t<meta property=\"og:image:type\" content=\"image\/jpeg\" \/>\n<meta name=\"twitter:card\" content=\"summary_large_image\" \/>\n<meta name=\"twitter:site\" content=\"@LasCriticas_com\" \/>\n<meta name=\"twitter:label1\" content=\"Tiempo de lectura\" \/>\n\t<meta name=\"twitter:data1\" content=\"1 minuto\" \/>\n<script type=\"application\/ld+json\" class=\"yoast-schema-graph\">{\"@context\":\"https:\/\/schema.org\",\"@graph\":[{\"@type\":\"WebPage\",\"@id\":\"https:\/\/lascriticas.com\/index.php\/lascriticas\/carolina-ortiz-fernandez\/\",\"url\":\"https:\/\/lascriticas.com\/index.php\/lascriticas\/carolina-ortiz-fernandez\/\",\"name\":\"Carolina Ortiz Fern\u00e1ndez - Las Cr\u00edticas\",\"isPartOf\":{\"@id\":\"https:\/\/lascriticas.com\/#website\"},\"primaryImageOfPage\":{\"@id\":\"https:\/\/lascriticas.com\/index.php\/lascriticas\/carolina-ortiz-fernandez\/#primaryimage\"},\"image\":{\"@id\":\"https:\/\/lascriticas.com\/index.php\/lascriticas\/carolina-ortiz-fernandez\/#primaryimage\"},\"thumbnailUrl\":\"https:\/\/lascriticas.com\/wp-content\/uploads\/2021\/01\/Carolina-Ortiz.jpeg\",\"datePublished\":\"2019-12-27T07:38:33+00:00\",\"dateModified\":\"2021-01-19T19:36:30+00:00\",\"description\":\"Poeta y ensayista peruana, Carolina Ortiz ha publicado varios libros de poes\u00eda y ensayos sobre colonialidad. Es soci\u00f3loga y ense\u00f1a en la universidad San Marcos.\",\"breadcrumb\":{\"@id\":\"https:\/\/lascriticas.com\/index.php\/lascriticas\/carolina-ortiz-fernandez\/#breadcrumb\"},\"inLanguage\":\"es\",\"potentialAction\":[{\"@type\":\"ReadAction\",\"target\":[\"https:\/\/lascriticas.com\/index.php\/lascriticas\/carolina-ortiz-fernandez\/\"]}]},{\"@type\":\"ImageObject\",\"inLanguage\":\"es\",\"@id\":\"https:\/\/lascriticas.com\/index.php\/lascriticas\/carolina-ortiz-fernandez\/#primaryimage\",\"url\":\"https:\/\/lascriticas.com\/wp-content\/uploads\/2021\/01\/Carolina-Ortiz.jpeg\",\"contentUrl\":\"https:\/\/lascriticas.com\/wp-content\/uploads\/2021\/01\/Carolina-Ortiz.jpeg\",\"width\":1080,\"height\":530,\"caption\":\"Carolina Ortiz\"},{\"@type\":\"BreadcrumbList\",\"@id\":\"https:\/\/lascriticas.com\/index.php\/lascriticas\/carolina-ortiz-fernandez\/#breadcrumb\",\"itemListElement\":[{\"@type\":\"ListItem\",\"position\":1,\"name\":\"Inicio\",\"item\":\"https:\/\/lascriticas.com\/\"},{\"@type\":\"ListItem\",\"position\":2,\"name\":\"Las Cr\u00edticas\",\"item\":\"https:\/\/lascriticas.com\/index.php\/lascriticas\/\"},{\"@type\":\"ListItem\",\"position\":3,\"name\":\"Carolina Ortiz Fern\u00e1ndez\"}]},{\"@type\":\"WebSite\",\"@id\":\"https:\/\/lascriticas.com\/#website\",\"url\":\"https:\/\/lascriticas.com\/\",\"name\":\"Las Cr\u00edticas\",\"description\":\"Cr\u00edtica literaria hecha por mujeres\",\"publisher\":{\"@id\":\"https:\/\/lascriticas.com\/#organization\"},\"potentialAction\":[{\"@type\":\"SearchAction\",\"target\":{\"@type\":\"EntryPoint\",\"urlTemplate\":\"https:\/\/lascriticas.com\/?s={search_term_string}\"},\"query-input\":{\"@type\":\"PropertyValueSpecification\",\"valueRequired\":true,\"valueName\":\"search_term_string\"}}],\"inLanguage\":\"es\"},{\"@type\":\"Organization\",\"@id\":\"https:\/\/lascriticas.com\/#organization\",\"name\":\"Las Cr\u00edticas\",\"url\":\"https:\/\/lascriticas.com\/\",\"logo\":{\"@type\":\"ImageObject\",\"inLanguage\":\"es\",\"@id\":\"https:\/\/lascriticas.com\/#\/schema\/logo\/image\/\",\"url\":\"https:\/\/lascriticas.com\/wp-content\/uploads\/2016\/09\/Las-Cr\u00edticas.png\",\"contentUrl\":\"https:\/\/lascriticas.com\/wp-content\/uploads\/2016\/09\/Las-Cr\u00edticas.png\",\"width\":372,\"height\":201,\"caption\":\"Las Cr\u00edticas\"},\"image\":{\"@id\":\"https:\/\/lascriticas.com\/#\/schema\/logo\/image\/\"},\"sameAs\":[\"https:\/\/www.facebook.com\/lascriticas\/\",\"https:\/\/x.com\/LasCriticas_com\",\"https:\/\/www.instagram.com\/lascriticas_com\/\",\"https:\/\/www.youtube.com\/channel\/UCd7r-H6EJA4sSXGLX33_iHQ\"]}]}<\/script>\n<!-- \/ Yoast SEO plugin. -->","yoast_head_json":{"title":"Carolina Ortiz Fern\u00e1ndez - Las Cr\u00edticas","description":"Poeta y ensayista peruana, Carolina Ortiz ha publicado varios libros de poes\u00eda y ensayos sobre colonialidad. Es soci\u00f3loga y ense\u00f1a en la universidad San Marcos.","robots":{"index":"index","follow":"follow","max-snippet":"max-snippet:-1","max-image-preview":"max-image-preview:large","max-video-preview":"max-video-preview:-1"},"canonical":"https:\/\/lascriticas.com\/index.php\/lascriticas\/carolina-ortiz-fernandez\/","og_locale":"es_ES","og_type":"article","og_title":"Carolina Ortiz Fern\u00e1ndez - Las Cr\u00edticas","og_description":"Poeta y ensayista peruana, Carolina Ortiz ha publicado varios libros de poes\u00eda y ensayos sobre colonialidad. Es soci\u00f3loga y ense\u00f1a en la universidad San Marcos.","og_url":"https:\/\/lascriticas.com\/index.php\/lascriticas\/carolina-ortiz-fernandez\/","og_site_name":"Las Cr\u00edticas","article_publisher":"https:\/\/www.facebook.com\/lascriticas\/","article_modified_time":"2021-01-19T19:36:30+00:00","og_image":[{"width":1080,"height":530,"url":"https:\/\/lascriticas.com\/wp-content\/uploads\/2021\/01\/Carolina-Ortiz.jpeg","type":"image\/jpeg"}],"twitter_card":"summary_large_image","twitter_site":"@LasCriticas_com","twitter_misc":{"Tiempo de lectura":"1 minuto"},"schema":{"@context":"https:\/\/schema.org","@graph":[{"@type":"WebPage","@id":"https:\/\/lascriticas.com\/index.php\/lascriticas\/carolina-ortiz-fernandez\/","url":"https:\/\/lascriticas.com\/index.php\/lascriticas\/carolina-ortiz-fernandez\/","name":"Carolina Ortiz Fern\u00e1ndez - Las Cr\u00edticas","isPartOf":{"@id":"https:\/\/lascriticas.com\/#website"},"primaryImageOfPage":{"@id":"https:\/\/lascriticas.com\/index.php\/lascriticas\/carolina-ortiz-fernandez\/#primaryimage"},"image":{"@id":"https:\/\/lascriticas.com\/index.php\/lascriticas\/carolina-ortiz-fernandez\/#primaryimage"},"thumbnailUrl":"https:\/\/lascriticas.com\/wp-content\/uploads\/2021\/01\/Carolina-Ortiz.jpeg","datePublished":"2019-12-27T07:38:33+00:00","dateModified":"2021-01-19T19:36:30+00:00","description":"Poeta y ensayista peruana, Carolina Ortiz ha publicado varios libros de poes\u00eda y ensayos sobre colonialidad. Es soci\u00f3loga y ense\u00f1a en la universidad San Marcos.","breadcrumb":{"@id":"https:\/\/lascriticas.com\/index.php\/lascriticas\/carolina-ortiz-fernandez\/#breadcrumb"},"inLanguage":"es","potentialAction":[{"@type":"ReadAction","target":["https:\/\/lascriticas.com\/index.php\/lascriticas\/carolina-ortiz-fernandez\/"]}]},{"@type":"ImageObject","inLanguage":"es","@id":"https:\/\/lascriticas.com\/index.php\/lascriticas\/carolina-ortiz-fernandez\/#primaryimage","url":"https:\/\/lascriticas.com\/wp-content\/uploads\/2021\/01\/Carolina-Ortiz.jpeg","contentUrl":"https:\/\/lascriticas.com\/wp-content\/uploads\/2021\/01\/Carolina-Ortiz.jpeg","width":1080,"height":530,"caption":"Carolina Ortiz"},{"@type":"BreadcrumbList","@id":"https:\/\/lascriticas.com\/index.php\/lascriticas\/carolina-ortiz-fernandez\/#breadcrumb","itemListElement":[{"@type":"ListItem","position":1,"name":"Inicio","item":"https:\/\/lascriticas.com\/"},{"@type":"ListItem","position":2,"name":"Las Cr\u00edticas","item":"https:\/\/lascriticas.com\/index.php\/lascriticas\/"},{"@type":"ListItem","position":3,"name":"Carolina Ortiz Fern\u00e1ndez"}]},{"@type":"WebSite","@id":"https:\/\/lascriticas.com\/#website","url":"https:\/\/lascriticas.com\/","name":"Las Cr\u00edticas","description":"Cr\u00edtica literaria hecha por mujeres","publisher":{"@id":"https:\/\/lascriticas.com\/#organization"},"potentialAction":[{"@type":"SearchAction","target":{"@type":"EntryPoint","urlTemplate":"https:\/\/lascriticas.com\/?s={search_term_string}"},"query-input":{"@type":"PropertyValueSpecification","valueRequired":true,"valueName":"search_term_string"}}],"inLanguage":"es"},{"@type":"Organization","@id":"https:\/\/lascriticas.com\/#organization","name":"Las Cr\u00edticas","url":"https:\/\/lascriticas.com\/","logo":{"@type":"ImageObject","inLanguage":"es","@id":"https:\/\/lascriticas.com\/#\/schema\/logo\/image\/","url":"https:\/\/lascriticas.com\/wp-content\/uploads\/2016\/09\/Las-Cr\u00edticas.png","contentUrl":"https:\/\/lascriticas.com\/wp-content\/uploads\/2016\/09\/Las-Cr\u00edticas.png","width":372,"height":201,"caption":"Las Cr\u00edticas"},"image":{"@id":"https:\/\/lascriticas.com\/#\/schema\/logo\/image\/"},"sameAs":["https:\/\/www.facebook.com\/lascriticas\/","https:\/\/x.com\/LasCriticas_com","https:\/\/www.instagram.com\/lascriticas_com\/","https:\/\/www.youtube.com\/channel\/UCd7r-H6EJA4sSXGLX33_iHQ"]}]}},"_links":{"self":[{"href":"https:\/\/lascriticas.com\/index.php\/wp-json\/wp\/v2\/pages\/3079"}],"collection":[{"href":"https:\/\/lascriticas.com\/index.php\/wp-json\/wp\/v2\/pages"}],"about":[{"href":"https:\/\/lascriticas.com\/index.php\/wp-json\/wp\/v2\/types\/page"}],"author":[{"embeddable":true,"href":"https:\/\/lascriticas.com\/index.php\/wp-json\/wp\/v2\/users\/1"}],"replies":[{"embeddable":true,"href":"https:\/\/lascriticas.com\/index.php\/wp-json\/wp\/v2\/comments?post=3079"}],"version-history":[{"count":13,"href":"https:\/\/lascriticas.com\/index.php\/wp-json\/wp\/v2\/pages\/3079\/revisions"}],"predecessor-version":[{"id":3809,"href":"https:\/\/lascriticas.com\/index.php\/wp-json\/wp\/v2\/pages\/3079\/revisions\/3809"}],"up":[{"embeddable":true,"href":"https:\/\/lascriticas.com\/index.php\/wp-json\/wp\/v2\/pages\/68"}],"wp:featuredmedia":[{"embeddable":true,"href":"https:\/\/lascriticas.com\/index.php\/wp-json\/wp\/v2\/media\/3808"}],"wp:attachment":[{"href":"https:\/\/lascriticas.com\/index.php\/wp-json\/wp\/v2\/media?parent=3079"}],"curies":[{"name":"wp","href":"https:\/\/api.w.org\/{rel}","templated":true}]}}