{"id":2919,"date":"2019-11-10T22:16:26","date_gmt":"2019-11-10T21:16:26","guid":{"rendered":"http:\/\/lascriticas.com\/?page_id=2919"},"modified":"2021-01-19T21:42:43","modified_gmt":"2021-01-19T20:42:43","slug":"gabriela-wiener","status":"publish","type":"page","link":"https:\/\/lascriticas.com\/index.php\/lascriticas\/gabriela-wiener\/","title":{"rendered":"Gabriela Wiener"},"content":{"rendered":"<p style=\"text-align: justify;\"><span style=\"font-size: 16px;\"><strong>Gabriela Wiener<\/strong>\u00a0(Lima, 1975) es periodista, escritora y poeta. Sus cr\u00f3nicas han sido publicadas en reconocidas revistas como <em>Etiqueta Negra<\/em>, <em>Esquire<\/em>, <i>Primera L\u00ednea<\/i>. Sus textos han sido incluidos en numerosas antolog\u00edas y traducidos a varios idiomas. Es autora de los libros de no ficci\u00f3n <em>Ll<\/em><i>amada perdida<\/i>, <i>Sexograf\u00edas<\/i>, <i>Nueve lunas<\/i> y <i>Dicen de m\u00ed<\/i>. Colabora con diarios de varios pa\u00edses.<\/span><\/p>\n<p><span style=\"font-size: 16px;\"><strong><a href=\"https:\/\/lascriticas.com\/index.php\/author\/gabriela-wiener\/\">Sus cr\u00edticas<\/a><\/strong><\/span><\/p>\n","protected":false},"excerpt":{"rendered":"<p>Gabriela Wiener\u00a0(Lima, 1975) es periodista, escritora y poeta. Sus cr\u00f3nicas han sido publicadas en reconocidas revistas como Etiqueta Negra, Esquire, Primera L\u00ednea. Sus textos han sido incluidos en numerosas antolog\u00edas y traducidos a varios idiomas. Es autora de los libros de no ficci\u00f3n Llamada perdida, Sexograf\u00edas, Nueve lunas y Dicen de m\u00ed. Colabora con diarios&#8230;<\/p>\n","protected":false},"author":1,"featured_media":2925,"parent":68,"menu_order":0,"comment_status":"closed","ping_status":"closed","template":"","meta":{"footnotes":""},"yoast_head":"<!-- This site is optimized with the Yoast SEO plugin v23.5 - https:\/\/yoast.com\/wordpress\/plugins\/seo\/ -->\n<title>Gabriela Wiener - Las Cr\u00edticas<\/title>\n<meta name=\"description\" content=\"Gabriela Wiener\u00a0(Lima, 1975) es periodista, escritora y poeta. Sus cr\u00f3nicas han sido publicadas en reconocidas revistas como Etiqueta Negra, Esquire,\" \/>\n<meta name=\"robots\" content=\"index, follow, max-snippet:-1, max-image-preview:large, max-video-preview:-1\" \/>\n<link rel=\"canonical\" href=\"https:\/\/lascriticas.com\/index.php\/lascriticas\/gabriela-wiener\/\" \/>\n<meta property=\"og:locale\" content=\"es_ES\" \/>\n<meta property=\"og:type\" content=\"article\" \/>\n<meta property=\"og:title\" content=\"Gabriela Wiener - Las Cr\u00edticas\" \/>\n<meta property=\"og:description\" content=\"Gabriela Wiener\u00a0(Lima, 1975) es periodista, escritora y poeta. Sus cr\u00f3nicas han sido publicadas en reconocidas revistas como Etiqueta Negra, Esquire,\" \/>\n<meta property=\"og:url\" content=\"https:\/\/lascriticas.com\/index.php\/lascriticas\/gabriela-wiener\/\" \/>\n<meta property=\"og:site_name\" content=\"Las Cr\u00edticas\" \/>\n<meta property=\"article:publisher\" content=\"https:\/\/www.facebook.com\/lascriticas\/\" \/>\n<meta property=\"article:modified_time\" content=\"2021-01-19T20:42:43+00:00\" \/>\n<meta property=\"og:image\" content=\"https:\/\/lascriticas.com\/wp-content\/uploads\/2019\/11\/33A0615-min-1024x683.jpg\" \/>\n\t<meta property=\"og:image:width\" content=\"1024\" \/>\n\t<meta property=\"og:image:height\" content=\"683\" \/>\n\t<meta property=\"og:image:type\" content=\"image\/jpeg\" \/>\n<meta name=\"twitter:card\" content=\"summary_large_image\" \/>\n<meta name=\"twitter:site\" content=\"@LasCriticas_com\" \/>\n<meta name=\"twitter:label1\" content=\"Tiempo de lectura\" \/>\n\t<meta name=\"twitter:data1\" content=\"1 minuto\" \/>\n<script type=\"application\/ld+json\" class=\"yoast-schema-graph\">{\"@context\":\"https:\/\/schema.org\",\"@graph\":[{\"@type\":\"WebPage\",\"@id\":\"https:\/\/lascriticas.com\/index.php\/lascriticas\/gabriela-wiener\/\",\"url\":\"https:\/\/lascriticas.com\/index.php\/lascriticas\/gabriela-wiener\/\",\"name\":\"Gabriela Wiener - Las Cr\u00edticas\",\"isPartOf\":{\"@id\":\"https:\/\/lascriticas.com\/#website\"},\"primaryImageOfPage\":{\"@id\":\"https:\/\/lascriticas.com\/index.php\/lascriticas\/gabriela-wiener\/#primaryimage\"},\"image\":{\"@id\":\"https:\/\/lascriticas.com\/index.php\/lascriticas\/gabriela-wiener\/#primaryimage\"},\"thumbnailUrl\":\"https:\/\/lascriticas.com\/wp-content\/uploads\/2019\/11\/33A0615-min-1024x683.jpg\",\"datePublished\":\"2019-11-10T21:16:26+00:00\",\"dateModified\":\"2021-01-19T20:42:43+00:00\",\"description\":\"Gabriela Wiener\u00a0(Lima, 1975) es periodista, escritora y poeta. Sus cr\u00f3nicas han sido publicadas en reconocidas revistas como Etiqueta Negra, Esquire,\",\"breadcrumb\":{\"@id\":\"https:\/\/lascriticas.com\/index.php\/lascriticas\/gabriela-wiener\/#breadcrumb\"},\"inLanguage\":\"es\",\"potentialAction\":[{\"@type\":\"ReadAction\",\"target\":[\"https:\/\/lascriticas.com\/index.php\/lascriticas\/gabriela-wiener\/\"]}]},{\"@type\":\"ImageObject\",\"inLanguage\":\"es\",\"@id\":\"https:\/\/lascriticas.com\/index.php\/lascriticas\/gabriela-wiener\/#primaryimage\",\"url\":\"https:\/\/lascriticas.com\/wp-content\/uploads\/2019\/11\/33A0615-min-1024x683.jpg\",\"contentUrl\":\"https:\/\/lascriticas.com\/wp-content\/uploads\/2019\/11\/33A0615-min-1024x683.jpg\",\"width\":1024,\"height\":683,\"caption\":\"Gabriela Wiener\"},{\"@type\":\"BreadcrumbList\",\"@id\":\"https:\/\/lascriticas.com\/index.php\/lascriticas\/gabriela-wiener\/#breadcrumb\",\"itemListElement\":[{\"@type\":\"ListItem\",\"position\":1,\"name\":\"Inicio\",\"item\":\"https:\/\/lascriticas.com\/\"},{\"@type\":\"ListItem\",\"position\":2,\"name\":\"Las Cr\u00edticas\",\"item\":\"https:\/\/lascriticas.com\/index.php\/lascriticas\/\"},{\"@type\":\"ListItem\",\"position\":3,\"name\":\"Gabriela Wiener\"}]},{\"@type\":\"WebSite\",\"@id\":\"https:\/\/lascriticas.com\/#website\",\"url\":\"https:\/\/lascriticas.com\/\",\"name\":\"Las Cr\u00edticas\",\"description\":\"Cr\u00edtica literaria hecha por mujeres\",\"publisher\":{\"@id\":\"https:\/\/lascriticas.com\/#organization\"},\"potentialAction\":[{\"@type\":\"SearchAction\",\"target\":{\"@type\":\"EntryPoint\",\"urlTemplate\":\"https:\/\/lascriticas.com\/?s={search_term_string}\"},\"query-input\":{\"@type\":\"PropertyValueSpecification\",\"valueRequired\":true,\"valueName\":\"search_term_string\"}}],\"inLanguage\":\"es\"},{\"@type\":\"Organization\",\"@id\":\"https:\/\/lascriticas.com\/#organization\",\"name\":\"Las Cr\u00edticas\",\"url\":\"https:\/\/lascriticas.com\/\",\"logo\":{\"@type\":\"ImageObject\",\"inLanguage\":\"es\",\"@id\":\"https:\/\/lascriticas.com\/#\/schema\/logo\/image\/\",\"url\":\"https:\/\/lascriticas.com\/wp-content\/uploads\/2016\/09\/Las-Cr\u00edticas.png\",\"contentUrl\":\"https:\/\/lascriticas.com\/wp-content\/uploads\/2016\/09\/Las-Cr\u00edticas.png\",\"width\":372,\"height\":201,\"caption\":\"Las Cr\u00edticas\"},\"image\":{\"@id\":\"https:\/\/lascriticas.com\/#\/schema\/logo\/image\/\"},\"sameAs\":[\"https:\/\/www.facebook.com\/lascriticas\/\",\"https:\/\/x.com\/LasCriticas_com\",\"https:\/\/www.instagram.com\/lascriticas_com\/\",\"https:\/\/www.youtube.com\/channel\/UCd7r-H6EJA4sSXGLX33_iHQ\"]}]}<\/script>\n<!-- \/ Yoast SEO plugin. -->","yoast_head_json":{"title":"Gabriela Wiener - Las Cr\u00edticas","description":"Gabriela Wiener\u00a0(Lima, 1975) es periodista, escritora y poeta. Sus cr\u00f3nicas han sido publicadas en reconocidas revistas como Etiqueta Negra, Esquire,","robots":{"index":"index","follow":"follow","max-snippet":"max-snippet:-1","max-image-preview":"max-image-preview:large","max-video-preview":"max-video-preview:-1"},"canonical":"https:\/\/lascriticas.com\/index.php\/lascriticas\/gabriela-wiener\/","og_locale":"es_ES","og_type":"article","og_title":"Gabriela Wiener - Las Cr\u00edticas","og_description":"Gabriela Wiener\u00a0(Lima, 1975) es periodista, escritora y poeta. Sus cr\u00f3nicas han sido publicadas en reconocidas revistas como Etiqueta Negra, Esquire,","og_url":"https:\/\/lascriticas.com\/index.php\/lascriticas\/gabriela-wiener\/","og_site_name":"Las Cr\u00edticas","article_publisher":"https:\/\/www.facebook.com\/lascriticas\/","article_modified_time":"2021-01-19T20:42:43+00:00","og_image":[{"width":1024,"height":683,"url":"https:\/\/lascriticas.com\/wp-content\/uploads\/2019\/11\/33A0615-min-1024x683.jpg","type":"image\/jpeg"}],"twitter_card":"summary_large_image","twitter_site":"@LasCriticas_com","twitter_misc":{"Tiempo de lectura":"1 minuto"},"schema":{"@context":"https:\/\/schema.org","@graph":[{"@type":"WebPage","@id":"https:\/\/lascriticas.com\/index.php\/lascriticas\/gabriela-wiener\/","url":"https:\/\/lascriticas.com\/index.php\/lascriticas\/gabriela-wiener\/","name":"Gabriela Wiener - Las Cr\u00edticas","isPartOf":{"@id":"https:\/\/lascriticas.com\/#website"},"primaryImageOfPage":{"@id":"https:\/\/lascriticas.com\/index.php\/lascriticas\/gabriela-wiener\/#primaryimage"},"image":{"@id":"https:\/\/lascriticas.com\/index.php\/lascriticas\/gabriela-wiener\/#primaryimage"},"thumbnailUrl":"https:\/\/lascriticas.com\/wp-content\/uploads\/2019\/11\/33A0615-min-1024x683.jpg","datePublished":"2019-11-10T21:16:26+00:00","dateModified":"2021-01-19T20:42:43+00:00","description":"Gabriela Wiener\u00a0(Lima, 1975) es periodista, escritora y poeta. Sus cr\u00f3nicas han sido publicadas en reconocidas revistas como Etiqueta Negra, Esquire,","breadcrumb":{"@id":"https:\/\/lascriticas.com\/index.php\/lascriticas\/gabriela-wiener\/#breadcrumb"},"inLanguage":"es","potentialAction":[{"@type":"ReadAction","target":["https:\/\/lascriticas.com\/index.php\/lascriticas\/gabriela-wiener\/"]}]},{"@type":"ImageObject","inLanguage":"es","@id":"https:\/\/lascriticas.com\/index.php\/lascriticas\/gabriela-wiener\/#primaryimage","url":"https:\/\/lascriticas.com\/wp-content\/uploads\/2019\/11\/33A0615-min-1024x683.jpg","contentUrl":"https:\/\/lascriticas.com\/wp-content\/uploads\/2019\/11\/33A0615-min-1024x683.jpg","width":1024,"height":683,"caption":"Gabriela Wiener"},{"@type":"BreadcrumbList","@id":"https:\/\/lascriticas.com\/index.php\/lascriticas\/gabriela-wiener\/#breadcrumb","itemListElement":[{"@type":"ListItem","position":1,"name":"Inicio","item":"https:\/\/lascriticas.com\/"},{"@type":"ListItem","position":2,"name":"Las Cr\u00edticas","item":"https:\/\/lascriticas.com\/index.php\/lascriticas\/"},{"@type":"ListItem","position":3,"name":"Gabriela Wiener"}]},{"@type":"WebSite","@id":"https:\/\/lascriticas.com\/#website","url":"https:\/\/lascriticas.com\/","name":"Las Cr\u00edticas","description":"Cr\u00edtica literaria hecha por mujeres","publisher":{"@id":"https:\/\/lascriticas.com\/#organization"},"potentialAction":[{"@type":"SearchAction","target":{"@type":"EntryPoint","urlTemplate":"https:\/\/lascriticas.com\/?s={search_term_string}"},"query-input":{"@type":"PropertyValueSpecification","valueRequired":true,"valueName":"search_term_string"}}],"inLanguage":"es"},{"@type":"Organization","@id":"https:\/\/lascriticas.com\/#organization","name":"Las Cr\u00edticas","url":"https:\/\/lascriticas.com\/","logo":{"@type":"ImageObject","inLanguage":"es","@id":"https:\/\/lascriticas.com\/#\/schema\/logo\/image\/","url":"https:\/\/lascriticas.com\/wp-content\/uploads\/2016\/09\/Las-Cr\u00edticas.png","contentUrl":"https:\/\/lascriticas.com\/wp-content\/uploads\/2016\/09\/Las-Cr\u00edticas.png","width":372,"height":201,"caption":"Las Cr\u00edticas"},"image":{"@id":"https:\/\/lascriticas.com\/#\/schema\/logo\/image\/"},"sameAs":["https:\/\/www.facebook.com\/lascriticas\/","https:\/\/x.com\/LasCriticas_com","https:\/\/www.instagram.com\/lascriticas_com\/","https:\/\/www.youtube.com\/channel\/UCd7r-H6EJA4sSXGLX33_iHQ"]}]}},"_links":{"self":[{"href":"https:\/\/lascriticas.com\/index.php\/wp-json\/wp\/v2\/pages\/2919"}],"collection":[{"href":"https:\/\/lascriticas.com\/index.php\/wp-json\/wp\/v2\/pages"}],"about":[{"href":"https:\/\/lascriticas.com\/index.php\/wp-json\/wp\/v2\/types\/page"}],"author":[{"embeddable":true,"href":"https:\/\/lascriticas.com\/index.php\/wp-json\/wp\/v2\/users\/1"}],"replies":[{"embeddable":true,"href":"https:\/\/lascriticas.com\/index.php\/wp-json\/wp\/v2\/comments?post=2919"}],"version-history":[{"count":6,"href":"https:\/\/lascriticas.com\/index.php\/wp-json\/wp\/v2\/pages\/2919\/revisions"}],"predecessor-version":[{"id":3838,"href":"https:\/\/lascriticas.com\/index.php\/wp-json\/wp\/v2\/pages\/2919\/revisions\/3838"}],"up":[{"embeddable":true,"href":"https:\/\/lascriticas.com\/index.php\/wp-json\/wp\/v2\/pages\/68"}],"wp:featuredmedia":[{"embeddable":true,"href":"https:\/\/lascriticas.com\/index.php\/wp-json\/wp\/v2\/media\/2925"}],"wp:attachment":[{"href":"https:\/\/lascriticas.com\/index.php\/wp-json\/wp\/v2\/media?parent=2919"}],"curies":[{"name":"wp","href":"https:\/\/api.w.org\/{rel}","templated":true}]}}