{"id":2604,"date":"2018-11-25T22:27:10","date_gmt":"2018-11-25T21:27:10","guid":{"rendered":"http:\/\/lascriticas.com\/?page_id=2604"},"modified":"2021-01-19T21:39:39","modified_gmt":"2021-01-19T20:39:39","slug":"gabriela-clara-pignataro","status":"publish","type":"page","link":"https:\/\/lascriticas.com\/index.php\/lascriticas\/gabriela-clara-pignataro\/","title":{"rendered":"Gabriela Clara Pignataro"},"content":{"rendered":"<p style=\"text-align: justify;\"><span style=\"font-size: 16px;\"><b>Gabriela Clara Pignataro<\/b> (1985, Buenos Aires) es actriz, fot\u00f3grafa y escritora.<\/span><\/p>\n<p style=\"text-align: justify;\"><span style=\"font-size: 16px;\">En 2013 estren\u00f3 su \u00f3pera prima de experimentaci\u00f3n teatral biodram\u00e1tica en C.C.Matienzo \u201cArchivo Emocional Desclasificado\u201d. Public\u00f3<i> La \u00faltima oleada se llev\u00f3 todo menos esto<\/i> (Editorial Subpoes\u00eda 2013), <i>Eso que no se parte es una respuesta<\/i> (Difusi\u00f3n A\/terna 2014), <i>Muta<\/i> (Nulu Bonsai 2014), <i>Floresta<\/i> (LFS 2015), <i>Esto pasa: Poes\u00eda en Buenos Aires. Antolog\u00eda <\/i>(Llanto de Mudo 2015), <i>\u201cFormas de lo invisible. El espectro como cuesti\u00f3n est\u00e9tico-pol\u00edtica\u201d<\/i>(Karmacorp Ediciones, 2017), <i>Tundra<\/i> (A\u00f1osluz Editora, 2018), T<i>ran\u00e7o cabelo cai um raio<\/i>(Benfazeja Editorial 2018). Se encuentra trabajando en Proyecto \u201cLa belleza random de los d\u00edas\u201d de investigaci\u00f3n fotogr\u00e1fica anal\u00f3gica. Su poes\u00eda fue traducida al franc\u00e9s y al portugu\u00e9s.<\/span><\/p>\n<p style=\"text-align: justify;\"><span style=\"font-size: 16px;\">Es integrante del grupo de investigaci\u00f3n Figuras de lo invisible (PRIG, FFyL, UBA) en torno a visualidades contempor\u00e1neas y representaciones est\u00e9tico-pol\u00edticas.\u00a0Fue colaboradora en <a href=\"http:\/\/www.artezeta.com.ar\/\">www.artezeta.com.ar<\/a>, <a href=\"http:\/\/lamironaartistica.blogspot.com\">lamironaartistica.blogspot.com<\/a>.<\/span><\/p>\n<p><span style=\"font-size: 16px;\"><strong><a href=\"https:\/\/lascriticas.com\/index.php\/author\/gabriela-clara-pignataro\/\">Sus cr\u00edticas<\/a><\/strong><\/span><\/p>\n","protected":false},"excerpt":{"rendered":"<p>Gabriela Clara Pignataro (1985, Buenos Aires) es actriz, fot\u00f3grafa y escritora. En 2013 estren\u00f3 su \u00f3pera prima de experimentaci\u00f3n teatral biodram\u00e1tica en C.C.Matienzo \u201cArchivo Emocional Desclasificado\u201d. Public\u00f3 La \u00faltima oleada se llev\u00f3 todo menos esto (Editorial Subpoes\u00eda 2013), Eso que no se parte es una respuesta (Difusi\u00f3n A\/terna 2014), Muta (Nulu Bonsai 2014), Floresta (LFS&#8230;<\/p>\n","protected":false},"author":1,"featured_media":3833,"parent":68,"menu_order":0,"comment_status":"closed","ping_status":"closed","template":"","meta":{"footnotes":""},"yoast_head":"<!-- This site is optimized with the Yoast SEO plugin v23.5 - https:\/\/yoast.com\/wordpress\/plugins\/seo\/ -->\n<title>Gabriela Clara Pignataro - Las Cr\u00edticas<\/title>\n<meta name=\"description\" content=\"Gabriela Clara Pignataro (1985, Buenos Aires) es actriz, fot\u00f3grafa y escritora. Es autora de varios libros de poes\u00eda. Tambi\u00e9n colabora en revistas diversas.\" \/>\n<meta name=\"robots\" content=\"index, follow, max-snippet:-1, max-image-preview:large, max-video-preview:-1\" \/>\n<link rel=\"canonical\" href=\"https:\/\/lascriticas.com\/index.php\/lascriticas\/gabriela-clara-pignataro\/\" \/>\n<meta property=\"og:locale\" content=\"es_ES\" \/>\n<meta property=\"og:type\" content=\"article\" \/>\n<meta property=\"og:title\" content=\"Gabriela Clara Pignataro - Las Cr\u00edticas\" \/>\n<meta property=\"og:description\" content=\"Gabriela Clara Pignataro (1985, Buenos Aires) es actriz, fot\u00f3grafa y escritora. Es autora de varios libros de poes\u00eda. Tambi\u00e9n colabora en revistas diversas.\" \/>\n<meta property=\"og:url\" content=\"https:\/\/lascriticas.com\/index.php\/lascriticas\/gabriela-clara-pignataro\/\" \/>\n<meta property=\"og:site_name\" content=\"Las Cr\u00edticas\" \/>\n<meta property=\"article:publisher\" content=\"https:\/\/www.facebook.com\/lascriticas\/\" \/>\n<meta property=\"article:modified_time\" content=\"2021-01-19T20:39:39+00:00\" \/>\n<meta property=\"og:image\" content=\"https:\/\/lascriticas.com\/wp-content\/uploads\/2021\/01\/Gabriela-Pignataro1.jpeg\" \/>\n\t<meta property=\"og:image:width\" content=\"1080\" \/>\n\t<meta property=\"og:image:height\" content=\"530\" \/>\n\t<meta property=\"og:image:type\" content=\"image\/jpeg\" \/>\n<meta name=\"twitter:card\" content=\"summary_large_image\" \/>\n<meta name=\"twitter:site\" content=\"@LasCriticas_com\" \/>\n<meta name=\"twitter:label1\" content=\"Tiempo de lectura\" \/>\n\t<meta name=\"twitter:data1\" content=\"1 minuto\" \/>\n<script type=\"application\/ld+json\" class=\"yoast-schema-graph\">{\"@context\":\"https:\/\/schema.org\",\"@graph\":[{\"@type\":\"WebPage\",\"@id\":\"https:\/\/lascriticas.com\/index.php\/lascriticas\/gabriela-clara-pignataro\/\",\"url\":\"https:\/\/lascriticas.com\/index.php\/lascriticas\/gabriela-clara-pignataro\/\",\"name\":\"Gabriela Clara Pignataro - Las Cr\u00edticas\",\"isPartOf\":{\"@id\":\"https:\/\/lascriticas.com\/#website\"},\"primaryImageOfPage\":{\"@id\":\"https:\/\/lascriticas.com\/index.php\/lascriticas\/gabriela-clara-pignataro\/#primaryimage\"},\"image\":{\"@id\":\"https:\/\/lascriticas.com\/index.php\/lascriticas\/gabriela-clara-pignataro\/#primaryimage\"},\"thumbnailUrl\":\"https:\/\/lascriticas.com\/wp-content\/uploads\/2021\/01\/Gabriela-Pignataro1.jpeg\",\"datePublished\":\"2018-11-25T21:27:10+00:00\",\"dateModified\":\"2021-01-19T20:39:39+00:00\",\"description\":\"Gabriela Clara Pignataro (1985, Buenos Aires) es actriz, fot\u00f3grafa y escritora. Es autora de varios libros de poes\u00eda. Tambi\u00e9n colabora en revistas diversas.\",\"breadcrumb\":{\"@id\":\"https:\/\/lascriticas.com\/index.php\/lascriticas\/gabriela-clara-pignataro\/#breadcrumb\"},\"inLanguage\":\"es\",\"potentialAction\":[{\"@type\":\"ReadAction\",\"target\":[\"https:\/\/lascriticas.com\/index.php\/lascriticas\/gabriela-clara-pignataro\/\"]}]},{\"@type\":\"ImageObject\",\"inLanguage\":\"es\",\"@id\":\"https:\/\/lascriticas.com\/index.php\/lascriticas\/gabriela-clara-pignataro\/#primaryimage\",\"url\":\"https:\/\/lascriticas.com\/wp-content\/uploads\/2021\/01\/Gabriela-Pignataro1.jpeg\",\"contentUrl\":\"https:\/\/lascriticas.com\/wp-content\/uploads\/2021\/01\/Gabriela-Pignataro1.jpeg\",\"width\":1080,\"height\":530,\"caption\":\"Gabriela Pignataro\"},{\"@type\":\"BreadcrumbList\",\"@id\":\"https:\/\/lascriticas.com\/index.php\/lascriticas\/gabriela-clara-pignataro\/#breadcrumb\",\"itemListElement\":[{\"@type\":\"ListItem\",\"position\":1,\"name\":\"Inicio\",\"item\":\"https:\/\/lascriticas.com\/\"},{\"@type\":\"ListItem\",\"position\":2,\"name\":\"Las Cr\u00edticas\",\"item\":\"https:\/\/lascriticas.com\/index.php\/lascriticas\/\"},{\"@type\":\"ListItem\",\"position\":3,\"name\":\"Gabriela Clara Pignataro\"}]},{\"@type\":\"WebSite\",\"@id\":\"https:\/\/lascriticas.com\/#website\",\"url\":\"https:\/\/lascriticas.com\/\",\"name\":\"Las Cr\u00edticas\",\"description\":\"Cr\u00edtica literaria hecha por mujeres\",\"publisher\":{\"@id\":\"https:\/\/lascriticas.com\/#organization\"},\"potentialAction\":[{\"@type\":\"SearchAction\",\"target\":{\"@type\":\"EntryPoint\",\"urlTemplate\":\"https:\/\/lascriticas.com\/?s={search_term_string}\"},\"query-input\":{\"@type\":\"PropertyValueSpecification\",\"valueRequired\":true,\"valueName\":\"search_term_string\"}}],\"inLanguage\":\"es\"},{\"@type\":\"Organization\",\"@id\":\"https:\/\/lascriticas.com\/#organization\",\"name\":\"Las Cr\u00edticas\",\"url\":\"https:\/\/lascriticas.com\/\",\"logo\":{\"@type\":\"ImageObject\",\"inLanguage\":\"es\",\"@id\":\"https:\/\/lascriticas.com\/#\/schema\/logo\/image\/\",\"url\":\"https:\/\/lascriticas.com\/wp-content\/uploads\/2016\/09\/Las-Cr\u00edticas.png\",\"contentUrl\":\"https:\/\/lascriticas.com\/wp-content\/uploads\/2016\/09\/Las-Cr\u00edticas.png\",\"width\":372,\"height\":201,\"caption\":\"Las Cr\u00edticas\"},\"image\":{\"@id\":\"https:\/\/lascriticas.com\/#\/schema\/logo\/image\/\"},\"sameAs\":[\"https:\/\/www.facebook.com\/lascriticas\/\",\"https:\/\/x.com\/LasCriticas_com\",\"https:\/\/www.instagram.com\/lascriticas_com\/\",\"https:\/\/www.youtube.com\/channel\/UCd7r-H6EJA4sSXGLX33_iHQ\"]}]}<\/script>\n<!-- \/ Yoast SEO plugin. -->","yoast_head_json":{"title":"Gabriela Clara Pignataro - Las Cr\u00edticas","description":"Gabriela Clara Pignataro (1985, Buenos Aires) es actriz, fot\u00f3grafa y escritora. Es autora de varios libros de poes\u00eda. Tambi\u00e9n colabora en revistas diversas.","robots":{"index":"index","follow":"follow","max-snippet":"max-snippet:-1","max-image-preview":"max-image-preview:large","max-video-preview":"max-video-preview:-1"},"canonical":"https:\/\/lascriticas.com\/index.php\/lascriticas\/gabriela-clara-pignataro\/","og_locale":"es_ES","og_type":"article","og_title":"Gabriela Clara Pignataro - Las Cr\u00edticas","og_description":"Gabriela Clara Pignataro (1985, Buenos Aires) es actriz, fot\u00f3grafa y escritora. Es autora de varios libros de poes\u00eda. Tambi\u00e9n colabora en revistas diversas.","og_url":"https:\/\/lascriticas.com\/index.php\/lascriticas\/gabriela-clara-pignataro\/","og_site_name":"Las Cr\u00edticas","article_publisher":"https:\/\/www.facebook.com\/lascriticas\/","article_modified_time":"2021-01-19T20:39:39+00:00","og_image":[{"width":1080,"height":530,"url":"https:\/\/lascriticas.com\/wp-content\/uploads\/2021\/01\/Gabriela-Pignataro1.jpeg","type":"image\/jpeg"}],"twitter_card":"summary_large_image","twitter_site":"@LasCriticas_com","twitter_misc":{"Tiempo de lectura":"1 minuto"},"schema":{"@context":"https:\/\/schema.org","@graph":[{"@type":"WebPage","@id":"https:\/\/lascriticas.com\/index.php\/lascriticas\/gabriela-clara-pignataro\/","url":"https:\/\/lascriticas.com\/index.php\/lascriticas\/gabriela-clara-pignataro\/","name":"Gabriela Clara Pignataro - Las Cr\u00edticas","isPartOf":{"@id":"https:\/\/lascriticas.com\/#website"},"primaryImageOfPage":{"@id":"https:\/\/lascriticas.com\/index.php\/lascriticas\/gabriela-clara-pignataro\/#primaryimage"},"image":{"@id":"https:\/\/lascriticas.com\/index.php\/lascriticas\/gabriela-clara-pignataro\/#primaryimage"},"thumbnailUrl":"https:\/\/lascriticas.com\/wp-content\/uploads\/2021\/01\/Gabriela-Pignataro1.jpeg","datePublished":"2018-11-25T21:27:10+00:00","dateModified":"2021-01-19T20:39:39+00:00","description":"Gabriela Clara Pignataro (1985, Buenos Aires) es actriz, fot\u00f3grafa y escritora. Es autora de varios libros de poes\u00eda. Tambi\u00e9n colabora en revistas diversas.","breadcrumb":{"@id":"https:\/\/lascriticas.com\/index.php\/lascriticas\/gabriela-clara-pignataro\/#breadcrumb"},"inLanguage":"es","potentialAction":[{"@type":"ReadAction","target":["https:\/\/lascriticas.com\/index.php\/lascriticas\/gabriela-clara-pignataro\/"]}]},{"@type":"ImageObject","inLanguage":"es","@id":"https:\/\/lascriticas.com\/index.php\/lascriticas\/gabriela-clara-pignataro\/#primaryimage","url":"https:\/\/lascriticas.com\/wp-content\/uploads\/2021\/01\/Gabriela-Pignataro1.jpeg","contentUrl":"https:\/\/lascriticas.com\/wp-content\/uploads\/2021\/01\/Gabriela-Pignataro1.jpeg","width":1080,"height":530,"caption":"Gabriela Pignataro"},{"@type":"BreadcrumbList","@id":"https:\/\/lascriticas.com\/index.php\/lascriticas\/gabriela-clara-pignataro\/#breadcrumb","itemListElement":[{"@type":"ListItem","position":1,"name":"Inicio","item":"https:\/\/lascriticas.com\/"},{"@type":"ListItem","position":2,"name":"Las Cr\u00edticas","item":"https:\/\/lascriticas.com\/index.php\/lascriticas\/"},{"@type":"ListItem","position":3,"name":"Gabriela Clara Pignataro"}]},{"@type":"WebSite","@id":"https:\/\/lascriticas.com\/#website","url":"https:\/\/lascriticas.com\/","name":"Las Cr\u00edticas","description":"Cr\u00edtica literaria hecha por mujeres","publisher":{"@id":"https:\/\/lascriticas.com\/#organization"},"potentialAction":[{"@type":"SearchAction","target":{"@type":"EntryPoint","urlTemplate":"https:\/\/lascriticas.com\/?s={search_term_string}"},"query-input":{"@type":"PropertyValueSpecification","valueRequired":true,"valueName":"search_term_string"}}],"inLanguage":"es"},{"@type":"Organization","@id":"https:\/\/lascriticas.com\/#organization","name":"Las Cr\u00edticas","url":"https:\/\/lascriticas.com\/","logo":{"@type":"ImageObject","inLanguage":"es","@id":"https:\/\/lascriticas.com\/#\/schema\/logo\/image\/","url":"https:\/\/lascriticas.com\/wp-content\/uploads\/2016\/09\/Las-Cr\u00edticas.png","contentUrl":"https:\/\/lascriticas.com\/wp-content\/uploads\/2016\/09\/Las-Cr\u00edticas.png","width":372,"height":201,"caption":"Las Cr\u00edticas"},"image":{"@id":"https:\/\/lascriticas.com\/#\/schema\/logo\/image\/"},"sameAs":["https:\/\/www.facebook.com\/lascriticas\/","https:\/\/x.com\/LasCriticas_com","https:\/\/www.instagram.com\/lascriticas_com\/","https:\/\/www.youtube.com\/channel\/UCd7r-H6EJA4sSXGLX33_iHQ"]}]}},"_links":{"self":[{"href":"https:\/\/lascriticas.com\/index.php\/wp-json\/wp\/v2\/pages\/2604"}],"collection":[{"href":"https:\/\/lascriticas.com\/index.php\/wp-json\/wp\/v2\/pages"}],"about":[{"href":"https:\/\/lascriticas.com\/index.php\/wp-json\/wp\/v2\/types\/page"}],"author":[{"embeddable":true,"href":"https:\/\/lascriticas.com\/index.php\/wp-json\/wp\/v2\/users\/1"}],"replies":[{"embeddable":true,"href":"https:\/\/lascriticas.com\/index.php\/wp-json\/wp\/v2\/comments?post=2604"}],"version-history":[{"count":3,"href":"https:\/\/lascriticas.com\/index.php\/wp-json\/wp\/v2\/pages\/2604\/revisions"}],"predecessor-version":[{"id":3835,"href":"https:\/\/lascriticas.com\/index.php\/wp-json\/wp\/v2\/pages\/2604\/revisions\/3835"}],"up":[{"embeddable":true,"href":"https:\/\/lascriticas.com\/index.php\/wp-json\/wp\/v2\/pages\/68"}],"wp:featuredmedia":[{"embeddable":true,"href":"https:\/\/lascriticas.com\/index.php\/wp-json\/wp\/v2\/media\/3833"}],"wp:attachment":[{"href":"https:\/\/lascriticas.com\/index.php\/wp-json\/wp\/v2\/media?parent=2604"}],"curies":[{"name":"wp","href":"https:\/\/api.w.org\/{rel}","templated":true}]}}