{"id":2463,"date":"2018-09-05T22:30:10","date_gmt":"2018-09-05T20:30:10","guid":{"rendered":"http:\/\/lascriticas.com\/?page_id=2463"},"modified":"2024-01-07T15:35:18","modified_gmt":"2024-01-07T14:35:18","slug":"lisette-balabarca-fataccioli","status":"publish","type":"page","link":"https:\/\/lascriticas.com\/index.php\/lascriticas\/lisette-balabarca-fataccioli\/","title":{"rendered":"Lisette Balabarca Fataccioli"},"content":{"rendered":"<p style=\"text-align: justify;\"><span style=\"font-size: 16px;\"><strong>Lisette Balabarca Fataccioli<\/strong> <span style=\"font-family: georgia, palatino, serif;\">es escritora y acad\u00e9mica. Bachiller en Literatura por la Universidad Cat\u00f3lica del Per\u00fa y Doctora en Literaturas Hisp\u00e1nicas por la Universidad de Boston. Actualmente se desempe\u00f1a como Profesora Asociada de Espa\u00f1ol en Siena College. Su investigaci\u00f3n acad\u00e9mica se centra en la literatura morisca de la Pen\u00ednsula Ib\u00e9rica durante la pre-modernidad. Sus cuentos han aparecido en diversas antolog\u00edas como <i>Circo de pulgas<\/i> (2012), <i>Del sur al norte<\/i> (2017),<span class=\"Apple-converted-space\">\u00a0 <\/span><i>Intervalos<\/i> (2020), <i>Durar\u00e1 este encierro<\/i> (2021) y <i>Asintom\u00e1tica<\/i> (2021), as\u00ed como en el <i>Latin American Literary Review <\/i>(2019<i>) <\/i>(2020<i>)<\/i>.<\/span><\/span><\/p>\n<p><span style=\"font-size: 16px;\"><a href=\"https:\/\/lascriticas.com\/index.php\/author\/lisette-balabarca-fataccioli\/\"><strong>Sus cr\u00edticas<\/strong><\/a><\/span><\/p>\n","protected":false},"excerpt":{"rendered":"<p>Lisette Balabarca Fataccioli es escritora y acad\u00e9mica. Bachiller en Literatura por la Universidad Cat\u00f3lica del Per\u00fa y Doctora en Literaturas Hisp\u00e1nicas por la Universidad de Boston. Actualmente se desempe\u00f1a como Profesora Asociada de Espa\u00f1ol en Siena College. Su investigaci\u00f3n acad\u00e9mica se centra en la literatura morisca de la Pen\u00ednsula Ib\u00e9rica durante la pre-modernidad. Sus cuentos&#8230;<\/p>\n","protected":false},"author":1,"featured_media":2466,"parent":68,"menu_order":0,"comment_status":"closed","ping_status":"closed","template":"","meta":{"footnotes":""},"yoast_head":"<!-- This site is optimized with the Yoast SEO plugin v23.5 - https:\/\/yoast.com\/wordpress\/plugins\/seo\/ -->\n<title>Lisette Balabarca Fataccioli - Las Cr\u00edticas<\/title>\n<meta name=\"description\" content=\"Lisette Balabarca Fataccioli es doctora en Literaturas Hisp\u00e1nicas, cr\u00edtica, acad\u00e9mica y escritora. Es docente en Sienna College, NY.\" \/>\n<meta name=\"robots\" content=\"index, follow, max-snippet:-1, max-image-preview:large, max-video-preview:-1\" \/>\n<link rel=\"canonical\" href=\"https:\/\/lascriticas.com\/index.php\/lascriticas\/lisette-balabarca-fataccioli\/\" \/>\n<meta property=\"og:locale\" content=\"es_ES\" \/>\n<meta property=\"og:type\" content=\"article\" \/>\n<meta property=\"og:title\" content=\"Lisette Balabarca Fataccioli - Las Cr\u00edticas\" \/>\n<meta property=\"og:description\" content=\"Lisette Balabarca Fataccioli es doctora en Literaturas Hisp\u00e1nicas, cr\u00edtica, acad\u00e9mica y escritora. Es docente en Sienna College, NY.\" \/>\n<meta property=\"og:url\" content=\"https:\/\/lascriticas.com\/index.php\/lascriticas\/lisette-balabarca-fataccioli\/\" \/>\n<meta property=\"og:site_name\" content=\"Las Cr\u00edticas\" \/>\n<meta property=\"article:publisher\" content=\"https:\/\/www.facebook.com\/lascriticas\/\" \/>\n<meta property=\"article:modified_time\" content=\"2024-01-07T14:35:18+00:00\" \/>\n<meta property=\"og:image\" content=\"https:\/\/lascriticas.com\/wp-content\/uploads\/2018\/09\/Lisette-Balabarca.jpg\" \/>\n\t<meta property=\"og:image:width\" content=\"1080\" \/>\n\t<meta property=\"og:image:height\" content=\"530\" \/>\n\t<meta property=\"og:image:type\" content=\"image\/jpeg\" \/>\n<meta name=\"twitter:card\" content=\"summary_large_image\" \/>\n<meta name=\"twitter:site\" content=\"@LasCriticas_com\" \/>\n<meta name=\"twitter:label1\" content=\"Tiempo de lectura\" \/>\n\t<meta name=\"twitter:data1\" content=\"1 minuto\" \/>\n<script type=\"application\/ld+json\" class=\"yoast-schema-graph\">{\"@context\":\"https:\/\/schema.org\",\"@graph\":[{\"@type\":\"WebPage\",\"@id\":\"https:\/\/lascriticas.com\/index.php\/lascriticas\/lisette-balabarca-fataccioli\/\",\"url\":\"https:\/\/lascriticas.com\/index.php\/lascriticas\/lisette-balabarca-fataccioli\/\",\"name\":\"Lisette Balabarca Fataccioli - Las Cr\u00edticas\",\"isPartOf\":{\"@id\":\"https:\/\/lascriticas.com\/#website\"},\"primaryImageOfPage\":{\"@id\":\"https:\/\/lascriticas.com\/index.php\/lascriticas\/lisette-balabarca-fataccioli\/#primaryimage\"},\"image\":{\"@id\":\"https:\/\/lascriticas.com\/index.php\/lascriticas\/lisette-balabarca-fataccioli\/#primaryimage\"},\"thumbnailUrl\":\"https:\/\/lascriticas.com\/wp-content\/uploads\/2018\/09\/Lisette-Balabarca.jpg\",\"datePublished\":\"2018-09-05T20:30:10+00:00\",\"dateModified\":\"2024-01-07T14:35:18+00:00\",\"description\":\"Lisette Balabarca Fataccioli es doctora en Literaturas Hisp\u00e1nicas, cr\u00edtica, acad\u00e9mica y escritora. Es docente en Sienna College, NY.\",\"breadcrumb\":{\"@id\":\"https:\/\/lascriticas.com\/index.php\/lascriticas\/lisette-balabarca-fataccioli\/#breadcrumb\"},\"inLanguage\":\"es\",\"potentialAction\":[{\"@type\":\"ReadAction\",\"target\":[\"https:\/\/lascriticas.com\/index.php\/lascriticas\/lisette-balabarca-fataccioli\/\"]}]},{\"@type\":\"ImageObject\",\"inLanguage\":\"es\",\"@id\":\"https:\/\/lascriticas.com\/index.php\/lascriticas\/lisette-balabarca-fataccioli\/#primaryimage\",\"url\":\"https:\/\/lascriticas.com\/wp-content\/uploads\/2018\/09\/Lisette-Balabarca.jpg\",\"contentUrl\":\"https:\/\/lascriticas.com\/wp-content\/uploads\/2018\/09\/Lisette-Balabarca.jpg\",\"width\":1080,\"height\":530,\"caption\":\"Lisette Balabarca\"},{\"@type\":\"BreadcrumbList\",\"@id\":\"https:\/\/lascriticas.com\/index.php\/lascriticas\/lisette-balabarca-fataccioli\/#breadcrumb\",\"itemListElement\":[{\"@type\":\"ListItem\",\"position\":1,\"name\":\"Inicio\",\"item\":\"https:\/\/lascriticas.com\/\"},{\"@type\":\"ListItem\",\"position\":2,\"name\":\"Las Cr\u00edticas\",\"item\":\"https:\/\/lascriticas.com\/index.php\/lascriticas\/\"},{\"@type\":\"ListItem\",\"position\":3,\"name\":\"Lisette Balabarca Fataccioli\"}]},{\"@type\":\"WebSite\",\"@id\":\"https:\/\/lascriticas.com\/#website\",\"url\":\"https:\/\/lascriticas.com\/\",\"name\":\"Las Cr\u00edticas\",\"description\":\"Cr\u00edtica literaria hecha por mujeres\",\"publisher\":{\"@id\":\"https:\/\/lascriticas.com\/#organization\"},\"potentialAction\":[{\"@type\":\"SearchAction\",\"target\":{\"@type\":\"EntryPoint\",\"urlTemplate\":\"https:\/\/lascriticas.com\/?s={search_term_string}\"},\"query-input\":{\"@type\":\"PropertyValueSpecification\",\"valueRequired\":true,\"valueName\":\"search_term_string\"}}],\"inLanguage\":\"es\"},{\"@type\":\"Organization\",\"@id\":\"https:\/\/lascriticas.com\/#organization\",\"name\":\"Las Cr\u00edticas\",\"url\":\"https:\/\/lascriticas.com\/\",\"logo\":{\"@type\":\"ImageObject\",\"inLanguage\":\"es\",\"@id\":\"https:\/\/lascriticas.com\/#\/schema\/logo\/image\/\",\"url\":\"https:\/\/lascriticas.com\/wp-content\/uploads\/2016\/09\/Las-Cr\u00edticas.png\",\"contentUrl\":\"https:\/\/lascriticas.com\/wp-content\/uploads\/2016\/09\/Las-Cr\u00edticas.png\",\"width\":372,\"height\":201,\"caption\":\"Las Cr\u00edticas\"},\"image\":{\"@id\":\"https:\/\/lascriticas.com\/#\/schema\/logo\/image\/\"},\"sameAs\":[\"https:\/\/www.facebook.com\/lascriticas\/\",\"https:\/\/x.com\/LasCriticas_com\",\"https:\/\/www.instagram.com\/lascriticas_com\/\",\"https:\/\/www.youtube.com\/channel\/UCd7r-H6EJA4sSXGLX33_iHQ\"]}]}<\/script>\n<!-- \/ Yoast SEO plugin. -->","yoast_head_json":{"title":"Lisette Balabarca Fataccioli - Las Cr\u00edticas","description":"Lisette Balabarca Fataccioli es doctora en Literaturas Hisp\u00e1nicas, cr\u00edtica, acad\u00e9mica y escritora. Es docente en Sienna College, NY.","robots":{"index":"index","follow":"follow","max-snippet":"max-snippet:-1","max-image-preview":"max-image-preview:large","max-video-preview":"max-video-preview:-1"},"canonical":"https:\/\/lascriticas.com\/index.php\/lascriticas\/lisette-balabarca-fataccioli\/","og_locale":"es_ES","og_type":"article","og_title":"Lisette Balabarca Fataccioli - Las Cr\u00edticas","og_description":"Lisette Balabarca Fataccioli es doctora en Literaturas Hisp\u00e1nicas, cr\u00edtica, acad\u00e9mica y escritora. Es docente en Sienna College, NY.","og_url":"https:\/\/lascriticas.com\/index.php\/lascriticas\/lisette-balabarca-fataccioli\/","og_site_name":"Las Cr\u00edticas","article_publisher":"https:\/\/www.facebook.com\/lascriticas\/","article_modified_time":"2024-01-07T14:35:18+00:00","og_image":[{"width":1080,"height":530,"url":"https:\/\/lascriticas.com\/wp-content\/uploads\/2018\/09\/Lisette-Balabarca.jpg","type":"image\/jpeg"}],"twitter_card":"summary_large_image","twitter_site":"@LasCriticas_com","twitter_misc":{"Tiempo de lectura":"1 minuto"},"schema":{"@context":"https:\/\/schema.org","@graph":[{"@type":"WebPage","@id":"https:\/\/lascriticas.com\/index.php\/lascriticas\/lisette-balabarca-fataccioli\/","url":"https:\/\/lascriticas.com\/index.php\/lascriticas\/lisette-balabarca-fataccioli\/","name":"Lisette Balabarca Fataccioli - Las Cr\u00edticas","isPartOf":{"@id":"https:\/\/lascriticas.com\/#website"},"primaryImageOfPage":{"@id":"https:\/\/lascriticas.com\/index.php\/lascriticas\/lisette-balabarca-fataccioli\/#primaryimage"},"image":{"@id":"https:\/\/lascriticas.com\/index.php\/lascriticas\/lisette-balabarca-fataccioli\/#primaryimage"},"thumbnailUrl":"https:\/\/lascriticas.com\/wp-content\/uploads\/2018\/09\/Lisette-Balabarca.jpg","datePublished":"2018-09-05T20:30:10+00:00","dateModified":"2024-01-07T14:35:18+00:00","description":"Lisette Balabarca Fataccioli es doctora en Literaturas Hisp\u00e1nicas, cr\u00edtica, acad\u00e9mica y escritora. Es docente en Sienna College, NY.","breadcrumb":{"@id":"https:\/\/lascriticas.com\/index.php\/lascriticas\/lisette-balabarca-fataccioli\/#breadcrumb"},"inLanguage":"es","potentialAction":[{"@type":"ReadAction","target":["https:\/\/lascriticas.com\/index.php\/lascriticas\/lisette-balabarca-fataccioli\/"]}]},{"@type":"ImageObject","inLanguage":"es","@id":"https:\/\/lascriticas.com\/index.php\/lascriticas\/lisette-balabarca-fataccioli\/#primaryimage","url":"https:\/\/lascriticas.com\/wp-content\/uploads\/2018\/09\/Lisette-Balabarca.jpg","contentUrl":"https:\/\/lascriticas.com\/wp-content\/uploads\/2018\/09\/Lisette-Balabarca.jpg","width":1080,"height":530,"caption":"Lisette Balabarca"},{"@type":"BreadcrumbList","@id":"https:\/\/lascriticas.com\/index.php\/lascriticas\/lisette-balabarca-fataccioli\/#breadcrumb","itemListElement":[{"@type":"ListItem","position":1,"name":"Inicio","item":"https:\/\/lascriticas.com\/"},{"@type":"ListItem","position":2,"name":"Las Cr\u00edticas","item":"https:\/\/lascriticas.com\/index.php\/lascriticas\/"},{"@type":"ListItem","position":3,"name":"Lisette Balabarca Fataccioli"}]},{"@type":"WebSite","@id":"https:\/\/lascriticas.com\/#website","url":"https:\/\/lascriticas.com\/","name":"Las Cr\u00edticas","description":"Cr\u00edtica literaria hecha por mujeres","publisher":{"@id":"https:\/\/lascriticas.com\/#organization"},"potentialAction":[{"@type":"SearchAction","target":{"@type":"EntryPoint","urlTemplate":"https:\/\/lascriticas.com\/?s={search_term_string}"},"query-input":{"@type":"PropertyValueSpecification","valueRequired":true,"valueName":"search_term_string"}}],"inLanguage":"es"},{"@type":"Organization","@id":"https:\/\/lascriticas.com\/#organization","name":"Las Cr\u00edticas","url":"https:\/\/lascriticas.com\/","logo":{"@type":"ImageObject","inLanguage":"es","@id":"https:\/\/lascriticas.com\/#\/schema\/logo\/image\/","url":"https:\/\/lascriticas.com\/wp-content\/uploads\/2016\/09\/Las-Cr\u00edticas.png","contentUrl":"https:\/\/lascriticas.com\/wp-content\/uploads\/2016\/09\/Las-Cr\u00edticas.png","width":372,"height":201,"caption":"Las Cr\u00edticas"},"image":{"@id":"https:\/\/lascriticas.com\/#\/schema\/logo\/image\/"},"sameAs":["https:\/\/www.facebook.com\/lascriticas\/","https:\/\/x.com\/LasCriticas_com","https:\/\/www.instagram.com\/lascriticas_com\/","https:\/\/www.youtube.com\/channel\/UCd7r-H6EJA4sSXGLX33_iHQ"]}]}},"_links":{"self":[{"href":"https:\/\/lascriticas.com\/index.php\/wp-json\/wp\/v2\/pages\/2463"}],"collection":[{"href":"https:\/\/lascriticas.com\/index.php\/wp-json\/wp\/v2\/pages"}],"about":[{"href":"https:\/\/lascriticas.com\/index.php\/wp-json\/wp\/v2\/types\/page"}],"author":[{"embeddable":true,"href":"https:\/\/lascriticas.com\/index.php\/wp-json\/wp\/v2\/users\/1"}],"replies":[{"embeddable":true,"href":"https:\/\/lascriticas.com\/index.php\/wp-json\/wp\/v2\/comments?post=2463"}],"version-history":[{"count":7,"href":"https:\/\/lascriticas.com\/index.php\/wp-json\/wp\/v2\/pages\/2463\/revisions"}],"predecessor-version":[{"id":5680,"href":"https:\/\/lascriticas.com\/index.php\/wp-json\/wp\/v2\/pages\/2463\/revisions\/5680"}],"up":[{"embeddable":true,"href":"https:\/\/lascriticas.com\/index.php\/wp-json\/wp\/v2\/pages\/68"}],"wp:featuredmedia":[{"embeddable":true,"href":"https:\/\/lascriticas.com\/index.php\/wp-json\/wp\/v2\/media\/2466"}],"wp:attachment":[{"href":"https:\/\/lascriticas.com\/index.php\/wp-json\/wp\/v2\/media?parent=2463"}],"curies":[{"name":"wp","href":"https:\/\/api.w.org\/{rel}","templated":true}]}}