{"id":241,"date":"2016-10-04T11:50:45","date_gmt":"2016-10-04T09:50:45","guid":{"rendered":"http:\/\/lascriticas.com\/?page_id=241"},"modified":"2021-01-19T23:50:51","modified_gmt":"2021-01-19T22:50:51","slug":"sandra-la-torre-guarderas","status":"publish","type":"page","link":"https:\/\/lascriticas.com\/index.php\/lascriticas\/sandra-la-torre-guarderas\/","title":{"rendered":"Sandra de la Torre Guarderas"},"content":{"rendered":"<p style=\"text-align: justify;\"><span style=\"font-size: 16px;\"><strong>Sandra de la Torre Guarderas.<\/strong>\u00a0(Quito, 13 de enero, 1971) Poeta, editora, guionista y realizadora audiovisual. Estudi\u00f3\u00a0comunicaciones en <i>University of Nothwestern<\/i>, de St. Paul, Minnesota. En 1998, Integr\u00f3 el <i>Taller de Poetas J\u00f3venes<\/i> de la Casa de la Cultura Ecuatoriana. M\u00e1s tarde ejerci\u00f3 su oficio en los talleres literarios de FLACSO Ecuador y <i>Palacio (I)caza de Palabras<\/i> de la Universidad Andina Sim\u00f3n Bol\u00edvar. Es cofundadora de Editorial Rascacielos. Su \u00f3pera prima en el g\u00e9nero l\u00edrico,\u00a0<i>El hueco en el zapato<\/i>, es Premio Nacional de Poes\u00eda Paralelo Cero 2012. Es coautora del poemario infantil <i>Cuando cierro mis ojos,<\/i> 2013 y del cuento en verso <i>\u00bfTe volviste loco, Dios del universo?<\/i>, 2016 (bajo el sello internacional B&amp;H Publishing Group). Ha publicado adem\u00e1s el poemario sonoro <i>Oto\u00f1o en Zona T\u00f3rrida<\/i>, 2014 y la antolog\u00eda\u00a0 <i>Amor en el bolsillo<\/i>, 2015. Su obra figura en antolog\u00edas internacionales, entre ellas, <i>Modelo 1972: 12 poetas ecuatorianos<\/i>, <i>Valpara\u00edso Ediciones<\/i>, Espa\u00f1a, 2016. Sus poemas se han difundido en revistas latinoamericanas especializadas como <i>C\u00edrculo de Poes\u00eda<\/i>, <i>Otro P\u00e1ramo<\/i>, <i>La Ra\u00edz Invertida<\/i> y <i>Nagari<\/i>. Ha representado al pa\u00eds en encuentros literarios nacionales e internacionales.<\/span><\/p>\n<p style=\"text-align: justify;\"><span style=\"font-size: 16px;\">Actualmente vive en Quito.<\/span><\/p>\n<p style=\"text-align: justify;\"><span style=\"font-size: 16px;\"><strong><a href=\"https:\/\/lascriticas.com\/index.php\/author\/sandra-de-la-torre-guarderas\/\">Sus cr\u00edticas<\/a><\/strong><\/span><\/p>\n","protected":false},"excerpt":{"rendered":"<p>Sandra de la Torre Guarderas.\u00a0(Quito, 13 de enero, 1971) Poeta, editora, guionista y realizadora audiovisual. Estudi\u00f3\u00a0comunicaciones en University of Nothwestern, de St. Paul, Minnesota. En 1998, Integr\u00f3 el Taller de Poetas J\u00f3venes de la Casa de la Cultura Ecuatoriana. M\u00e1s tarde ejerci\u00f3 su oficio en los talleres literarios de FLACSO Ecuador y Palacio (I)caza de&#8230;<\/p>\n","protected":false},"author":1,"featured_media":243,"parent":68,"menu_order":0,"comment_status":"closed","ping_status":"closed","template":"","meta":{"footnotes":""},"yoast_head":"<!-- This site is optimized with the Yoast SEO plugin v23.5 - https:\/\/yoast.com\/wordpress\/plugins\/seo\/ -->\n<title>Sandra de la Torre Guarderas - Las Cr\u00edticas<\/title>\n<meta name=\"description\" content=\"Poeta, editora, guionista y realizadora audiovisual, cofundadora de Editorial Rascacielos.\" \/>\n<meta name=\"robots\" content=\"index, follow, max-snippet:-1, max-image-preview:large, max-video-preview:-1\" \/>\n<link rel=\"canonical\" href=\"https:\/\/lascriticas.com\/index.php\/lascriticas\/sandra-la-torre-guarderas\/\" \/>\n<meta property=\"og:locale\" content=\"es_ES\" \/>\n<meta property=\"og:type\" content=\"article\" \/>\n<meta property=\"og:title\" content=\"Sandra de la Torre Guarderas - Las Cr\u00edticas\" \/>\n<meta property=\"og:description\" content=\"Poeta, editora, guionista y realizadora audiovisual, cofundadora de Editorial Rascacielos.\" \/>\n<meta property=\"og:url\" content=\"https:\/\/lascriticas.com\/index.php\/lascriticas\/sandra-la-torre-guarderas\/\" \/>\n<meta property=\"og:site_name\" content=\"Las Cr\u00edticas\" \/>\n<meta property=\"article:publisher\" content=\"https:\/\/www.facebook.com\/lascriticas\/\" \/>\n<meta property=\"article:modified_time\" content=\"2021-01-19T22:50:51+00:00\" \/>\n<meta property=\"og:image\" content=\"https:\/\/lascriticas.com\/wp-content\/uploads\/2016\/10\/IMG_9268-editado-BN-1080x530.jpg\" \/>\n\t<meta property=\"og:image:width\" content=\"1080\" \/>\n\t<meta property=\"og:image:height\" content=\"530\" \/>\n\t<meta property=\"og:image:type\" content=\"image\/jpeg\" \/>\n<meta name=\"twitter:card\" content=\"summary_large_image\" \/>\n<meta name=\"twitter:site\" content=\"@LasCriticas_com\" \/>\n<meta name=\"twitter:label1\" content=\"Tiempo de lectura\" \/>\n\t<meta name=\"twitter:data1\" content=\"1 minuto\" \/>\n<script type=\"application\/ld+json\" class=\"yoast-schema-graph\">{\"@context\":\"https:\/\/schema.org\",\"@graph\":[{\"@type\":\"WebPage\",\"@id\":\"https:\/\/lascriticas.com\/index.php\/lascriticas\/sandra-la-torre-guarderas\/\",\"url\":\"https:\/\/lascriticas.com\/index.php\/lascriticas\/sandra-la-torre-guarderas\/\",\"name\":\"Sandra de la Torre Guarderas - Las Cr\u00edticas\",\"isPartOf\":{\"@id\":\"https:\/\/lascriticas.com\/#website\"},\"primaryImageOfPage\":{\"@id\":\"https:\/\/lascriticas.com\/index.php\/lascriticas\/sandra-la-torre-guarderas\/#primaryimage\"},\"image\":{\"@id\":\"https:\/\/lascriticas.com\/index.php\/lascriticas\/sandra-la-torre-guarderas\/#primaryimage\"},\"thumbnailUrl\":\"https:\/\/lascriticas.com\/wp-content\/uploads\/2016\/10\/IMG_9268-editado-BN.jpg\",\"datePublished\":\"2016-10-04T09:50:45+00:00\",\"dateModified\":\"2021-01-19T22:50:51+00:00\",\"description\":\"Poeta, editora, guionista y realizadora audiovisual, cofundadora de Editorial Rascacielos.\",\"breadcrumb\":{\"@id\":\"https:\/\/lascriticas.com\/index.php\/lascriticas\/sandra-la-torre-guarderas\/#breadcrumb\"},\"inLanguage\":\"es\",\"potentialAction\":[{\"@type\":\"ReadAction\",\"target\":[\"https:\/\/lascriticas.com\/index.php\/lascriticas\/sandra-la-torre-guarderas\/\"]}]},{\"@type\":\"ImageObject\",\"inLanguage\":\"es\",\"@id\":\"https:\/\/lascriticas.com\/index.php\/lascriticas\/sandra-la-torre-guarderas\/#primaryimage\",\"url\":\"https:\/\/lascriticas.com\/wp-content\/uploads\/2016\/10\/IMG_9268-editado-BN.jpg\",\"contentUrl\":\"https:\/\/lascriticas.com\/wp-content\/uploads\/2016\/10\/IMG_9268-editado-BN.jpg\",\"width\":5472,\"height\":3648,\"caption\":\"Sandra de la Torre Guarderas\"},{\"@type\":\"BreadcrumbList\",\"@id\":\"https:\/\/lascriticas.com\/index.php\/lascriticas\/sandra-la-torre-guarderas\/#breadcrumb\",\"itemListElement\":[{\"@type\":\"ListItem\",\"position\":1,\"name\":\"Inicio\",\"item\":\"https:\/\/lascriticas.com\/\"},{\"@type\":\"ListItem\",\"position\":2,\"name\":\"Las Cr\u00edticas\",\"item\":\"https:\/\/lascriticas.com\/index.php\/lascriticas\/\"},{\"@type\":\"ListItem\",\"position\":3,\"name\":\"Sandra de la Torre Guarderas\"}]},{\"@type\":\"WebSite\",\"@id\":\"https:\/\/lascriticas.com\/#website\",\"url\":\"https:\/\/lascriticas.com\/\",\"name\":\"Las Cr\u00edticas\",\"description\":\"Cr\u00edtica literaria hecha por mujeres\",\"publisher\":{\"@id\":\"https:\/\/lascriticas.com\/#organization\"},\"potentialAction\":[{\"@type\":\"SearchAction\",\"target\":{\"@type\":\"EntryPoint\",\"urlTemplate\":\"https:\/\/lascriticas.com\/?s={search_term_string}\"},\"query-input\":{\"@type\":\"PropertyValueSpecification\",\"valueRequired\":true,\"valueName\":\"search_term_string\"}}],\"inLanguage\":\"es\"},{\"@type\":\"Organization\",\"@id\":\"https:\/\/lascriticas.com\/#organization\",\"name\":\"Las Cr\u00edticas\",\"url\":\"https:\/\/lascriticas.com\/\",\"logo\":{\"@type\":\"ImageObject\",\"inLanguage\":\"es\",\"@id\":\"https:\/\/lascriticas.com\/#\/schema\/logo\/image\/\",\"url\":\"https:\/\/lascriticas.com\/wp-content\/uploads\/2016\/09\/Las-Cr\u00edticas.png\",\"contentUrl\":\"https:\/\/lascriticas.com\/wp-content\/uploads\/2016\/09\/Las-Cr\u00edticas.png\",\"width\":372,\"height\":201,\"caption\":\"Las Cr\u00edticas\"},\"image\":{\"@id\":\"https:\/\/lascriticas.com\/#\/schema\/logo\/image\/\"},\"sameAs\":[\"https:\/\/www.facebook.com\/lascriticas\/\",\"https:\/\/x.com\/LasCriticas_com\",\"https:\/\/www.instagram.com\/lascriticas_com\/\",\"https:\/\/www.youtube.com\/channel\/UCd7r-H6EJA4sSXGLX33_iHQ\"]}]}<\/script>\n<!-- \/ Yoast SEO plugin. -->","yoast_head_json":{"title":"Sandra de la Torre Guarderas - Las Cr\u00edticas","description":"Poeta, editora, guionista y realizadora audiovisual, cofundadora de Editorial Rascacielos.","robots":{"index":"index","follow":"follow","max-snippet":"max-snippet:-1","max-image-preview":"max-image-preview:large","max-video-preview":"max-video-preview:-1"},"canonical":"https:\/\/lascriticas.com\/index.php\/lascriticas\/sandra-la-torre-guarderas\/","og_locale":"es_ES","og_type":"article","og_title":"Sandra de la Torre Guarderas - Las Cr\u00edticas","og_description":"Poeta, editora, guionista y realizadora audiovisual, cofundadora de Editorial Rascacielos.","og_url":"https:\/\/lascriticas.com\/index.php\/lascriticas\/sandra-la-torre-guarderas\/","og_site_name":"Las Cr\u00edticas","article_publisher":"https:\/\/www.facebook.com\/lascriticas\/","article_modified_time":"2021-01-19T22:50:51+00:00","og_image":[{"width":1080,"height":530,"url":"https:\/\/lascriticas.com\/wp-content\/uploads\/2016\/10\/IMG_9268-editado-BN-1080x530.jpg","type":"image\/jpeg"}],"twitter_card":"summary_large_image","twitter_site":"@LasCriticas_com","twitter_misc":{"Tiempo de lectura":"1 minuto"},"schema":{"@context":"https:\/\/schema.org","@graph":[{"@type":"WebPage","@id":"https:\/\/lascriticas.com\/index.php\/lascriticas\/sandra-la-torre-guarderas\/","url":"https:\/\/lascriticas.com\/index.php\/lascriticas\/sandra-la-torre-guarderas\/","name":"Sandra de la Torre Guarderas - Las Cr\u00edticas","isPartOf":{"@id":"https:\/\/lascriticas.com\/#website"},"primaryImageOfPage":{"@id":"https:\/\/lascriticas.com\/index.php\/lascriticas\/sandra-la-torre-guarderas\/#primaryimage"},"image":{"@id":"https:\/\/lascriticas.com\/index.php\/lascriticas\/sandra-la-torre-guarderas\/#primaryimage"},"thumbnailUrl":"https:\/\/lascriticas.com\/wp-content\/uploads\/2016\/10\/IMG_9268-editado-BN.jpg","datePublished":"2016-10-04T09:50:45+00:00","dateModified":"2021-01-19T22:50:51+00:00","description":"Poeta, editora, guionista y realizadora audiovisual, cofundadora de Editorial Rascacielos.","breadcrumb":{"@id":"https:\/\/lascriticas.com\/index.php\/lascriticas\/sandra-la-torre-guarderas\/#breadcrumb"},"inLanguage":"es","potentialAction":[{"@type":"ReadAction","target":["https:\/\/lascriticas.com\/index.php\/lascriticas\/sandra-la-torre-guarderas\/"]}]},{"@type":"ImageObject","inLanguage":"es","@id":"https:\/\/lascriticas.com\/index.php\/lascriticas\/sandra-la-torre-guarderas\/#primaryimage","url":"https:\/\/lascriticas.com\/wp-content\/uploads\/2016\/10\/IMG_9268-editado-BN.jpg","contentUrl":"https:\/\/lascriticas.com\/wp-content\/uploads\/2016\/10\/IMG_9268-editado-BN.jpg","width":5472,"height":3648,"caption":"Sandra de la Torre Guarderas"},{"@type":"BreadcrumbList","@id":"https:\/\/lascriticas.com\/index.php\/lascriticas\/sandra-la-torre-guarderas\/#breadcrumb","itemListElement":[{"@type":"ListItem","position":1,"name":"Inicio","item":"https:\/\/lascriticas.com\/"},{"@type":"ListItem","position":2,"name":"Las Cr\u00edticas","item":"https:\/\/lascriticas.com\/index.php\/lascriticas\/"},{"@type":"ListItem","position":3,"name":"Sandra de la Torre Guarderas"}]},{"@type":"WebSite","@id":"https:\/\/lascriticas.com\/#website","url":"https:\/\/lascriticas.com\/","name":"Las Cr\u00edticas","description":"Cr\u00edtica literaria hecha por mujeres","publisher":{"@id":"https:\/\/lascriticas.com\/#organization"},"potentialAction":[{"@type":"SearchAction","target":{"@type":"EntryPoint","urlTemplate":"https:\/\/lascriticas.com\/?s={search_term_string}"},"query-input":{"@type":"PropertyValueSpecification","valueRequired":true,"valueName":"search_term_string"}}],"inLanguage":"es"},{"@type":"Organization","@id":"https:\/\/lascriticas.com\/#organization","name":"Las Cr\u00edticas","url":"https:\/\/lascriticas.com\/","logo":{"@type":"ImageObject","inLanguage":"es","@id":"https:\/\/lascriticas.com\/#\/schema\/logo\/image\/","url":"https:\/\/lascriticas.com\/wp-content\/uploads\/2016\/09\/Las-Cr\u00edticas.png","contentUrl":"https:\/\/lascriticas.com\/wp-content\/uploads\/2016\/09\/Las-Cr\u00edticas.png","width":372,"height":201,"caption":"Las Cr\u00edticas"},"image":{"@id":"https:\/\/lascriticas.com\/#\/schema\/logo\/image\/"},"sameAs":["https:\/\/www.facebook.com\/lascriticas\/","https:\/\/x.com\/LasCriticas_com","https:\/\/www.instagram.com\/lascriticas_com\/","https:\/\/www.youtube.com\/channel\/UCd7r-H6EJA4sSXGLX33_iHQ"]}]}},"_links":{"self":[{"href":"https:\/\/lascriticas.com\/index.php\/wp-json\/wp\/v2\/pages\/241"}],"collection":[{"href":"https:\/\/lascriticas.com\/index.php\/wp-json\/wp\/v2\/pages"}],"about":[{"href":"https:\/\/lascriticas.com\/index.php\/wp-json\/wp\/v2\/types\/page"}],"author":[{"embeddable":true,"href":"https:\/\/lascriticas.com\/index.php\/wp-json\/wp\/v2\/users\/1"}],"replies":[{"embeddable":true,"href":"https:\/\/lascriticas.com\/index.php\/wp-json\/wp\/v2\/comments?post=241"}],"version-history":[{"count":8,"href":"https:\/\/lascriticas.com\/index.php\/wp-json\/wp\/v2\/pages\/241\/revisions"}],"predecessor-version":[{"id":3878,"href":"https:\/\/lascriticas.com\/index.php\/wp-json\/wp\/v2\/pages\/241\/revisions\/3878"}],"up":[{"embeddable":true,"href":"https:\/\/lascriticas.com\/index.php\/wp-json\/wp\/v2\/pages\/68"}],"wp:featuredmedia":[{"embeddable":true,"href":"https:\/\/lascriticas.com\/index.php\/wp-json\/wp\/v2\/media\/243"}],"wp:attachment":[{"href":"https:\/\/lascriticas.com\/index.php\/wp-json\/wp\/v2\/media?parent=241"}],"curies":[{"name":"wp","href":"https:\/\/api.w.org\/{rel}","templated":true}]}}