{"id":220,"date":"2016-09-28T18:31:20","date_gmt":"2016-09-28T16:31:20","guid":{"rendered":"http:\/\/lascriticas.com\/?page_id=220"},"modified":"2025-05-30T12:15:22","modified_gmt":"2025-05-30T10:15:22","slug":"sophie-canal","status":"publish","type":"page","link":"https:\/\/lascriticas.com\/index.php\/lascriticas\/sophie-canal\/","title":{"rendered":"Sophie Canal"},"content":{"rendered":"<p style=\"text-align: justify;\"><span style=\"font-size: 16px;\"><strong>Sophie Canal<\/strong> es francesa (Anthony, 1967) y radica en Lima desde 1998. Es Mag\u00edster en filosof\u00eda de la Universidad de Tours (Francia) y profesora titular de filosof\u00eda en el Colegio Franco Peruano. Es co fundadora del sello editorial independiente <i>Matalamanga<\/i> donde trabaj\u00f3 como editora del 2005 hasta el 2008. En el 2012, publica<i> Geometr\u00edas del deseo<\/i> (Borrador Editores), en el 2016<i> La Flor Artificial,<\/i> novela escrita a cuatro manos con Christiane F\u00e9lip Vidal<i> <\/i>(Cocodrilo Ediciones) y en el 2023 <i>Esclavas<\/i> (Pandemonium Editorial). Cuentos suyos figuran en varias antolog\u00edas de las Ediciones Altazor, Petroper\u00fa, Maquinaciones, Cocodrilo Ediciones y de la Editorial Pandemonium. Escribe cr\u00edticas en revistas literarias como Las cr\u00edticas y es parte del colectivo de futurismo andino y amaz\u00f3nico Qhipa Pacha. Su nueva novela, <i>\u00a1No te creo nada, Isy Brown!<\/i> acaba de salir en Lima con el sello Luca Pacioli Presenta.<\/span><\/p>\n<p style=\"text-align: left;\"><span style=\"font-size: 16px;\"><strong><a href=\"https:\/\/lascriticas.com\/index.php\/author\/sophie-canal\/\">Sus cr\u00edticas<\/a><\/strong><\/span><\/p>\n<p style=\"text-align: right;\"><span style=\"font-size: 12px;\">Foto: Sandro Aguilar<\/span><\/p>\n","protected":false},"excerpt":{"rendered":"<p>Sophie Canal es francesa (Anthony, 1967) y radica en Lima desde 1998. Es Mag\u00edster en filosof\u00eda de la Universidad de Tours (Francia) y profesora titular de filosof\u00eda en el Colegio Franco Peruano. Es co fundadora del sello editorial independiente Matalamanga donde trabaj\u00f3 como editora del 2005 hasta el 2008. En el 2012, publica Geometr\u00edas del&#8230;<\/p>\n","protected":false},"author":1,"featured_media":225,"parent":68,"menu_order":0,"comment_status":"closed","ping_status":"closed","template":"","meta":{"footnotes":""},"yoast_head":"<!-- This site is optimized with the Yoast SEO plugin v23.5 - https:\/\/yoast.com\/wordpress\/plugins\/seo\/ -->\n<title>Sophie Canal - Las Cr\u00edticas<\/title>\n<meta name=\"description\" content=\"Sophie Canal es escritora y cr\u00edticas sobre literatura, filosof\u00eda y poes\u00eda\" \/>\n<meta name=\"robots\" content=\"index, follow, max-snippet:-1, max-image-preview:large, max-video-preview:-1\" \/>\n<link rel=\"canonical\" href=\"https:\/\/lascriticas.com\/index.php\/lascriticas\/sophie-canal\/\" \/>\n<meta property=\"og:locale\" content=\"es_ES\" \/>\n<meta property=\"og:type\" content=\"article\" \/>\n<meta property=\"og:title\" content=\"Sophie Canal - Las Cr\u00edticas\" \/>\n<meta property=\"og:description\" content=\"Sophie Canal es escritora y cr\u00edticas sobre literatura, filosof\u00eda y poes\u00eda\" \/>\n<meta property=\"og:url\" content=\"https:\/\/lascriticas.com\/index.php\/lascriticas\/sophie-canal\/\" \/>\n<meta property=\"og:site_name\" content=\"Las Cr\u00edticas\" \/>\n<meta property=\"article:publisher\" content=\"https:\/\/www.facebook.com\/lascriticas\/\" \/>\n<meta property=\"article:modified_time\" content=\"2025-05-30T10:15:22+00:00\" \/>\n<meta property=\"og:image\" content=\"https:\/\/lascriticas.com\/wp-content\/uploads\/2016\/09\/Sophie-Canal.jpg\" \/>\n\t<meta property=\"og:image:width\" content=\"893\" \/>\n\t<meta property=\"og:image:height\" content=\"596\" \/>\n\t<meta property=\"og:image:type\" content=\"image\/jpeg\" \/>\n<meta name=\"twitter:card\" content=\"summary_large_image\" \/>\n<meta name=\"twitter:site\" content=\"@LasCriticas_com\" \/>\n<meta name=\"twitter:label1\" content=\"Tiempo de lectura\" \/>\n\t<meta name=\"twitter:data1\" content=\"1 minuto\" \/>\n<script type=\"application\/ld+json\" class=\"yoast-schema-graph\">{\"@context\":\"https:\/\/schema.org\",\"@graph\":[{\"@type\":\"WebPage\",\"@id\":\"https:\/\/lascriticas.com\/index.php\/lascriticas\/sophie-canal\/\",\"url\":\"https:\/\/lascriticas.com\/index.php\/lascriticas\/sophie-canal\/\",\"name\":\"Sophie Canal - Las Cr\u00edticas\",\"isPartOf\":{\"@id\":\"https:\/\/lascriticas.com\/#website\"},\"primaryImageOfPage\":{\"@id\":\"https:\/\/lascriticas.com\/index.php\/lascriticas\/sophie-canal\/#primaryimage\"},\"image\":{\"@id\":\"https:\/\/lascriticas.com\/index.php\/lascriticas\/sophie-canal\/#primaryimage\"},\"thumbnailUrl\":\"https:\/\/lascriticas.com\/wp-content\/uploads\/2016\/09\/Sophie-Canal.jpg\",\"datePublished\":\"2016-09-28T16:31:20+00:00\",\"dateModified\":\"2025-05-30T10:15:22+00:00\",\"description\":\"Sophie Canal es escritora y cr\u00edticas sobre literatura, filosof\u00eda y poes\u00eda\",\"breadcrumb\":{\"@id\":\"https:\/\/lascriticas.com\/index.php\/lascriticas\/sophie-canal\/#breadcrumb\"},\"inLanguage\":\"es\",\"potentialAction\":[{\"@type\":\"ReadAction\",\"target\":[\"https:\/\/lascriticas.com\/index.php\/lascriticas\/sophie-canal\/\"]}]},{\"@type\":\"ImageObject\",\"inLanguage\":\"es\",\"@id\":\"https:\/\/lascriticas.com\/index.php\/lascriticas\/sophie-canal\/#primaryimage\",\"url\":\"https:\/\/lascriticas.com\/wp-content\/uploads\/2016\/09\/Sophie-Canal.jpg\",\"contentUrl\":\"https:\/\/lascriticas.com\/wp-content\/uploads\/2016\/09\/Sophie-Canal.jpg\",\"width\":893,\"height\":596,\"caption\":\"Sophie Canal\"},{\"@type\":\"BreadcrumbList\",\"@id\":\"https:\/\/lascriticas.com\/index.php\/lascriticas\/sophie-canal\/#breadcrumb\",\"itemListElement\":[{\"@type\":\"ListItem\",\"position\":1,\"name\":\"Inicio\",\"item\":\"https:\/\/lascriticas.com\/\"},{\"@type\":\"ListItem\",\"position\":2,\"name\":\"Las Cr\u00edticas\",\"item\":\"https:\/\/lascriticas.com\/index.php\/lascriticas\/\"},{\"@type\":\"ListItem\",\"position\":3,\"name\":\"Sophie Canal\"}]},{\"@type\":\"WebSite\",\"@id\":\"https:\/\/lascriticas.com\/#website\",\"url\":\"https:\/\/lascriticas.com\/\",\"name\":\"Las Cr\u00edticas\",\"description\":\"Cr\u00edtica literaria hecha por mujeres\",\"publisher\":{\"@id\":\"https:\/\/lascriticas.com\/#organization\"},\"potentialAction\":[{\"@type\":\"SearchAction\",\"target\":{\"@type\":\"EntryPoint\",\"urlTemplate\":\"https:\/\/lascriticas.com\/?s={search_term_string}\"},\"query-input\":{\"@type\":\"PropertyValueSpecification\",\"valueRequired\":true,\"valueName\":\"search_term_string\"}}],\"inLanguage\":\"es\"},{\"@type\":\"Organization\",\"@id\":\"https:\/\/lascriticas.com\/#organization\",\"name\":\"Las Cr\u00edticas\",\"url\":\"https:\/\/lascriticas.com\/\",\"logo\":{\"@type\":\"ImageObject\",\"inLanguage\":\"es\",\"@id\":\"https:\/\/lascriticas.com\/#\/schema\/logo\/image\/\",\"url\":\"https:\/\/lascriticas.com\/wp-content\/uploads\/2016\/09\/Las-Cr\u00edticas.png\",\"contentUrl\":\"https:\/\/lascriticas.com\/wp-content\/uploads\/2016\/09\/Las-Cr\u00edticas.png\",\"width\":372,\"height\":201,\"caption\":\"Las Cr\u00edticas\"},\"image\":{\"@id\":\"https:\/\/lascriticas.com\/#\/schema\/logo\/image\/\"},\"sameAs\":[\"https:\/\/www.facebook.com\/lascriticas\/\",\"https:\/\/x.com\/LasCriticas_com\",\"https:\/\/www.instagram.com\/lascriticas_com\/\",\"https:\/\/www.youtube.com\/channel\/UCd7r-H6EJA4sSXGLX33_iHQ\"]}]}<\/script>\n<!-- \/ Yoast SEO plugin. -->","yoast_head_json":{"title":"Sophie Canal - Las Cr\u00edticas","description":"Sophie Canal es escritora y cr\u00edticas sobre literatura, filosof\u00eda y poes\u00eda","robots":{"index":"index","follow":"follow","max-snippet":"max-snippet:-1","max-image-preview":"max-image-preview:large","max-video-preview":"max-video-preview:-1"},"canonical":"https:\/\/lascriticas.com\/index.php\/lascriticas\/sophie-canal\/","og_locale":"es_ES","og_type":"article","og_title":"Sophie Canal - Las Cr\u00edticas","og_description":"Sophie Canal es escritora y cr\u00edticas sobre literatura, filosof\u00eda y poes\u00eda","og_url":"https:\/\/lascriticas.com\/index.php\/lascriticas\/sophie-canal\/","og_site_name":"Las Cr\u00edticas","article_publisher":"https:\/\/www.facebook.com\/lascriticas\/","article_modified_time":"2025-05-30T10:15:22+00:00","og_image":[{"width":893,"height":596,"url":"https:\/\/lascriticas.com\/wp-content\/uploads\/2016\/09\/Sophie-Canal.jpg","type":"image\/jpeg"}],"twitter_card":"summary_large_image","twitter_site":"@LasCriticas_com","twitter_misc":{"Tiempo de lectura":"1 minuto"},"schema":{"@context":"https:\/\/schema.org","@graph":[{"@type":"WebPage","@id":"https:\/\/lascriticas.com\/index.php\/lascriticas\/sophie-canal\/","url":"https:\/\/lascriticas.com\/index.php\/lascriticas\/sophie-canal\/","name":"Sophie Canal - Las Cr\u00edticas","isPartOf":{"@id":"https:\/\/lascriticas.com\/#website"},"primaryImageOfPage":{"@id":"https:\/\/lascriticas.com\/index.php\/lascriticas\/sophie-canal\/#primaryimage"},"image":{"@id":"https:\/\/lascriticas.com\/index.php\/lascriticas\/sophie-canal\/#primaryimage"},"thumbnailUrl":"https:\/\/lascriticas.com\/wp-content\/uploads\/2016\/09\/Sophie-Canal.jpg","datePublished":"2016-09-28T16:31:20+00:00","dateModified":"2025-05-30T10:15:22+00:00","description":"Sophie Canal es escritora y cr\u00edticas sobre literatura, filosof\u00eda y poes\u00eda","breadcrumb":{"@id":"https:\/\/lascriticas.com\/index.php\/lascriticas\/sophie-canal\/#breadcrumb"},"inLanguage":"es","potentialAction":[{"@type":"ReadAction","target":["https:\/\/lascriticas.com\/index.php\/lascriticas\/sophie-canal\/"]}]},{"@type":"ImageObject","inLanguage":"es","@id":"https:\/\/lascriticas.com\/index.php\/lascriticas\/sophie-canal\/#primaryimage","url":"https:\/\/lascriticas.com\/wp-content\/uploads\/2016\/09\/Sophie-Canal.jpg","contentUrl":"https:\/\/lascriticas.com\/wp-content\/uploads\/2016\/09\/Sophie-Canal.jpg","width":893,"height":596,"caption":"Sophie Canal"},{"@type":"BreadcrumbList","@id":"https:\/\/lascriticas.com\/index.php\/lascriticas\/sophie-canal\/#breadcrumb","itemListElement":[{"@type":"ListItem","position":1,"name":"Inicio","item":"https:\/\/lascriticas.com\/"},{"@type":"ListItem","position":2,"name":"Las Cr\u00edticas","item":"https:\/\/lascriticas.com\/index.php\/lascriticas\/"},{"@type":"ListItem","position":3,"name":"Sophie Canal"}]},{"@type":"WebSite","@id":"https:\/\/lascriticas.com\/#website","url":"https:\/\/lascriticas.com\/","name":"Las Cr\u00edticas","description":"Cr\u00edtica literaria hecha por mujeres","publisher":{"@id":"https:\/\/lascriticas.com\/#organization"},"potentialAction":[{"@type":"SearchAction","target":{"@type":"EntryPoint","urlTemplate":"https:\/\/lascriticas.com\/?s={search_term_string}"},"query-input":{"@type":"PropertyValueSpecification","valueRequired":true,"valueName":"search_term_string"}}],"inLanguage":"es"},{"@type":"Organization","@id":"https:\/\/lascriticas.com\/#organization","name":"Las Cr\u00edticas","url":"https:\/\/lascriticas.com\/","logo":{"@type":"ImageObject","inLanguage":"es","@id":"https:\/\/lascriticas.com\/#\/schema\/logo\/image\/","url":"https:\/\/lascriticas.com\/wp-content\/uploads\/2016\/09\/Las-Cr\u00edticas.png","contentUrl":"https:\/\/lascriticas.com\/wp-content\/uploads\/2016\/09\/Las-Cr\u00edticas.png","width":372,"height":201,"caption":"Las Cr\u00edticas"},"image":{"@id":"https:\/\/lascriticas.com\/#\/schema\/logo\/image\/"},"sameAs":["https:\/\/www.facebook.com\/lascriticas\/","https:\/\/x.com\/LasCriticas_com","https:\/\/www.instagram.com\/lascriticas_com\/","https:\/\/www.youtube.com\/channel\/UCd7r-H6EJA4sSXGLX33_iHQ"]}]}},"_links":{"self":[{"href":"https:\/\/lascriticas.com\/index.php\/wp-json\/wp\/v2\/pages\/220"}],"collection":[{"href":"https:\/\/lascriticas.com\/index.php\/wp-json\/wp\/v2\/pages"}],"about":[{"href":"https:\/\/lascriticas.com\/index.php\/wp-json\/wp\/v2\/types\/page"}],"author":[{"embeddable":true,"href":"https:\/\/lascriticas.com\/index.php\/wp-json\/wp\/v2\/users\/1"}],"replies":[{"embeddable":true,"href":"https:\/\/lascriticas.com\/index.php\/wp-json\/wp\/v2\/comments?post=220"}],"version-history":[{"count":16,"href":"https:\/\/lascriticas.com\/index.php\/wp-json\/wp\/v2\/pages\/220\/revisions"}],"predecessor-version":[{"id":5988,"href":"https:\/\/lascriticas.com\/index.php\/wp-json\/wp\/v2\/pages\/220\/revisions\/5988"}],"up":[{"embeddable":true,"href":"https:\/\/lascriticas.com\/index.php\/wp-json\/wp\/v2\/pages\/68"}],"wp:featuredmedia":[{"embeddable":true,"href":"https:\/\/lascriticas.com\/index.php\/wp-json\/wp\/v2\/media\/225"}],"wp:attachment":[{"href":"https:\/\/lascriticas.com\/index.php\/wp-json\/wp\/v2\/media?parent=220"}],"curies":[{"name":"wp","href":"https:\/\/api.w.org\/{rel}","templated":true}]}}