{"id":2151,"date":"2017-12-16T09:43:30","date_gmt":"2017-12-16T08:43:30","guid":{"rendered":"http:\/\/lascriticas.com\/?page_id=2151"},"modified":"2021-05-09T12:25:13","modified_gmt":"2021-05-09T10:25:13","slug":"diana-felix","status":"publish","type":"page","link":"https:\/\/lascriticas.com\/index.php\/lascriticas\/diana-felix\/","title":{"rendered":"Diana F\u00e9lix"},"content":{"rendered":"<p style=\"text-align: justify;\"><span style=\"font-size: 16px;\"><strong>Diana F\u00e9lix Seras<\/strong> (Lima, 1986).\u00a0Es editora y licenciada en comunicaci\u00f3n y periodismo por la Universidad Peruana de Ciencias Aplicadas (UPC). Coautora de la investigaci\u00f3n <em>El valor de la prueba en los procesos judiciales y su relaci\u00f3n con la impunidad<\/em> para la Conferencia Hemisf\u00e9rica sobre \u201cPol\u00edticas P\u00fablicas para combatir la impunidad\u201d de la Sociedad Interamericana de Prensa. Ha laborado en la editorial Septiembre, el Grupo Planeta Per\u00fa y la Editorial UPC, actualmente es editora de Debate y \u00a0Taurus en Penguin Random House.<\/span><\/p>\n<p><span style=\"font-size: 16px;\"><strong><a href=\"https:\/\/lascriticas.com\/index.php\/author\/diana-felix\/\">Sus cr\u00edticas<\/a><\/strong><\/span><\/p>\n","protected":false},"excerpt":{"rendered":"<p>Diana F\u00e9lix Seras (Lima, 1986).\u00a0Es editora y licenciada en comunicaci\u00f3n y periodismo por la Universidad Peruana de Ciencias Aplicadas (UPC). Coautora de la investigaci\u00f3n El valor de la prueba en los procesos judiciales y su relaci\u00f3n con la impunidad para la Conferencia Hemisf\u00e9rica sobre \u201cPol\u00edticas P\u00fablicas para combatir la impunidad\u201d de la Sociedad Interamericana de&#8230;<\/p>\n","protected":false},"author":1,"featured_media":4319,"parent":68,"menu_order":0,"comment_status":"closed","ping_status":"closed","template":"","meta":{"footnotes":""},"yoast_head":"<!-- This site is optimized with the Yoast SEO plugin v23.5 - https:\/\/yoast.com\/wordpress\/plugins\/seo\/ -->\n<title>Diana F\u00e9lix - Las Cr\u00edticas<\/title>\n<meta name=\"description\" content=\"Diana F\u00e9lix es licenciada en comunicaci\u00f3n y periodismo. Ha sido editora para Septiembre, Planeta y actualmente es editora de Editorial UPC.\" \/>\n<meta name=\"robots\" content=\"index, follow, max-snippet:-1, max-image-preview:large, max-video-preview:-1\" \/>\n<link rel=\"canonical\" href=\"https:\/\/lascriticas.com\/index.php\/lascriticas\/diana-felix\/\" \/>\n<meta property=\"og:locale\" content=\"es_ES\" \/>\n<meta property=\"og:type\" content=\"article\" \/>\n<meta property=\"og:title\" content=\"Diana F\u00e9lix - Las Cr\u00edticas\" \/>\n<meta property=\"og:description\" content=\"Diana F\u00e9lix es licenciada en comunicaci\u00f3n y periodismo. Ha sido editora para Septiembre, Planeta y actualmente es editora de Editorial UPC.\" \/>\n<meta property=\"og:url\" content=\"https:\/\/lascriticas.com\/index.php\/lascriticas\/diana-felix\/\" \/>\n<meta property=\"og:site_name\" content=\"Las Cr\u00edticas\" \/>\n<meta property=\"article:publisher\" content=\"https:\/\/www.facebook.com\/lascriticas\/\" \/>\n<meta property=\"article:modified_time\" content=\"2021-05-09T10:25:13+00:00\" \/>\n<meta property=\"og:image\" content=\"https:\/\/lascriticas.com\/wp-content\/uploads\/2021\/04\/Diana-Felix-4.jpeg\" \/>\n\t<meta property=\"og:image:width\" content=\"929\" \/>\n\t<meta property=\"og:image:height\" content=\"651\" \/>\n\t<meta property=\"og:image:type\" content=\"image\/jpeg\" \/>\n<meta name=\"twitter:card\" content=\"summary_large_image\" \/>\n<meta name=\"twitter:site\" content=\"@LasCriticas_com\" \/>\n<meta name=\"twitter:label1\" content=\"Tiempo de lectura\" \/>\n\t<meta name=\"twitter:data1\" content=\"1 minuto\" \/>\n<script type=\"application\/ld+json\" class=\"yoast-schema-graph\">{\"@context\":\"https:\/\/schema.org\",\"@graph\":[{\"@type\":\"WebPage\",\"@id\":\"https:\/\/lascriticas.com\/index.php\/lascriticas\/diana-felix\/\",\"url\":\"https:\/\/lascriticas.com\/index.php\/lascriticas\/diana-felix\/\",\"name\":\"Diana F\u00e9lix - Las Cr\u00edticas\",\"isPartOf\":{\"@id\":\"https:\/\/lascriticas.com\/#website\"},\"primaryImageOfPage\":{\"@id\":\"https:\/\/lascriticas.com\/index.php\/lascriticas\/diana-felix\/#primaryimage\"},\"image\":{\"@id\":\"https:\/\/lascriticas.com\/index.php\/lascriticas\/diana-felix\/#primaryimage\"},\"thumbnailUrl\":\"https:\/\/lascriticas.com\/wp-content\/uploads\/2021\/04\/Diana-Felix-4.jpeg\",\"datePublished\":\"2017-12-16T08:43:30+00:00\",\"dateModified\":\"2021-05-09T10:25:13+00:00\",\"description\":\"Diana F\u00e9lix es licenciada en comunicaci\u00f3n y periodismo. Ha sido editora para Septiembre, Planeta y actualmente es editora de Editorial UPC.\",\"breadcrumb\":{\"@id\":\"https:\/\/lascriticas.com\/index.php\/lascriticas\/diana-felix\/#breadcrumb\"},\"inLanguage\":\"es\",\"potentialAction\":[{\"@type\":\"ReadAction\",\"target\":[\"https:\/\/lascriticas.com\/index.php\/lascriticas\/diana-felix\/\"]}]},{\"@type\":\"ImageObject\",\"inLanguage\":\"es\",\"@id\":\"https:\/\/lascriticas.com\/index.php\/lascriticas\/diana-felix\/#primaryimage\",\"url\":\"https:\/\/lascriticas.com\/wp-content\/uploads\/2021\/04\/Diana-Felix-4.jpeg\",\"contentUrl\":\"https:\/\/lascriticas.com\/wp-content\/uploads\/2021\/04\/Diana-Felix-4.jpeg\",\"width\":929,\"height\":651},{\"@type\":\"BreadcrumbList\",\"@id\":\"https:\/\/lascriticas.com\/index.php\/lascriticas\/diana-felix\/#breadcrumb\",\"itemListElement\":[{\"@type\":\"ListItem\",\"position\":1,\"name\":\"Inicio\",\"item\":\"https:\/\/lascriticas.com\/\"},{\"@type\":\"ListItem\",\"position\":2,\"name\":\"Las Cr\u00edticas\",\"item\":\"https:\/\/lascriticas.com\/index.php\/lascriticas\/\"},{\"@type\":\"ListItem\",\"position\":3,\"name\":\"Diana F\u00e9lix\"}]},{\"@type\":\"WebSite\",\"@id\":\"https:\/\/lascriticas.com\/#website\",\"url\":\"https:\/\/lascriticas.com\/\",\"name\":\"Las Cr\u00edticas\",\"description\":\"Cr\u00edtica literaria hecha por mujeres\",\"publisher\":{\"@id\":\"https:\/\/lascriticas.com\/#organization\"},\"potentialAction\":[{\"@type\":\"SearchAction\",\"target\":{\"@type\":\"EntryPoint\",\"urlTemplate\":\"https:\/\/lascriticas.com\/?s={search_term_string}\"},\"query-input\":{\"@type\":\"PropertyValueSpecification\",\"valueRequired\":true,\"valueName\":\"search_term_string\"}}],\"inLanguage\":\"es\"},{\"@type\":\"Organization\",\"@id\":\"https:\/\/lascriticas.com\/#organization\",\"name\":\"Las Cr\u00edticas\",\"url\":\"https:\/\/lascriticas.com\/\",\"logo\":{\"@type\":\"ImageObject\",\"inLanguage\":\"es\",\"@id\":\"https:\/\/lascriticas.com\/#\/schema\/logo\/image\/\",\"url\":\"https:\/\/lascriticas.com\/wp-content\/uploads\/2016\/09\/Las-Cr\u00edticas.png\",\"contentUrl\":\"https:\/\/lascriticas.com\/wp-content\/uploads\/2016\/09\/Las-Cr\u00edticas.png\",\"width\":372,\"height\":201,\"caption\":\"Las Cr\u00edticas\"},\"image\":{\"@id\":\"https:\/\/lascriticas.com\/#\/schema\/logo\/image\/\"},\"sameAs\":[\"https:\/\/www.facebook.com\/lascriticas\/\",\"https:\/\/x.com\/LasCriticas_com\",\"https:\/\/www.instagram.com\/lascriticas_com\/\",\"https:\/\/www.youtube.com\/channel\/UCd7r-H6EJA4sSXGLX33_iHQ\"]}]}<\/script>\n<!-- \/ Yoast SEO plugin. -->","yoast_head_json":{"title":"Diana F\u00e9lix - Las Cr\u00edticas","description":"Diana F\u00e9lix es licenciada en comunicaci\u00f3n y periodismo. Ha sido editora para Septiembre, Planeta y actualmente es editora de Editorial UPC.","robots":{"index":"index","follow":"follow","max-snippet":"max-snippet:-1","max-image-preview":"max-image-preview:large","max-video-preview":"max-video-preview:-1"},"canonical":"https:\/\/lascriticas.com\/index.php\/lascriticas\/diana-felix\/","og_locale":"es_ES","og_type":"article","og_title":"Diana F\u00e9lix - Las Cr\u00edticas","og_description":"Diana F\u00e9lix es licenciada en comunicaci\u00f3n y periodismo. Ha sido editora para Septiembre, Planeta y actualmente es editora de Editorial UPC.","og_url":"https:\/\/lascriticas.com\/index.php\/lascriticas\/diana-felix\/","og_site_name":"Las Cr\u00edticas","article_publisher":"https:\/\/www.facebook.com\/lascriticas\/","article_modified_time":"2021-05-09T10:25:13+00:00","og_image":[{"width":929,"height":651,"url":"https:\/\/lascriticas.com\/wp-content\/uploads\/2021\/04\/Diana-Felix-4.jpeg","type":"image\/jpeg"}],"twitter_card":"summary_large_image","twitter_site":"@LasCriticas_com","twitter_misc":{"Tiempo de lectura":"1 minuto"},"schema":{"@context":"https:\/\/schema.org","@graph":[{"@type":"WebPage","@id":"https:\/\/lascriticas.com\/index.php\/lascriticas\/diana-felix\/","url":"https:\/\/lascriticas.com\/index.php\/lascriticas\/diana-felix\/","name":"Diana F\u00e9lix - Las Cr\u00edticas","isPartOf":{"@id":"https:\/\/lascriticas.com\/#website"},"primaryImageOfPage":{"@id":"https:\/\/lascriticas.com\/index.php\/lascriticas\/diana-felix\/#primaryimage"},"image":{"@id":"https:\/\/lascriticas.com\/index.php\/lascriticas\/diana-felix\/#primaryimage"},"thumbnailUrl":"https:\/\/lascriticas.com\/wp-content\/uploads\/2021\/04\/Diana-Felix-4.jpeg","datePublished":"2017-12-16T08:43:30+00:00","dateModified":"2021-05-09T10:25:13+00:00","description":"Diana F\u00e9lix es licenciada en comunicaci\u00f3n y periodismo. Ha sido editora para Septiembre, Planeta y actualmente es editora de Editorial UPC.","breadcrumb":{"@id":"https:\/\/lascriticas.com\/index.php\/lascriticas\/diana-felix\/#breadcrumb"},"inLanguage":"es","potentialAction":[{"@type":"ReadAction","target":["https:\/\/lascriticas.com\/index.php\/lascriticas\/diana-felix\/"]}]},{"@type":"ImageObject","inLanguage":"es","@id":"https:\/\/lascriticas.com\/index.php\/lascriticas\/diana-felix\/#primaryimage","url":"https:\/\/lascriticas.com\/wp-content\/uploads\/2021\/04\/Diana-Felix-4.jpeg","contentUrl":"https:\/\/lascriticas.com\/wp-content\/uploads\/2021\/04\/Diana-Felix-4.jpeg","width":929,"height":651},{"@type":"BreadcrumbList","@id":"https:\/\/lascriticas.com\/index.php\/lascriticas\/diana-felix\/#breadcrumb","itemListElement":[{"@type":"ListItem","position":1,"name":"Inicio","item":"https:\/\/lascriticas.com\/"},{"@type":"ListItem","position":2,"name":"Las Cr\u00edticas","item":"https:\/\/lascriticas.com\/index.php\/lascriticas\/"},{"@type":"ListItem","position":3,"name":"Diana F\u00e9lix"}]},{"@type":"WebSite","@id":"https:\/\/lascriticas.com\/#website","url":"https:\/\/lascriticas.com\/","name":"Las Cr\u00edticas","description":"Cr\u00edtica literaria hecha por mujeres","publisher":{"@id":"https:\/\/lascriticas.com\/#organization"},"potentialAction":[{"@type":"SearchAction","target":{"@type":"EntryPoint","urlTemplate":"https:\/\/lascriticas.com\/?s={search_term_string}"},"query-input":{"@type":"PropertyValueSpecification","valueRequired":true,"valueName":"search_term_string"}}],"inLanguage":"es"},{"@type":"Organization","@id":"https:\/\/lascriticas.com\/#organization","name":"Las Cr\u00edticas","url":"https:\/\/lascriticas.com\/","logo":{"@type":"ImageObject","inLanguage":"es","@id":"https:\/\/lascriticas.com\/#\/schema\/logo\/image\/","url":"https:\/\/lascriticas.com\/wp-content\/uploads\/2016\/09\/Las-Cr\u00edticas.png","contentUrl":"https:\/\/lascriticas.com\/wp-content\/uploads\/2016\/09\/Las-Cr\u00edticas.png","width":372,"height":201,"caption":"Las Cr\u00edticas"},"image":{"@id":"https:\/\/lascriticas.com\/#\/schema\/logo\/image\/"},"sameAs":["https:\/\/www.facebook.com\/lascriticas\/","https:\/\/x.com\/LasCriticas_com","https:\/\/www.instagram.com\/lascriticas_com\/","https:\/\/www.youtube.com\/channel\/UCd7r-H6EJA4sSXGLX33_iHQ"]}]}},"_links":{"self":[{"href":"https:\/\/lascriticas.com\/index.php\/wp-json\/wp\/v2\/pages\/2151"}],"collection":[{"href":"https:\/\/lascriticas.com\/index.php\/wp-json\/wp\/v2\/pages"}],"about":[{"href":"https:\/\/lascriticas.com\/index.php\/wp-json\/wp\/v2\/types\/page"}],"author":[{"embeddable":true,"href":"https:\/\/lascriticas.com\/index.php\/wp-json\/wp\/v2\/users\/1"}],"replies":[{"embeddable":true,"href":"https:\/\/lascriticas.com\/index.php\/wp-json\/wp\/v2\/comments?post=2151"}],"version-history":[{"count":9,"href":"https:\/\/lascriticas.com\/index.php\/wp-json\/wp\/v2\/pages\/2151\/revisions"}],"predecessor-version":[{"id":4381,"href":"https:\/\/lascriticas.com\/index.php\/wp-json\/wp\/v2\/pages\/2151\/revisions\/4381"}],"up":[{"embeddable":true,"href":"https:\/\/lascriticas.com\/index.php\/wp-json\/wp\/v2\/pages\/68"}],"wp:featuredmedia":[{"embeddable":true,"href":"https:\/\/lascriticas.com\/index.php\/wp-json\/wp\/v2\/media\/4319"}],"wp:attachment":[{"href":"https:\/\/lascriticas.com\/index.php\/wp-json\/wp\/v2\/media?parent=2151"}],"curies":[{"name":"wp","href":"https:\/\/api.w.org\/{rel}","templated":true}]}}