{"id":168,"date":"2016-09-22T13:14:17","date_gmt":"2016-09-22T11:14:17","guid":{"rendered":"http:\/\/lascriticas.com\/?page_id=168"},"modified":"2021-01-19T22:18:41","modified_gmt":"2021-01-19T21:18:41","slug":"maria-jose-punte","status":"publish","type":"page","link":"https:\/\/lascriticas.com\/index.php\/lascriticas\/maria-jose-punte\/","title":{"rendered":"Mar\u00eda Jos\u00e9 Punte"},"content":{"rendered":"<p style=\"text-align: justify;\"><span style=\"font-size: 16px;\"><strong>Mar\u00eda Jos\u00e9 Punte<\/strong> es doctora en literatura por la Universidad de Viena (Austria). Ense\u00f1a Literatura Argentina\u00a0y\u00a0An\u00e1lisis del Discurso en la Universidad Cat\u00f3lica Argentina de Buenos Aires y desarrolla tareas de investigaci\u00f3n en el Instituto Interdisciplinario de Estudios de G\u00e9nero y en el Instituto de Literatura Hispanoamericana de la Universidad de Buenos Aires.<\/span><\/p>\n<p style=\"text-align: justify;\"><span style=\"font-size: 16px;\">Es autora de <em>Rostros de la utop\u00eda. La proyecci\u00f3n del peronismo en la novela argentina de la d\u00e9cada del 80<\/em> (Editorial EUNSA, Espa\u00f1a, 2002);\u00a0<em>Estrategias de supervivencia<\/em> (Editorial Corregidor, 2007), acerca\u00a0de la literatura y el peronismo y coautora del reciente <em>Historia feminista de la literatura argentina<\/em> (2021).<\/span><\/p>\n<p style=\"text-align: justify;\"><span style=\"font-size: 16px;\">Su campo de trabajo es la literatura argentina contempor\u00e1nea, as\u00ed como el Nuevo Cine Argentino, dentro del marco de los\u00a0Estudios de G\u00e9nero.<\/span><\/p>\n<p style=\"text-align: justify;\"><span style=\"font-size: 16px;\">Vive en la Argentina.<\/span><\/p>\n<p><span style=\"font-size: 16px;\">Puedes visitar <a href=\"http:\/\/www.punte.org\">su\u00a0p\u00e1gina web personal<\/a>.<\/span><\/p>\n<p><span style=\"font-size: 16px;\"><strong><a href=\"https:\/\/lascriticas.com\/index.php\/author\/maria-jose-punte\/\">Sus cr\u00edticas<\/a><\/strong><\/span><\/p>\n","protected":false},"excerpt":{"rendered":"<p>Mar\u00eda Jos\u00e9 Punte es doctora en literatura por la Universidad de Viena (Austria). Ense\u00f1a Literatura Argentina\u00a0y\u00a0An\u00e1lisis del Discurso en la Universidad Cat\u00f3lica Argentina de Buenos Aires y desarrolla tareas de investigaci\u00f3n en el Instituto Interdisciplinario de Estudios de G\u00e9nero y en el Instituto de Literatura Hispanoamericana de la Universidad de Buenos Aires. Es autora de&#8230;<\/p>\n","protected":false},"author":1,"featured_media":3858,"parent":68,"menu_order":0,"comment_status":"closed","ping_status":"closed","template":"","meta":{"footnotes":""},"yoast_head":"<!-- This site is optimized with the Yoast SEO plugin v23.5 - https:\/\/yoast.com\/wordpress\/plugins\/seo\/ -->\n<title>Mar\u00eda Jos\u00e9 Punte - Las Cr\u00edticas<\/title>\n<meta name=\"description\" content=\"Doctora en literatura por la Universidad de Viena, catedr\u00e1tica en la Universidad Cat\u00f3lica Argentina de Buenos Aires e investigadora en cuestiones de g\u00e9nero.\" \/>\n<meta name=\"robots\" content=\"index, follow, max-snippet:-1, max-image-preview:large, max-video-preview:-1\" \/>\n<link rel=\"canonical\" href=\"https:\/\/lascriticas.com\/index.php\/lascriticas\/maria-jose-punte\/\" \/>\n<meta property=\"og:locale\" content=\"es_ES\" \/>\n<meta property=\"og:type\" content=\"article\" \/>\n<meta property=\"og:title\" content=\"Mar\u00eda Jos\u00e9 Punte - Las Cr\u00edticas\" \/>\n<meta property=\"og:description\" content=\"Doctora en literatura por la Universidad de Viena, catedr\u00e1tica en la Universidad Cat\u00f3lica Argentina de Buenos Aires e investigadora en cuestiones de g\u00e9nero.\" \/>\n<meta property=\"og:url\" content=\"https:\/\/lascriticas.com\/index.php\/lascriticas\/maria-jose-punte\/\" \/>\n<meta property=\"og:site_name\" content=\"Las Cr\u00edticas\" \/>\n<meta property=\"article:publisher\" content=\"https:\/\/www.facebook.com\/lascriticas\/\" \/>\n<meta property=\"article:modified_time\" content=\"2021-01-19T21:18:41+00:00\" \/>\n<meta property=\"og:image\" content=\"https:\/\/lascriticas.com\/wp-content\/uploads\/2021\/01\/Maria-Jose-Punte.jpeg\" \/>\n\t<meta property=\"og:image:width\" content=\"1080\" \/>\n\t<meta property=\"og:image:height\" content=\"530\" \/>\n\t<meta property=\"og:image:type\" content=\"image\/jpeg\" \/>\n<meta name=\"twitter:card\" content=\"summary_large_image\" \/>\n<meta name=\"twitter:site\" content=\"@LasCriticas_com\" \/>\n<meta name=\"twitter:label1\" content=\"Tiempo de lectura\" \/>\n\t<meta name=\"twitter:data1\" content=\"1 minuto\" \/>\n<script type=\"application\/ld+json\" class=\"yoast-schema-graph\">{\"@context\":\"https:\/\/schema.org\",\"@graph\":[{\"@type\":\"WebPage\",\"@id\":\"https:\/\/lascriticas.com\/index.php\/lascriticas\/maria-jose-punte\/\",\"url\":\"https:\/\/lascriticas.com\/index.php\/lascriticas\/maria-jose-punte\/\",\"name\":\"Mar\u00eda Jos\u00e9 Punte - Las Cr\u00edticas\",\"isPartOf\":{\"@id\":\"https:\/\/lascriticas.com\/#website\"},\"primaryImageOfPage\":{\"@id\":\"https:\/\/lascriticas.com\/index.php\/lascriticas\/maria-jose-punte\/#primaryimage\"},\"image\":{\"@id\":\"https:\/\/lascriticas.com\/index.php\/lascriticas\/maria-jose-punte\/#primaryimage\"},\"thumbnailUrl\":\"https:\/\/lascriticas.com\/wp-content\/uploads\/2021\/01\/Maria-Jose-Punte.jpeg\",\"datePublished\":\"2016-09-22T11:14:17+00:00\",\"dateModified\":\"2021-01-19T21:18:41+00:00\",\"description\":\"Doctora en literatura por la Universidad de Viena, catedr\u00e1tica en la Universidad Cat\u00f3lica Argentina de Buenos Aires e investigadora en cuestiones de g\u00e9nero.\",\"breadcrumb\":{\"@id\":\"https:\/\/lascriticas.com\/index.php\/lascriticas\/maria-jose-punte\/#breadcrumb\"},\"inLanguage\":\"es\",\"potentialAction\":[{\"@type\":\"ReadAction\",\"target\":[\"https:\/\/lascriticas.com\/index.php\/lascriticas\/maria-jose-punte\/\"]}]},{\"@type\":\"ImageObject\",\"inLanguage\":\"es\",\"@id\":\"https:\/\/lascriticas.com\/index.php\/lascriticas\/maria-jose-punte\/#primaryimage\",\"url\":\"https:\/\/lascriticas.com\/wp-content\/uploads\/2021\/01\/Maria-Jose-Punte.jpeg\",\"contentUrl\":\"https:\/\/lascriticas.com\/wp-content\/uploads\/2021\/01\/Maria-Jose-Punte.jpeg\",\"width\":1080,\"height\":530,\"caption\":\"Maria Jos\u00e9 Punte\"},{\"@type\":\"BreadcrumbList\",\"@id\":\"https:\/\/lascriticas.com\/index.php\/lascriticas\/maria-jose-punte\/#breadcrumb\",\"itemListElement\":[{\"@type\":\"ListItem\",\"position\":1,\"name\":\"Inicio\",\"item\":\"https:\/\/lascriticas.com\/\"},{\"@type\":\"ListItem\",\"position\":2,\"name\":\"Las Cr\u00edticas\",\"item\":\"https:\/\/lascriticas.com\/index.php\/lascriticas\/\"},{\"@type\":\"ListItem\",\"position\":3,\"name\":\"Mar\u00eda Jos\u00e9 Punte\"}]},{\"@type\":\"WebSite\",\"@id\":\"https:\/\/lascriticas.com\/#website\",\"url\":\"https:\/\/lascriticas.com\/\",\"name\":\"Las Cr\u00edticas\",\"description\":\"Cr\u00edtica literaria hecha por mujeres\",\"publisher\":{\"@id\":\"https:\/\/lascriticas.com\/#organization\"},\"potentialAction\":[{\"@type\":\"SearchAction\",\"target\":{\"@type\":\"EntryPoint\",\"urlTemplate\":\"https:\/\/lascriticas.com\/?s={search_term_string}\"},\"query-input\":{\"@type\":\"PropertyValueSpecification\",\"valueRequired\":true,\"valueName\":\"search_term_string\"}}],\"inLanguage\":\"es\"},{\"@type\":\"Organization\",\"@id\":\"https:\/\/lascriticas.com\/#organization\",\"name\":\"Las Cr\u00edticas\",\"url\":\"https:\/\/lascriticas.com\/\",\"logo\":{\"@type\":\"ImageObject\",\"inLanguage\":\"es\",\"@id\":\"https:\/\/lascriticas.com\/#\/schema\/logo\/image\/\",\"url\":\"https:\/\/lascriticas.com\/wp-content\/uploads\/2016\/09\/Las-Cr\u00edticas.png\",\"contentUrl\":\"https:\/\/lascriticas.com\/wp-content\/uploads\/2016\/09\/Las-Cr\u00edticas.png\",\"width\":372,\"height\":201,\"caption\":\"Las Cr\u00edticas\"},\"image\":{\"@id\":\"https:\/\/lascriticas.com\/#\/schema\/logo\/image\/\"},\"sameAs\":[\"https:\/\/www.facebook.com\/lascriticas\/\",\"https:\/\/x.com\/LasCriticas_com\",\"https:\/\/www.instagram.com\/lascriticas_com\/\",\"https:\/\/www.youtube.com\/channel\/UCd7r-H6EJA4sSXGLX33_iHQ\"]}]}<\/script>\n<!-- \/ Yoast SEO plugin. -->","yoast_head_json":{"title":"Mar\u00eda Jos\u00e9 Punte - Las Cr\u00edticas","description":"Doctora en literatura por la Universidad de Viena, catedr\u00e1tica en la Universidad Cat\u00f3lica Argentina de Buenos Aires e investigadora en cuestiones de g\u00e9nero.","robots":{"index":"index","follow":"follow","max-snippet":"max-snippet:-1","max-image-preview":"max-image-preview:large","max-video-preview":"max-video-preview:-1"},"canonical":"https:\/\/lascriticas.com\/index.php\/lascriticas\/maria-jose-punte\/","og_locale":"es_ES","og_type":"article","og_title":"Mar\u00eda Jos\u00e9 Punte - Las Cr\u00edticas","og_description":"Doctora en literatura por la Universidad de Viena, catedr\u00e1tica en la Universidad Cat\u00f3lica Argentina de Buenos Aires e investigadora en cuestiones de g\u00e9nero.","og_url":"https:\/\/lascriticas.com\/index.php\/lascriticas\/maria-jose-punte\/","og_site_name":"Las Cr\u00edticas","article_publisher":"https:\/\/www.facebook.com\/lascriticas\/","article_modified_time":"2021-01-19T21:18:41+00:00","og_image":[{"width":1080,"height":530,"url":"https:\/\/lascriticas.com\/wp-content\/uploads\/2021\/01\/Maria-Jose-Punte.jpeg","type":"image\/jpeg"}],"twitter_card":"summary_large_image","twitter_site":"@LasCriticas_com","twitter_misc":{"Tiempo de lectura":"1 minuto"},"schema":{"@context":"https:\/\/schema.org","@graph":[{"@type":"WebPage","@id":"https:\/\/lascriticas.com\/index.php\/lascriticas\/maria-jose-punte\/","url":"https:\/\/lascriticas.com\/index.php\/lascriticas\/maria-jose-punte\/","name":"Mar\u00eda Jos\u00e9 Punte - Las Cr\u00edticas","isPartOf":{"@id":"https:\/\/lascriticas.com\/#website"},"primaryImageOfPage":{"@id":"https:\/\/lascriticas.com\/index.php\/lascriticas\/maria-jose-punte\/#primaryimage"},"image":{"@id":"https:\/\/lascriticas.com\/index.php\/lascriticas\/maria-jose-punte\/#primaryimage"},"thumbnailUrl":"https:\/\/lascriticas.com\/wp-content\/uploads\/2021\/01\/Maria-Jose-Punte.jpeg","datePublished":"2016-09-22T11:14:17+00:00","dateModified":"2021-01-19T21:18:41+00:00","description":"Doctora en literatura por la Universidad de Viena, catedr\u00e1tica en la Universidad Cat\u00f3lica Argentina de Buenos Aires e investigadora en cuestiones de g\u00e9nero.","breadcrumb":{"@id":"https:\/\/lascriticas.com\/index.php\/lascriticas\/maria-jose-punte\/#breadcrumb"},"inLanguage":"es","potentialAction":[{"@type":"ReadAction","target":["https:\/\/lascriticas.com\/index.php\/lascriticas\/maria-jose-punte\/"]}]},{"@type":"ImageObject","inLanguage":"es","@id":"https:\/\/lascriticas.com\/index.php\/lascriticas\/maria-jose-punte\/#primaryimage","url":"https:\/\/lascriticas.com\/wp-content\/uploads\/2021\/01\/Maria-Jose-Punte.jpeg","contentUrl":"https:\/\/lascriticas.com\/wp-content\/uploads\/2021\/01\/Maria-Jose-Punte.jpeg","width":1080,"height":530,"caption":"Maria Jos\u00e9 Punte"},{"@type":"BreadcrumbList","@id":"https:\/\/lascriticas.com\/index.php\/lascriticas\/maria-jose-punte\/#breadcrumb","itemListElement":[{"@type":"ListItem","position":1,"name":"Inicio","item":"https:\/\/lascriticas.com\/"},{"@type":"ListItem","position":2,"name":"Las Cr\u00edticas","item":"https:\/\/lascriticas.com\/index.php\/lascriticas\/"},{"@type":"ListItem","position":3,"name":"Mar\u00eda Jos\u00e9 Punte"}]},{"@type":"WebSite","@id":"https:\/\/lascriticas.com\/#website","url":"https:\/\/lascriticas.com\/","name":"Las Cr\u00edticas","description":"Cr\u00edtica literaria hecha por mujeres","publisher":{"@id":"https:\/\/lascriticas.com\/#organization"},"potentialAction":[{"@type":"SearchAction","target":{"@type":"EntryPoint","urlTemplate":"https:\/\/lascriticas.com\/?s={search_term_string}"},"query-input":{"@type":"PropertyValueSpecification","valueRequired":true,"valueName":"search_term_string"}}],"inLanguage":"es"},{"@type":"Organization","@id":"https:\/\/lascriticas.com\/#organization","name":"Las Cr\u00edticas","url":"https:\/\/lascriticas.com\/","logo":{"@type":"ImageObject","inLanguage":"es","@id":"https:\/\/lascriticas.com\/#\/schema\/logo\/image\/","url":"https:\/\/lascriticas.com\/wp-content\/uploads\/2016\/09\/Las-Cr\u00edticas.png","contentUrl":"https:\/\/lascriticas.com\/wp-content\/uploads\/2016\/09\/Las-Cr\u00edticas.png","width":372,"height":201,"caption":"Las Cr\u00edticas"},"image":{"@id":"https:\/\/lascriticas.com\/#\/schema\/logo\/image\/"},"sameAs":["https:\/\/www.facebook.com\/lascriticas\/","https:\/\/x.com\/LasCriticas_com","https:\/\/www.instagram.com\/lascriticas_com\/","https:\/\/www.youtube.com\/channel\/UCd7r-H6EJA4sSXGLX33_iHQ"]}]}},"_links":{"self":[{"href":"https:\/\/lascriticas.com\/index.php\/wp-json\/wp\/v2\/pages\/168"}],"collection":[{"href":"https:\/\/lascriticas.com\/index.php\/wp-json\/wp\/v2\/pages"}],"about":[{"href":"https:\/\/lascriticas.com\/index.php\/wp-json\/wp\/v2\/types\/page"}],"author":[{"embeddable":true,"href":"https:\/\/lascriticas.com\/index.php\/wp-json\/wp\/v2\/users\/1"}],"replies":[{"embeddable":true,"href":"https:\/\/lascriticas.com\/index.php\/wp-json\/wp\/v2\/comments?post=168"}],"version-history":[{"count":20,"href":"https:\/\/lascriticas.com\/index.php\/wp-json\/wp\/v2\/pages\/168\/revisions"}],"predecessor-version":[{"id":3860,"href":"https:\/\/lascriticas.com\/index.php\/wp-json\/wp\/v2\/pages\/168\/revisions\/3860"}],"up":[{"embeddable":true,"href":"https:\/\/lascriticas.com\/index.php\/wp-json\/wp\/v2\/pages\/68"}],"wp:featuredmedia":[{"embeddable":true,"href":"https:\/\/lascriticas.com\/index.php\/wp-json\/wp\/v2\/media\/3858"}],"wp:attachment":[{"href":"https:\/\/lascriticas.com\/index.php\/wp-json\/wp\/v2\/media?parent=168"}],"curies":[{"name":"wp","href":"https:\/\/api.w.org\/{rel}","templated":true}]}}