{"id":1675,"date":"2017-06-20T00:17:50","date_gmt":"2017-06-19T22:17:50","guid":{"rendered":"http:\/\/lascriticas.com\/?page_id=1675"},"modified":"2021-01-19T22:22:50","modified_gmt":"2021-01-19T21:22:50","slug":"monica-cardenas","status":"publish","type":"page","link":"https:\/\/lascriticas.com\/index.php\/lascriticas\/monica-cardenas\/","title":{"rendered":"M\u00f3nica C\u00e1rdenas"},"content":{"rendered":"<p style=\"text-align: justify;\"><span style=\"font-size: 16px;\"><b>M\u00f3nica C\u00e1rdenas Moreno<\/b> hizo sus estudios de literatura y primeras investigaciones en la Universidad Nacional Mayor de San Marcos y en la Pontificia Universidad Cat\u00f3lica del Per\u00fa. Es doctora en Estudios ib\u00e9ricos e iberoamericanos por la Universit\u00e9 de Bordeaux Montaigne.\u00a0Actualmente, ocupa un puesto de Ma\u00eetre de langue en la Universit\u00e9 de Bretagne-Sud. Sus investigaciones se interesan principalmente en la escritura decimon\u00f3nica de mujeres. Ha editado dos novelas de Mercedes Cabello de Carbonera (Stockcero, 2012) y pr\u00f3ximamente publicar\u00e1 la reedici\u00f3n de <i>El mundo de los recuerdos<\/i> de Juana Manuela Gorriti (Eudeba, 2017).<\/span><\/p>\n<p style=\"text-align: justify;\"><span style=\"font-size: 16px;\"><a href=\"https:\/\/lascriticas.com\/index.php\/author\/monica-cardenas\/\"><strong>Sus cr\u00edticas<\/strong><\/a><\/span><\/p>\n","protected":false},"excerpt":{"rendered":"<p>M\u00f3nica C\u00e1rdenas Moreno hizo sus estudios de literatura y primeras investigaciones en la Universidad Nacional Mayor de San Marcos y en la Pontificia Universidad Cat\u00f3lica del Per\u00fa. Es doctora en Estudios ib\u00e9ricos e iberoamericanos por la Universit\u00e9 de Bordeaux Montaigne.\u00a0Actualmente, ocupa un puesto de Ma\u00eetre de langue en la Universit\u00e9 de Bretagne-Sud. Sus investigaciones se&#8230;<\/p>\n","protected":false},"author":1,"featured_media":1686,"parent":68,"menu_order":0,"comment_status":"closed","ping_status":"closed","template":"","meta":{"footnotes":""},"yoast_head":"<!-- This site is optimized with the Yoast SEO plugin v23.5 - https:\/\/yoast.com\/wordpress\/plugins\/seo\/ -->\n<title>M\u00f3nica C\u00e1rdenas - Las Cr\u00edticas<\/title>\n<meta name=\"description\" content=\"M\u00f3nica C\u00e1rdenas es doctora en Estudios ib\u00e9ricos e iberoamericanos y en la escritura decimon\u00f3nica de mujeres. Es profesora universitaria en Francia.\" \/>\n<meta name=\"robots\" content=\"index, follow, max-snippet:-1, max-image-preview:large, max-video-preview:-1\" \/>\n<link rel=\"canonical\" href=\"https:\/\/lascriticas.com\/index.php\/lascriticas\/monica-cardenas\/\" \/>\n<meta property=\"og:locale\" content=\"es_ES\" \/>\n<meta property=\"og:type\" content=\"article\" \/>\n<meta property=\"og:title\" content=\"M\u00f3nica C\u00e1rdenas - Las Cr\u00edticas\" \/>\n<meta property=\"og:description\" content=\"M\u00f3nica C\u00e1rdenas es doctora en Estudios ib\u00e9ricos e iberoamericanos y en la escritura decimon\u00f3nica de mujeres. Es profesora universitaria en Francia.\" \/>\n<meta property=\"og:url\" content=\"https:\/\/lascriticas.com\/index.php\/lascriticas\/monica-cardenas\/\" \/>\n<meta property=\"og:site_name\" content=\"Las Cr\u00edticas\" \/>\n<meta property=\"article:publisher\" content=\"https:\/\/www.facebook.com\/lascriticas\/\" \/>\n<meta property=\"article:modified_time\" content=\"2021-01-19T21:22:50+00:00\" \/>\n<meta property=\"og:image\" content=\"https:\/\/lascriticas.com\/wp-content\/uploads\/2017\/06\/Monica-Cardenas1.jpg\" \/>\n\t<meta property=\"og:image:width\" content=\"724\" \/>\n\t<meta property=\"og:image:height\" content=\"473\" \/>\n\t<meta property=\"og:image:type\" content=\"image\/jpeg\" \/>\n<meta name=\"twitter:card\" content=\"summary_large_image\" \/>\n<meta name=\"twitter:site\" content=\"@LasCriticas_com\" \/>\n<meta name=\"twitter:label1\" content=\"Tiempo de lectura\" \/>\n\t<meta name=\"twitter:data1\" content=\"1 minuto\" \/>\n<script type=\"application\/ld+json\" class=\"yoast-schema-graph\">{\"@context\":\"https:\/\/schema.org\",\"@graph\":[{\"@type\":\"WebPage\",\"@id\":\"https:\/\/lascriticas.com\/index.php\/lascriticas\/monica-cardenas\/\",\"url\":\"https:\/\/lascriticas.com\/index.php\/lascriticas\/monica-cardenas\/\",\"name\":\"M\u00f3nica C\u00e1rdenas - Las Cr\u00edticas\",\"isPartOf\":{\"@id\":\"https:\/\/lascriticas.com\/#website\"},\"primaryImageOfPage\":{\"@id\":\"https:\/\/lascriticas.com\/index.php\/lascriticas\/monica-cardenas\/#primaryimage\"},\"image\":{\"@id\":\"https:\/\/lascriticas.com\/index.php\/lascriticas\/monica-cardenas\/#primaryimage\"},\"thumbnailUrl\":\"https:\/\/lascriticas.com\/wp-content\/uploads\/2017\/06\/Monica-Cardenas1.jpg\",\"datePublished\":\"2017-06-19T22:17:50+00:00\",\"dateModified\":\"2021-01-19T21:22:50+00:00\",\"description\":\"M\u00f3nica C\u00e1rdenas es doctora en Estudios ib\u00e9ricos e iberoamericanos y en la escritura decimon\u00f3nica de mujeres. Es profesora universitaria en Francia.\",\"breadcrumb\":{\"@id\":\"https:\/\/lascriticas.com\/index.php\/lascriticas\/monica-cardenas\/#breadcrumb\"},\"inLanguage\":\"es\",\"potentialAction\":[{\"@type\":\"ReadAction\",\"target\":[\"https:\/\/lascriticas.com\/index.php\/lascriticas\/monica-cardenas\/\"]}]},{\"@type\":\"ImageObject\",\"inLanguage\":\"es\",\"@id\":\"https:\/\/lascriticas.com\/index.php\/lascriticas\/monica-cardenas\/#primaryimage\",\"url\":\"https:\/\/lascriticas.com\/wp-content\/uploads\/2017\/06\/Monica-Cardenas1.jpg\",\"contentUrl\":\"https:\/\/lascriticas.com\/wp-content\/uploads\/2017\/06\/Monica-Cardenas1.jpg\",\"width\":724,\"height\":473,\"caption\":\"Monica C\u00e1rdenas\"},{\"@type\":\"BreadcrumbList\",\"@id\":\"https:\/\/lascriticas.com\/index.php\/lascriticas\/monica-cardenas\/#breadcrumb\",\"itemListElement\":[{\"@type\":\"ListItem\",\"position\":1,\"name\":\"Inicio\",\"item\":\"https:\/\/lascriticas.com\/\"},{\"@type\":\"ListItem\",\"position\":2,\"name\":\"Las Cr\u00edticas\",\"item\":\"https:\/\/lascriticas.com\/index.php\/lascriticas\/\"},{\"@type\":\"ListItem\",\"position\":3,\"name\":\"M\u00f3nica C\u00e1rdenas\"}]},{\"@type\":\"WebSite\",\"@id\":\"https:\/\/lascriticas.com\/#website\",\"url\":\"https:\/\/lascriticas.com\/\",\"name\":\"Las Cr\u00edticas\",\"description\":\"Cr\u00edtica literaria hecha por mujeres\",\"publisher\":{\"@id\":\"https:\/\/lascriticas.com\/#organization\"},\"potentialAction\":[{\"@type\":\"SearchAction\",\"target\":{\"@type\":\"EntryPoint\",\"urlTemplate\":\"https:\/\/lascriticas.com\/?s={search_term_string}\"},\"query-input\":{\"@type\":\"PropertyValueSpecification\",\"valueRequired\":true,\"valueName\":\"search_term_string\"}}],\"inLanguage\":\"es\"},{\"@type\":\"Organization\",\"@id\":\"https:\/\/lascriticas.com\/#organization\",\"name\":\"Las Cr\u00edticas\",\"url\":\"https:\/\/lascriticas.com\/\",\"logo\":{\"@type\":\"ImageObject\",\"inLanguage\":\"es\",\"@id\":\"https:\/\/lascriticas.com\/#\/schema\/logo\/image\/\",\"url\":\"https:\/\/lascriticas.com\/wp-content\/uploads\/2016\/09\/Las-Cr\u00edticas.png\",\"contentUrl\":\"https:\/\/lascriticas.com\/wp-content\/uploads\/2016\/09\/Las-Cr\u00edticas.png\",\"width\":372,\"height\":201,\"caption\":\"Las Cr\u00edticas\"},\"image\":{\"@id\":\"https:\/\/lascriticas.com\/#\/schema\/logo\/image\/\"},\"sameAs\":[\"https:\/\/www.facebook.com\/lascriticas\/\",\"https:\/\/x.com\/LasCriticas_com\",\"https:\/\/www.instagram.com\/lascriticas_com\/\",\"https:\/\/www.youtube.com\/channel\/UCd7r-H6EJA4sSXGLX33_iHQ\"]}]}<\/script>\n<!-- \/ Yoast SEO plugin. -->","yoast_head_json":{"title":"M\u00f3nica C\u00e1rdenas - Las Cr\u00edticas","description":"M\u00f3nica C\u00e1rdenas es doctora en Estudios ib\u00e9ricos e iberoamericanos y en la escritura decimon\u00f3nica de mujeres. Es profesora universitaria en Francia.","robots":{"index":"index","follow":"follow","max-snippet":"max-snippet:-1","max-image-preview":"max-image-preview:large","max-video-preview":"max-video-preview:-1"},"canonical":"https:\/\/lascriticas.com\/index.php\/lascriticas\/monica-cardenas\/","og_locale":"es_ES","og_type":"article","og_title":"M\u00f3nica C\u00e1rdenas - Las Cr\u00edticas","og_description":"M\u00f3nica C\u00e1rdenas es doctora en Estudios ib\u00e9ricos e iberoamericanos y en la escritura decimon\u00f3nica de mujeres. Es profesora universitaria en Francia.","og_url":"https:\/\/lascriticas.com\/index.php\/lascriticas\/monica-cardenas\/","og_site_name":"Las Cr\u00edticas","article_publisher":"https:\/\/www.facebook.com\/lascriticas\/","article_modified_time":"2021-01-19T21:22:50+00:00","og_image":[{"width":724,"height":473,"url":"https:\/\/lascriticas.com\/wp-content\/uploads\/2017\/06\/Monica-Cardenas1.jpg","type":"image\/jpeg"}],"twitter_card":"summary_large_image","twitter_site":"@LasCriticas_com","twitter_misc":{"Tiempo de lectura":"1 minuto"},"schema":{"@context":"https:\/\/schema.org","@graph":[{"@type":"WebPage","@id":"https:\/\/lascriticas.com\/index.php\/lascriticas\/monica-cardenas\/","url":"https:\/\/lascriticas.com\/index.php\/lascriticas\/monica-cardenas\/","name":"M\u00f3nica C\u00e1rdenas - Las Cr\u00edticas","isPartOf":{"@id":"https:\/\/lascriticas.com\/#website"},"primaryImageOfPage":{"@id":"https:\/\/lascriticas.com\/index.php\/lascriticas\/monica-cardenas\/#primaryimage"},"image":{"@id":"https:\/\/lascriticas.com\/index.php\/lascriticas\/monica-cardenas\/#primaryimage"},"thumbnailUrl":"https:\/\/lascriticas.com\/wp-content\/uploads\/2017\/06\/Monica-Cardenas1.jpg","datePublished":"2017-06-19T22:17:50+00:00","dateModified":"2021-01-19T21:22:50+00:00","description":"M\u00f3nica C\u00e1rdenas es doctora en Estudios ib\u00e9ricos e iberoamericanos y en la escritura decimon\u00f3nica de mujeres. Es profesora universitaria en Francia.","breadcrumb":{"@id":"https:\/\/lascriticas.com\/index.php\/lascriticas\/monica-cardenas\/#breadcrumb"},"inLanguage":"es","potentialAction":[{"@type":"ReadAction","target":["https:\/\/lascriticas.com\/index.php\/lascriticas\/monica-cardenas\/"]}]},{"@type":"ImageObject","inLanguage":"es","@id":"https:\/\/lascriticas.com\/index.php\/lascriticas\/monica-cardenas\/#primaryimage","url":"https:\/\/lascriticas.com\/wp-content\/uploads\/2017\/06\/Monica-Cardenas1.jpg","contentUrl":"https:\/\/lascriticas.com\/wp-content\/uploads\/2017\/06\/Monica-Cardenas1.jpg","width":724,"height":473,"caption":"Monica C\u00e1rdenas"},{"@type":"BreadcrumbList","@id":"https:\/\/lascriticas.com\/index.php\/lascriticas\/monica-cardenas\/#breadcrumb","itemListElement":[{"@type":"ListItem","position":1,"name":"Inicio","item":"https:\/\/lascriticas.com\/"},{"@type":"ListItem","position":2,"name":"Las Cr\u00edticas","item":"https:\/\/lascriticas.com\/index.php\/lascriticas\/"},{"@type":"ListItem","position":3,"name":"M\u00f3nica C\u00e1rdenas"}]},{"@type":"WebSite","@id":"https:\/\/lascriticas.com\/#website","url":"https:\/\/lascriticas.com\/","name":"Las Cr\u00edticas","description":"Cr\u00edtica literaria hecha por mujeres","publisher":{"@id":"https:\/\/lascriticas.com\/#organization"},"potentialAction":[{"@type":"SearchAction","target":{"@type":"EntryPoint","urlTemplate":"https:\/\/lascriticas.com\/?s={search_term_string}"},"query-input":{"@type":"PropertyValueSpecification","valueRequired":true,"valueName":"search_term_string"}}],"inLanguage":"es"},{"@type":"Organization","@id":"https:\/\/lascriticas.com\/#organization","name":"Las Cr\u00edticas","url":"https:\/\/lascriticas.com\/","logo":{"@type":"ImageObject","inLanguage":"es","@id":"https:\/\/lascriticas.com\/#\/schema\/logo\/image\/","url":"https:\/\/lascriticas.com\/wp-content\/uploads\/2016\/09\/Las-Cr\u00edticas.png","contentUrl":"https:\/\/lascriticas.com\/wp-content\/uploads\/2016\/09\/Las-Cr\u00edticas.png","width":372,"height":201,"caption":"Las Cr\u00edticas"},"image":{"@id":"https:\/\/lascriticas.com\/#\/schema\/logo\/image\/"},"sameAs":["https:\/\/www.facebook.com\/lascriticas\/","https:\/\/x.com\/LasCriticas_com","https:\/\/www.instagram.com\/lascriticas_com\/","https:\/\/www.youtube.com\/channel\/UCd7r-H6EJA4sSXGLX33_iHQ"]}]}},"_links":{"self":[{"href":"https:\/\/lascriticas.com\/index.php\/wp-json\/wp\/v2\/pages\/1675"}],"collection":[{"href":"https:\/\/lascriticas.com\/index.php\/wp-json\/wp\/v2\/pages"}],"about":[{"href":"https:\/\/lascriticas.com\/index.php\/wp-json\/wp\/v2\/types\/page"}],"author":[{"embeddable":true,"href":"https:\/\/lascriticas.com\/index.php\/wp-json\/wp\/v2\/users\/1"}],"replies":[{"embeddable":true,"href":"https:\/\/lascriticas.com\/index.php\/wp-json\/wp\/v2\/comments?post=1675"}],"version-history":[{"count":4,"href":"https:\/\/lascriticas.com\/index.php\/wp-json\/wp\/v2\/pages\/1675\/revisions"}],"predecessor-version":[{"id":3863,"href":"https:\/\/lascriticas.com\/index.php\/wp-json\/wp\/v2\/pages\/1675\/revisions\/3863"}],"up":[{"embeddable":true,"href":"https:\/\/lascriticas.com\/index.php\/wp-json\/wp\/v2\/pages\/68"}],"wp:featuredmedia":[{"embeddable":true,"href":"https:\/\/lascriticas.com\/index.php\/wp-json\/wp\/v2\/media\/1686"}],"wp:attachment":[{"href":"https:\/\/lascriticas.com\/index.php\/wp-json\/wp\/v2\/media?parent=1675"}],"curies":[{"name":"wp","href":"https:\/\/api.w.org\/{rel}","templated":true}]}}