{"id":1665,"date":"2017-06-19T22:05:53","date_gmt":"2017-06-19T20:05:53","guid":{"rendered":"http:\/\/lascriticas.com\/?page_id=1665"},"modified":"2021-01-19T21:50:49","modified_gmt":"2021-01-19T20:50:49","slug":"jessenia-chamorro","status":"publish","type":"page","link":"https:\/\/lascriticas.com\/index.php\/lascriticas\/jessenia-chamorro\/","title":{"rendered":"Jessenia Chamorro"},"content":{"rendered":"<p style=\"text-align: justify;\"><span style=\"font-size: 16px;\"><strong>Jessenia Chamorro Salas<\/strong> (1990) naci\u00f3 en Maip\u00fa, Santiago, estudi\u00f3 Licenciatura en Lengua y Literatura Hisp\u00e1nicas en la Universidad de Chile (2009-2012), posteriormente ingres\u00f3 al Programa de Formaci\u00f3n Pedag\u00f3gica (2013) en la Pontificia Universidad Cat\u00f3lica de Chile, profesi\u00f3n en la cual se ha desempe\u00f1ado desde el 2014. Retom\u00f3 los estudios literarios al ingresar al Mag\u00edster en Literatura Latinoamericana y Chilena de la Universidad de Santiago, y actualmente se encuentra cursando un Doctorado en Literatura en la Universidad de Chile. Ha publicado diversos art\u00edculos y cr\u00edticas en revistas especializadas sobre literatura, dramaturgia, teatro, adem\u00e1s de algunos poemas y cuentos propios.<\/span><\/p>\n<p style=\"text-align: justify;\"><span style=\"font-size: 16px;\"><a href=\"https:\/\/lascriticas.com\/index.php\/author\/jessenia-chamorro\/\"><strong>Sus cr\u00edticas<\/strong><\/a><\/span><\/p>\n","protected":false},"excerpt":{"rendered":"<p>Jessenia Chamorro Salas (1990) naci\u00f3 en Maip\u00fa, Santiago, estudi\u00f3 Licenciatura en Lengua y Literatura Hisp\u00e1nicas en la Universidad de Chile (2009-2012), posteriormente ingres\u00f3 al Programa de Formaci\u00f3n Pedag\u00f3gica (2013) en la Pontificia Universidad Cat\u00f3lica de Chile, profesi\u00f3n en la cual se ha desempe\u00f1ado desde el 2014. Retom\u00f3 los estudios literarios al ingresar al Mag\u00edster en&#8230;<\/p>\n","protected":false},"author":1,"featured_media":3844,"parent":68,"menu_order":0,"comment_status":"closed","ping_status":"closed","template":"","meta":{"footnotes":""},"yoast_head":"<!-- This site is optimized with the Yoast SEO plugin v23.5 - https:\/\/yoast.com\/wordpress\/plugins\/seo\/ -->\n<title>Jessenia Chamorro - Las Cr\u00edticas<\/title>\n<meta name=\"description\" content=\"Doctorante en literatura, Jessenia Chamorro es una especialista chilena de la dramaturgia y el teatro.\" \/>\n<meta name=\"robots\" content=\"index, follow, max-snippet:-1, max-image-preview:large, max-video-preview:-1\" \/>\n<link rel=\"canonical\" href=\"https:\/\/lascriticas.com\/index.php\/lascriticas\/jessenia-chamorro\/\" \/>\n<meta property=\"og:locale\" content=\"es_ES\" \/>\n<meta property=\"og:type\" content=\"article\" \/>\n<meta property=\"og:title\" content=\"Jessenia Chamorro - Las Cr\u00edticas\" \/>\n<meta property=\"og:description\" content=\"Doctorante en literatura, Jessenia Chamorro es una especialista chilena de la dramaturgia y el teatro.\" \/>\n<meta property=\"og:url\" content=\"https:\/\/lascriticas.com\/index.php\/lascriticas\/jessenia-chamorro\/\" \/>\n<meta property=\"og:site_name\" content=\"Las Cr\u00edticas\" \/>\n<meta property=\"article:publisher\" content=\"https:\/\/www.facebook.com\/lascriticas\/\" \/>\n<meta property=\"article:modified_time\" content=\"2021-01-19T20:50:49+00:00\" \/>\n<meta property=\"og:image\" content=\"https:\/\/lascriticas.com\/wp-content\/uploads\/2021\/01\/Jessenia-Chamorro.jpeg\" \/>\n\t<meta property=\"og:image:width\" content=\"1080\" \/>\n\t<meta property=\"og:image:height\" content=\"530\" \/>\n\t<meta property=\"og:image:type\" content=\"image\/jpeg\" \/>\n<meta name=\"twitter:card\" content=\"summary_large_image\" \/>\n<meta name=\"twitter:site\" content=\"@LasCriticas_com\" \/>\n<meta name=\"twitter:label1\" content=\"Tiempo de lectura\" \/>\n\t<meta name=\"twitter:data1\" content=\"1 minuto\" \/>\n<script type=\"application\/ld+json\" class=\"yoast-schema-graph\">{\"@context\":\"https:\/\/schema.org\",\"@graph\":[{\"@type\":\"WebPage\",\"@id\":\"https:\/\/lascriticas.com\/index.php\/lascriticas\/jessenia-chamorro\/\",\"url\":\"https:\/\/lascriticas.com\/index.php\/lascriticas\/jessenia-chamorro\/\",\"name\":\"Jessenia Chamorro - Las Cr\u00edticas\",\"isPartOf\":{\"@id\":\"https:\/\/lascriticas.com\/#website\"},\"primaryImageOfPage\":{\"@id\":\"https:\/\/lascriticas.com\/index.php\/lascriticas\/jessenia-chamorro\/#primaryimage\"},\"image\":{\"@id\":\"https:\/\/lascriticas.com\/index.php\/lascriticas\/jessenia-chamorro\/#primaryimage\"},\"thumbnailUrl\":\"https:\/\/lascriticas.com\/wp-content\/uploads\/2021\/01\/Jessenia-Chamorro.jpeg\",\"datePublished\":\"2017-06-19T20:05:53+00:00\",\"dateModified\":\"2021-01-19T20:50:49+00:00\",\"description\":\"Doctorante en literatura, Jessenia Chamorro es una especialista chilena de la dramaturgia y el teatro.\",\"breadcrumb\":{\"@id\":\"https:\/\/lascriticas.com\/index.php\/lascriticas\/jessenia-chamorro\/#breadcrumb\"},\"inLanguage\":\"es\",\"potentialAction\":[{\"@type\":\"ReadAction\",\"target\":[\"https:\/\/lascriticas.com\/index.php\/lascriticas\/jessenia-chamorro\/\"]}]},{\"@type\":\"ImageObject\",\"inLanguage\":\"es\",\"@id\":\"https:\/\/lascriticas.com\/index.php\/lascriticas\/jessenia-chamorro\/#primaryimage\",\"url\":\"https:\/\/lascriticas.com\/wp-content\/uploads\/2021\/01\/Jessenia-Chamorro.jpeg\",\"contentUrl\":\"https:\/\/lascriticas.com\/wp-content\/uploads\/2021\/01\/Jessenia-Chamorro.jpeg\",\"width\":1080,\"height\":530},{\"@type\":\"BreadcrumbList\",\"@id\":\"https:\/\/lascriticas.com\/index.php\/lascriticas\/jessenia-chamorro\/#breadcrumb\",\"itemListElement\":[{\"@type\":\"ListItem\",\"position\":1,\"name\":\"Inicio\",\"item\":\"https:\/\/lascriticas.com\/\"},{\"@type\":\"ListItem\",\"position\":2,\"name\":\"Las Cr\u00edticas\",\"item\":\"https:\/\/lascriticas.com\/index.php\/lascriticas\/\"},{\"@type\":\"ListItem\",\"position\":3,\"name\":\"Jessenia Chamorro\"}]},{\"@type\":\"WebSite\",\"@id\":\"https:\/\/lascriticas.com\/#website\",\"url\":\"https:\/\/lascriticas.com\/\",\"name\":\"Las Cr\u00edticas\",\"description\":\"Cr\u00edtica literaria hecha por mujeres\",\"publisher\":{\"@id\":\"https:\/\/lascriticas.com\/#organization\"},\"potentialAction\":[{\"@type\":\"SearchAction\",\"target\":{\"@type\":\"EntryPoint\",\"urlTemplate\":\"https:\/\/lascriticas.com\/?s={search_term_string}\"},\"query-input\":{\"@type\":\"PropertyValueSpecification\",\"valueRequired\":true,\"valueName\":\"search_term_string\"}}],\"inLanguage\":\"es\"},{\"@type\":\"Organization\",\"@id\":\"https:\/\/lascriticas.com\/#organization\",\"name\":\"Las Cr\u00edticas\",\"url\":\"https:\/\/lascriticas.com\/\",\"logo\":{\"@type\":\"ImageObject\",\"inLanguage\":\"es\",\"@id\":\"https:\/\/lascriticas.com\/#\/schema\/logo\/image\/\",\"url\":\"https:\/\/lascriticas.com\/wp-content\/uploads\/2016\/09\/Las-Cr\u00edticas.png\",\"contentUrl\":\"https:\/\/lascriticas.com\/wp-content\/uploads\/2016\/09\/Las-Cr\u00edticas.png\",\"width\":372,\"height\":201,\"caption\":\"Las Cr\u00edticas\"},\"image\":{\"@id\":\"https:\/\/lascriticas.com\/#\/schema\/logo\/image\/\"},\"sameAs\":[\"https:\/\/www.facebook.com\/lascriticas\/\",\"https:\/\/x.com\/LasCriticas_com\",\"https:\/\/www.instagram.com\/lascriticas_com\/\",\"https:\/\/www.youtube.com\/channel\/UCd7r-H6EJA4sSXGLX33_iHQ\"]}]}<\/script>\n<!-- \/ Yoast SEO plugin. -->","yoast_head_json":{"title":"Jessenia Chamorro - Las Cr\u00edticas","description":"Doctorante en literatura, Jessenia Chamorro es una especialista chilena de la dramaturgia y el teatro.","robots":{"index":"index","follow":"follow","max-snippet":"max-snippet:-1","max-image-preview":"max-image-preview:large","max-video-preview":"max-video-preview:-1"},"canonical":"https:\/\/lascriticas.com\/index.php\/lascriticas\/jessenia-chamorro\/","og_locale":"es_ES","og_type":"article","og_title":"Jessenia Chamorro - Las Cr\u00edticas","og_description":"Doctorante en literatura, Jessenia Chamorro es una especialista chilena de la dramaturgia y el teatro.","og_url":"https:\/\/lascriticas.com\/index.php\/lascriticas\/jessenia-chamorro\/","og_site_name":"Las Cr\u00edticas","article_publisher":"https:\/\/www.facebook.com\/lascriticas\/","article_modified_time":"2021-01-19T20:50:49+00:00","og_image":[{"width":1080,"height":530,"url":"https:\/\/lascriticas.com\/wp-content\/uploads\/2021\/01\/Jessenia-Chamorro.jpeg","type":"image\/jpeg"}],"twitter_card":"summary_large_image","twitter_site":"@LasCriticas_com","twitter_misc":{"Tiempo de lectura":"1 minuto"},"schema":{"@context":"https:\/\/schema.org","@graph":[{"@type":"WebPage","@id":"https:\/\/lascriticas.com\/index.php\/lascriticas\/jessenia-chamorro\/","url":"https:\/\/lascriticas.com\/index.php\/lascriticas\/jessenia-chamorro\/","name":"Jessenia Chamorro - Las Cr\u00edticas","isPartOf":{"@id":"https:\/\/lascriticas.com\/#website"},"primaryImageOfPage":{"@id":"https:\/\/lascriticas.com\/index.php\/lascriticas\/jessenia-chamorro\/#primaryimage"},"image":{"@id":"https:\/\/lascriticas.com\/index.php\/lascriticas\/jessenia-chamorro\/#primaryimage"},"thumbnailUrl":"https:\/\/lascriticas.com\/wp-content\/uploads\/2021\/01\/Jessenia-Chamorro.jpeg","datePublished":"2017-06-19T20:05:53+00:00","dateModified":"2021-01-19T20:50:49+00:00","description":"Doctorante en literatura, Jessenia Chamorro es una especialista chilena de la dramaturgia y el teatro.","breadcrumb":{"@id":"https:\/\/lascriticas.com\/index.php\/lascriticas\/jessenia-chamorro\/#breadcrumb"},"inLanguage":"es","potentialAction":[{"@type":"ReadAction","target":["https:\/\/lascriticas.com\/index.php\/lascriticas\/jessenia-chamorro\/"]}]},{"@type":"ImageObject","inLanguage":"es","@id":"https:\/\/lascriticas.com\/index.php\/lascriticas\/jessenia-chamorro\/#primaryimage","url":"https:\/\/lascriticas.com\/wp-content\/uploads\/2021\/01\/Jessenia-Chamorro.jpeg","contentUrl":"https:\/\/lascriticas.com\/wp-content\/uploads\/2021\/01\/Jessenia-Chamorro.jpeg","width":1080,"height":530},{"@type":"BreadcrumbList","@id":"https:\/\/lascriticas.com\/index.php\/lascriticas\/jessenia-chamorro\/#breadcrumb","itemListElement":[{"@type":"ListItem","position":1,"name":"Inicio","item":"https:\/\/lascriticas.com\/"},{"@type":"ListItem","position":2,"name":"Las Cr\u00edticas","item":"https:\/\/lascriticas.com\/index.php\/lascriticas\/"},{"@type":"ListItem","position":3,"name":"Jessenia Chamorro"}]},{"@type":"WebSite","@id":"https:\/\/lascriticas.com\/#website","url":"https:\/\/lascriticas.com\/","name":"Las Cr\u00edticas","description":"Cr\u00edtica literaria hecha por mujeres","publisher":{"@id":"https:\/\/lascriticas.com\/#organization"},"potentialAction":[{"@type":"SearchAction","target":{"@type":"EntryPoint","urlTemplate":"https:\/\/lascriticas.com\/?s={search_term_string}"},"query-input":{"@type":"PropertyValueSpecification","valueRequired":true,"valueName":"search_term_string"}}],"inLanguage":"es"},{"@type":"Organization","@id":"https:\/\/lascriticas.com\/#organization","name":"Las Cr\u00edticas","url":"https:\/\/lascriticas.com\/","logo":{"@type":"ImageObject","inLanguage":"es","@id":"https:\/\/lascriticas.com\/#\/schema\/logo\/image\/","url":"https:\/\/lascriticas.com\/wp-content\/uploads\/2016\/09\/Las-Cr\u00edticas.png","contentUrl":"https:\/\/lascriticas.com\/wp-content\/uploads\/2016\/09\/Las-Cr\u00edticas.png","width":372,"height":201,"caption":"Las Cr\u00edticas"},"image":{"@id":"https:\/\/lascriticas.com\/#\/schema\/logo\/image\/"},"sameAs":["https:\/\/www.facebook.com\/lascriticas\/","https:\/\/x.com\/LasCriticas_com","https:\/\/www.instagram.com\/lascriticas_com\/","https:\/\/www.youtube.com\/channel\/UCd7r-H6EJA4sSXGLX33_iHQ"]}]}},"_links":{"self":[{"href":"https:\/\/lascriticas.com\/index.php\/wp-json\/wp\/v2\/pages\/1665"}],"collection":[{"href":"https:\/\/lascriticas.com\/index.php\/wp-json\/wp\/v2\/pages"}],"about":[{"href":"https:\/\/lascriticas.com\/index.php\/wp-json\/wp\/v2\/types\/page"}],"author":[{"embeddable":true,"href":"https:\/\/lascriticas.com\/index.php\/wp-json\/wp\/v2\/users\/1"}],"replies":[{"embeddable":true,"href":"https:\/\/lascriticas.com\/index.php\/wp-json\/wp\/v2\/comments?post=1665"}],"version-history":[{"count":6,"href":"https:\/\/lascriticas.com\/index.php\/wp-json\/wp\/v2\/pages\/1665\/revisions"}],"predecessor-version":[{"id":3845,"href":"https:\/\/lascriticas.com\/index.php\/wp-json\/wp\/v2\/pages\/1665\/revisions\/3845"}],"up":[{"embeddable":true,"href":"https:\/\/lascriticas.com\/index.php\/wp-json\/wp\/v2\/pages\/68"}],"wp:featuredmedia":[{"embeddable":true,"href":"https:\/\/lascriticas.com\/index.php\/wp-json\/wp\/v2\/media\/3844"}],"wp:attachment":[{"href":"https:\/\/lascriticas.com\/index.php\/wp-json\/wp\/v2\/media?parent=1665"}],"curies":[{"name":"wp","href":"https:\/\/api.w.org\/{rel}","templated":true}]}}