{"id":1290,"date":"2017-02-24T22:29:50","date_gmt":"2017-02-24T21:29:50","guid":{"rendered":"http:\/\/lascriticas.com\/?page_id=1290"},"modified":"2021-01-19T21:47:31","modified_gmt":"2021-01-19T20:47:31","slug":"irma-del-aguila","status":"publish","type":"page","link":"https:\/\/lascriticas.com\/index.php\/lascriticas\/irma-del-aguila\/","title":{"rendered":"Irma del \u00c1guila"},"content":{"rendered":"<p style=\"text-align: justify;\"><span style=\"font-size: 16px;\"><strong>I<\/strong><strong>rma del \u00c1guila<\/strong> (Lima, 1966) es escritora y soci\u00f3loga peruana. Ha publicado la novela <em>Moby Dick en Cabo Blanco<\/em> (2009), <em>El hombre que hablaba del cielo<\/em> (2011) y <em>La isla de Fush\u00eda<\/em> (2016). Tambi\u00e9n los relatos\u00a0<em>T\u00eda, saca el pie del embrague<\/em>\u00a0(2000) y diversos relatos publicados en antolog\u00edas. <em>Mujer rota<\/em> (2021) es su novela m\u00e1s reciente.\u00a0<\/span><\/p>\n<p style=\"text-align: justify;\"><span style=\"font-size: 16px;\">Ha merecido el\u00a0III Premio de Novela Breve de la C\u00e1mara Peruana del Libro en el 2011 y el \u00a0II Concurso Internacional de Cuentos Lan.com y La Tercera de Chile en el 2005.<\/span><\/p>\n<p style=\"text-align: justify;\"><span style=\"font-size: 16px;\"><a href=\"https:\/\/lascriticas.com\/index.php\/author\/irma-del-aguila\/\"><strong>Sus cr\u00edticas<\/strong><\/a><\/span><\/p>\n<p style=\"text-align: justify;\">\n","protected":false},"excerpt":{"rendered":"<p>Irma del \u00c1guila (Lima, 1966) es escritora y soci\u00f3loga peruana. Ha publicado la novela Moby Dick en Cabo Blanco (2009), El hombre que hablaba del cielo (2011) y La isla de Fush\u00eda (2016). Tambi\u00e9n los relatos\u00a0T\u00eda, saca el pie del embrague\u00a0(2000) y diversos relatos publicados en antolog\u00edas. Mujer rota (2021) es su novela m\u00e1s reciente.\u00a0&#8230;<\/p>\n","protected":false},"author":1,"featured_media":1316,"parent":68,"menu_order":0,"comment_status":"closed","ping_status":"closed","template":"","meta":{"footnotes":""},"yoast_head":"<!-- This site is optimized with the Yoast SEO plugin v23.5 - https:\/\/yoast.com\/wordpress\/plugins\/seo\/ -->\n<title>Irma del \u00c1guila - Las Cr\u00edticas<\/title>\n<meta name=\"description\" content=\"Irma del \u00c1guila es escritora y soci\u00f3loga peruana, autora de tres novelas y un libro de relatos. Es autora de la novela La isla de Fush\u00eda (2016).\" \/>\n<meta name=\"robots\" content=\"index, follow, max-snippet:-1, max-image-preview:large, max-video-preview:-1\" \/>\n<link rel=\"canonical\" href=\"https:\/\/lascriticas.com\/index.php\/lascriticas\/irma-del-aguila\/\" \/>\n<meta property=\"og:locale\" content=\"es_ES\" \/>\n<meta property=\"og:type\" content=\"article\" \/>\n<meta property=\"og:title\" content=\"Irma del \u00c1guila - Las Cr\u00edticas\" \/>\n<meta property=\"og:description\" content=\"Irma del \u00c1guila es escritora y soci\u00f3loga peruana, autora de tres novelas y un libro de relatos. Es autora de la novela La isla de Fush\u00eda (2016).\" \/>\n<meta property=\"og:url\" content=\"https:\/\/lascriticas.com\/index.php\/lascriticas\/irma-del-aguila\/\" \/>\n<meta property=\"og:site_name\" content=\"Las Cr\u00edticas\" \/>\n<meta property=\"article:publisher\" content=\"https:\/\/www.facebook.com\/lascriticas\/\" \/>\n<meta property=\"article:modified_time\" content=\"2021-01-19T20:47:31+00:00\" \/>\n<meta property=\"og:image\" content=\"https:\/\/lascriticas.com\/wp-content\/uploads\/2017\/02\/Irma-del-Aguila.jpg\" \/>\n\t<meta property=\"og:image:width\" content=\"960\" \/>\n\t<meta property=\"og:image:height\" content=\"580\" \/>\n\t<meta property=\"og:image:type\" content=\"image\/jpeg\" \/>\n<meta name=\"twitter:card\" content=\"summary_large_image\" \/>\n<meta name=\"twitter:site\" content=\"@LasCriticas_com\" \/>\n<meta name=\"twitter:label1\" content=\"Tiempo de lectura\" \/>\n\t<meta name=\"twitter:data1\" content=\"1 minuto\" \/>\n<script type=\"application\/ld+json\" class=\"yoast-schema-graph\">{\"@context\":\"https:\/\/schema.org\",\"@graph\":[{\"@type\":\"WebPage\",\"@id\":\"https:\/\/lascriticas.com\/index.php\/lascriticas\/irma-del-aguila\/\",\"url\":\"https:\/\/lascriticas.com\/index.php\/lascriticas\/irma-del-aguila\/\",\"name\":\"Irma del \u00c1guila - Las Cr\u00edticas\",\"isPartOf\":{\"@id\":\"https:\/\/lascriticas.com\/#website\"},\"primaryImageOfPage\":{\"@id\":\"https:\/\/lascriticas.com\/index.php\/lascriticas\/irma-del-aguila\/#primaryimage\"},\"image\":{\"@id\":\"https:\/\/lascriticas.com\/index.php\/lascriticas\/irma-del-aguila\/#primaryimage\"},\"thumbnailUrl\":\"https:\/\/lascriticas.com\/wp-content\/uploads\/2017\/02\/Irma-del-Aguila.jpg\",\"datePublished\":\"2017-02-24T21:29:50+00:00\",\"dateModified\":\"2021-01-19T20:47:31+00:00\",\"description\":\"Irma del \u00c1guila es escritora y soci\u00f3loga peruana, autora de tres novelas y un libro de relatos. Es autora de la novela La isla de Fush\u00eda (2016).\",\"breadcrumb\":{\"@id\":\"https:\/\/lascriticas.com\/index.php\/lascriticas\/irma-del-aguila\/#breadcrumb\"},\"inLanguage\":\"es\",\"potentialAction\":[{\"@type\":\"ReadAction\",\"target\":[\"https:\/\/lascriticas.com\/index.php\/lascriticas\/irma-del-aguila\/\"]}]},{\"@type\":\"ImageObject\",\"inLanguage\":\"es\",\"@id\":\"https:\/\/lascriticas.com\/index.php\/lascriticas\/irma-del-aguila\/#primaryimage\",\"url\":\"https:\/\/lascriticas.com\/wp-content\/uploads\/2017\/02\/Irma-del-Aguila.jpg\",\"contentUrl\":\"https:\/\/lascriticas.com\/wp-content\/uploads\/2017\/02\/Irma-del-Aguila.jpg\",\"width\":960,\"height\":580,\"caption\":\"Irma del \u00c1guila\"},{\"@type\":\"BreadcrumbList\",\"@id\":\"https:\/\/lascriticas.com\/index.php\/lascriticas\/irma-del-aguila\/#breadcrumb\",\"itemListElement\":[{\"@type\":\"ListItem\",\"position\":1,\"name\":\"Inicio\",\"item\":\"https:\/\/lascriticas.com\/\"},{\"@type\":\"ListItem\",\"position\":2,\"name\":\"Las Cr\u00edticas\",\"item\":\"https:\/\/lascriticas.com\/index.php\/lascriticas\/\"},{\"@type\":\"ListItem\",\"position\":3,\"name\":\"Irma del \u00c1guila\"}]},{\"@type\":\"WebSite\",\"@id\":\"https:\/\/lascriticas.com\/#website\",\"url\":\"https:\/\/lascriticas.com\/\",\"name\":\"Las Cr\u00edticas\",\"description\":\"Cr\u00edtica literaria hecha por mujeres\",\"publisher\":{\"@id\":\"https:\/\/lascriticas.com\/#organization\"},\"potentialAction\":[{\"@type\":\"SearchAction\",\"target\":{\"@type\":\"EntryPoint\",\"urlTemplate\":\"https:\/\/lascriticas.com\/?s={search_term_string}\"},\"query-input\":{\"@type\":\"PropertyValueSpecification\",\"valueRequired\":true,\"valueName\":\"search_term_string\"}}],\"inLanguage\":\"es\"},{\"@type\":\"Organization\",\"@id\":\"https:\/\/lascriticas.com\/#organization\",\"name\":\"Las Cr\u00edticas\",\"url\":\"https:\/\/lascriticas.com\/\",\"logo\":{\"@type\":\"ImageObject\",\"inLanguage\":\"es\",\"@id\":\"https:\/\/lascriticas.com\/#\/schema\/logo\/image\/\",\"url\":\"https:\/\/lascriticas.com\/wp-content\/uploads\/2016\/09\/Las-Cr\u00edticas.png\",\"contentUrl\":\"https:\/\/lascriticas.com\/wp-content\/uploads\/2016\/09\/Las-Cr\u00edticas.png\",\"width\":372,\"height\":201,\"caption\":\"Las Cr\u00edticas\"},\"image\":{\"@id\":\"https:\/\/lascriticas.com\/#\/schema\/logo\/image\/\"},\"sameAs\":[\"https:\/\/www.facebook.com\/lascriticas\/\",\"https:\/\/x.com\/LasCriticas_com\",\"https:\/\/www.instagram.com\/lascriticas_com\/\",\"https:\/\/www.youtube.com\/channel\/UCd7r-H6EJA4sSXGLX33_iHQ\"]}]}<\/script>\n<!-- \/ Yoast SEO plugin. -->","yoast_head_json":{"title":"Irma del \u00c1guila - Las Cr\u00edticas","description":"Irma del \u00c1guila es escritora y soci\u00f3loga peruana, autora de tres novelas y un libro de relatos. Es autora de la novela La isla de Fush\u00eda (2016).","robots":{"index":"index","follow":"follow","max-snippet":"max-snippet:-1","max-image-preview":"max-image-preview:large","max-video-preview":"max-video-preview:-1"},"canonical":"https:\/\/lascriticas.com\/index.php\/lascriticas\/irma-del-aguila\/","og_locale":"es_ES","og_type":"article","og_title":"Irma del \u00c1guila - Las Cr\u00edticas","og_description":"Irma del \u00c1guila es escritora y soci\u00f3loga peruana, autora de tres novelas y un libro de relatos. Es autora de la novela La isla de Fush\u00eda (2016).","og_url":"https:\/\/lascriticas.com\/index.php\/lascriticas\/irma-del-aguila\/","og_site_name":"Las Cr\u00edticas","article_publisher":"https:\/\/www.facebook.com\/lascriticas\/","article_modified_time":"2021-01-19T20:47:31+00:00","og_image":[{"width":960,"height":580,"url":"https:\/\/lascriticas.com\/wp-content\/uploads\/2017\/02\/Irma-del-Aguila.jpg","type":"image\/jpeg"}],"twitter_card":"summary_large_image","twitter_site":"@LasCriticas_com","twitter_misc":{"Tiempo de lectura":"1 minuto"},"schema":{"@context":"https:\/\/schema.org","@graph":[{"@type":"WebPage","@id":"https:\/\/lascriticas.com\/index.php\/lascriticas\/irma-del-aguila\/","url":"https:\/\/lascriticas.com\/index.php\/lascriticas\/irma-del-aguila\/","name":"Irma del \u00c1guila - Las Cr\u00edticas","isPartOf":{"@id":"https:\/\/lascriticas.com\/#website"},"primaryImageOfPage":{"@id":"https:\/\/lascriticas.com\/index.php\/lascriticas\/irma-del-aguila\/#primaryimage"},"image":{"@id":"https:\/\/lascriticas.com\/index.php\/lascriticas\/irma-del-aguila\/#primaryimage"},"thumbnailUrl":"https:\/\/lascriticas.com\/wp-content\/uploads\/2017\/02\/Irma-del-Aguila.jpg","datePublished":"2017-02-24T21:29:50+00:00","dateModified":"2021-01-19T20:47:31+00:00","description":"Irma del \u00c1guila es escritora y soci\u00f3loga peruana, autora de tres novelas y un libro de relatos. Es autora de la novela La isla de Fush\u00eda (2016).","breadcrumb":{"@id":"https:\/\/lascriticas.com\/index.php\/lascriticas\/irma-del-aguila\/#breadcrumb"},"inLanguage":"es","potentialAction":[{"@type":"ReadAction","target":["https:\/\/lascriticas.com\/index.php\/lascriticas\/irma-del-aguila\/"]}]},{"@type":"ImageObject","inLanguage":"es","@id":"https:\/\/lascriticas.com\/index.php\/lascriticas\/irma-del-aguila\/#primaryimage","url":"https:\/\/lascriticas.com\/wp-content\/uploads\/2017\/02\/Irma-del-Aguila.jpg","contentUrl":"https:\/\/lascriticas.com\/wp-content\/uploads\/2017\/02\/Irma-del-Aguila.jpg","width":960,"height":580,"caption":"Irma del \u00c1guila"},{"@type":"BreadcrumbList","@id":"https:\/\/lascriticas.com\/index.php\/lascriticas\/irma-del-aguila\/#breadcrumb","itemListElement":[{"@type":"ListItem","position":1,"name":"Inicio","item":"https:\/\/lascriticas.com\/"},{"@type":"ListItem","position":2,"name":"Las Cr\u00edticas","item":"https:\/\/lascriticas.com\/index.php\/lascriticas\/"},{"@type":"ListItem","position":3,"name":"Irma del \u00c1guila"}]},{"@type":"WebSite","@id":"https:\/\/lascriticas.com\/#website","url":"https:\/\/lascriticas.com\/","name":"Las Cr\u00edticas","description":"Cr\u00edtica literaria hecha por mujeres","publisher":{"@id":"https:\/\/lascriticas.com\/#organization"},"potentialAction":[{"@type":"SearchAction","target":{"@type":"EntryPoint","urlTemplate":"https:\/\/lascriticas.com\/?s={search_term_string}"},"query-input":{"@type":"PropertyValueSpecification","valueRequired":true,"valueName":"search_term_string"}}],"inLanguage":"es"},{"@type":"Organization","@id":"https:\/\/lascriticas.com\/#organization","name":"Las Cr\u00edticas","url":"https:\/\/lascriticas.com\/","logo":{"@type":"ImageObject","inLanguage":"es","@id":"https:\/\/lascriticas.com\/#\/schema\/logo\/image\/","url":"https:\/\/lascriticas.com\/wp-content\/uploads\/2016\/09\/Las-Cr\u00edticas.png","contentUrl":"https:\/\/lascriticas.com\/wp-content\/uploads\/2016\/09\/Las-Cr\u00edticas.png","width":372,"height":201,"caption":"Las Cr\u00edticas"},"image":{"@id":"https:\/\/lascriticas.com\/#\/schema\/logo\/image\/"},"sameAs":["https:\/\/www.facebook.com\/lascriticas\/","https:\/\/x.com\/LasCriticas_com","https:\/\/www.instagram.com\/lascriticas_com\/","https:\/\/www.youtube.com\/channel\/UCd7r-H6EJA4sSXGLX33_iHQ"]}]}},"_links":{"self":[{"href":"https:\/\/lascriticas.com\/index.php\/wp-json\/wp\/v2\/pages\/1290"}],"collection":[{"href":"https:\/\/lascriticas.com\/index.php\/wp-json\/wp\/v2\/pages"}],"about":[{"href":"https:\/\/lascriticas.com\/index.php\/wp-json\/wp\/v2\/types\/page"}],"author":[{"embeddable":true,"href":"https:\/\/lascriticas.com\/index.php\/wp-json\/wp\/v2\/users\/1"}],"replies":[{"embeddable":true,"href":"https:\/\/lascriticas.com\/index.php\/wp-json\/wp\/v2\/comments?post=1290"}],"version-history":[{"count":10,"href":"https:\/\/lascriticas.com\/index.php\/wp-json\/wp\/v2\/pages\/1290\/revisions"}],"predecessor-version":[{"id":3842,"href":"https:\/\/lascriticas.com\/index.php\/wp-json\/wp\/v2\/pages\/1290\/revisions\/3842"}],"up":[{"embeddable":true,"href":"https:\/\/lascriticas.com\/index.php\/wp-json\/wp\/v2\/pages\/68"}],"wp:featuredmedia":[{"embeddable":true,"href":"https:\/\/lascriticas.com\/index.php\/wp-json\/wp\/v2\/media\/1316"}],"wp:attachment":[{"href":"https:\/\/lascriticas.com\/index.php\/wp-json\/wp\/v2\/media?parent=1290"}],"curies":[{"name":"wp","href":"https:\/\/api.w.org\/{rel}","templated":true}]}}