{"id":119,"date":"2016-09-19T14:42:58","date_gmt":"2016-09-19T12:42:58","guid":{"rendered":"http:\/\/lascriticas.com\/?page_id=119"},"modified":"2021-01-19T23:57:21","modified_gmt":"2021-01-19T22:57:21","slug":"marie-madeleine-gladieu","status":"publish","type":"page","link":"https:\/\/lascriticas.com\/index.php\/lascriticas\/marie-madeleine-gladieu\/","title":{"rendered":"Marie-Madeleine Gladieu"},"content":{"rendered":"<p style=\"text-align: justify;\"><span style=\"font-size: 16px;\"><strong>Marie-Madeleine Gladieu<\/strong> es catedr\u00e1tica em\u00e9rita en literatura hispanoamericana (Mario Vargas Llosa, Miguel \u00c1ngel Asturias, R\u00f3mulo Gallegos), Universidad de Reims (Francia). Es codirectora de Approches Interdisciplinaires de la Lecture (Acercamientos Interdisciplinarios a la Lectura), de la revista anual AIL y de la p\u00e1gina web <a href=\"http:\/\/www.ra2il.org\">www.ra2il.org<\/a>. Es coautora de <i>L&#8217;arri\u00e8re-texte. Pour repenser le litt\u00e9raire<\/i> (Peter Lang, 2013) y estudios de literatura. Autora de <i>Mario Vargas Llosa<\/i> (L\u2019Harmattan, 1989), <i>\u00ab\u00a0La Guerra del Fin del Mundo\u00a0\u00bb de Mario Vargas Llosa: histoire, histoires\u00a0<\/i>(1992), <i>Lectures de R\u00f3mulo Gallegos<\/i> (2006), <i>Lectures de Gabriel Garc\u00eda M\u00e1rquez <\/i>(2013), y otros estudios de obras hispanoamericanas. Ha escrito numerosos art\u00edculos sobre escritores peruanos e hispanoamericanos: \u201cPoder seductor, poder destructor\u201d, \u201c<i>La ciudad y los perros<\/i>, novela inaugural\u201d, \u201cEstructura de <i>Los r\u00edos profundos<\/i> de Jos\u00e9 Mar\u00eda Arguedas\u201d, \u201cLa barbarie y sus ritos\u201d, \u201cMario Vargas Llosa y V\u00edctor Hugo\u201d, \u201cMario Vargas Llosa y William Faulkner\u201d, entre otros muchos. Vive en Francia.<br \/>\n<\/span><\/p>\n<p><span style=\"font-size: 16px;\"><strong><a href=\"https:\/\/lascriticas.com\/index.php\/author\/marie-madeleine-gladieu\/\">Sus cr\u00edticas<\/a><\/strong><\/span><\/p>\n","protected":false},"excerpt":{"rendered":"<p>Marie-Madeleine Gladieu es catedr\u00e1tica em\u00e9rita en literatura hispanoamericana (Mario Vargas Llosa, Miguel \u00c1ngel Asturias, R\u00f3mulo Gallegos), Universidad de Reims (Francia). Es codirectora de Approches Interdisciplinaires de la Lecture (Acercamientos Interdisciplinarios a la Lectura), de la revista anual AIL y de la p\u00e1gina web www.ra2il.org. Es coautora de L&#8217;arri\u00e8re-texte. Pour repenser le litt\u00e9raire (Peter Lang, 2013)&#8230;<\/p>\n","protected":false},"author":1,"featured_media":123,"parent":68,"menu_order":1,"comment_status":"closed","ping_status":"closed","template":"","meta":{"footnotes":""},"yoast_head":"<!-- This site is optimized with the Yoast SEO plugin v23.5 - https:\/\/yoast.com\/wordpress\/plugins\/seo\/ -->\n<title>Marie-Madeleine Gladieu - Las Cr\u00edticas<\/title>\n<meta name=\"description\" content=\"Es catedr\u00e1tica em\u00e9rita en literatura hispanoamericana. Es codirectora de Approches Interdisciplinaires de la Lecture, de la revista AIL y de www.ra2il.org\" \/>\n<meta name=\"robots\" content=\"index, follow, max-snippet:-1, max-image-preview:large, max-video-preview:-1\" \/>\n<link rel=\"canonical\" href=\"https:\/\/lascriticas.com\/index.php\/lascriticas\/marie-madeleine-gladieu\/\" \/>\n<meta property=\"og:locale\" content=\"es_ES\" \/>\n<meta property=\"og:type\" content=\"article\" \/>\n<meta property=\"og:title\" content=\"Marie-Madeleine Gladieu - Las Cr\u00edticas\" \/>\n<meta property=\"og:description\" content=\"Es catedr\u00e1tica em\u00e9rita en literatura hispanoamericana. Es codirectora de Approches Interdisciplinaires de la Lecture, de la revista AIL y de www.ra2il.org\" \/>\n<meta property=\"og:url\" content=\"https:\/\/lascriticas.com\/index.php\/lascriticas\/marie-madeleine-gladieu\/\" \/>\n<meta property=\"og:site_name\" content=\"Las Cr\u00edticas\" \/>\n<meta property=\"article:publisher\" content=\"https:\/\/www.facebook.com\/lascriticas\/\" \/>\n<meta property=\"article:modified_time\" content=\"2021-01-19T22:57:21+00:00\" \/>\n<meta property=\"og:image\" content=\"https:\/\/lascriticas.com\/wp-content\/uploads\/2016\/09\/Marie-Madeleine-Gladieu.jpg\" \/>\n\t<meta property=\"og:image:width\" content=\"1600\" \/>\n\t<meta property=\"og:image:height\" content=\"1200\" \/>\n\t<meta property=\"og:image:type\" content=\"image\/jpeg\" \/>\n<meta name=\"twitter:card\" content=\"summary_large_image\" \/>\n<meta name=\"twitter:site\" content=\"@LasCriticas_com\" \/>\n<meta name=\"twitter:label1\" content=\"Tiempo de lectura\" \/>\n\t<meta name=\"twitter:data1\" content=\"1 minuto\" \/>\n<script type=\"application\/ld+json\" class=\"yoast-schema-graph\">{\"@context\":\"https:\/\/schema.org\",\"@graph\":[{\"@type\":\"WebPage\",\"@id\":\"https:\/\/lascriticas.com\/index.php\/lascriticas\/marie-madeleine-gladieu\/\",\"url\":\"https:\/\/lascriticas.com\/index.php\/lascriticas\/marie-madeleine-gladieu\/\",\"name\":\"Marie-Madeleine Gladieu - Las Cr\u00edticas\",\"isPartOf\":{\"@id\":\"https:\/\/lascriticas.com\/#website\"},\"primaryImageOfPage\":{\"@id\":\"https:\/\/lascriticas.com\/index.php\/lascriticas\/marie-madeleine-gladieu\/#primaryimage\"},\"image\":{\"@id\":\"https:\/\/lascriticas.com\/index.php\/lascriticas\/marie-madeleine-gladieu\/#primaryimage\"},\"thumbnailUrl\":\"https:\/\/lascriticas.com\/wp-content\/uploads\/2016\/09\/Marie-Madeleine-Gladieu.jpg\",\"datePublished\":\"2016-09-19T12:42:58+00:00\",\"dateModified\":\"2021-01-19T22:57:21+00:00\",\"description\":\"Es catedr\u00e1tica em\u00e9rita en literatura hispanoamericana. Es codirectora de Approches Interdisciplinaires de la Lecture, de la revista AIL y de www.ra2il.org\",\"breadcrumb\":{\"@id\":\"https:\/\/lascriticas.com\/index.php\/lascriticas\/marie-madeleine-gladieu\/#breadcrumb\"},\"inLanguage\":\"es\",\"potentialAction\":[{\"@type\":\"ReadAction\",\"target\":[\"https:\/\/lascriticas.com\/index.php\/lascriticas\/marie-madeleine-gladieu\/\"]}]},{\"@type\":\"ImageObject\",\"inLanguage\":\"es\",\"@id\":\"https:\/\/lascriticas.com\/index.php\/lascriticas\/marie-madeleine-gladieu\/#primaryimage\",\"url\":\"https:\/\/lascriticas.com\/wp-content\/uploads\/2016\/09\/Marie-Madeleine-Gladieu.jpg\",\"contentUrl\":\"https:\/\/lascriticas.com\/wp-content\/uploads\/2016\/09\/Marie-Madeleine-Gladieu.jpg\",\"width\":1600,\"height\":1200,\"caption\":\"Marie-Madeleine Gladieu\"},{\"@type\":\"BreadcrumbList\",\"@id\":\"https:\/\/lascriticas.com\/index.php\/lascriticas\/marie-madeleine-gladieu\/#breadcrumb\",\"itemListElement\":[{\"@type\":\"ListItem\",\"position\":1,\"name\":\"Inicio\",\"item\":\"https:\/\/lascriticas.com\/\"},{\"@type\":\"ListItem\",\"position\":2,\"name\":\"Las Cr\u00edticas\",\"item\":\"https:\/\/lascriticas.com\/index.php\/lascriticas\/\"},{\"@type\":\"ListItem\",\"position\":3,\"name\":\"Marie-Madeleine Gladieu\"}]},{\"@type\":\"WebSite\",\"@id\":\"https:\/\/lascriticas.com\/#website\",\"url\":\"https:\/\/lascriticas.com\/\",\"name\":\"Las Cr\u00edticas\",\"description\":\"Cr\u00edtica literaria hecha por mujeres\",\"publisher\":{\"@id\":\"https:\/\/lascriticas.com\/#organization\"},\"potentialAction\":[{\"@type\":\"SearchAction\",\"target\":{\"@type\":\"EntryPoint\",\"urlTemplate\":\"https:\/\/lascriticas.com\/?s={search_term_string}\"},\"query-input\":{\"@type\":\"PropertyValueSpecification\",\"valueRequired\":true,\"valueName\":\"search_term_string\"}}],\"inLanguage\":\"es\"},{\"@type\":\"Organization\",\"@id\":\"https:\/\/lascriticas.com\/#organization\",\"name\":\"Las Cr\u00edticas\",\"url\":\"https:\/\/lascriticas.com\/\",\"logo\":{\"@type\":\"ImageObject\",\"inLanguage\":\"es\",\"@id\":\"https:\/\/lascriticas.com\/#\/schema\/logo\/image\/\",\"url\":\"https:\/\/lascriticas.com\/wp-content\/uploads\/2016\/09\/Las-Cr\u00edticas.png\",\"contentUrl\":\"https:\/\/lascriticas.com\/wp-content\/uploads\/2016\/09\/Las-Cr\u00edticas.png\",\"width\":372,\"height\":201,\"caption\":\"Las Cr\u00edticas\"},\"image\":{\"@id\":\"https:\/\/lascriticas.com\/#\/schema\/logo\/image\/\"},\"sameAs\":[\"https:\/\/www.facebook.com\/lascriticas\/\",\"https:\/\/x.com\/LasCriticas_com\",\"https:\/\/www.instagram.com\/lascriticas_com\/\",\"https:\/\/www.youtube.com\/channel\/UCd7r-H6EJA4sSXGLX33_iHQ\"]}]}<\/script>\n<!-- \/ Yoast SEO plugin. -->","yoast_head_json":{"title":"Marie-Madeleine Gladieu - Las Cr\u00edticas","description":"Es catedr\u00e1tica em\u00e9rita en literatura hispanoamericana. Es codirectora de Approches Interdisciplinaires de la Lecture, de la revista AIL y de www.ra2il.org","robots":{"index":"index","follow":"follow","max-snippet":"max-snippet:-1","max-image-preview":"max-image-preview:large","max-video-preview":"max-video-preview:-1"},"canonical":"https:\/\/lascriticas.com\/index.php\/lascriticas\/marie-madeleine-gladieu\/","og_locale":"es_ES","og_type":"article","og_title":"Marie-Madeleine Gladieu - Las Cr\u00edticas","og_description":"Es catedr\u00e1tica em\u00e9rita en literatura hispanoamericana. Es codirectora de Approches Interdisciplinaires de la Lecture, de la revista AIL y de www.ra2il.org","og_url":"https:\/\/lascriticas.com\/index.php\/lascriticas\/marie-madeleine-gladieu\/","og_site_name":"Las Cr\u00edticas","article_publisher":"https:\/\/www.facebook.com\/lascriticas\/","article_modified_time":"2021-01-19T22:57:21+00:00","og_image":[{"width":1600,"height":1200,"url":"https:\/\/lascriticas.com\/wp-content\/uploads\/2016\/09\/Marie-Madeleine-Gladieu.jpg","type":"image\/jpeg"}],"twitter_card":"summary_large_image","twitter_site":"@LasCriticas_com","twitter_misc":{"Tiempo de lectura":"1 minuto"},"schema":{"@context":"https:\/\/schema.org","@graph":[{"@type":"WebPage","@id":"https:\/\/lascriticas.com\/index.php\/lascriticas\/marie-madeleine-gladieu\/","url":"https:\/\/lascriticas.com\/index.php\/lascriticas\/marie-madeleine-gladieu\/","name":"Marie-Madeleine Gladieu - Las Cr\u00edticas","isPartOf":{"@id":"https:\/\/lascriticas.com\/#website"},"primaryImageOfPage":{"@id":"https:\/\/lascriticas.com\/index.php\/lascriticas\/marie-madeleine-gladieu\/#primaryimage"},"image":{"@id":"https:\/\/lascriticas.com\/index.php\/lascriticas\/marie-madeleine-gladieu\/#primaryimage"},"thumbnailUrl":"https:\/\/lascriticas.com\/wp-content\/uploads\/2016\/09\/Marie-Madeleine-Gladieu.jpg","datePublished":"2016-09-19T12:42:58+00:00","dateModified":"2021-01-19T22:57:21+00:00","description":"Es catedr\u00e1tica em\u00e9rita en literatura hispanoamericana. Es codirectora de Approches Interdisciplinaires de la Lecture, de la revista AIL y de www.ra2il.org","breadcrumb":{"@id":"https:\/\/lascriticas.com\/index.php\/lascriticas\/marie-madeleine-gladieu\/#breadcrumb"},"inLanguage":"es","potentialAction":[{"@type":"ReadAction","target":["https:\/\/lascriticas.com\/index.php\/lascriticas\/marie-madeleine-gladieu\/"]}]},{"@type":"ImageObject","inLanguage":"es","@id":"https:\/\/lascriticas.com\/index.php\/lascriticas\/marie-madeleine-gladieu\/#primaryimage","url":"https:\/\/lascriticas.com\/wp-content\/uploads\/2016\/09\/Marie-Madeleine-Gladieu.jpg","contentUrl":"https:\/\/lascriticas.com\/wp-content\/uploads\/2016\/09\/Marie-Madeleine-Gladieu.jpg","width":1600,"height":1200,"caption":"Marie-Madeleine Gladieu"},{"@type":"BreadcrumbList","@id":"https:\/\/lascriticas.com\/index.php\/lascriticas\/marie-madeleine-gladieu\/#breadcrumb","itemListElement":[{"@type":"ListItem","position":1,"name":"Inicio","item":"https:\/\/lascriticas.com\/"},{"@type":"ListItem","position":2,"name":"Las Cr\u00edticas","item":"https:\/\/lascriticas.com\/index.php\/lascriticas\/"},{"@type":"ListItem","position":3,"name":"Marie-Madeleine Gladieu"}]},{"@type":"WebSite","@id":"https:\/\/lascriticas.com\/#website","url":"https:\/\/lascriticas.com\/","name":"Las Cr\u00edticas","description":"Cr\u00edtica literaria hecha por mujeres","publisher":{"@id":"https:\/\/lascriticas.com\/#organization"},"potentialAction":[{"@type":"SearchAction","target":{"@type":"EntryPoint","urlTemplate":"https:\/\/lascriticas.com\/?s={search_term_string}"},"query-input":{"@type":"PropertyValueSpecification","valueRequired":true,"valueName":"search_term_string"}}],"inLanguage":"es"},{"@type":"Organization","@id":"https:\/\/lascriticas.com\/#organization","name":"Las Cr\u00edticas","url":"https:\/\/lascriticas.com\/","logo":{"@type":"ImageObject","inLanguage":"es","@id":"https:\/\/lascriticas.com\/#\/schema\/logo\/image\/","url":"https:\/\/lascriticas.com\/wp-content\/uploads\/2016\/09\/Las-Cr\u00edticas.png","contentUrl":"https:\/\/lascriticas.com\/wp-content\/uploads\/2016\/09\/Las-Cr\u00edticas.png","width":372,"height":201,"caption":"Las Cr\u00edticas"},"image":{"@id":"https:\/\/lascriticas.com\/#\/schema\/logo\/image\/"},"sameAs":["https:\/\/www.facebook.com\/lascriticas\/","https:\/\/x.com\/LasCriticas_com","https:\/\/www.instagram.com\/lascriticas_com\/","https:\/\/www.youtube.com\/channel\/UCd7r-H6EJA4sSXGLX33_iHQ"]}]}},"_links":{"self":[{"href":"https:\/\/lascriticas.com\/index.php\/wp-json\/wp\/v2\/pages\/119"}],"collection":[{"href":"https:\/\/lascriticas.com\/index.php\/wp-json\/wp\/v2\/pages"}],"about":[{"href":"https:\/\/lascriticas.com\/index.php\/wp-json\/wp\/v2\/types\/page"}],"author":[{"embeddable":true,"href":"https:\/\/lascriticas.com\/index.php\/wp-json\/wp\/v2\/users\/1"}],"replies":[{"embeddable":true,"href":"https:\/\/lascriticas.com\/index.php\/wp-json\/wp\/v2\/comments?post=119"}],"version-history":[{"count":10,"href":"https:\/\/lascriticas.com\/index.php\/wp-json\/wp\/v2\/pages\/119\/revisions"}],"predecessor-version":[{"id":3883,"href":"https:\/\/lascriticas.com\/index.php\/wp-json\/wp\/v2\/pages\/119\/revisions\/3883"}],"up":[{"embeddable":true,"href":"https:\/\/lascriticas.com\/index.php\/wp-json\/wp\/v2\/pages\/68"}],"wp:featuredmedia":[{"embeddable":true,"href":"https:\/\/lascriticas.com\/index.php\/wp-json\/wp\/v2\/media\/123"}],"wp:attachment":[{"href":"https:\/\/lascriticas.com\/index.php\/wp-json\/wp\/v2\/media?parent=119"}],"curies":[{"name":"wp","href":"https:\/\/api.w.org\/{rel}","templated":true}]}}