{"id":115,"date":"2016-09-19T14:42:10","date_gmt":"2016-09-19T12:42:10","guid":{"rendered":"http:\/\/lascriticas.com\/?page_id=115"},"modified":"2021-01-19T23:58:47","modified_gmt":"2021-01-19T22:58:47","slug":"malena-martinez-cabrera","status":"publish","type":"page","link":"https:\/\/lascriticas.com\/index.php\/lascriticas\/malena-martinez-cabrera\/","title":{"rendered":"Malena Mart\u00ednez Cabrera"},"content":{"rendered":"<p style=\"text-align: justify;\"><span style=\"font-size: 16px;\"><strong>Malena Mart\u00ednez Cabrera<\/strong> es cineasta, fot\u00f3grafa y cr\u00edtica cultural peruana, diplomada en letras por la Universidad Cat\u00f3lica del Per\u00fa, magister en filolog\u00eda de lenguas romances por la Universidad de Viena y m\u00e1ster en documental creativo por la Universidad Pompeu Fabra. Es autora del corto <em>Ramiro en Viena<\/em> (menci\u00f3n honrosa de la\u00a0ORF Austria\u00a0Short on Screen,\u00a02002), del documental <em>Felipe vuelve<\/em> (seleccionado para la\u00a0IX Muestra de Documental Independiente Peruano 2010,\u00a0Festival de Cine de Lima 2010, Digital Selection;\u00a0Festival Surrealidades de Colombia 2010, Festival Lima Independiente 2011,\u00a0Festival of New Peruvian Films, New York, 2012), Malena Mart\u00ednez estren\u00f3 su documental\u00a0<em>Hugo Blanco, Deep River<\/em>, en marzo de 2019 en la competencia internacional del Festival Internacional de Derechos Humanos One World de Praga.<\/span><\/p>\n<p style=\"text-align: justify;\"><span style=\"font-size: 16px;\">En 2014 form\u00f3 parte del\u00a0<a href=\"https:\/\/womeninfilm.org\/mentoring-circles\/\">Austrian Mentoring Program for Female Filmmakers<\/a> of FC Gloria Verein, siendo su mentora la cineasta Ruth Beckerman.<\/span><\/p>\n<p style=\"text-align: justify;\"><span style=\"font-size: 16px;\">Ha publicado numerosos art\u00edculos en \u00abEl Comercio\u00bb, la Revista de cine \u00abGodard!\u00bb, \u00abEl Peruano\u00bb, entre otros.<\/span><\/p>\n<p style=\"text-align: justify;\"><span style=\"font-size: 16px;\">Actualmente vive en Viena, Austria.<\/span><\/p>\n<p style=\"text-align: justify;\"><span style=\"font-size: 16px;\"><strong><a href=\"https:\/\/lascriticas.com\/index.php\/author\/malena-martinez\/\">Sus cr\u00edticas<\/a><\/strong><\/span><\/p>\n<p style=\"text-align: right;\"><span style=\"font-size: 12px;\">Foto: Vivilimone<\/span><\/p>\n","protected":false},"excerpt":{"rendered":"<p>Malena Mart\u00ednez Cabrera es cineasta, fot\u00f3grafa y cr\u00edtica cultural peruana, diplomada en letras por la Universidad Cat\u00f3lica del Per\u00fa, magister en filolog\u00eda de lenguas romances por la Universidad de Viena y m\u00e1ster en documental creativo por la Universidad Pompeu Fabra. Es autora del corto Ramiro en Viena (menci\u00f3n honrosa de la\u00a0ORF Austria\u00a0Short on Screen,\u00a02002), del&#8230;<\/p>\n","protected":false},"author":1,"featured_media":375,"parent":68,"menu_order":2,"comment_status":"closed","ping_status":"closed","template":"","meta":{"footnotes":""},"yoast_head":"<!-- This site is optimized with the Yoast SEO plugin v23.5 - https:\/\/yoast.com\/wordpress\/plugins\/seo\/ -->\n<title>Malena Mart\u00ednez Cabrera - Las Cr\u00edticas<\/title>\n<meta name=\"description\" content=\"Cineasta, fot\u00f3grafa y cr\u00edtica cultural peruana, m\u00e1ster en documental creativo por la Universidad Pompeu Fabra y en filolog\u00eda de lenguas romances.\" \/>\n<meta name=\"robots\" content=\"index, follow, max-snippet:-1, max-image-preview:large, max-video-preview:-1\" \/>\n<link rel=\"canonical\" href=\"https:\/\/lascriticas.com\/index.php\/lascriticas\/malena-martinez-cabrera\/\" \/>\n<meta property=\"og:locale\" content=\"es_ES\" \/>\n<meta property=\"og:type\" content=\"article\" \/>\n<meta property=\"og:title\" content=\"Malena Mart\u00ednez Cabrera - Las Cr\u00edticas\" \/>\n<meta property=\"og:description\" content=\"Cineasta, fot\u00f3grafa y cr\u00edtica cultural peruana, m\u00e1ster en documental creativo por la Universidad Pompeu Fabra y en filolog\u00eda de lenguas romances.\" \/>\n<meta property=\"og:url\" content=\"https:\/\/lascriticas.com\/index.php\/lascriticas\/malena-martinez-cabrera\/\" \/>\n<meta property=\"og:site_name\" content=\"Las Cr\u00edticas\" \/>\n<meta property=\"article:publisher\" content=\"https:\/\/www.facebook.com\/lascriticas\/\" \/>\n<meta property=\"article:modified_time\" content=\"2021-01-19T22:58:47+00:00\" \/>\n<meta property=\"og:image\" content=\"https:\/\/lascriticas.com\/wp-content\/uploads\/2016\/09\/Mart\u00ednez.jpg\" \/>\n\t<meta property=\"og:image:width\" content=\"960\" \/>\n\t<meta property=\"og:image:height\" content=\"749\" \/>\n\t<meta property=\"og:image:type\" content=\"image\/jpeg\" \/>\n<meta name=\"twitter:card\" content=\"summary_large_image\" \/>\n<meta name=\"twitter:site\" content=\"@LasCriticas_com\" \/>\n<meta name=\"twitter:label1\" content=\"Tiempo de lectura\" \/>\n\t<meta name=\"twitter:data1\" content=\"1 minuto\" \/>\n<script type=\"application\/ld+json\" class=\"yoast-schema-graph\">{\"@context\":\"https:\/\/schema.org\",\"@graph\":[{\"@type\":\"WebPage\",\"@id\":\"https:\/\/lascriticas.com\/index.php\/lascriticas\/malena-martinez-cabrera\/\",\"url\":\"https:\/\/lascriticas.com\/index.php\/lascriticas\/malena-martinez-cabrera\/\",\"name\":\"Malena Mart\u00ednez Cabrera - Las Cr\u00edticas\",\"isPartOf\":{\"@id\":\"https:\/\/lascriticas.com\/#website\"},\"primaryImageOfPage\":{\"@id\":\"https:\/\/lascriticas.com\/index.php\/lascriticas\/malena-martinez-cabrera\/#primaryimage\"},\"image\":{\"@id\":\"https:\/\/lascriticas.com\/index.php\/lascriticas\/malena-martinez-cabrera\/#primaryimage\"},\"thumbnailUrl\":\"https:\/\/lascriticas.com\/wp-content\/uploads\/2016\/09\/Mart\u00ednez.jpg\",\"datePublished\":\"2016-09-19T12:42:10+00:00\",\"dateModified\":\"2021-01-19T22:58:47+00:00\",\"description\":\"Cineasta, fot\u00f3grafa y cr\u00edtica cultural peruana, m\u00e1ster en documental creativo por la Universidad Pompeu Fabra y en filolog\u00eda de lenguas romances.\",\"breadcrumb\":{\"@id\":\"https:\/\/lascriticas.com\/index.php\/lascriticas\/malena-martinez-cabrera\/#breadcrumb\"},\"inLanguage\":\"es\",\"potentialAction\":[{\"@type\":\"ReadAction\",\"target\":[\"https:\/\/lascriticas.com\/index.php\/lascriticas\/malena-martinez-cabrera\/\"]}]},{\"@type\":\"ImageObject\",\"inLanguage\":\"es\",\"@id\":\"https:\/\/lascriticas.com\/index.php\/lascriticas\/malena-martinez-cabrera\/#primaryimage\",\"url\":\"https:\/\/lascriticas.com\/wp-content\/uploads\/2016\/09\/Mart\u00ednez.jpg\",\"contentUrl\":\"https:\/\/lascriticas.com\/wp-content\/uploads\/2016\/09\/Mart\u00ednez.jpg\",\"width\":960,\"height\":749,\"caption\":\"Malena Mart\u00ednez\"},{\"@type\":\"BreadcrumbList\",\"@id\":\"https:\/\/lascriticas.com\/index.php\/lascriticas\/malena-martinez-cabrera\/#breadcrumb\",\"itemListElement\":[{\"@type\":\"ListItem\",\"position\":1,\"name\":\"Inicio\",\"item\":\"https:\/\/lascriticas.com\/\"},{\"@type\":\"ListItem\",\"position\":2,\"name\":\"Las Cr\u00edticas\",\"item\":\"https:\/\/lascriticas.com\/index.php\/lascriticas\/\"},{\"@type\":\"ListItem\",\"position\":3,\"name\":\"Malena Mart\u00ednez Cabrera\"}]},{\"@type\":\"WebSite\",\"@id\":\"https:\/\/lascriticas.com\/#website\",\"url\":\"https:\/\/lascriticas.com\/\",\"name\":\"Las Cr\u00edticas\",\"description\":\"Cr\u00edtica literaria hecha por mujeres\",\"publisher\":{\"@id\":\"https:\/\/lascriticas.com\/#organization\"},\"potentialAction\":[{\"@type\":\"SearchAction\",\"target\":{\"@type\":\"EntryPoint\",\"urlTemplate\":\"https:\/\/lascriticas.com\/?s={search_term_string}\"},\"query-input\":{\"@type\":\"PropertyValueSpecification\",\"valueRequired\":true,\"valueName\":\"search_term_string\"}}],\"inLanguage\":\"es\"},{\"@type\":\"Organization\",\"@id\":\"https:\/\/lascriticas.com\/#organization\",\"name\":\"Las Cr\u00edticas\",\"url\":\"https:\/\/lascriticas.com\/\",\"logo\":{\"@type\":\"ImageObject\",\"inLanguage\":\"es\",\"@id\":\"https:\/\/lascriticas.com\/#\/schema\/logo\/image\/\",\"url\":\"https:\/\/lascriticas.com\/wp-content\/uploads\/2016\/09\/Las-Cr\u00edticas.png\",\"contentUrl\":\"https:\/\/lascriticas.com\/wp-content\/uploads\/2016\/09\/Las-Cr\u00edticas.png\",\"width\":372,\"height\":201,\"caption\":\"Las Cr\u00edticas\"},\"image\":{\"@id\":\"https:\/\/lascriticas.com\/#\/schema\/logo\/image\/\"},\"sameAs\":[\"https:\/\/www.facebook.com\/lascriticas\/\",\"https:\/\/x.com\/LasCriticas_com\",\"https:\/\/www.instagram.com\/lascriticas_com\/\",\"https:\/\/www.youtube.com\/channel\/UCd7r-H6EJA4sSXGLX33_iHQ\"]}]}<\/script>\n<!-- \/ Yoast SEO plugin. -->","yoast_head_json":{"title":"Malena Mart\u00ednez Cabrera - Las Cr\u00edticas","description":"Cineasta, fot\u00f3grafa y cr\u00edtica cultural peruana, m\u00e1ster en documental creativo por la Universidad Pompeu Fabra y en filolog\u00eda de lenguas romances.","robots":{"index":"index","follow":"follow","max-snippet":"max-snippet:-1","max-image-preview":"max-image-preview:large","max-video-preview":"max-video-preview:-1"},"canonical":"https:\/\/lascriticas.com\/index.php\/lascriticas\/malena-martinez-cabrera\/","og_locale":"es_ES","og_type":"article","og_title":"Malena Mart\u00ednez Cabrera - Las Cr\u00edticas","og_description":"Cineasta, fot\u00f3grafa y cr\u00edtica cultural peruana, m\u00e1ster en documental creativo por la Universidad Pompeu Fabra y en filolog\u00eda de lenguas romances.","og_url":"https:\/\/lascriticas.com\/index.php\/lascriticas\/malena-martinez-cabrera\/","og_site_name":"Las Cr\u00edticas","article_publisher":"https:\/\/www.facebook.com\/lascriticas\/","article_modified_time":"2021-01-19T22:58:47+00:00","og_image":[{"width":960,"height":749,"url":"https:\/\/lascriticas.com\/wp-content\/uploads\/2016\/09\/Mart\u00ednez.jpg","type":"image\/jpeg"}],"twitter_card":"summary_large_image","twitter_site":"@LasCriticas_com","twitter_misc":{"Tiempo de lectura":"1 minuto"},"schema":{"@context":"https:\/\/schema.org","@graph":[{"@type":"WebPage","@id":"https:\/\/lascriticas.com\/index.php\/lascriticas\/malena-martinez-cabrera\/","url":"https:\/\/lascriticas.com\/index.php\/lascriticas\/malena-martinez-cabrera\/","name":"Malena Mart\u00ednez Cabrera - Las Cr\u00edticas","isPartOf":{"@id":"https:\/\/lascriticas.com\/#website"},"primaryImageOfPage":{"@id":"https:\/\/lascriticas.com\/index.php\/lascriticas\/malena-martinez-cabrera\/#primaryimage"},"image":{"@id":"https:\/\/lascriticas.com\/index.php\/lascriticas\/malena-martinez-cabrera\/#primaryimage"},"thumbnailUrl":"https:\/\/lascriticas.com\/wp-content\/uploads\/2016\/09\/Mart\u00ednez.jpg","datePublished":"2016-09-19T12:42:10+00:00","dateModified":"2021-01-19T22:58:47+00:00","description":"Cineasta, fot\u00f3grafa y cr\u00edtica cultural peruana, m\u00e1ster en documental creativo por la Universidad Pompeu Fabra y en filolog\u00eda de lenguas romances.","breadcrumb":{"@id":"https:\/\/lascriticas.com\/index.php\/lascriticas\/malena-martinez-cabrera\/#breadcrumb"},"inLanguage":"es","potentialAction":[{"@type":"ReadAction","target":["https:\/\/lascriticas.com\/index.php\/lascriticas\/malena-martinez-cabrera\/"]}]},{"@type":"ImageObject","inLanguage":"es","@id":"https:\/\/lascriticas.com\/index.php\/lascriticas\/malena-martinez-cabrera\/#primaryimage","url":"https:\/\/lascriticas.com\/wp-content\/uploads\/2016\/09\/Mart\u00ednez.jpg","contentUrl":"https:\/\/lascriticas.com\/wp-content\/uploads\/2016\/09\/Mart\u00ednez.jpg","width":960,"height":749,"caption":"Malena Mart\u00ednez"},{"@type":"BreadcrumbList","@id":"https:\/\/lascriticas.com\/index.php\/lascriticas\/malena-martinez-cabrera\/#breadcrumb","itemListElement":[{"@type":"ListItem","position":1,"name":"Inicio","item":"https:\/\/lascriticas.com\/"},{"@type":"ListItem","position":2,"name":"Las Cr\u00edticas","item":"https:\/\/lascriticas.com\/index.php\/lascriticas\/"},{"@type":"ListItem","position":3,"name":"Malena Mart\u00ednez Cabrera"}]},{"@type":"WebSite","@id":"https:\/\/lascriticas.com\/#website","url":"https:\/\/lascriticas.com\/","name":"Las Cr\u00edticas","description":"Cr\u00edtica literaria hecha por mujeres","publisher":{"@id":"https:\/\/lascriticas.com\/#organization"},"potentialAction":[{"@type":"SearchAction","target":{"@type":"EntryPoint","urlTemplate":"https:\/\/lascriticas.com\/?s={search_term_string}"},"query-input":{"@type":"PropertyValueSpecification","valueRequired":true,"valueName":"search_term_string"}}],"inLanguage":"es"},{"@type":"Organization","@id":"https:\/\/lascriticas.com\/#organization","name":"Las Cr\u00edticas","url":"https:\/\/lascriticas.com\/","logo":{"@type":"ImageObject","inLanguage":"es","@id":"https:\/\/lascriticas.com\/#\/schema\/logo\/image\/","url":"https:\/\/lascriticas.com\/wp-content\/uploads\/2016\/09\/Las-Cr\u00edticas.png","contentUrl":"https:\/\/lascriticas.com\/wp-content\/uploads\/2016\/09\/Las-Cr\u00edticas.png","width":372,"height":201,"caption":"Las Cr\u00edticas"},"image":{"@id":"https:\/\/lascriticas.com\/#\/schema\/logo\/image\/"},"sameAs":["https:\/\/www.facebook.com\/lascriticas\/","https:\/\/x.com\/LasCriticas_com","https:\/\/www.instagram.com\/lascriticas_com\/","https:\/\/www.youtube.com\/channel\/UCd7r-H6EJA4sSXGLX33_iHQ"]}]}},"_links":{"self":[{"href":"https:\/\/lascriticas.com\/index.php\/wp-json\/wp\/v2\/pages\/115"}],"collection":[{"href":"https:\/\/lascriticas.com\/index.php\/wp-json\/wp\/v2\/pages"}],"about":[{"href":"https:\/\/lascriticas.com\/index.php\/wp-json\/wp\/v2\/types\/page"}],"author":[{"embeddable":true,"href":"https:\/\/lascriticas.com\/index.php\/wp-json\/wp\/v2\/users\/1"}],"replies":[{"embeddable":true,"href":"https:\/\/lascriticas.com\/index.php\/wp-json\/wp\/v2\/comments?post=115"}],"version-history":[{"count":26,"href":"https:\/\/lascriticas.com\/index.php\/wp-json\/wp\/v2\/pages\/115\/revisions"}],"predecessor-version":[{"id":3885,"href":"https:\/\/lascriticas.com\/index.php\/wp-json\/wp\/v2\/pages\/115\/revisions\/3885"}],"up":[{"embeddable":true,"href":"https:\/\/lascriticas.com\/index.php\/wp-json\/wp\/v2\/pages\/68"}],"wp:featuredmedia":[{"embeddable":true,"href":"https:\/\/lascriticas.com\/index.php\/wp-json\/wp\/v2\/media\/375"}],"wp:attachment":[{"href":"https:\/\/lascriticas.com\/index.php\/wp-json\/wp\/v2\/media?parent=115"}],"curies":[{"name":"wp","href":"https:\/\/api.w.org\/{rel}","templated":true}]}}